{"id":20127,"date":"2018-08-20T09:13:46","date_gmt":"2018-08-20T08:13:46","guid":{"rendered":"https:\/\/www.eurogate-international.com\/veelgestelde-vragen\/"},"modified":"2024-01-16T14:17:40","modified_gmt":"2024-01-16T13:17:40","slug":"veelgestelde-vragen","status":"publish","type":"page","link":"https:\/\/www.eurogate-international.com\/de\/veelgestelde-vragen\/","title":{"rendered":"H\u00e4ufig gestellte Fragen"},"content":{"rendered":"<p><script type=\"application\/ld+json\">\n    {\n      \"@context\": \"https:\/\/schema.org\",\n      \"@type\": \"FAQPage\",\n      \"mainEntity\": [{\n        \"@type\": \"Question\",\n        \"name\": \"Zijn de producten CE goedgekeurd?\",\n        \"acceptedAnswer\": {\n          \"@type\": \"Answer\",\n          \"text\": \"Alle producten die EuroGate International aanbiedt zijn CE goedgekeurd. Bij \u2018downloads\u2019 op de productpagina kunt u het CE-Certificaat bekijken.\"\n        }\n      }, {\n        \"@type\": \"Question\",\n        \"name\": \"Kan ik een product testen voordat ik deze aanschaf?\",\n        \"acceptedAnswer\": {\n          \"@type\": \"Answer\",\n          \"text\": \"Machines kunnen vrijblijvend gedemonstreerd worden bij ons kantoor in Dedemsvaart en eventueel ook op uw gewenste locatie. Tevens is het mogelijk om voorafgaand de machine te huren, u kunt de machine dan testen bij uw werkzaamheden. Vraag naar de mogelijkheden en <a href=\"https:\/\/www.eurogate-international.com\/nl\/verhuur\/\">bekijk ons verhuuraanbod<\/a>.\"\n        }\n      }, {\n        \"@type\": \"Question\",\n        \"name\": \"Zijn alle producten voorradig in het centrale magazijn te Dedemsvaart?\",\n        \"acceptedAnswer\": {\n          \"@type\": \"Answer\",\n          \"text\": \"De meeste producten uit ons assortiment zijn voorradig. Twijfelt u of wilt u weten wat de actuele levertijd van een product is? Neem gerust <a href=\"https:\/\/www.eurogate-international.com\/de\/contact\/\">contact<\/a> met ons op.\"\n        }\n      }, {\n        \"@type\": \"Question\",\n        \"name\": \"Hoe kan ik bij jullie betalen?\",\n        \"acceptedAnswer\": {\n          \"@type\": \"Answer\",\n          \"text\": \"De producten die u in onze webshop besteld kunt u betalen met onze betaalmodule. U kunt kiezen uit verschillende betaalmethoden waaronder creditcard, iDeal en Bancontact.\u00a0Daarnaast kunt u pinnen wanneer u een machine bij ons op locatie koopt.\"\n        }\n      }, {\n        \"@type\": \"Question\",\n        \"name\": \"Verkoopt EuroGate International in het buitenland?\",\n        \"acceptedAnswer\": {\n          \"@type\": \"Answer\",\n          \"text\":\"Zeker. EuroGate International\u00a0verkoopt inmiddels in 27 landen. Wij zijn actief in heel Europa, het Midden-Oosten en Afrika.\"}\n        }]\n    }\n    <\/script><\/p>\n<p><strong>Sind die Produkte CE-gepr\u00fcft?<br \/>\n<\/strong>Alle von EuroGate International angebotenen Produkte sind CE-zertifiziert. Unter &#8218;Downloads&#8216; auf der Produktseite k\u00f6nnen Sie das CE-Zertifikat einsehen.<\/p>\n<p><strong>Kann ich ein Produkt testen, bevor ich es kaufe?<\/strong><br \/>\nDie Maschinen k\u00f6nnen in unserem B\u00fcro in Dedemsvaart und eventuell auch an Ihrem Wunschort unverbindlich vorgef\u00fchrt werden.<\/p>\n<p>&nbsp;<\/p>\n<p><strong>Sind alle Produkte im Zentrallager in Dedemsvaart vorr\u00e4tig?<\/strong><br \/>\nDie meisten Produkte aus unserem Sortiment sind vorr\u00e4tig. Haben Sie Zweifel oder m\u00f6chten Sie die aktuelle Lieferzeit f\u00fcr ein Produkt wissen? Nehmen Sie gerne Kontakt mit uns auf.<\/p>\n<p>&nbsp;<\/p>\n<p><strong>Wie kann ich bei Ihnen bezahlen?<\/strong><br \/>\nSie k\u00f6nnen die Produkte, die Sie in unserem Webshop bestellen, mit unserem Zahlungsmodul bezahlen. Sie k\u00f6nnen zwischen verschiedenen Zahlungsarten w\u00e4hlen, unter anderem Kreditkarte, iDeal und Bancontact. Au\u00dferdem k\u00f6nnen Sie per Debitkarte bezahlen, wenn Sie eine Maschine bei uns vor Ort kaufen.<\/p>\n<p>&nbsp;<\/p>\n<p><strong>Verkauft EuroGate International auch ins Ausland?<\/strong><br \/>\nJa, nat\u00fcrlich. EuroGate International verkauft jetzt in 27 L\u00e4ndern. Wir sind in ganz Europa, im Nahen Osten und in Afrika t\u00e4tig.<\/p>\n","protected":false},"excerpt":{"rendered":"<p>Sind die Produkte CE-gepr\u00fcft? Alle von EuroGate International angebotenen Produkte sind CE-zertifiziert. Unter &#8218;Downloads&#8216; auf der Produktseite k\u00f6nnen Sie das CE-Zertifikat einsehen. Kann ich ein Produkt testen, bevor ich es kaufe? Die Maschinen k\u00f6nnen in unserem B\u00fcro in Dedemsvaart und eventuell auch an Ihrem Wunschort unverbindlich vorgef\u00fchrt werden. &nbsp; Sind alle Produkte im Zentrallager in [&hellip;]<\/p>\n","protected":false},"author":1,"featured_media":0,"parent":0,"menu_order":0,"comment_status":"closed","ping_status":"closed","template":"","meta":{"_acf_changed":false,"footnotes":""},"class_list":["post-20127","page","type-page","status-publish","hentry"],"acf":[],"yoast_head":"<!-- This site is optimized with the Yoast SEO plugin v27.2 - https:\/\/yoast.com\/product\/yoast-seo-wordpress\/ -->\n<title>H\u00e4ufig gestellte Fragen | EuroGate International<\/title>\n<meta name=\"robots\" content=\"index, follow, max-snippet:-1, max-image-preview:large, max-video-preview:-1\" \/>\n<link rel=\"canonical\" href=\"https:\/\/www.eurogate-international.com\/de\/veelgestelde-vragen\/\" \/>\n<meta property=\"og:locale\" content=\"de_DE\" \/>\n<meta property=\"og:type\" content=\"article\" \/>\n<meta property=\"og:title\" content=\"H\u00e4ufig gestellte Fragen | EuroGate International\" \/>\n<meta property=\"og:description\" content=\"Sind die Produkte CE-gepr\u00fcft? Alle von EuroGate International angebotenen Produkte sind CE-zertifiziert. Unter &#8218;Downloads&#8216; auf der Produktseite k\u00f6nnen Sie das CE-Zertifikat einsehen. Kann ich ein Produkt testen, bevor ich es kaufe? Die Maschinen k\u00f6nnen in unserem B\u00fcro in Dedemsvaart und eventuell auch an Ihrem Wunschort unverbindlich vorgef\u00fchrt werden. &nbsp; Sind alle Produkte im Zentrallager in [&hellip;]\" \/>\n<meta property=\"og:url\" content=\"https:\/\/www.eurogate-international.com\/de\/veelgestelde-vragen\/\" \/>\n<meta property=\"og:site_name\" content=\"EuroGate International\" \/>\n<meta property=\"article:publisher\" content=\"https:\/\/www.facebook.com\/EuroGateInternational\/\" \/>\n<meta property=\"article:modified_time\" content=\"2024-01-16T13:17:40+00:00\" \/>\n<meta name=\"twitter:card\" content=\"summary_large_image\" \/>\n<meta name=\"twitter:label1\" content=\"Gesch\u00e4tzte Lesezeit\" \/>\n\t<meta name=\"twitter:data1\" content=\"1 Minute\" \/>\n<!-- \/ Yoast SEO plugin. -->","yoast_head_json":{"title":"H\u00e4ufig gestellte Fragen | EuroGate International","robots":{"index":"index","follow":"follow","max-snippet":"max-snippet:-1","max-image-preview":"max-image-preview:large","max-video-preview":"max-video-preview:-1"},"canonical":"https:\/\/www.eurogate-international.com\/de\/veelgestelde-vragen\/","og_locale":"de_DE","og_type":"article","og_title":"H\u00e4ufig gestellte Fragen | EuroGate International","og_description":"Sind die Produkte CE-gepr\u00fcft? Alle von EuroGate International angebotenen Produkte sind CE-zertifiziert. Unter &#8218;Downloads&#8216; auf der Produktseite k\u00f6nnen Sie das CE-Zertifikat einsehen. Kann ich ein Produkt testen, bevor ich es kaufe? Die Maschinen k\u00f6nnen in unserem B\u00fcro in Dedemsvaart und eventuell auch an Ihrem Wunschort unverbindlich vorgef\u00fchrt werden. &nbsp; Sind alle Produkte im Zentrallager in [&hellip;]","og_url":"https:\/\/www.eurogate-international.com\/de\/veelgestelde-vragen\/","og_site_name":"EuroGate International","article_publisher":"https:\/\/www.facebook.com\/EuroGateInternational\/","article_modified_time":"2024-01-16T13:17:40+00:00","twitter_card":"summary_large_image","twitter_misc":{"Gesch\u00e4tzte Lesezeit":"1 Minute"},"schema":{"@context":"https:\/\/schema.org","@graph":[{"@type":"WebPage","@id":"https:\/\/www.eurogate-international.com\/de\/veelgestelde-vragen\/","url":"https:\/\/www.eurogate-international.com\/de\/veelgestelde-vragen\/","name":"H\u00e4ufig gestellte Fragen | EuroGate International","isPartOf":{"@id":"https:\/\/www.eurogate-international.com\/de\/#website"},"datePublished":"2018-08-20T08:13:46+00:00","dateModified":"2024-01-16T13:17:40+00:00","breadcrumb":{"@id":"https:\/\/www.eurogate-international.com\/de\/veelgestelde-vragen\/#breadcrumb"},"inLanguage":"de-DE","potentialAction":[{"@type":"ReadAction","target":["https:\/\/www.eurogate-international.com\/de\/veelgestelde-vragen\/"]}]},{"@type":"BreadcrumbList","@id":"https:\/\/www.eurogate-international.com\/de\/veelgestelde-vragen\/#breadcrumb","itemListElement":[{"@type":"ListItem","position":1,"name":"Home","item":"https:\/\/www.eurogate-international.com\/de\/"},{"@type":"ListItem","position":2,"name":"H\u00e4ufig gestellte Fragen"}]},{"@type":"WebSite","@id":"https:\/\/www.eurogate-international.com\/de\/#website","url":"https:\/\/www.eurogate-international.com\/de\/","name":"EuroGate International","description":"D\u00e9 onafhankelijke Europese verkooporganisatie van machines","publisher":{"@id":"https:\/\/www.eurogate-international.com\/de\/#organization"},"potentialAction":[{"@type":"SearchAction","target":{"@type":"EntryPoint","urlTemplate":"https:\/\/www.eurogate-international.com\/de\/?s={search_term_string}"},"query-input":{"@type":"PropertyValueSpecification","valueRequired":true,"valueName":"search_term_string"}}],"inLanguage":"de-DE"},{"@type":"Organization","@id":"https:\/\/www.eurogate-international.com\/de\/#organization","name":"EuroGate International","url":"https:\/\/www.eurogate-international.com\/de\/","logo":{"@type":"ImageObject","inLanguage":"de-DE","@id":"https:\/\/www.eurogate-international.com\/de\/#\/schema\/logo\/image\/","url":"https:\/\/www.eurogate-international.com\/wp-content\/uploads\/2020\/06\/Logo_EuroGateInternational2.png","contentUrl":"https:\/\/www.eurogate-international.com\/wp-content\/uploads\/2020\/06\/Logo_EuroGateInternational2.png","width":150,"height":148,"caption":"EuroGate International"},"image":{"@id":"https:\/\/www.eurogate-international.com\/de\/#\/schema\/logo\/image\/"},"sameAs":["https:\/\/www.facebook.com\/EuroGateInternational\/","https:\/\/nl.linkedin.com\/company\/eurogate-international"]}]}},"jetpack_sharing_enabled":true,"_links":{"self":[{"href":"https:\/\/www.eurogate-international.com\/de\/wp-json\/wp\/v2\/pages\/20127","targetHints":{"allow":["GET"]}}],"collection":[{"href":"https:\/\/www.eurogate-international.com\/de\/wp-json\/wp\/v2\/pages"}],"about":[{"href":"https:\/\/www.eurogate-international.com\/de\/wp-json\/wp\/v2\/types\/page"}],"author":[{"embeddable":true,"href":"https:\/\/www.eurogate-international.com\/de\/wp-json\/wp\/v2\/users\/1"}],"replies":[{"embeddable":true,"href":"https:\/\/www.eurogate-international.com\/de\/wp-json\/wp\/v2\/comments?post=20127"}],"version-history":[{"count":0,"href":"https:\/\/www.eurogate-international.com\/de\/wp-json\/wp\/v2\/pages\/20127\/revisions"}],"wp:attachment":[{"href":"https:\/\/www.eurogate-international.com\/de\/wp-json\/wp\/v2\/media?parent=20127"}],"curies":[{"name":"wp","href":"https:\/\/api.w.org\/{rel}","templated":true}]}}