{"id":20130,"date":"2021-04-01T10:55:45","date_gmt":"2021-04-01T09:55:45","guid":{"rendered":"https:\/\/www.eurogate-international.com\/over-ons\/betaalmethoden\/"},"modified":"2024-01-16T14:23:11","modified_gmt":"2024-01-16T13:23:11","slug":"betaalmethoden","status":"publish","type":"page","link":"https:\/\/www.eurogate-international.com\/de\/over-ons\/betaalmethoden\/","title":{"rendered":"Zahlungsm\u00f6glichkeiten"},"content":{"rendered":"<p><strong>Sicheres Bezahlen mit unterschiedlichen Methoden<\/strong><\/p>\n<p>Bei Eurogate International zu bestellen bedeutet, schnell, einfach und vor allem sicher zu bezahlen. Eurogate International bietet verschiedene M\u00f6glichkeiten der elektronischen Bezahlung. Beim Abrechnen an der Kasse k\u00f6nnen Sie sehen, welche M\u00f6glichkeiten Sie haben. Was Sie auch w\u00e4hlen, Sie erhalten mit Ihrer Sendung immer eine Rechnung. Auf der Rechnung wird angegeben, welche Zahlungsmethode Sie gew\u00e4hlt haben. Sie k\u00f6nnen mit folgenden Mitteln bezahlen:<\/p>\n<p><strong>iDEAL<\/strong><\/p>\n<p>Wenn Sie Ihre Bankverbindung \u00fcber das Internet bei ABN Amro, ASN Bank, bunq, ING, Knab, Rabobank, SNS Bank, RegioBank, Triodos Bank oder Van Lanschot Bankiers haben, k\u00f6nnen Sie Ihre Bestellung auf sichere Weise elektronisch \u00fcber unsere Website bezahlen.<\/p>\n<p>Eine elektronische Zahlung \u00fcber das Internet ist vergleichbar mit einer PIN-Zahlung in einem Gesch\u00e4ft. Nachdem Sie Ihre Bestellung aufgegeben haben, w\u00e4hlen Sie die Zahlungsmethode iDEAL. Es \u00f6ffnet sich ein Fenster, in dem Sie die Bank ausw\u00e4hlen k\u00f6nnen, bei der Sie online bezahlen. Sie folgen dem Verfahren, das Sie von Onlinebanking-Zahlungen gewohnt sind. Im Prinzip wird die Zahlung noch am selben Arbeitstag bearbeitet. F\u00fcr weitere Informationen klicken Sie bitte auf: iDEAL.<\/p>\n<p><strong>Bancontact<\/strong><\/p>\n<p>F\u00fcr unsere belgischen Kunden bieten wir die Zahlungsmethode Bancontact an. Diese sichere und schnelle Zahlungsmethode kann von Personen mit Wohnsitz in Belgien genutzt werden, die \u00fcber Onlinebanking bei einer an Bancontact und Mister Cash angeschlossenen Bank verf\u00fcgen. Mit dieser Zahlungsmethode sind keine zus\u00e4tzlichen Kosten verbunden.<\/p>\n<p><strong>Kreditkarte<\/strong><\/p>\n<p>Bezahlen mit Visa- oder MasterCard-Kreditkarte bei Eurogate International: einfach und sicher. Ihre Daten werden verschl\u00fcsselt und somit sicher \u00fcbertragen. Sowohl Visa als auch MasterCard verlangen das Passwort zu Ihrer Kreditkarte.<\/p>\n<p>Geben Sie Ihre Kreditkartennummer, das G\u00fcltigkeitsdatum und den CID\/CVC-Code ein. Dieser Code dient der \u00dcberpr\u00fcfung und befindet sich normalerweise auf der R\u00fcckseite Ihrer Kreditkarte. Die Daten werden an das Kreditkartenunternehmen gesendet.<\/p>\n<p>In vielen F\u00e4llen m\u00fcssen Sie die Zahlung mit 3D Secure (MasterCard) oder Verified by Visa verifizieren. Dabei handelt es sich um Sicherheitsma\u00dfnahmen f\u00fcr Zahlungen \u00fcber das Internet. Mit 3D Secure (MasterCard) und Verified by Visa t\u00e4tigen Sie Ihre Eink\u00e4ufe im Internet mit einem zus\u00e4tzlichen Passwort.<\/p>\n<p>Sobald die Transaktion genehmigt wurde, erhalten Sie eine Nachricht dar\u00fcber und Ihre Bestellung wird (sofern vorr\u00e4tig) versandt. In vielen F\u00e4llen wird der Betrag automatisch von Ihrem Konto abgebucht (n\u00e4here Informationen hierzu erhalten Sie von Ihrem Kreditkartenunternehmen).<\/p>\n<p>Wenn Sie sich entscheiden, die Bestellung \u2013 oder einen Teil davon \u2013 zu stornieren oder zur\u00fcckzugeben, wird der Betrag auf Ihre Kreditkarte zur\u00fcckgebucht. Sie erhalten von uns eine E-Mail, wenn wir die Erstattung veranlasst haben. In der Regel wird die Erstattung innerhalb von sechs Wochen auf Ihrem Kontoauszug erscheinen.<\/p>\n<p><strong>Vorauszahlung<\/strong><\/p>\n<p>W\u00e4hrend des Bestellvorgangs k\u00f6nnen Sie w\u00e4hlen, ob Sie den Betrag per Bank\u00fcberweisung (Vorauszahlung) begleichen m\u00f6chten. Wir versenden Ihre Bestellung, sobald der Betrag bei uns eingegangen ist. Bitte beachten Sie, dass es einige Tage dauert, bis die Zahlung bei uns eingeht.<\/p>\n<p>In manchen F\u00e4llen bitten wir um eine Vorauszahlung. In diesem Fall informieren wir Sie, wenn Sie zur Kasse gehen. Ob wir eine Vorauszahlung verlangen, h\u00e4ngt von der Gr\u00f6\u00dfe Ihrer Bestellung ab.<\/p>\n<p><strong>SOFORT Banking<\/strong><\/p>\n<p>SOFORT Banking ist das Online-Zahlungssystem in Deutschland, \u00d6sterreich und der Schweiz. Es ist eine einfache und sichere Zahlungsmethode. Sie k\u00f6nnen bequem \u00fcber ein sicheres Zahlungsformular bezahlen und die Bestellung mit einem einmaligen Transaktionscode (TAN) best\u00e4tigen. Die Zahlung wird sofort \u00fcberwiesen und wir k\u00f6nnen Ihre Bestellung schnell an Sie versenden.<\/p>\n<p><strong>Erstattung bei R\u00fcckgabe oder Stornierung<\/strong><\/p>\n<p>Wenn Sie Ihre Bestellung stornieren oder zur\u00fccksenden, erhalten Sie selbstverst\u00e4ndlich eine Erstattung. Wenn Sie Ihre Bestellung im Voraus bezahlt haben, k\u00f6nnen Sie damit rechnen, dass die Erstattung in den meisten F\u00e4llen innerhalb von zwei Wochen (sp\u00e4testens innerhalb von 30 Tagen) nach dem Bearbeitungsdatum Ihrer Retoure oder Ihres Widerrufs auf Ihrem Konto eingeht. Wenn Sie sich f\u00fcr nachtr\u00e4gliche Zahlung (gegen Rechnung) entscheiden und noch nicht bezahlt haben, erlischt Ihre Zahlungsverpflichtung, sobald die R\u00fccksendung oder der Widerruf bearbeitet wurde<\/p>\n","protected":false},"excerpt":{"rendered":"<p>Sicheres Bezahlen mit unterschiedlichen Methoden Bei Eurogate International zu bestellen bedeutet, schnell, einfach und vor allem sicher zu bezahlen. Eurogate International bietet verschiedene M\u00f6glichkeiten der elektronischen Bezahlung. Beim Abrechnen an der Kasse k\u00f6nnen Sie sehen, welche M\u00f6glichkeiten Sie haben. Was Sie auch w\u00e4hlen, Sie erhalten mit Ihrer Sendung immer eine Rechnung. Auf der Rechnung wird [&hellip;]<\/p>\n","protected":false},"author":3,"featured_media":0,"parent":362,"menu_order":0,"comment_status":"closed","ping_status":"closed","template":"","meta":{"_acf_changed":false,"footnotes":""},"class_list":["post-20130","page","type-page","status-publish","hentry"],"acf":[],"yoast_head":"<!-- This site is optimized with the Yoast SEO plugin v27.3 - https:\/\/yoast.com\/product\/yoast-seo-wordpress\/ -->\n<title>Zahlungsm\u00f6glichkeiten | EuroGate International<\/title>\n<meta name=\"robots\" content=\"noindex, nofollow\" \/>\n<meta property=\"og:locale\" content=\"de_DE\" \/>\n<meta property=\"og:type\" content=\"article\" \/>\n<meta property=\"og:title\" content=\"Zahlungsm\u00f6glichkeiten | EuroGate International\" \/>\n<meta property=\"og:description\" content=\"Sicheres Bezahlen mit unterschiedlichen Methoden Bei Eurogate International zu bestellen bedeutet, schnell, einfach und vor allem sicher zu bezahlen. Eurogate International bietet verschiedene M\u00f6glichkeiten der elektronischen Bezahlung. Beim Abrechnen an der Kasse k\u00f6nnen Sie sehen, welche M\u00f6glichkeiten Sie haben. Was Sie auch w\u00e4hlen, Sie erhalten mit Ihrer Sendung immer eine Rechnung. Auf der Rechnung wird [&hellip;]\" \/>\n<meta property=\"og:url\" content=\"https:\/\/www.eurogate-international.com\/de\/over-ons\/betaalmethoden\/\" \/>\n<meta property=\"og:site_name\" content=\"EuroGate International\" \/>\n<meta property=\"article:publisher\" content=\"https:\/\/www.facebook.com\/EuroGateInternational\/\" \/>\n<meta property=\"article:modified_time\" content=\"2024-01-16T13:23:11+00:00\" \/>\n<meta name=\"twitter:card\" content=\"summary_large_image\" \/>\n<meta name=\"twitter:label1\" content=\"Gesch\u00e4tzte Lesezeit\" \/>\n\t<meta name=\"twitter:data1\" content=\"4 Minuten\" \/>\n<!-- \/ Yoast SEO plugin. -->","yoast_head_json":{"title":"Zahlungsm\u00f6glichkeiten | EuroGate International","robots":{"index":"noindex","follow":"nofollow"},"og_locale":"de_DE","og_type":"article","og_title":"Zahlungsm\u00f6glichkeiten | EuroGate International","og_description":"Sicheres Bezahlen mit unterschiedlichen Methoden Bei Eurogate International zu bestellen bedeutet, schnell, einfach und vor allem sicher zu bezahlen. Eurogate International bietet verschiedene M\u00f6glichkeiten der elektronischen Bezahlung. Beim Abrechnen an der Kasse k\u00f6nnen Sie sehen, welche M\u00f6glichkeiten Sie haben. Was Sie auch w\u00e4hlen, Sie erhalten mit Ihrer Sendung immer eine Rechnung. Auf der Rechnung wird [&hellip;]","og_url":"https:\/\/www.eurogate-international.com\/de\/over-ons\/betaalmethoden\/","og_site_name":"EuroGate International","article_publisher":"https:\/\/www.facebook.com\/EuroGateInternational\/","article_modified_time":"2024-01-16T13:23:11+00:00","twitter_card":"summary_large_image","twitter_misc":{"Gesch\u00e4tzte Lesezeit":"4 Minuten"},"schema":{"@context":"https:\/\/schema.org","@graph":[{"@type":"WebPage","@id":"https:\/\/www.eurogate-international.com\/de\/over-ons\/betaalmethoden\/","url":"https:\/\/www.eurogate-international.com\/de\/over-ons\/betaalmethoden\/","name":"Zahlungsm\u00f6glichkeiten | EuroGate International","isPartOf":{"@id":"https:\/\/www.eurogate-international.com\/de\/#website"},"datePublished":"2021-04-01T09:55:45+00:00","dateModified":"2024-01-16T13:23:11+00:00","breadcrumb":{"@id":"https:\/\/www.eurogate-international.com\/de\/over-ons\/betaalmethoden\/#breadcrumb"},"inLanguage":"de-DE","potentialAction":[{"@type":"ReadAction","target":["https:\/\/www.eurogate-international.com\/de\/over-ons\/betaalmethoden\/"]}]},{"@type":"BreadcrumbList","@id":"https:\/\/www.eurogate-international.com\/de\/over-ons\/betaalmethoden\/#breadcrumb","itemListElement":[{"@type":"ListItem","position":1,"name":"Home","item":"https:\/\/www.eurogate-international.com\/de\/"},{"@type":"ListItem","position":2,"name":"\u00dcber uns","item":"https:\/\/www.eurogate-international.com\/de\/uber-uns\/"},{"@type":"ListItem","position":3,"name":"Zahlungsm\u00f6glichkeiten"}]},{"@type":"WebSite","@id":"https:\/\/www.eurogate-international.com\/de\/#website","url":"https:\/\/www.eurogate-international.com\/de\/","name":"EuroGate International","description":"D\u00e9 onafhankelijke Europese verkooporganisatie van machines","publisher":{"@id":"https:\/\/www.eurogate-international.com\/de\/#organization"},"potentialAction":[{"@type":"SearchAction","target":{"@type":"EntryPoint","urlTemplate":"https:\/\/www.eurogate-international.com\/de\/?s={search_term_string}"},"query-input":{"@type":"PropertyValueSpecification","valueRequired":true,"valueName":"search_term_string"}}],"inLanguage":"de-DE"},{"@type":"Organization","@id":"https:\/\/www.eurogate-international.com\/de\/#organization","name":"EuroGate International","url":"https:\/\/www.eurogate-international.com\/de\/","logo":{"@type":"ImageObject","inLanguage":"de-DE","@id":"https:\/\/www.eurogate-international.com\/de\/#\/schema\/logo\/image\/","url":"https:\/\/www.eurogate-international.com\/wp-content\/uploads\/2020\/06\/Logo_EuroGateInternational2.png","contentUrl":"https:\/\/www.eurogate-international.com\/wp-content\/uploads\/2020\/06\/Logo_EuroGateInternational2.png","width":150,"height":148,"caption":"EuroGate International"},"image":{"@id":"https:\/\/www.eurogate-international.com\/de\/#\/schema\/logo\/image\/"},"sameAs":["https:\/\/www.facebook.com\/EuroGateInternational\/","https:\/\/nl.linkedin.com\/company\/eurogate-international"]}]}},"jetpack_sharing_enabled":true,"_links":{"self":[{"href":"https:\/\/www.eurogate-international.com\/de\/wp-json\/wp\/v2\/pages\/20130","targetHints":{"allow":["GET"]}}],"collection":[{"href":"https:\/\/www.eurogate-international.com\/de\/wp-json\/wp\/v2\/pages"}],"about":[{"href":"https:\/\/www.eurogate-international.com\/de\/wp-json\/wp\/v2\/types\/page"}],"author":[{"embeddable":true,"href":"https:\/\/www.eurogate-international.com\/de\/wp-json\/wp\/v2\/users\/3"}],"replies":[{"embeddable":true,"href":"https:\/\/www.eurogate-international.com\/de\/wp-json\/wp\/v2\/comments?post=20130"}],"version-history":[{"count":0,"href":"https:\/\/www.eurogate-international.com\/de\/wp-json\/wp\/v2\/pages\/20130\/revisions"}],"up":[{"embeddable":true,"href":"https:\/\/www.eurogate-international.com\/de\/wp-json\/wp\/v2\/pages\/362"}],"wp:attachment":[{"href":"https:\/\/www.eurogate-international.com\/de\/wp-json\/wp\/v2\/media?parent=20130"}],"curies":[{"name":"wp","href":"https:\/\/api.w.org\/{rel}","templated":true}]}}