{"id":20410,"date":"2018-09-11T09:04:57","date_gmt":"2018-09-11T08:04:57","guid":{"rendered":"https:\/\/www.eurogate-international.com\/product\/handbohrer\/"},"modified":"2024-08-21T15:07:56","modified_gmt":"2024-08-21T14:07:56","slug":"handbohrer","status":"publish","type":"product","link":"https:\/\/www.eurogate-international.com\/de\/product\/handbohrer\/","title":{"rendered":"Handbohrer"},"excerpt":{"rendered":"<h2>Der manuelle Standard-Erdbohrer<\/h2>\n<p>Diese meistverkaufte Serie von Handbohrern hat Bohrerdurchmesser von nicht weniger als 60-80-100-120 mm. Dadurch eignen sich diese Handbohrer, die auch als Pfahlbohrer bezeichnet werden, hervorragend f\u00fcr Landschaftsg\u00e4rtner und Gartencenter, z.B. zum Setzen von dickeren Zaunpf\u00e4hlen, Gartenpf\u00e4hlen, Pergolapfosten und mehr.<\/p>\n<p><strong>Pfahlbohrer f\u00fcr Zaunpf\u00e4hle<\/strong><\/p>\n<p>Diese Pfahlbohrer sind mit einer handgeschmiedeten Spitze ausgef\u00fchrt. Dadurch ist die Funktionsweise dieses nicht verl\u00e4ngerbaren Erdbohrers perfekt und den durchschnittlichen Erdbohrern anderer Marken \u00fcberlegen. Au\u00dferdem ist dieser Pfahlbohrer mit dicken, schwarzen Griffen ausgef\u00fchrt. Dank dieser Kunststoffgriffe liegt dieser Erdbohrer besser in der Hand und Sie k\u00f6nnen viel bequemer arbeiten.<\/p>\n<p>&nbsp;<\/p>\n<p>&nbsp;<\/p>\n<p><strong>Der Pfahlbohrer schlechthin f\u00fcr Zaunpf\u00e4hle<\/strong><\/p>\n<p>Mit einem Bohrerdurchmesser von 10 cm ist der Pfahlbohrer ideal, um Holzpf\u00e4hle mit den Ma\u00dfen 7 x 7 cm einzugraben. Dieser Gartenpfahl wird am h\u00e4ufigsten als Zaunpfahl verwendet. Ein Zaunpfahl von 7 x 7 cm wird am h\u00e4ufigsten f\u00fcr Z\u00e4une mit einer H\u00f6he von 2 Metern oder f\u00fcr Z\u00e4une, die dem Wind ausgesetzt sind, verwendet.<\/p>\n<p><strong>Nicht verl\u00e4ngerbarer Erdbohrer mit extra schmalem T-Griff<\/strong><\/p>\n<p>Eine Besonderheit dieser Handbohrer ist, dass sie mit extrakurzen Griffen ausgef\u00fchrt sind. So betr\u00e4gt die Gesamtbreite des Querrohrs dieses Handbohrers nur 375 mm. Das ist praktisch, denn so k\u00f6nnen Sie besonders dicht an Hindernissen vorbei bohren. Ideal f\u00fcr den letzten Pfosten direkt neben einem Schuppen, um nur ein Beispiel zu nennen. Au\u00dferdem sind die Griffe mit profiliertem Kunststoff versehen. Das gibt Ihnen zus\u00e4tzlichen Grip bei Ihren Arbeiten.<\/p>\n<p><strong>Pfahlbohrer von h\u00f6chster Qualit\u00e4t<\/strong><\/p>\n<p>Dieser Pfahlbohrer wird in den Niederlanden handgeschmiedet. Das garantiert eine sehr lange Lebensdauer und h\u00f6chste Qualit\u00e4t. Dieser stabile Bodenbohrer wird daher sehr lange halten.<\/p>\n","protected":false},"featured_media":20416,"comment_status":"closed","ping_status":"closed","template":"","meta":{"_acf_changed":false},"product_cat":[3330,3292,3295,80],"product_tag":[],"class_list":{"0":"post-20410","1":"product","2":"type-product","3":"status-publish","4":"has-post-thumbnail","6":"product_brand-egi-de","7":"product_cat-egi-erdbohrer-de","8":"product_cat-einen-erdbohrer-kaufen","9":"product_cat-handbedienter-erdbohrer","10":"product_cat-maschinen","11":"pa_aandrijving-manuell-de","13":"first","14":"instock","15":"taxable","16":"shipping-taxable","17":"purchasable","18":"product-type-variable"},"acf":[],"yoast_head":"<!-- This site is optimized with the Yoast SEO plugin v27.4 - https:\/\/yoast.com\/product\/yoast-seo-wordpress\/ -->\n<title>Handbohrer | EuroGate International<\/title>\n<meta name=\"description\" content=\"Der manuelle Standard-Erdbohrer Diese meistverkaufte Serie von Handbohrern hat Bohrerdurchmesser von nicht weniger als 60-80-100-120 mm.\" \/>\n<meta name=\"robots\" content=\"index, follow, max-snippet:-1, max-image-preview:large, max-video-preview:-1\" \/>\n<link rel=\"canonical\" href=\"https:\/\/www.eurogate-international.com\/de\/product\/handbohrer\/\" \/>\n<meta property=\"og:locale\" content=\"de_DE\" \/>\n<meta property=\"og:type\" content=\"article\" \/>\n<meta property=\"og:title\" content=\"Handbohrer | EuroGate International\" \/>\n<meta property=\"og:description\" content=\"Der manuelle Standard-Erdbohrer Diese meistverkaufte Serie von Handbohrern hat Bohrerdurchmesser von nicht weniger als 60-80-100-120 mm.\" \/>\n<meta property=\"og:url\" content=\"https:\/\/www.eurogate-international.com\/de\/product\/handbohrer\/\" \/>\n<meta property=\"og:site_name\" content=\"EuroGate International\" \/>\n<meta property=\"article:publisher\" content=\"https:\/\/www.facebook.com\/EuroGateInternational\/\" \/>\n<meta property=\"article:modified_time\" content=\"2024-08-21T14:07:56+00:00\" \/>\n<meta property=\"og:image\" content=\"https:\/\/www.eurogate-international.com\/wp-content\/uploads\/2018\/09\/handboor.png\" \/>\n\t<meta property=\"og:image:width\" content=\"1000\" \/>\n\t<meta property=\"og:image:height\" content=\"1000\" \/>\n\t<meta property=\"og:image:type\" content=\"image\/png\" \/>\n<meta name=\"twitter:card\" content=\"summary_large_image\" \/>\n<meta name=\"twitter:label1\" content=\"Gesch\u00e4tzte Lesezeit\" \/>\n\t<meta name=\"twitter:data1\" content=\"1 Minute\" \/>\n<!-- \/ Yoast SEO plugin. -->","yoast_head_json":{"title":"Handbohrer | EuroGate International","description":"Der manuelle Standard-Erdbohrer Diese meistverkaufte Serie von Handbohrern hat Bohrerdurchmesser von nicht weniger als 60-80-100-120 mm.","robots":{"index":"index","follow":"follow","max-snippet":"max-snippet:-1","max-image-preview":"max-image-preview:large","max-video-preview":"max-video-preview:-1"},"canonical":"https:\/\/www.eurogate-international.com\/de\/product\/handbohrer\/","og_locale":"de_DE","og_type":"article","og_title":"Handbohrer | EuroGate International","og_description":"Der manuelle Standard-Erdbohrer Diese meistverkaufte Serie von Handbohrern hat Bohrerdurchmesser von nicht weniger als 60-80-100-120 mm.","og_url":"https:\/\/www.eurogate-international.com\/de\/product\/handbohrer\/","og_site_name":"EuroGate International","article_publisher":"https:\/\/www.facebook.com\/EuroGateInternational\/","article_modified_time":"2024-08-21T14:07:56+00:00","og_image":[{"width":1000,"height":1000,"url":"https:\/\/www.eurogate-international.com\/wp-content\/uploads\/2018\/09\/handboor.png","type":"image\/png"}],"twitter_card":"summary_large_image","twitter_misc":{"Gesch\u00e4tzte Lesezeit":"1 Minute"},"schema":{"@context":"https:\/\/schema.org","@graph":[{"@type":"WebPage","@id":"https:\/\/www.eurogate-international.com\/de\/product\/handbohrer\/","url":"https:\/\/www.eurogate-international.com\/de\/product\/handbohrer\/","name":"Handbohrer | EuroGate International","isPartOf":{"@id":"https:\/\/www.eurogate-international.com\/de\/#website"},"primaryImageOfPage":{"@id":"https:\/\/www.eurogate-international.com\/de\/product\/handbohrer\/#primaryimage"},"image":{"@id":"https:\/\/www.eurogate-international.com\/de\/product\/handbohrer\/#primaryimage"},"thumbnailUrl":"https:\/\/www.eurogate-international.com\/wp-content\/uploads\/2018\/09\/handboor.png","datePublished":"2018-09-11T08:04:57+00:00","dateModified":"2024-08-21T14:07:56+00:00","description":"Der manuelle Standard-Erdbohrer Diese meistverkaufte Serie von Handbohrern hat Bohrerdurchmesser von nicht weniger als 60-80-100-120 mm.","breadcrumb":{"@id":"https:\/\/www.eurogate-international.com\/de\/product\/handbohrer\/#breadcrumb"},"inLanguage":"de-DE","potentialAction":[{"@type":"ReadAction","target":["https:\/\/www.eurogate-international.com\/de\/product\/handbohrer\/"]}]},{"@type":"ImageObject","inLanguage":"de-DE","@id":"https:\/\/www.eurogate-international.com\/de\/product\/handbohrer\/#primaryimage","url":"https:\/\/www.eurogate-international.com\/wp-content\/uploads\/2018\/09\/handboor.png","contentUrl":"https:\/\/www.eurogate-international.com\/wp-content\/uploads\/2018\/09\/handboor.png","width":1000,"height":1000},{"@type":"BreadcrumbList","@id":"https:\/\/www.eurogate-international.com\/de\/product\/handbohrer\/#breadcrumb","itemListElement":[{"@type":"ListItem","position":1,"name":"Home","item":"https:\/\/www.eurogate-international.com\/de\/"},{"@type":"ListItem","position":2,"name":"Shop","item":"https:\/\/www.eurogate-international.com\/de\/shop-2\/"},{"@type":"ListItem","position":3,"name":"Handbohrer"}]},{"@type":"WebSite","@id":"https:\/\/www.eurogate-international.com\/de\/#website","url":"https:\/\/www.eurogate-international.com\/de\/","name":"EuroGate International","description":"D\u00e9 onafhankelijke Europese verkooporganisatie van machines","publisher":{"@id":"https:\/\/www.eurogate-international.com\/de\/#organization"},"potentialAction":[{"@type":"SearchAction","target":{"@type":"EntryPoint","urlTemplate":"https:\/\/www.eurogate-international.com\/de\/?s={search_term_string}"},"query-input":{"@type":"PropertyValueSpecification","valueRequired":true,"valueName":"search_term_string"}}],"inLanguage":"de-DE"},{"@type":"Organization","@id":"https:\/\/www.eurogate-international.com\/de\/#organization","name":"EuroGate International","url":"https:\/\/www.eurogate-international.com\/de\/","logo":{"@type":"ImageObject","inLanguage":"de-DE","@id":"https:\/\/www.eurogate-international.com\/de\/#\/schema\/logo\/image\/","url":"https:\/\/www.eurogate-international.com\/wp-content\/uploads\/2020\/06\/Logo_EuroGateInternational2.png","contentUrl":"https:\/\/www.eurogate-international.com\/wp-content\/uploads\/2020\/06\/Logo_EuroGateInternational2.png","width":150,"height":148,"caption":"EuroGate International"},"image":{"@id":"https:\/\/www.eurogate-international.com\/de\/#\/schema\/logo\/image\/"},"sameAs":["https:\/\/www.facebook.com\/EuroGateInternational\/","https:\/\/nl.linkedin.com\/company\/eurogate-international"]}]}},"jetpack_sharing_enabled":true,"_links":{"self":[{"href":"https:\/\/www.eurogate-international.com\/de\/wp-json\/wp\/v2\/product\/20410","targetHints":{"allow":["GET"]}}],"collection":[{"href":"https:\/\/www.eurogate-international.com\/de\/wp-json\/wp\/v2\/product"}],"about":[{"href":"https:\/\/www.eurogate-international.com\/de\/wp-json\/wp\/v2\/types\/product"}],"replies":[{"embeddable":true,"href":"https:\/\/www.eurogate-international.com\/de\/wp-json\/wp\/v2\/comments?post=20410"}],"version-history":[{"count":0,"href":"https:\/\/www.eurogate-international.com\/de\/wp-json\/wp\/v2\/product\/20410\/revisions"}],"wp:featuredmedia":[{"embeddable":true,"href":"https:\/\/www.eurogate-international.com\/de\/wp-json\/wp\/v2\/media\/20416"}],"wp:attachment":[{"href":"https:\/\/www.eurogate-international.com\/de\/wp-json\/wp\/v2\/media?parent=20410"}],"wp:term":[{"taxonomy":"product_cat","embeddable":true,"href":"https:\/\/www.eurogate-international.com\/de\/wp-json\/wp\/v2\/product_cat?post=20410"},{"taxonomy":"product_tag","embeddable":true,"href":"https:\/\/www.eurogate-international.com\/de\/wp-json\/wp\/v2\/product_tag?post=20410"}],"curies":[{"name":"wp","href":"https:\/\/api.w.org\/{rel}","templated":true}]}}