{"id":21035,"date":"2021-02-16T14:46:26","date_gmt":"2021-02-16T13:46:26","guid":{"rendered":"https:\/\/www.eurogate-international.com\/product\/powerpack-uh070\/"},"modified":"2024-06-04T15:27:29","modified_gmt":"2024-06-04T14:27:29","slug":"powerpack-uh070","status":"publish","type":"product","link":"https:\/\/www.eurogate-international.com\/de\/product\/powerpack-uh070\/","title":{"rendered":"Hydraulikaggregat UH070"},"excerpt":{"rendered":"<h2>Sie suchen ein leichtes Powerpack?<\/h2>\n<p>Das hydraulische Powerpack von Maruzen ist f\u00fcr mobile Zwecke bestimmt und f\u00fcr seine einfache Handhabung bekannt. Dieses Powerpack UH070 ist auf die horizontale Erdbohrmaschine AY01H, den hydraulischen Einmann-Erdbohrer OH01 und die Pfahlramme KH193 von Maruzen abgestimmt.<\/p>\n<p><strong>Dieser Powerpack-Typ bietet viele M\u00f6glichkeiten bei:<\/strong><\/p>\n<ul>\n<li>Montage von Z\u00e4unen<\/li>\n<li>Fundamentarbeiten<\/li>\n<li>Leitplanken-\/Bordsteinarbeiten<\/li>\n<li>Installation von Solarparks<\/li>\n<\/ul>\n<p>Dieses hydraulische Powerpack wird von einem Honda GX200-Benzinmotor angetrieben und wird komplett montiert auf einem Metallrahmen mit gro\u00dfen R\u00e4dern geliefert.<\/p>\n<p><strong>Die Vorteile:<\/strong><\/p>\n<ul>\n<li>Geringer Kraftstoffverbrauch: 1,6 Liter pro Stunde bei Volllast<\/li>\n<li>20-25 Liter pro Minute<\/li>\n<li>Niedriger Schalldruckpegel<\/li>\n<li>Geringes Gewicht (40 kg)<\/li>\n<li>4-Takt-Motor Honda GX200 (geringer Emissionsaussto\u00df)<\/li>\n<li>Sehr benutzerfreundlich.<\/li>\n<\/ul>\n<p><strong>EuroGate International bietet bezahlbare Qualit\u00e4t und bezahlbaren Service<\/strong><\/p>\n<p>Maruzen ist ein zuverl\u00e4ssiger Maschinenbauer aus Japan f\u00fcr alle Arten von Hydraulikger\u00e4ten. Die Spitzenmarke bietet hervorragende Qualit\u00e4t und hervorragenden Service. Maruzen produziert seit 1954 hydraulische Maschinen.<\/p>\n<p>https:\/\/www.youtube.com\/watch?v=bqWMb62m_6M&amp;t=3s<\/p>\n<p>&nbsp;<\/p>\n","protected":false},"featured_media":11657,"comment_status":"closed","ping_status":"closed","template":"","meta":{"_acf_changed":false},"product_cat":[3317,3332],"product_tag":[],"class_list":{"0":"post-21035","1":"product","2":"type-product","3":"status-publish","4":"has-post-thumbnail","6":"product_brand-maruzen-de","7":"product_cat-eine-hydraulische-pfahlramme-kaufen","8":"product_cat-zubehoer-de","10":"first","11":"instock","12":"taxable","13":"shipping-taxable","14":"purchasable","15":"product-type-simple"},"acf":[],"yoast_head":"<!-- This site is optimized with the Yoast SEO plugin v27.4 - https:\/\/yoast.com\/product\/yoast-seo-wordpress\/ -->\n<title>Powerpack UH070 Maruzen | EuroGate International<\/title>\n<meta name=\"description\" content=\"De lichtgewicht hydraulische powerpack van Maruzen is bedoeld voor mobiele doeleinden en staat bekend om het in gebruik nemen op eenvoudige wijze.\" \/>\n<meta name=\"robots\" content=\"index, follow, max-snippet:-1, max-image-preview:large, max-video-preview:-1\" \/>\n<link rel=\"canonical\" href=\"https:\/\/www.eurogate-international.com\/de\/product\/powerpack-uh070\/\" \/>\n<meta property=\"og:locale\" content=\"de_DE\" \/>\n<meta property=\"og:type\" content=\"article\" \/>\n<meta property=\"og:title\" content=\"Powerpack UH070 Maruzen | EuroGate International\" \/>\n<meta property=\"og:description\" content=\"De lichtgewicht hydraulische powerpack van Maruzen is bedoeld voor mobiele doeleinden en staat bekend om het in gebruik nemen op eenvoudige wijze.\" \/>\n<meta property=\"og:url\" content=\"https:\/\/www.eurogate-international.com\/de\/product\/powerpack-uh070\/\" \/>\n<meta property=\"og:site_name\" content=\"EuroGate International\" \/>\n<meta property=\"article:publisher\" content=\"https:\/\/www.facebook.com\/EuroGateInternational\/\" \/>\n<meta property=\"article:modified_time\" content=\"2024-06-04T14:27:29+00:00\" \/>\n<meta property=\"og:image\" content=\"https:\/\/www.eurogate-international.com\/wp-content\/uploads\/2021\/02\/U-070-2-1.png\" \/>\n\t<meta property=\"og:image:width\" content=\"500\" \/>\n\t<meta property=\"og:image:height\" content=\"500\" \/>\n\t<meta property=\"og:image:type\" content=\"image\/png\" \/>\n<meta name=\"twitter:card\" content=\"summary_large_image\" \/>\n<meta name=\"twitter:label1\" content=\"Gesch\u00e4tzte Lesezeit\" \/>\n\t<meta name=\"twitter:data1\" content=\"2 Minuten\" \/>\n<!-- \/ Yoast SEO plugin. -->","yoast_head_json":{"title":"Powerpack UH070 Maruzen | EuroGate International","description":"De lichtgewicht hydraulische powerpack van Maruzen is bedoeld voor mobiele doeleinden en staat bekend om het in gebruik nemen op eenvoudige wijze.","robots":{"index":"index","follow":"follow","max-snippet":"max-snippet:-1","max-image-preview":"max-image-preview:large","max-video-preview":"max-video-preview:-1"},"canonical":"https:\/\/www.eurogate-international.com\/de\/product\/powerpack-uh070\/","og_locale":"de_DE","og_type":"article","og_title":"Powerpack UH070 Maruzen | EuroGate International","og_description":"De lichtgewicht hydraulische powerpack van Maruzen is bedoeld voor mobiele doeleinden en staat bekend om het in gebruik nemen op eenvoudige wijze.","og_url":"https:\/\/www.eurogate-international.com\/de\/product\/powerpack-uh070\/","og_site_name":"EuroGate International","article_publisher":"https:\/\/www.facebook.com\/EuroGateInternational\/","article_modified_time":"2024-06-04T14:27:29+00:00","og_image":[{"width":500,"height":500,"url":"https:\/\/www.eurogate-international.com\/wp-content\/uploads\/2021\/02\/U-070-2-1.png","type":"image\/png"}],"twitter_card":"summary_large_image","twitter_misc":{"Gesch\u00e4tzte Lesezeit":"2 Minuten"},"schema":{"@context":"https:\/\/schema.org","@graph":[{"@type":"WebPage","@id":"https:\/\/www.eurogate-international.com\/de\/product\/powerpack-uh070\/","url":"https:\/\/www.eurogate-international.com\/de\/product\/powerpack-uh070\/","name":"Powerpack UH070 Maruzen | EuroGate International","isPartOf":{"@id":"https:\/\/www.eurogate-international.com\/de\/#website"},"primaryImageOfPage":{"@id":"https:\/\/www.eurogate-international.com\/de\/product\/powerpack-uh070\/#primaryimage"},"image":{"@id":"https:\/\/www.eurogate-international.com\/de\/product\/powerpack-uh070\/#primaryimage"},"thumbnailUrl":"https:\/\/www.eurogate-international.com\/wp-content\/uploads\/2021\/02\/U-070-2-1.png","datePublished":"2021-02-16T13:46:26+00:00","dateModified":"2024-06-04T14:27:29+00:00","description":"De lichtgewicht hydraulische powerpack van Maruzen is bedoeld voor mobiele doeleinden en staat bekend om het in gebruik nemen op eenvoudige wijze.","breadcrumb":{"@id":"https:\/\/www.eurogate-international.com\/de\/product\/powerpack-uh070\/#breadcrumb"},"inLanguage":"de-DE","potentialAction":[{"@type":"ReadAction","target":["https:\/\/www.eurogate-international.com\/de\/product\/powerpack-uh070\/"]}]},{"@type":"ImageObject","inLanguage":"de-DE","@id":"https:\/\/www.eurogate-international.com\/de\/product\/powerpack-uh070\/#primaryimage","url":"https:\/\/www.eurogate-international.com\/wp-content\/uploads\/2021\/02\/U-070-2-1.png","contentUrl":"https:\/\/www.eurogate-international.com\/wp-content\/uploads\/2021\/02\/U-070-2-1.png","width":500,"height":500},{"@type":"BreadcrumbList","@id":"https:\/\/www.eurogate-international.com\/de\/product\/powerpack-uh070\/#breadcrumb","itemListElement":[{"@type":"ListItem","position":1,"name":"Home","item":"https:\/\/www.eurogate-international.com\/de\/"},{"@type":"ListItem","position":2,"name":"Shop","item":"https:\/\/www.eurogate-international.com\/de\/shop-2\/"},{"@type":"ListItem","position":3,"name":"Hydraulikaggregat UH070"}]},{"@type":"WebSite","@id":"https:\/\/www.eurogate-international.com\/de\/#website","url":"https:\/\/www.eurogate-international.com\/de\/","name":"EuroGate International","description":"D\u00e9 onafhankelijke Europese verkooporganisatie van machines","publisher":{"@id":"https:\/\/www.eurogate-international.com\/de\/#organization"},"potentialAction":[{"@type":"SearchAction","target":{"@type":"EntryPoint","urlTemplate":"https:\/\/www.eurogate-international.com\/de\/?s={search_term_string}"},"query-input":{"@type":"PropertyValueSpecification","valueRequired":true,"valueName":"search_term_string"}}],"inLanguage":"de-DE"},{"@type":"Organization","@id":"https:\/\/www.eurogate-international.com\/de\/#organization","name":"EuroGate International","url":"https:\/\/www.eurogate-international.com\/de\/","logo":{"@type":"ImageObject","inLanguage":"de-DE","@id":"https:\/\/www.eurogate-international.com\/de\/#\/schema\/logo\/image\/","url":"https:\/\/www.eurogate-international.com\/wp-content\/uploads\/2020\/06\/Logo_EuroGateInternational2.png","contentUrl":"https:\/\/www.eurogate-international.com\/wp-content\/uploads\/2020\/06\/Logo_EuroGateInternational2.png","width":150,"height":148,"caption":"EuroGate International"},"image":{"@id":"https:\/\/www.eurogate-international.com\/de\/#\/schema\/logo\/image\/"},"sameAs":["https:\/\/www.facebook.com\/EuroGateInternational\/","https:\/\/nl.linkedin.com\/company\/eurogate-international"]}]}},"jetpack_sharing_enabled":true,"_links":{"self":[{"href":"https:\/\/www.eurogate-international.com\/de\/wp-json\/wp\/v2\/product\/21035","targetHints":{"allow":["GET"]}}],"collection":[{"href":"https:\/\/www.eurogate-international.com\/de\/wp-json\/wp\/v2\/product"}],"about":[{"href":"https:\/\/www.eurogate-international.com\/de\/wp-json\/wp\/v2\/types\/product"}],"replies":[{"embeddable":true,"href":"https:\/\/www.eurogate-international.com\/de\/wp-json\/wp\/v2\/comments?post=21035"}],"version-history":[{"count":0,"href":"https:\/\/www.eurogate-international.com\/de\/wp-json\/wp\/v2\/product\/21035\/revisions"}],"wp:featuredmedia":[{"embeddable":true,"href":"https:\/\/www.eurogate-international.com\/de\/wp-json\/wp\/v2\/media\/11657"}],"wp:attachment":[{"href":"https:\/\/www.eurogate-international.com\/de\/wp-json\/wp\/v2\/media?parent=21035"}],"wp:term":[{"taxonomy":"product_cat","embeddable":true,"href":"https:\/\/www.eurogate-international.com\/de\/wp-json\/wp\/v2\/product_cat?post=21035"},{"taxonomy":"product_tag","embeddable":true,"href":"https:\/\/www.eurogate-international.com\/de\/wp-json\/wp\/v2\/product_tag?post=21035"}],"curies":[{"name":"wp","href":"https:\/\/api.w.org\/{rel}","templated":true}]}}