{"id":21038,"date":"2018-09-18T13:20:25","date_gmt":"2018-09-18T12:20:25","guid":{"rendered":"https:\/\/www.eurogate-international.com\/product\/handramme\/"},"modified":"2024-03-27T15:43:54","modified_gmt":"2024-03-27T14:43:54","slug":"handramme","status":"publish","type":"product","link":"https:\/\/www.eurogate-international.com\/de\/product\/handramme\/","title":{"rendered":"Handramme"},"excerpt":{"rendered":"<h2>Handramme in verschiedenen Gr\u00f6\u00dfen.<\/h2>\n<p>Diese Handramme ist in zehn verschiedenen Gr\u00f6\u00dfen erh\u00e4ltlich. Auf der Oberseite befindet sich ein im Rohr geschwei\u00dfter Rammklotz aus 30 mm dickem massivem Stahl. Diese manuelle Pfahlramme hat eine Hubl\u00e4nge von 720 mm und ist mit 33 mm-Rundgriffen ausgestattet. Kurz: eine solide und starke Hand-Pfahlramme f\u00fcr Ihre Aufgabe!<\/p>\n","protected":false},"featured_media":21048,"comment_status":"closed","ping_status":"closed","template":"","meta":{"_acf_changed":false},"product_cat":[3319,3313,3312],"product_tag":[],"class_list":{"0":"post-21038","1":"product","2":"type-product","3":"status-publish","4":"has-post-thumbnail","6":"product_brand-egi-de","7":"product_cat-eine-manuelle-pfahlramme-kaufen","8":"product_cat-maschinen-de","9":"product_cat-pfahlrammen","10":"pa_aandrijving-manuell-de","12":"first","13":"instock","14":"taxable","15":"shipping-taxable","16":"purchasable","17":"product-type-variable"},"acf":[],"yoast_head":"<!-- This site is optimized with the Yoast SEO plugin v27.2 - https:\/\/yoast.com\/product\/yoast-seo-wordpress\/ -->\n<title>Handramme | EuroGate International<\/title>\n<meta name=\"robots\" content=\"index, follow, max-snippet:-1, max-image-preview:large, max-video-preview:-1\" \/>\n<link rel=\"canonical\" href=\"https:\/\/www.eurogate-international.com\/de\/product\/handramme\/\" \/>\n<meta property=\"og:locale\" content=\"de_DE\" \/>\n<meta property=\"og:type\" content=\"article\" \/>\n<meta property=\"og:title\" content=\"Handramme | EuroGate International\" \/>\n<meta property=\"og:description\" content=\"Handramme in verschiedenen Gr\u00f6\u00dfen. Diese Handramme ist in zehn verschiedenen Gr\u00f6\u00dfen erh\u00e4ltlich. Auf der Oberseite befindet sich ein im Rohr geschwei\u00dfter Rammklotz aus 30 mm dickem massivem Stahl. Diese manuelle Pfahlramme hat eine Hubl\u00e4nge von 720 mm und ist mit 33 mm-Rundgriffen ausgestattet. Kurz: eine solide und starke Hand-Pfahlramme f\u00fcr Ihre Aufgabe!\" \/>\n<meta property=\"og:url\" content=\"https:\/\/www.eurogate-international.com\/de\/product\/handramme\/\" \/>\n<meta property=\"og:site_name\" content=\"EuroGate International\" \/>\n<meta property=\"article:publisher\" content=\"https:\/\/www.facebook.com\/EuroGateInternational\/\" \/>\n<meta property=\"article:modified_time\" content=\"2024-03-27T14:43:54+00:00\" \/>\n<meta property=\"og:image\" content=\"https:\/\/www.eurogate-international.com\/wp-content\/uploads\/2018\/09\/Handhei_palenrammer-2.png\" \/>\n\t<meta property=\"og:image:width\" content=\"425\" \/>\n\t<meta property=\"og:image:height\" content=\"425\" \/>\n\t<meta property=\"og:image:type\" content=\"image\/png\" \/>\n<meta name=\"twitter:card\" content=\"summary_large_image\" \/>\n<meta name=\"twitter:label1\" content=\"Gesch\u00e4tzte Lesezeit\" \/>\n\t<meta name=\"twitter:data1\" content=\"1 Minute\" \/>\n<!-- \/ Yoast SEO plugin. -->","yoast_head_json":{"title":"Handramme | EuroGate International","robots":{"index":"index","follow":"follow","max-snippet":"max-snippet:-1","max-image-preview":"max-image-preview:large","max-video-preview":"max-video-preview:-1"},"canonical":"https:\/\/www.eurogate-international.com\/de\/product\/handramme\/","og_locale":"de_DE","og_type":"article","og_title":"Handramme | EuroGate International","og_description":"Handramme in verschiedenen Gr\u00f6\u00dfen. Diese Handramme ist in zehn verschiedenen Gr\u00f6\u00dfen erh\u00e4ltlich. Auf der Oberseite befindet sich ein im Rohr geschwei\u00dfter Rammklotz aus 30 mm dickem massivem Stahl. Diese manuelle Pfahlramme hat eine Hubl\u00e4nge von 720 mm und ist mit 33 mm-Rundgriffen ausgestattet. Kurz: eine solide und starke Hand-Pfahlramme f\u00fcr Ihre Aufgabe!","og_url":"https:\/\/www.eurogate-international.com\/de\/product\/handramme\/","og_site_name":"EuroGate International","article_publisher":"https:\/\/www.facebook.com\/EuroGateInternational\/","article_modified_time":"2024-03-27T14:43:54+00:00","og_image":[{"width":425,"height":425,"url":"https:\/\/www.eurogate-international.com\/wp-content\/uploads\/2018\/09\/Handhei_palenrammer-2.png","type":"image\/png"}],"twitter_card":"summary_large_image","twitter_misc":{"Gesch\u00e4tzte Lesezeit":"1 Minute"},"schema":{"@context":"https:\/\/schema.org","@graph":[{"@type":"WebPage","@id":"https:\/\/www.eurogate-international.com\/de\/product\/handramme\/","url":"https:\/\/www.eurogate-international.com\/de\/product\/handramme\/","name":"Handramme | EuroGate International","isPartOf":{"@id":"https:\/\/www.eurogate-international.com\/de\/#website"},"primaryImageOfPage":{"@id":"https:\/\/www.eurogate-international.com\/de\/product\/handramme\/#primaryimage"},"image":{"@id":"https:\/\/www.eurogate-international.com\/de\/product\/handramme\/#primaryimage"},"thumbnailUrl":"https:\/\/www.eurogate-international.com\/wp-content\/uploads\/2018\/09\/Handhei_palenrammer-2.png","datePublished":"2018-09-18T12:20:25+00:00","dateModified":"2024-03-27T14:43:54+00:00","breadcrumb":{"@id":"https:\/\/www.eurogate-international.com\/de\/product\/handramme\/#breadcrumb"},"inLanguage":"de-DE","potentialAction":[{"@type":"ReadAction","target":["https:\/\/www.eurogate-international.com\/de\/product\/handramme\/"]}]},{"@type":"ImageObject","inLanguage":"de-DE","@id":"https:\/\/www.eurogate-international.com\/de\/product\/handramme\/#primaryimage","url":"https:\/\/www.eurogate-international.com\/wp-content\/uploads\/2018\/09\/Handhei_palenrammer-2.png","contentUrl":"https:\/\/www.eurogate-international.com\/wp-content\/uploads\/2018\/09\/Handhei_palenrammer-2.png","width":425,"height":425},{"@type":"BreadcrumbList","@id":"https:\/\/www.eurogate-international.com\/de\/product\/handramme\/#breadcrumb","itemListElement":[{"@type":"ListItem","position":1,"name":"Home","item":"https:\/\/www.eurogate-international.com\/de\/"},{"@type":"ListItem","position":2,"name":"Shop","item":"https:\/\/www.eurogate-international.com\/de\/shop-2\/"},{"@type":"ListItem","position":3,"name":"Handramme"}]},{"@type":"WebSite","@id":"https:\/\/www.eurogate-international.com\/de\/#website","url":"https:\/\/www.eurogate-international.com\/de\/","name":"EuroGate International","description":"D\u00e9 onafhankelijke Europese verkooporganisatie van machines","publisher":{"@id":"https:\/\/www.eurogate-international.com\/de\/#organization"},"potentialAction":[{"@type":"SearchAction","target":{"@type":"EntryPoint","urlTemplate":"https:\/\/www.eurogate-international.com\/de\/?s={search_term_string}"},"query-input":{"@type":"PropertyValueSpecification","valueRequired":true,"valueName":"search_term_string"}}],"inLanguage":"de-DE"},{"@type":"Organization","@id":"https:\/\/www.eurogate-international.com\/de\/#organization","name":"EuroGate International","url":"https:\/\/www.eurogate-international.com\/de\/","logo":{"@type":"ImageObject","inLanguage":"de-DE","@id":"https:\/\/www.eurogate-international.com\/de\/#\/schema\/logo\/image\/","url":"https:\/\/www.eurogate-international.com\/wp-content\/uploads\/2020\/06\/Logo_EuroGateInternational2.png","contentUrl":"https:\/\/www.eurogate-international.com\/wp-content\/uploads\/2020\/06\/Logo_EuroGateInternational2.png","width":150,"height":148,"caption":"EuroGate International"},"image":{"@id":"https:\/\/www.eurogate-international.com\/de\/#\/schema\/logo\/image\/"},"sameAs":["https:\/\/www.facebook.com\/EuroGateInternational\/","https:\/\/nl.linkedin.com\/company\/eurogate-international"]}]}},"jetpack_sharing_enabled":true,"_links":{"self":[{"href":"https:\/\/www.eurogate-international.com\/de\/wp-json\/wp\/v2\/product\/21038","targetHints":{"allow":["GET"]}}],"collection":[{"href":"https:\/\/www.eurogate-international.com\/de\/wp-json\/wp\/v2\/product"}],"about":[{"href":"https:\/\/www.eurogate-international.com\/de\/wp-json\/wp\/v2\/types\/product"}],"replies":[{"embeddable":true,"href":"https:\/\/www.eurogate-international.com\/de\/wp-json\/wp\/v2\/comments?post=21038"}],"version-history":[{"count":0,"href":"https:\/\/www.eurogate-international.com\/de\/wp-json\/wp\/v2\/product\/21038\/revisions"}],"wp:featuredmedia":[{"embeddable":true,"href":"https:\/\/www.eurogate-international.com\/de\/wp-json\/wp\/v2\/media\/21048"}],"wp:attachment":[{"href":"https:\/\/www.eurogate-international.com\/de\/wp-json\/wp\/v2\/media?parent=21038"}],"wp:term":[{"taxonomy":"product_cat","embeddable":true,"href":"https:\/\/www.eurogate-international.com\/de\/wp-json\/wp\/v2\/product_cat?post=21038"},{"taxonomy":"product_tag","embeddable":true,"href":"https:\/\/www.eurogate-international.com\/de\/wp-json\/wp\/v2\/product_tag?post=21038"}],"curies":[{"name":"wp","href":"https:\/\/api.w.org\/{rel}","templated":true}]}}