{"id":21046,"date":"2021-02-16T11:16:21","date_gmt":"2021-02-16T10:16:21","guid":{"rendered":"https:\/\/www.eurogate-international.com\/product\/fence-master-m730\/"},"modified":"2024-07-03T15:08:13","modified_gmt":"2024-07-03T14:08:13","slug":"fence-master-m730","status":"publish","type":"product","link":"https:\/\/www.eurogate-international.com\/de\/product\/fence-master-m730\/","title":{"rendered":"Fence Master\u00ae M730 Pfahlzieher"},"excerpt":{"rendered":"<h2>Lernen Sie das einzigartige Pfahlentfernungssystem von PostPullers kennen<\/h2>\n<p>Diese Maschine wurde entwickelt, um das Entfernen von Umz\u00e4unungspf\u00e4hlen aller Sorten und Abmessungen zu erleichtern: von Umz\u00e4unungspf\u00e4hlen, Stra\u00dfennamenschildern, Torpfosten bis hin zu Absperrpfosten auf Autobahnen.<\/p>\n<p>Sowohl f\u00fcr Zaunarbeiter, Erdarbeiter, Stra\u00dfenbauer als auch Landschaftsg\u00e4rtner geeignet, ist der Fence Master\u00ae der Beste in seiner Klasse innovativer Entfernungssysteme und spart Ihnen Stunden im Vergleich zum manuellen Ausgraben.<\/p>\n<p>Der Fence Master\u00ae entfernt Pf\u00e4hle mit schwarzen Betonfundamenten; diese Arbeit ist in wenigen Minuten erledigt. Mit einer Zugkraft von 4000 kg entfernt der Fence Master\u00ae Pfostensockel und Fu\u00dfst\u00fccke mit einem Durchmesser bis 600 mm.<\/p>\n<p><strong>Ausgraben geh\u00f6rt der Vergangenheit an. Das erspart enorm viele Stunden schwerer Arbeit und spart nicht nur Geld, sondern auch Ihre Energie.<\/strong><\/p>\n<p>Durch die spezielle Krallenbefestigung wird das Entfernen von gebrochenen oder verrotteten Pf\u00e4hlen zu einer leichten Sache. Auch nach dem Ausgraben nimmt Ihnen der Fence Master\u00ae die Arbeit ab. Die Profilr\u00e4der der Maschine erm\u00f6glichen es, den Pfahl zu Fu\u00df wegzufahren.<\/p>\n<p>Standardm\u00e4\u00dfig ist der M730 PostPuller mit einer handbedienten Hydraulikpumpe ausgestattet und arbeitet selbst\u00e4ndig.<\/p>\n","protected":false},"featured_media":21047,"comment_status":"closed","ping_status":"closed","template":"","meta":{"_acf_changed":false},"product_cat":[3321],"product_tag":[3360,3359,3358],"class_list":{"0":"post-21046","1":"product","2":"type-product","3":"status-publish","4":"has-post-thumbnail","6":"product_brand-post-puller-de","7":"product_cat-pfahlzieher","8":"product_tag-palen-verwijderen-de","9":"product_tag-palentrekker-de","10":"product_tag-postpuller-de","12":"first","13":"instock","14":"taxable","15":"shipping-taxable","16":"purchasable","17":"product-type-simple"},"acf":[],"yoast_head":"<!-- This site is optimized with the Yoast SEO plugin v27.5 - https:\/\/yoast.com\/product\/yoast-seo-wordpress\/ -->\n<title>Fence Master\u00ae M730 Pfahlzieher | EuroGate International<\/title>\n<meta name=\"description\" content=\"Fence Master\u00ae M730 is ontworpen om het verwijderen van afrasteringspalen in alle soorten en maten te verlichten: van straatnaamborden, poortpalen, ect.\" \/>\n<meta name=\"robots\" content=\"index, follow, max-snippet:-1, max-image-preview:large, max-video-preview:-1\" \/>\n<link rel=\"canonical\" href=\"https:\/\/www.eurogate-international.com\/de\/product\/fence-master-m730\/\" \/>\n<meta property=\"og:locale\" content=\"de_DE\" \/>\n<meta property=\"og:type\" content=\"article\" \/>\n<meta property=\"og:title\" content=\"Fence Master\u00ae M730 Pfahlzieher | EuroGate International\" \/>\n<meta property=\"og:description\" content=\"Fence Master\u00ae M730 is ontworpen om het verwijderen van afrasteringspalen in alle soorten en maten te verlichten: van straatnaamborden, poortpalen, ect.\" \/>\n<meta property=\"og:url\" content=\"https:\/\/www.eurogate-international.com\/de\/product\/fence-master-m730\/\" \/>\n<meta property=\"og:site_name\" content=\"EuroGate International\" \/>\n<meta property=\"article:publisher\" content=\"https:\/\/www.facebook.com\/EuroGateInternational\/\" \/>\n<meta property=\"article:modified_time\" content=\"2024-07-03T14:08:13+00:00\" \/>\n<meta property=\"og:image\" content=\"https:\/\/www.eurogate-international.com\/wp-content\/uploads\/2021\/02\/Postpuller_FenceMaster.png\" \/>\n\t<meta property=\"og:image:width\" content=\"1200\" \/>\n\t<meta property=\"og:image:height\" content=\"1237\" \/>\n\t<meta property=\"og:image:type\" content=\"image\/png\" \/>\n<meta name=\"twitter:card\" content=\"summary_large_image\" \/>\n<meta name=\"twitter:label1\" content=\"Gesch\u00e4tzte Lesezeit\" \/>\n\t<meta name=\"twitter:data1\" content=\"2 Minuten\" \/>\n<!-- \/ Yoast SEO plugin. -->","yoast_head_json":{"title":"Fence Master\u00ae M730 Pfahlzieher | EuroGate International","description":"Fence Master\u00ae M730 is ontworpen om het verwijderen van afrasteringspalen in alle soorten en maten te verlichten: van straatnaamborden, poortpalen, ect.","robots":{"index":"index","follow":"follow","max-snippet":"max-snippet:-1","max-image-preview":"max-image-preview:large","max-video-preview":"max-video-preview:-1"},"canonical":"https:\/\/www.eurogate-international.com\/de\/product\/fence-master-m730\/","og_locale":"de_DE","og_type":"article","og_title":"Fence Master\u00ae M730 Pfahlzieher | EuroGate International","og_description":"Fence Master\u00ae M730 is ontworpen om het verwijderen van afrasteringspalen in alle soorten en maten te verlichten: van straatnaamborden, poortpalen, ect.","og_url":"https:\/\/www.eurogate-international.com\/de\/product\/fence-master-m730\/","og_site_name":"EuroGate International","article_publisher":"https:\/\/www.facebook.com\/EuroGateInternational\/","article_modified_time":"2024-07-03T14:08:13+00:00","og_image":[{"width":1200,"height":1237,"url":"https:\/\/www.eurogate-international.com\/wp-content\/uploads\/2021\/02\/Postpuller_FenceMaster.png","type":"image\/png"}],"twitter_card":"summary_large_image","twitter_misc":{"Gesch\u00e4tzte Lesezeit":"2 Minuten"},"schema":{"@context":"https:\/\/schema.org","@graph":[{"@type":"WebPage","@id":"https:\/\/www.eurogate-international.com\/de\/product\/fence-master-m730\/","url":"https:\/\/www.eurogate-international.com\/de\/product\/fence-master-m730\/","name":"Fence Master\u00ae M730 Pfahlzieher | EuroGate International","isPartOf":{"@id":"https:\/\/www.eurogate-international.com\/de\/#website"},"primaryImageOfPage":{"@id":"https:\/\/www.eurogate-international.com\/de\/product\/fence-master-m730\/#primaryimage"},"image":{"@id":"https:\/\/www.eurogate-international.com\/de\/product\/fence-master-m730\/#primaryimage"},"thumbnailUrl":"https:\/\/www.eurogate-international.com\/wp-content\/uploads\/2021\/02\/Postpuller_FenceMaster.png","datePublished":"2021-02-16T10:16:21+00:00","dateModified":"2024-07-03T14:08:13+00:00","description":"Fence Master\u00ae M730 is ontworpen om het verwijderen van afrasteringspalen in alle soorten en maten te verlichten: van straatnaamborden, poortpalen, ect.","breadcrumb":{"@id":"https:\/\/www.eurogate-international.com\/de\/product\/fence-master-m730\/#breadcrumb"},"inLanguage":"de-DE","potentialAction":[{"@type":"ReadAction","target":["https:\/\/www.eurogate-international.com\/de\/product\/fence-master-m730\/"]}]},{"@type":"ImageObject","inLanguage":"de-DE","@id":"https:\/\/www.eurogate-international.com\/de\/product\/fence-master-m730\/#primaryimage","url":"https:\/\/www.eurogate-international.com\/wp-content\/uploads\/2021\/02\/Postpuller_FenceMaster.png","contentUrl":"https:\/\/www.eurogate-international.com\/wp-content\/uploads\/2021\/02\/Postpuller_FenceMaster.png","width":1200,"height":1237},{"@type":"BreadcrumbList","@id":"https:\/\/www.eurogate-international.com\/de\/product\/fence-master-m730\/#breadcrumb","itemListElement":[{"@type":"ListItem","position":1,"name":"Home","item":"https:\/\/www.eurogate-international.com\/de\/"},{"@type":"ListItem","position":2,"name":"Shop","item":"https:\/\/www.eurogate-international.com\/de\/shop-2\/"},{"@type":"ListItem","position":3,"name":"Fence Master\u00ae M730 Pfahlzieher"}]},{"@type":"WebSite","@id":"https:\/\/www.eurogate-international.com\/de\/#website","url":"https:\/\/www.eurogate-international.com\/de\/","name":"EuroGate International","description":"D\u00e9 onafhankelijke Europese verkooporganisatie van machines","publisher":{"@id":"https:\/\/www.eurogate-international.com\/de\/#organization"},"potentialAction":[{"@type":"SearchAction","target":{"@type":"EntryPoint","urlTemplate":"https:\/\/www.eurogate-international.com\/de\/?s={search_term_string}"},"query-input":{"@type":"PropertyValueSpecification","valueRequired":true,"valueName":"search_term_string"}}],"inLanguage":"de-DE"},{"@type":"Organization","@id":"https:\/\/www.eurogate-international.com\/de\/#organization","name":"EuroGate International","url":"https:\/\/www.eurogate-international.com\/de\/","logo":{"@type":"ImageObject","inLanguage":"de-DE","@id":"https:\/\/www.eurogate-international.com\/de\/#\/schema\/logo\/image\/","url":"https:\/\/www.eurogate-international.com\/wp-content\/uploads\/2020\/06\/Logo_EuroGateInternational2.png","contentUrl":"https:\/\/www.eurogate-international.com\/wp-content\/uploads\/2020\/06\/Logo_EuroGateInternational2.png","width":150,"height":148,"caption":"EuroGate International"},"image":{"@id":"https:\/\/www.eurogate-international.com\/de\/#\/schema\/logo\/image\/"},"sameAs":["https:\/\/www.facebook.com\/EuroGateInternational\/","https:\/\/nl.linkedin.com\/company\/eurogate-international"]}]}},"jetpack_sharing_enabled":true,"_links":{"self":[{"href":"https:\/\/www.eurogate-international.com\/de\/wp-json\/wp\/v2\/product\/21046","targetHints":{"allow":["GET"]}}],"collection":[{"href":"https:\/\/www.eurogate-international.com\/de\/wp-json\/wp\/v2\/product"}],"about":[{"href":"https:\/\/www.eurogate-international.com\/de\/wp-json\/wp\/v2\/types\/product"}],"replies":[{"embeddable":true,"href":"https:\/\/www.eurogate-international.com\/de\/wp-json\/wp\/v2\/comments?post=21046"}],"version-history":[{"count":0,"href":"https:\/\/www.eurogate-international.com\/de\/wp-json\/wp\/v2\/product\/21046\/revisions"}],"wp:featuredmedia":[{"embeddable":true,"href":"https:\/\/www.eurogate-international.com\/de\/wp-json\/wp\/v2\/media\/21047"}],"wp:attachment":[{"href":"https:\/\/www.eurogate-international.com\/de\/wp-json\/wp\/v2\/media?parent=21046"}],"wp:term":[{"taxonomy":"product_cat","embeddable":true,"href":"https:\/\/www.eurogate-international.com\/de\/wp-json\/wp\/v2\/product_cat?post=21046"},{"taxonomy":"product_tag","embeddable":true,"href":"https:\/\/www.eurogate-international.com\/de\/wp-json\/wp\/v2\/product_tag?post=21046"}],"curies":[{"name":"wp","href":"https:\/\/api.w.org\/{rel}","templated":true}]}}