{"id":21057,"date":"2021-12-08T16:05:46","date_gmt":"2021-12-08T15:05:46","guid":{"rendered":"https:\/\/www.eurogate-international.com\/product\/hikoki-akkubohrmaschine\/"},"modified":"2024-03-27T15:17:16","modified_gmt":"2024-03-27T14:17:16","slug":"hikoki-akkubohrmaschine","status":"publish","type":"product","link":"https:\/\/www.eurogate-international.com\/de\/product\/hikoki-akkubohrmaschine\/","title":{"rendered":"Hikoki-Akkubohrmaschine"},"excerpt":{"rendered":"<h2>Akku-(Erd)Bohrmaschine HIKOKI DS36DA WRZ<\/h2>\n<p>Diese sehr kompakte Akkubohrmaschine verf\u00fcgt \u00fcber einen b\u00fcrstenlosen Motor mit extrem langer Lebensdauer. Das Schnellspannbohrfutter erm\u00f6glicht schnellen und einfachen Wechsel der Bohrer. Die 36-Volt-Bohrmaschine hat ein Aluminium-Getriebegeh\u00e4use und wird standardm\u00e4\u00dfig mit 2 hochwertigen 18\/36-Volt-Li-Ionen-Akkus mit Ladeger\u00e4t in einem praktischen Koffer geliefert. Die Bohrmaschine verf\u00fcgt \u00fcber 22 Einstellm\u00f6glichkeiten und hat einen Softgrip-Griff, der auch bei l\u00e4ngeren Arbeiten einen angenehmen Grip bietet und daf\u00fcr sorgt, dass die Maschine nicht aus der Hand rutscht. Die Maschine verf\u00fcgt \u00fcber eine Akkuanzeige, LED-Beleuchtung und einen G\u00fcrtelhaken. In Kombination mit unserem Schlangenbohrersatz k\u00f6nnen Sie einen Erdbohrer aus unserer CQ-303-Serie ganz einfach an diese elektrische Bohrmaschine anschlie\u00dfen, sodass sie mit Leichtigkeit als Erdbohrer funktioniert. Auch l\u00e4sst sich diese Bohrmaschine sehr gut mit einem Zwiebel- oder Pflanzenbohrer kombinieren. Daher: Wenn Sie also eine leistungsstarke Bohrmaschine suchen, die auch schwerere Arbeiten bew\u00e4ltigen kann, w\u00e4hlen Sie diese Hikoki DS36DAWRZ.<\/p>\n<p><strong>Beschreibung<\/strong><\/p>\n<ul>\n<li>sehr kompakt<\/li>\n<li>leistungsstarker b\u00fcrstenloser Motor mit langer Lebensdauer<\/li>\n<li>Schnellspannbohrfutter<\/li>\n<li>Alu-Getriebegeh\u00e4use<\/li>\n<li>Standardm\u00e4\u00dfig 2 Akkus<\/li>\n<li>22 Positionen einstellbar<\/li>\n<li>Soft Grip<\/li>\n<li>Akku-Anzeige<\/li>\n<li>LED-Beleuchtung<\/li>\n<li>G\u00fcrtelhaken<\/li>\n<li>Aufladezeit max. 75 min<\/li>\n<\/ul>\n<p><strong>Standard-Zubeh\u00f6r<\/strong><\/p>\n<p>2 Akkus, 1 Ladeger\u00e4t, 1 Seitengriff, 1 Bohrersatz als Set im Koffer<\/p>\n<p>&nbsp;<\/p>\n<p><strong>TECHNISCHE DATEN<\/strong><\/p>\n<ul>\n<li>Leistung in Holz 102 mm<\/li>\n<li>Maschinenschrauben 6 mm<\/li>\n<li>Holzschrauben 12 x 100 mm<\/li>\n<li>Drehzahl unbelastet (niedrig) 0 \u2013 500 min-1<\/li>\n<li>Drehzahl unbelastet (hoch) 0 \u2013 2.100 min-1<\/li>\n<li>Gewicht 2,7 kg<\/li>\n<li>L\u00e4nge 204 mm<\/li>\n<li>Bohrkopf 1,5 \u2013 13 mm<\/li>\n<li>Leistung in Stahl 16 mm<\/li>\n<li>Max. Anziehdrehmoment hart 138 Nm<\/li>\n<li>Max. Anziehdrehmoment weich 64 Nm<\/li>\n<\/ul>\n","protected":false},"featured_media":13092,"comment_status":"closed","ping_status":"closed","template":"","meta":{"_acf_changed":false},"product_cat":[3293,3298,80],"product_tag":[],"class_list":{"0":"post-21057","1":"product","2":"type-product","3":"status-publish","4":"has-post-thumbnail","6":"product_cat-einen-mechanischen-erdbohrer","7":"product_cat-elektrischer-erdbohrer","8":"product_cat-maschinen","10":"first","11":"instock","12":"taxable","13":"shipping-taxable","14":"purchasable","15":"product-type-simple"},"acf":[],"yoast_head":"<!-- This site is optimized with the Yoast SEO plugin v27.5 - https:\/\/yoast.com\/product\/yoast-seo-wordpress\/ -->\n<title>Hikoki-Akkubohrmaschine | EuroGate International<\/title>\n<meta name=\"robots\" content=\"index, follow, max-snippet:-1, max-image-preview:large, max-video-preview:-1\" \/>\n<link rel=\"canonical\" href=\"https:\/\/www.eurogate-international.com\/de\/product\/hikoki-akkubohrmaschine\/\" \/>\n<meta property=\"og:locale\" content=\"de_DE\" \/>\n<meta property=\"og:type\" content=\"article\" \/>\n<meta property=\"og:title\" content=\"Hikoki-Akkubohrmaschine | EuroGate International\" \/>\n<meta property=\"og:description\" content=\"Akku-(Erd)Bohrmaschine HIKOKI DS36DA WRZ Diese sehr kompakte Akkubohrmaschine verf\u00fcgt \u00fcber einen b\u00fcrstenlosen Motor mit extrem langer Lebensdauer. Das Schnellspannbohrfutter erm\u00f6glicht schnellen und einfachen Wechsel der Bohrer. Die 36-Volt-Bohrmaschine hat ein Aluminium-Getriebegeh\u00e4use und wird standardm\u00e4\u00dfig mit 2 hochwertigen 18\/36-Volt-Li-Ionen-Akkus mit Ladeger\u00e4t in einem praktischen Koffer geliefert. Die Bohrmaschine verf\u00fcgt \u00fcber 22 Einstellm\u00f6glichkeiten und hat einen Softgrip-Griff, der auch bei l\u00e4ngeren Arbeiten einen angenehmen Grip bietet und daf\u00fcr sorgt, dass die Maschine nicht aus der Hand rutscht. Die Maschine verf\u00fcgt \u00fcber eine Akkuanzeige, LED-Beleuchtung und einen G\u00fcrtelhaken. In Kombination mit unserem Schlangenbohrersatz k\u00f6nnen Sie einen Erdbohrer aus unserer CQ-303-Serie ganz einfach an diese elektrische Bohrmaschine anschlie\u00dfen, sodass sie mit Leichtigkeit als Erdbohrer funktioniert. Auch l\u00e4sst sich diese Bohrmaschine sehr gut mit einem Zwiebel- oder Pflanzenbohrer kombinieren. Daher: Wenn Sie also eine leistungsstarke Bohrmaschine suchen, die auch schwerere Arbeiten bew\u00e4ltigen kann, w\u00e4hlen Sie diese Hikoki DS36DAWRZ.  Beschreibung   sehr kompakt  leistungsstarker b\u00fcrstenloser Motor mit langer Lebensdauer  Schnellspannbohrfutter  Alu-Getriebegeh\u00e4use  Standardm\u00e4\u00dfig 2 Akkus  22 Positionen einstellbar  Soft Grip  Akku-Anzeige  LED-Beleuchtung  G\u00fcrtelhaken  Aufladezeit max. 75 min  Standard-Zubeh\u00f6r  2 Akkus, 1 Ladeger\u00e4t, 1 Seitengriff, 1 Bohrersatz als Set im Koffer  &nbsp;  TECHNISCHE DATEN   Leistung in Holz 102 mm  Maschinenschrauben 6 mm  Holzschrauben 12 x 100 mm  Drehzahl unbelastet (niedrig) 0 \u2013 500 min-1  Drehzahl unbelastet (hoch) 0 \u2013 2.100 min-1  Gewicht 2,7 kg  L\u00e4nge 204 mm  Bohrkopf 1,5 \u2013 13 mm  Leistung in Stahl 16 mm  Max. Anziehdrehmoment hart 138 Nm  Max. Anziehdrehmoment weich 64 Nm\" \/>\n<meta property=\"og:url\" content=\"https:\/\/www.eurogate-international.com\/de\/product\/hikoki-akkubohrmaschine\/\" \/>\n<meta property=\"og:site_name\" content=\"EuroGate International\" \/>\n<meta property=\"article:publisher\" content=\"https:\/\/www.facebook.com\/EuroGateInternational\/\" \/>\n<meta property=\"article:modified_time\" content=\"2024-03-27T14:17:16+00:00\" \/>\n<meta property=\"og:image\" content=\"https:\/\/www.eurogate-international.com\/wp-content\/uploads\/2021\/12\/ds18dbl2-groot3.png\" \/>\n\t<meta property=\"og:image:width\" content=\"2074\" \/>\n\t<meta property=\"og:image:height\" content=\"1945\" \/>\n\t<meta property=\"og:image:type\" content=\"image\/png\" \/>\n<meta name=\"twitter:card\" content=\"summary_large_image\" \/>\n<meta name=\"twitter:label1\" content=\"Gesch\u00e4tzte Lesezeit\" \/>\n\t<meta name=\"twitter:data1\" content=\"1 Minute\" \/>\n<!-- \/ Yoast SEO plugin. -->","yoast_head_json":{"title":"Hikoki-Akkubohrmaschine | EuroGate International","robots":{"index":"index","follow":"follow","max-snippet":"max-snippet:-1","max-image-preview":"max-image-preview:large","max-video-preview":"max-video-preview:-1"},"canonical":"https:\/\/www.eurogate-international.com\/de\/product\/hikoki-akkubohrmaschine\/","og_locale":"de_DE","og_type":"article","og_title":"Hikoki-Akkubohrmaschine | EuroGate International","og_description":"Akku-(Erd)Bohrmaschine HIKOKI DS36DA WRZ Diese sehr kompakte Akkubohrmaschine verf\u00fcgt \u00fcber einen b\u00fcrstenlosen Motor mit extrem langer Lebensdauer. Das Schnellspannbohrfutter erm\u00f6glicht schnellen und einfachen Wechsel der Bohrer. Die 36-Volt-Bohrmaschine hat ein Aluminium-Getriebegeh\u00e4use und wird standardm\u00e4\u00dfig mit 2 hochwertigen 18\/36-Volt-Li-Ionen-Akkus mit Ladeger\u00e4t in einem praktischen Koffer geliefert. Die Bohrmaschine verf\u00fcgt \u00fcber 22 Einstellm\u00f6glichkeiten und hat einen Softgrip-Griff, der auch bei l\u00e4ngeren Arbeiten einen angenehmen Grip bietet und daf\u00fcr sorgt, dass die Maschine nicht aus der Hand rutscht. Die Maschine verf\u00fcgt \u00fcber eine Akkuanzeige, LED-Beleuchtung und einen G\u00fcrtelhaken. In Kombination mit unserem Schlangenbohrersatz k\u00f6nnen Sie einen Erdbohrer aus unserer CQ-303-Serie ganz einfach an diese elektrische Bohrmaschine anschlie\u00dfen, sodass sie mit Leichtigkeit als Erdbohrer funktioniert. Auch l\u00e4sst sich diese Bohrmaschine sehr gut mit einem Zwiebel- oder Pflanzenbohrer kombinieren. Daher: Wenn Sie also eine leistungsstarke Bohrmaschine suchen, die auch schwerere Arbeiten bew\u00e4ltigen kann, w\u00e4hlen Sie diese Hikoki DS36DAWRZ.  Beschreibung   sehr kompakt  leistungsstarker b\u00fcrstenloser Motor mit langer Lebensdauer  Schnellspannbohrfutter  Alu-Getriebegeh\u00e4use  Standardm\u00e4\u00dfig 2 Akkus  22 Positionen einstellbar  Soft Grip  Akku-Anzeige  LED-Beleuchtung  G\u00fcrtelhaken  Aufladezeit max. 75 min  Standard-Zubeh\u00f6r  2 Akkus, 1 Ladeger\u00e4t, 1 Seitengriff, 1 Bohrersatz als Set im Koffer  &nbsp;  TECHNISCHE DATEN   Leistung in Holz 102 mm  Maschinenschrauben 6 mm  Holzschrauben 12 x 100 mm  Drehzahl unbelastet (niedrig) 0 \u2013 500 min-1  Drehzahl unbelastet (hoch) 0 \u2013 2.100 min-1  Gewicht 2,7 kg  L\u00e4nge 204 mm  Bohrkopf 1,5 \u2013 13 mm  Leistung in Stahl 16 mm  Max. Anziehdrehmoment hart 138 Nm  Max. Anziehdrehmoment weich 64 Nm","og_url":"https:\/\/www.eurogate-international.com\/de\/product\/hikoki-akkubohrmaschine\/","og_site_name":"EuroGate International","article_publisher":"https:\/\/www.facebook.com\/EuroGateInternational\/","article_modified_time":"2024-03-27T14:17:16+00:00","og_image":[{"width":2074,"height":1945,"url":"https:\/\/www.eurogate-international.com\/wp-content\/uploads\/2021\/12\/ds18dbl2-groot3.png","type":"image\/png"}],"twitter_card":"summary_large_image","twitter_misc":{"Gesch\u00e4tzte Lesezeit":"1 Minute"},"schema":{"@context":"https:\/\/schema.org","@graph":[{"@type":"WebPage","@id":"https:\/\/www.eurogate-international.com\/de\/product\/hikoki-akkubohrmaschine\/","url":"https:\/\/www.eurogate-international.com\/de\/product\/hikoki-akkubohrmaschine\/","name":"Hikoki-Akkubohrmaschine | EuroGate International","isPartOf":{"@id":"https:\/\/www.eurogate-international.com\/de\/#website"},"primaryImageOfPage":{"@id":"https:\/\/www.eurogate-international.com\/de\/product\/hikoki-akkubohrmaschine\/#primaryimage"},"image":{"@id":"https:\/\/www.eurogate-international.com\/de\/product\/hikoki-akkubohrmaschine\/#primaryimage"},"thumbnailUrl":"https:\/\/www.eurogate-international.com\/wp-content\/uploads\/2021\/12\/ds18dbl2-groot3.png","datePublished":"2021-12-08T15:05:46+00:00","dateModified":"2024-03-27T14:17:16+00:00","breadcrumb":{"@id":"https:\/\/www.eurogate-international.com\/de\/product\/hikoki-akkubohrmaschine\/#breadcrumb"},"inLanguage":"de-DE","potentialAction":[{"@type":"ReadAction","target":["https:\/\/www.eurogate-international.com\/de\/product\/hikoki-akkubohrmaschine\/"]}]},{"@type":"ImageObject","inLanguage":"de-DE","@id":"https:\/\/www.eurogate-international.com\/de\/product\/hikoki-akkubohrmaschine\/#primaryimage","url":"https:\/\/www.eurogate-international.com\/wp-content\/uploads\/2021\/12\/ds18dbl2-groot3.png","contentUrl":"https:\/\/www.eurogate-international.com\/wp-content\/uploads\/2021\/12\/ds18dbl2-groot3.png","width":2074,"height":1945},{"@type":"BreadcrumbList","@id":"https:\/\/www.eurogate-international.com\/de\/product\/hikoki-akkubohrmaschine\/#breadcrumb","itemListElement":[{"@type":"ListItem","position":1,"name":"Home","item":"https:\/\/www.eurogate-international.com\/de\/"},{"@type":"ListItem","position":2,"name":"Shop","item":"https:\/\/www.eurogate-international.com\/de\/shop-2\/"},{"@type":"ListItem","position":3,"name":"Hikoki-Akkubohrmaschine"}]},{"@type":"WebSite","@id":"https:\/\/www.eurogate-international.com\/de\/#website","url":"https:\/\/www.eurogate-international.com\/de\/","name":"EuroGate International","description":"D\u00e9 onafhankelijke Europese verkooporganisatie van machines","publisher":{"@id":"https:\/\/www.eurogate-international.com\/de\/#organization"},"potentialAction":[{"@type":"SearchAction","target":{"@type":"EntryPoint","urlTemplate":"https:\/\/www.eurogate-international.com\/de\/?s={search_term_string}"},"query-input":{"@type":"PropertyValueSpecification","valueRequired":true,"valueName":"search_term_string"}}],"inLanguage":"de-DE"},{"@type":"Organization","@id":"https:\/\/www.eurogate-international.com\/de\/#organization","name":"EuroGate International","url":"https:\/\/www.eurogate-international.com\/de\/","logo":{"@type":"ImageObject","inLanguage":"de-DE","@id":"https:\/\/www.eurogate-international.com\/de\/#\/schema\/logo\/image\/","url":"https:\/\/www.eurogate-international.com\/wp-content\/uploads\/2020\/06\/Logo_EuroGateInternational2.png","contentUrl":"https:\/\/www.eurogate-international.com\/wp-content\/uploads\/2020\/06\/Logo_EuroGateInternational2.png","width":150,"height":148,"caption":"EuroGate International"},"image":{"@id":"https:\/\/www.eurogate-international.com\/de\/#\/schema\/logo\/image\/"},"sameAs":["https:\/\/www.facebook.com\/EuroGateInternational\/","https:\/\/nl.linkedin.com\/company\/eurogate-international"]}]}},"jetpack_sharing_enabled":true,"_links":{"self":[{"href":"https:\/\/www.eurogate-international.com\/de\/wp-json\/wp\/v2\/product\/21057","targetHints":{"allow":["GET"]}}],"collection":[{"href":"https:\/\/www.eurogate-international.com\/de\/wp-json\/wp\/v2\/product"}],"about":[{"href":"https:\/\/www.eurogate-international.com\/de\/wp-json\/wp\/v2\/types\/product"}],"replies":[{"embeddable":true,"href":"https:\/\/www.eurogate-international.com\/de\/wp-json\/wp\/v2\/comments?post=21057"}],"version-history":[{"count":0,"href":"https:\/\/www.eurogate-international.com\/de\/wp-json\/wp\/v2\/product\/21057\/revisions"}],"wp:featuredmedia":[{"embeddable":true,"href":"https:\/\/www.eurogate-international.com\/de\/wp-json\/wp\/v2\/media\/13092"}],"wp:attachment":[{"href":"https:\/\/www.eurogate-international.com\/de\/wp-json\/wp\/v2\/media?parent=21057"}],"wp:term":[{"taxonomy":"product_cat","embeddable":true,"href":"https:\/\/www.eurogate-international.com\/de\/wp-json\/wp\/v2\/product_cat?post=21057"},{"taxonomy":"product_tag","embeddable":true,"href":"https:\/\/www.eurogate-international.com\/de\/wp-json\/wp\/v2\/product_tag?post=21057"}],"curies":[{"name":"wp","href":"https:\/\/api.w.org\/{rel}","templated":true}]}}