{"id":21101,"date":"2023-04-20T13:48:15","date_gmt":"2023-04-20T12:48:15","guid":{"rendered":"https:\/\/www.eurogate-international.com\/product\/einmann-erdbohrer-m242h\/"},"modified":"2024-06-04T12:58:11","modified_gmt":"2024-06-04T11:58:11","slug":"einmann-erdbohrer-m242h","status":"publish","type":"product","link":"https:\/\/www.eurogate-international.com\/de\/product\/einmann-erdbohrer-m242h\/","title":{"rendered":"Einmann-Erdbohrer M242H"},"excerpt":{"rendered":"<h2>M242H von General Equipment wieder in Europa erh\u00e4ltlich!<\/h2>\n<p>Die Erdbohrmaschine M242H ist das neueste, Profi-Einmann-Bohrermodell von General Equipment. In Amerika die Nummer 1 bei den Erdbohrern.<\/p>\n<ul>\n<li>Hervorragend f\u00fcr gewerblichen Einsatz und Vermietungsmarkt geeignet<\/li>\n<li>Mit Honda GX-35, 4-Takt-Motor ausgestattet<\/li>\n<li>Lange Lebensdauer und alle Teile ab Lager lieferbar<\/li>\n<\/ul>\n<p>Fragen zum Erdbohrer oder zu anderen Produkten? Unser Team steht f\u00fcr Sie bereit, um alle Ihre Fragen zu beantworten. Rufen Sie unsere Verkaufsabteilung an, um passende Beratung zu erhalten: 0523-638286.<\/p>\n<p>Sie m\u00f6chten lieber einen anderen Erdbohrer kaufen? Bei EuroGate International haben Sie eine gro\u00dfe Auswahl. Sehen Sie sich hier unser vollst\u00e4ndiges Erdbohrer-Angebot an.<\/p>\n<h3>Langlebige Erdbohrmaschine<\/h3>\n<p>Die Erdbohrmaschine M242H ist eignet sich hervorragend f\u00fcr den Gem\u00fcseanbau-, Agrar- und Vermietungssektor. Dieses Spitzenprodukt kann L\u00f6cher mit einem Durchmesser bis 203 mm bohren. Extragro\u00dfe Kugellager und maschinengeschnittene Pr\u00e4zisionszahnr\u00e4der sorgen f\u00fcr lange Lebensdauer. Also ein langlebiges Produkt von General Equipment.<\/p>\n<p>Diese Erdbohrmaschine ist mit dem Honda GX35 4-Takt-Motor ausgestattet. Dieser Motor hat einen gro\u00dfen Pluspunkt: In allen Lagen bringt er weiterhin hervorragende Leistung. Ein weiterer Vorteil ist, dass dieser Motor in allen Umweltzonen zugelassen ist, in denen ein 2-Takt-Motor nicht mehr erw\u00fcnscht ist.<\/p>\n<p>Dank der einzigartigen Comfort-Zone-Griffe k\u00f6nnen Sie maximale Kraft anwenden. In der Befestigung der Halterungen am Motor befinden sich D\u00e4mpfungsgummis. Diese D\u00e4mpfungsgummis reduzieren die \u00dcbertragung von Vibrationen auf Ihre H\u00e4nde. Dadurch werden die Auswirkungen von R\u00fccksto\u00df und Erm\u00fcdung minimiert. Die Erdbohrmaschine M242H ist serienm\u00e4\u00dfig mit einer Blockiervorrichtung ausgestattet, um den Bohrer herausdrehen zu k\u00f6nnen, falls sich die Maschine verklemmt hat.<\/p>\n<h4>Schnelle Lieferung bei EuroGate International<\/h4>\n<p>Bestellen Sie Ihre General-Erdbohrmaschine gleich bei EuroGate International. Wir haben immer reichlich Vorrat an Erdbohrern und garantieren schnelle Lieferung. Fragen? Wenden Sie sich bitte an unsere Verkaufsabteilung. +31(0)523-638286 oder E-Mail info@eurogate-international.com<\/p>\n","protected":false},"featured_media":17917,"comment_status":"closed","ping_status":"closed","template":"","meta":{"_acf_changed":false},"product_cat":[3297,3292,3293,3289,80],"product_tag":[],"class_list":{"0":"post-21101","1":"product","2":"type-product","3":"status-publish","4":"has-post-thumbnail","6":"product_brand-general-equipment-de","7":"product_cat-benzin-erdbohrer","8":"product_cat-einen-erdbohrer-kaufen","9":"product_cat-einen-mechanischen-erdbohrer","10":"product_cat-erdbohrer","11":"product_cat-maschinen","13":"first","14":"instock","15":"taxable","16":"shipping-taxable","17":"purchasable","18":"product-type-simple"},"acf":[],"yoast_head":"<!-- This site is optimized with the Yoast SEO plugin v27.4 - https:\/\/yoast.com\/product\/yoast-seo-wordpress\/ -->\n<title>General M242H | EuroGate International<\/title>\n<meta name=\"description\" content=\"De M242H grondboor is het nieuwste, professionele \u00e9\u00e9nmansboor model van General Equipment. Amerika\u2019s nummer 1 voor grondboren en aanverwante producten.\" \/>\n<meta name=\"robots\" content=\"index, follow, max-snippet:-1, max-image-preview:large, max-video-preview:-1\" \/>\n<link rel=\"canonical\" href=\"https:\/\/www.eurogate-international.com\/de\/product\/einmann-erdbohrer-m242h\/\" \/>\n<meta property=\"og:locale\" content=\"de_DE\" \/>\n<meta property=\"og:type\" content=\"article\" \/>\n<meta property=\"og:title\" content=\"General M242H | EuroGate International\" \/>\n<meta property=\"og:description\" content=\"De M242H grondboor is het nieuwste, professionele \u00e9\u00e9nmansboor model van General Equipment. Amerika\u2019s nummer 1 voor grondboren en aanverwante producten.\" \/>\n<meta property=\"og:url\" content=\"https:\/\/www.eurogate-international.com\/de\/product\/einmann-erdbohrer-m242h\/\" \/>\n<meta property=\"og:site_name\" content=\"EuroGate International\" \/>\n<meta property=\"article:publisher\" content=\"https:\/\/www.facebook.com\/EuroGateInternational\/\" \/>\n<meta property=\"article:modified_time\" content=\"2024-06-04T11:58:11+00:00\" \/>\n<meta property=\"og:image\" content=\"https:\/\/www.eurogate-international.com\/wp-content\/uploads\/2023\/04\/242H-IMG_3135-KO-1190x1280.png\" \/>\n\t<meta property=\"og:image:width\" content=\"1190\" \/>\n\t<meta property=\"og:image:height\" content=\"1280\" \/>\n\t<meta property=\"og:image:type\" content=\"image\/png\" \/>\n<meta name=\"twitter:card\" content=\"summary_large_image\" \/>\n<meta name=\"twitter:label1\" content=\"Gesch\u00e4tzte Lesezeit\" \/>\n\t<meta name=\"twitter:data1\" content=\"1 Minute\" \/>\n<!-- \/ Yoast SEO plugin. -->","yoast_head_json":{"title":"General M242H | EuroGate International","description":"De M242H grondboor is het nieuwste, professionele \u00e9\u00e9nmansboor model van General Equipment. Amerika\u2019s nummer 1 voor grondboren en aanverwante producten.","robots":{"index":"index","follow":"follow","max-snippet":"max-snippet:-1","max-image-preview":"max-image-preview:large","max-video-preview":"max-video-preview:-1"},"canonical":"https:\/\/www.eurogate-international.com\/de\/product\/einmann-erdbohrer-m242h\/","og_locale":"de_DE","og_type":"article","og_title":"General M242H | EuroGate International","og_description":"De M242H grondboor is het nieuwste, professionele \u00e9\u00e9nmansboor model van General Equipment. Amerika\u2019s nummer 1 voor grondboren en aanverwante producten.","og_url":"https:\/\/www.eurogate-international.com\/de\/product\/einmann-erdbohrer-m242h\/","og_site_name":"EuroGate International","article_publisher":"https:\/\/www.facebook.com\/EuroGateInternational\/","article_modified_time":"2024-06-04T11:58:11+00:00","og_image":[{"width":1190,"height":1280,"url":"https:\/\/www.eurogate-international.com\/wp-content\/uploads\/2023\/04\/242H-IMG_3135-KO-1190x1280.png","type":"image\/png"}],"twitter_card":"summary_large_image","twitter_misc":{"Gesch\u00e4tzte Lesezeit":"1 Minute"},"schema":{"@context":"https:\/\/schema.org","@graph":[{"@type":"WebPage","@id":"https:\/\/www.eurogate-international.com\/de\/product\/einmann-erdbohrer-m242h\/","url":"https:\/\/www.eurogate-international.com\/de\/product\/einmann-erdbohrer-m242h\/","name":"General M242H | EuroGate International","isPartOf":{"@id":"https:\/\/www.eurogate-international.com\/de\/#website"},"primaryImageOfPage":{"@id":"https:\/\/www.eurogate-international.com\/de\/product\/einmann-erdbohrer-m242h\/#primaryimage"},"image":{"@id":"https:\/\/www.eurogate-international.com\/de\/product\/einmann-erdbohrer-m242h\/#primaryimage"},"thumbnailUrl":"https:\/\/www.eurogate-international.com\/wp-content\/uploads\/2023\/04\/242H-IMG_3135-KO.png","datePublished":"2023-04-20T12:48:15+00:00","dateModified":"2024-06-04T11:58:11+00:00","description":"De M242H grondboor is het nieuwste, professionele \u00e9\u00e9nmansboor model van General Equipment. Amerika\u2019s nummer 1 voor grondboren en aanverwante producten.","breadcrumb":{"@id":"https:\/\/www.eurogate-international.com\/de\/product\/einmann-erdbohrer-m242h\/#breadcrumb"},"inLanguage":"de-DE","potentialAction":[{"@type":"ReadAction","target":["https:\/\/www.eurogate-international.com\/de\/product\/einmann-erdbohrer-m242h\/"]}]},{"@type":"ImageObject","inLanguage":"de-DE","@id":"https:\/\/www.eurogate-international.com\/de\/product\/einmann-erdbohrer-m242h\/#primaryimage","url":"https:\/\/www.eurogate-international.com\/wp-content\/uploads\/2023\/04\/242H-IMG_3135-KO.png","contentUrl":"https:\/\/www.eurogate-international.com\/wp-content\/uploads\/2023\/04\/242H-IMG_3135-KO.png","width":2732,"height":2938},{"@type":"BreadcrumbList","@id":"https:\/\/www.eurogate-international.com\/de\/product\/einmann-erdbohrer-m242h\/#breadcrumb","itemListElement":[{"@type":"ListItem","position":1,"name":"Home","item":"https:\/\/www.eurogate-international.com\/de\/"},{"@type":"ListItem","position":2,"name":"Shop","item":"https:\/\/www.eurogate-international.com\/de\/shop-2\/"},{"@type":"ListItem","position":3,"name":"Einmann-Erdbohrer M242H"}]},{"@type":"WebSite","@id":"https:\/\/www.eurogate-international.com\/de\/#website","url":"https:\/\/www.eurogate-international.com\/de\/","name":"EuroGate International","description":"D\u00e9 onafhankelijke Europese verkooporganisatie van machines","publisher":{"@id":"https:\/\/www.eurogate-international.com\/de\/#organization"},"potentialAction":[{"@type":"SearchAction","target":{"@type":"EntryPoint","urlTemplate":"https:\/\/www.eurogate-international.com\/de\/?s={search_term_string}"},"query-input":{"@type":"PropertyValueSpecification","valueRequired":true,"valueName":"search_term_string"}}],"inLanguage":"de-DE"},{"@type":"Organization","@id":"https:\/\/www.eurogate-international.com\/de\/#organization","name":"EuroGate International","url":"https:\/\/www.eurogate-international.com\/de\/","logo":{"@type":"ImageObject","inLanguage":"de-DE","@id":"https:\/\/www.eurogate-international.com\/de\/#\/schema\/logo\/image\/","url":"https:\/\/www.eurogate-international.com\/wp-content\/uploads\/2020\/06\/Logo_EuroGateInternational2.png","contentUrl":"https:\/\/www.eurogate-international.com\/wp-content\/uploads\/2020\/06\/Logo_EuroGateInternational2.png","width":150,"height":148,"caption":"EuroGate International"},"image":{"@id":"https:\/\/www.eurogate-international.com\/de\/#\/schema\/logo\/image\/"},"sameAs":["https:\/\/www.facebook.com\/EuroGateInternational\/","https:\/\/nl.linkedin.com\/company\/eurogate-international"]}]}},"jetpack_sharing_enabled":true,"_links":{"self":[{"href":"https:\/\/www.eurogate-international.com\/de\/wp-json\/wp\/v2\/product\/21101","targetHints":{"allow":["GET"]}}],"collection":[{"href":"https:\/\/www.eurogate-international.com\/de\/wp-json\/wp\/v2\/product"}],"about":[{"href":"https:\/\/www.eurogate-international.com\/de\/wp-json\/wp\/v2\/types\/product"}],"replies":[{"embeddable":true,"href":"https:\/\/www.eurogate-international.com\/de\/wp-json\/wp\/v2\/comments?post=21101"}],"version-history":[{"count":0,"href":"https:\/\/www.eurogate-international.com\/de\/wp-json\/wp\/v2\/product\/21101\/revisions"}],"wp:featuredmedia":[{"embeddable":true,"href":"https:\/\/www.eurogate-international.com\/de\/wp-json\/wp\/v2\/media\/17917"}],"wp:attachment":[{"href":"https:\/\/www.eurogate-international.com\/de\/wp-json\/wp\/v2\/media?parent=21101"}],"wp:term":[{"taxonomy":"product_cat","embeddable":true,"href":"https:\/\/www.eurogate-international.com\/de\/wp-json\/wp\/v2\/product_cat?post=21101"},{"taxonomy":"product_tag","embeddable":true,"href":"https:\/\/www.eurogate-international.com\/de\/wp-json\/wp\/v2\/product_tag?post=21101"}],"curies":[{"name":"wp","href":"https:\/\/api.w.org\/{rel}","templated":true}]}}