{"id":21118,"date":"2018-11-22T14:50:51","date_gmt":"2018-11-22T13:50:51","guid":{"rendered":"https:\/\/www.eurogate-international.com\/product\/hydraulischer-horizontal-erdbohrer-ay01h\/"},"modified":"2024-05-23T08:58:23","modified_gmt":"2024-05-23T07:58:23","slug":"hydraulischer-horizontal-erdbohrer-ay01h","status":"publish","type":"product","link":"https:\/\/www.eurogate-international.com\/de\/product\/hydraulischer-horizontal-erdbohrer-ay01h\/","title":{"rendered":"Hydraulischer Horizontal-Erdbohrer AY01H"},"excerpt":{"rendered":"<h2>Hydraulischer Horizontal-Erdbohrer AY01H<\/h2>\n<p>Dieser hydraulische Bohrer eignet sich ideal f\u00fcr horizontale Bohrarbeiten, zum Beispiel f\u00fcr die Verlegung von Wasserleitungen, Stromkabeln und Glasfaserkabeln unter Gehwegen. Diese einzigartige Maschine arbeitet extrem konstant und die Drehzahl kann \u00fcber den hydraulischen Antrieb sehr genau angepasst werden. Dieser hydraulische Antrieb kann \u00fcber ein hydraulisches Powerpack erfolgen oder direkt an eine Erdbewegungsmaschine angeschlossen werden.<\/p>\n<ul>\n<li>Ideal f\u00fcr horizontale Bohrarbeiten 6-7 Meter<\/li>\n<li>Wiegt nur 15 kg<\/li>\n<li>Hydraulischer Antrieb<\/li>\n<li>Wasserbest\u00e4ndig<\/li>\n<li>L\u00e4sst sich ein- und ausdrehen<\/li>\n<li>Kann von 1 Person bedient werden<\/li>\n<li>Standardm\u00e4\u00dfig auf einer F\u00fchrungsschiene<\/li>\n<\/ul>\n<p>&nbsp;<\/p>\n<p>https:\/\/www.youtube.com\/watch?v=PQMSl2lRz4g<\/p>\n<p>&nbsp;<\/p>\n","protected":false},"featured_media":19090,"comment_status":"closed","ping_status":"closed","template":"","meta":{"_acf_changed":false},"product_cat":[3292,3293,3289,3296,3300,3382,80],"product_tag":[],"class_list":{"0":"post-21118","1":"product","2":"type-product","3":"status-publish","4":"has-post-thumbnail","6":"product_brand-maruzen-de","7":"product_cat-einen-erdbohrer-kaufen","8":"product_cat-einen-mechanischen-erdbohrer","9":"product_cat-erdbohrer","10":"product_cat-horizontal-erdbohrer","11":"product_cat-hydraulischer-erdbohrer","12":"product_cat-maruzen-erdbohrer-de","13":"product_cat-maschinen","14":"pa_aandrijving-hydraulisch-de","16":"first","17":"instock","18":"taxable","19":"shipping-taxable","20":"purchasable","21":"product-type-simple"},"acf":[],"yoast_head":"<!-- This site is optimized with the Yoast SEO plugin v27.5 - https:\/\/yoast.com\/product\/yoast-seo-wordpress\/ -->\n<title>Hydraulischer Horizontal-Erdbohrer | Maruzen<\/title>\n<meta name=\"description\" content=\"Dieser hydraulischer Horizontal-Erdbohrer eignet sich ideal fur horizontale Bohrarbeiten.\" \/>\n<meta name=\"robots\" content=\"index, follow, max-snippet:-1, max-image-preview:large, max-video-preview:-1\" \/>\n<link rel=\"canonical\" href=\"https:\/\/www.eurogate-international.com\/de\/product\/hydraulischer-horizontal-erdbohrer-ay01h\/\" \/>\n<meta property=\"og:locale\" content=\"de_DE\" \/>\n<meta property=\"og:type\" content=\"article\" \/>\n<meta property=\"og:title\" content=\"Hydraulischer Horizontal-Erdbohrer | Maruzen\" \/>\n<meta property=\"og:description\" content=\"Dieser hydraulischer Horizontal-Erdbohrer eignet sich ideal fur horizontale Bohrarbeiten.\" \/>\n<meta property=\"og:url\" content=\"https:\/\/www.eurogate-international.com\/de\/product\/hydraulischer-horizontal-erdbohrer-ay01h\/\" \/>\n<meta property=\"og:site_name\" content=\"EuroGate International\" \/>\n<meta property=\"article:publisher\" content=\"https:\/\/www.facebook.com\/EuroGateInternational\/\" \/>\n<meta property=\"article:modified_time\" content=\"2024-05-23T07:58:23+00:00\" \/>\n<meta property=\"og:image\" content=\"https:\/\/www.eurogate-international.com\/wp-content\/uploads\/2018\/11\/eMaruzen_AY01H_123002s.png\" \/>\n\t<meta property=\"og:image:width\" content=\"800\" \/>\n\t<meta property=\"og:image:height\" content=\"772\" \/>\n\t<meta property=\"og:image:type\" content=\"image\/png\" \/>\n<meta name=\"twitter:card\" content=\"summary_large_image\" \/>\n<meta name=\"twitter:label1\" content=\"Gesch\u00e4tzte Lesezeit\" \/>\n\t<meta name=\"twitter:data1\" content=\"2 Minuten\" \/>\n<!-- \/ Yoast SEO plugin. -->","yoast_head_json":{"title":"Hydraulischer Horizontal-Erdbohrer | Maruzen","description":"Dieser hydraulischer Horizontal-Erdbohrer eignet sich ideal fur horizontale Bohrarbeiten.","robots":{"index":"index","follow":"follow","max-snippet":"max-snippet:-1","max-image-preview":"max-image-preview:large","max-video-preview":"max-video-preview:-1"},"canonical":"https:\/\/www.eurogate-international.com\/de\/product\/hydraulischer-horizontal-erdbohrer-ay01h\/","og_locale":"de_DE","og_type":"article","og_title":"Hydraulischer Horizontal-Erdbohrer | Maruzen","og_description":"Dieser hydraulischer Horizontal-Erdbohrer eignet sich ideal fur horizontale Bohrarbeiten.","og_url":"https:\/\/www.eurogate-international.com\/de\/product\/hydraulischer-horizontal-erdbohrer-ay01h\/","og_site_name":"EuroGate International","article_publisher":"https:\/\/www.facebook.com\/EuroGateInternational\/","article_modified_time":"2024-05-23T07:58:23+00:00","og_image":[{"width":800,"height":772,"url":"https:\/\/www.eurogate-international.com\/wp-content\/uploads\/2018\/11\/eMaruzen_AY01H_123002s.png","type":"image\/png"}],"twitter_card":"summary_large_image","twitter_misc":{"Gesch\u00e4tzte Lesezeit":"2 Minuten"},"schema":{"@context":"https:\/\/schema.org","@graph":[{"@type":"WebPage","@id":"https:\/\/www.eurogate-international.com\/de\/product\/hydraulischer-horizontal-erdbohrer-ay01h\/","url":"https:\/\/www.eurogate-international.com\/de\/product\/hydraulischer-horizontal-erdbohrer-ay01h\/","name":"Hydraulischer Horizontal-Erdbohrer | Maruzen","isPartOf":{"@id":"https:\/\/www.eurogate-international.com\/de\/#website"},"primaryImageOfPage":{"@id":"https:\/\/www.eurogate-international.com\/de\/product\/hydraulischer-horizontal-erdbohrer-ay01h\/#primaryimage"},"image":{"@id":"https:\/\/www.eurogate-international.com\/de\/product\/hydraulischer-horizontal-erdbohrer-ay01h\/#primaryimage"},"thumbnailUrl":"https:\/\/www.eurogate-international.com\/wp-content\/uploads\/2018\/11\/eMaruzen_AY01H_123002s.png","datePublished":"2018-11-22T13:50:51+00:00","dateModified":"2024-05-23T07:58:23+00:00","description":"Dieser hydraulischer Horizontal-Erdbohrer eignet sich ideal fur horizontale Bohrarbeiten.","breadcrumb":{"@id":"https:\/\/www.eurogate-international.com\/de\/product\/hydraulischer-horizontal-erdbohrer-ay01h\/#breadcrumb"},"inLanguage":"de-DE","potentialAction":[{"@type":"ReadAction","target":["https:\/\/www.eurogate-international.com\/de\/product\/hydraulischer-horizontal-erdbohrer-ay01h\/"]}]},{"@type":"ImageObject","inLanguage":"de-DE","@id":"https:\/\/www.eurogate-international.com\/de\/product\/hydraulischer-horizontal-erdbohrer-ay01h\/#primaryimage","url":"https:\/\/www.eurogate-international.com\/wp-content\/uploads\/2018\/11\/eMaruzen_AY01H_123002s.png","contentUrl":"https:\/\/www.eurogate-international.com\/wp-content\/uploads\/2018\/11\/eMaruzen_AY01H_123002s.png","width":800,"height":772},{"@type":"BreadcrumbList","@id":"https:\/\/www.eurogate-international.com\/de\/product\/hydraulischer-horizontal-erdbohrer-ay01h\/#breadcrumb","itemListElement":[{"@type":"ListItem","position":1,"name":"Home","item":"https:\/\/www.eurogate-international.com\/de\/"},{"@type":"ListItem","position":2,"name":"Shop","item":"https:\/\/www.eurogate-international.com\/de\/shop-2\/"},{"@type":"ListItem","position":3,"name":"Hydraulischer Horizontal-Erdbohrer AY01H"}]},{"@type":"WebSite","@id":"https:\/\/www.eurogate-international.com\/de\/#website","url":"https:\/\/www.eurogate-international.com\/de\/","name":"EuroGate International","description":"D\u00e9 onafhankelijke Europese verkooporganisatie van machines","publisher":{"@id":"https:\/\/www.eurogate-international.com\/de\/#organization"},"potentialAction":[{"@type":"SearchAction","target":{"@type":"EntryPoint","urlTemplate":"https:\/\/www.eurogate-international.com\/de\/?s={search_term_string}"},"query-input":{"@type":"PropertyValueSpecification","valueRequired":true,"valueName":"search_term_string"}}],"inLanguage":"de-DE"},{"@type":"Organization","@id":"https:\/\/www.eurogate-international.com\/de\/#organization","name":"EuroGate International","url":"https:\/\/www.eurogate-international.com\/de\/","logo":{"@type":"ImageObject","inLanguage":"de-DE","@id":"https:\/\/www.eurogate-international.com\/de\/#\/schema\/logo\/image\/","url":"https:\/\/www.eurogate-international.com\/wp-content\/uploads\/2020\/06\/Logo_EuroGateInternational2.png","contentUrl":"https:\/\/www.eurogate-international.com\/wp-content\/uploads\/2020\/06\/Logo_EuroGateInternational2.png","width":150,"height":148,"caption":"EuroGate International"},"image":{"@id":"https:\/\/www.eurogate-international.com\/de\/#\/schema\/logo\/image\/"},"sameAs":["https:\/\/www.facebook.com\/EuroGateInternational\/","https:\/\/nl.linkedin.com\/company\/eurogate-international"]}]}},"jetpack_sharing_enabled":true,"_links":{"self":[{"href":"https:\/\/www.eurogate-international.com\/de\/wp-json\/wp\/v2\/product\/21118","targetHints":{"allow":["GET"]}}],"collection":[{"href":"https:\/\/www.eurogate-international.com\/de\/wp-json\/wp\/v2\/product"}],"about":[{"href":"https:\/\/www.eurogate-international.com\/de\/wp-json\/wp\/v2\/types\/product"}],"replies":[{"embeddable":true,"href":"https:\/\/www.eurogate-international.com\/de\/wp-json\/wp\/v2\/comments?post=21118"}],"version-history":[{"count":0,"href":"https:\/\/www.eurogate-international.com\/de\/wp-json\/wp\/v2\/product\/21118\/revisions"}],"wp:featuredmedia":[{"embeddable":true,"href":"https:\/\/www.eurogate-international.com\/de\/wp-json\/wp\/v2\/media\/19090"}],"wp:attachment":[{"href":"https:\/\/www.eurogate-international.com\/de\/wp-json\/wp\/v2\/media?parent=21118"}],"wp:term":[{"taxonomy":"product_cat","embeddable":true,"href":"https:\/\/www.eurogate-international.com\/de\/wp-json\/wp\/v2\/product_cat?post=21118"},{"taxonomy":"product_tag","embeddable":true,"href":"https:\/\/www.eurogate-international.com\/de\/wp-json\/wp\/v2\/product_tag?post=21118"}],"curies":[{"name":"wp","href":"https:\/\/api.w.org\/{rel}","templated":true}]}}