{"id":21121,"date":"2019-09-04T13:16:00","date_gmt":"2019-09-04T12:16:00","guid":{"rendered":"https:\/\/www.eurogate-international.com\/product\/digga-erdbohrer-fuer-minibagger-von-750-kg-bis-2-tonnen\/"},"modified":"2024-03-28T14:35:52","modified_gmt":"2024-03-28T13:35:52","slug":"digga-erdbohrer-fuer-minibagger-von-750-kg-bis-2-tonnen","status":"publish","type":"product","link":"https:\/\/www.eurogate-international.com\/de\/product\/digga-erdbohrer-fuer-minibagger-von-750-kg-bis-2-tonnen\/","title":{"rendered":"Digga-Erdbohrer f\u00fcr Minibagger von 750 kg bis 2 Tonnen"},"excerpt":{"rendered":"<h2>Digga Micro Excavators Serie 750 kg \u2013 2 t<\/h2>\n<p>Das Sortiment von Erdbohrern PDD bis PDX3 von Digga, die auch als Auger Drives bezeichnet werden, sind ideal f\u00fcr Mikrobagger und kleine Kompaktlader mit einem Volumenstrom zwischen 15 und 55 l\/min und einem Gewicht von 750 kg bis 2 t. Ideal zum Bohren von L\u00f6chern f\u00fcr Umz\u00e4unungen, zum Pflanzen von B\u00e4umen, f\u00fcr Hausfundamente und mehr.<\/p>\n<p>Die Erdbohrer mit hydraulischem Antrieb von Digga sind spezifisch einsetzbar. Die Spitzenmarke bietet eine neue Generation von Premium-Erdbohrern. Die M\u00f6glichkeiten des Digga-Erdbohrers sind vielf\u00e4ltig. Lieferbar sind drei Varianten mit einer runden Abtriebswelle von 65 mm: A4-Erdbohrer f\u00fcr allgemeinen Einsatz; diese sind auch mit einer geh\u00e4rteten MFT-Spitze und Messern f\u00fcr harte B\u00f6den wie Lehm und Bauschutt lieferbar. RC4-Bohrer f\u00fcr kombinierte Steinuntergr\u00fcnde und die DR4-Steinbohrer f\u00fcr h\u00e4rteste Untergr\u00fcnde.<\/p>\n<h3><strong>Die Vorteile von Digga:<\/strong><\/h3>\n<ul>\n<li>Kompaktes, durch Digga hergestelltes drehmomentstarkes Getriebe<\/li>\n<li>Hocheffiziente Konstruktion mit weniger beweglichen Teilen<\/li>\n<li>Versehen mit Eaton\/Digga-Hydraulikmotor<\/li>\n<li>Vollst\u00e4ndiges Wellensortiment auf Anfrage erh\u00e4ltlich<\/li>\n<li>Antrieb passt in das Loch f\u00fcr gr\u00f6\u00dfere Aushubtiefe<\/li>\n<li>Wartungsarm und mit Garantie von 5 Jahren auf das Getriebe und 3 Jahren auf den Motor<\/li>\n<li>Standardbohrer von 100 mm bis 600 mm (*Je nach Modell und Untergrund)<\/li>\n<li>HALO-Option verf\u00fcgbar f\u00fcr PDD, PDX2 und PDX3<\/li>\n<\/ul>\n<p>&nbsp;<\/p>\n<p>&nbsp;<\/p>\n<h3><strong>Allesk\u00f6nner<\/strong><\/h3>\n<p>Diese Digga-Erdbohrmaschine ist eine hervorragende L\u00f6sung f\u00fcr Bohrarbeiten in verschiedenen Arten von Untergr\u00fcnden. Die M\u00f6glichkeiten sind nahezu unbegrenzt. Das Angebot an Bohrern in verschiedenen Durchmessern, L\u00e4ngen und Bohrkopftypen bietet f\u00fcr jedes Bohrproblem eine passende L\u00f6sung.<\/p>\n<p>Dank der vielen M\u00f6glichkeiten bieten wir L\u00f6sungen f\u00fcr Mikrobagger und kleine Kompaktlader verschiedener Marken und Modelle, darunter Kubota, Bobcat, Cat, JCB, Toyota, New Holland, Hitachi, Volvo, Doosan, Case, Komatsu, Kobelco, Takeuchi, Terex , ASV, Giant, Sherpa, Avant und andere.<\/p>\n<h3>Schnelle Lieferung bei EuroGate International<\/h3>\n<p>Bestellen Sie Ihren Digga-Erdbohrer gleich bei EuroGate International. Wir haben reichlich Vorrat und garantieren schnelle Lieferung. Fragen? Rufen Sie unsere Verkaufsabteilung an, um passende Beratung zu erhalten: 0523-638286.<\/p>\n<p>&nbsp;<\/p>\n","protected":false},"featured_media":21122,"comment_status":"closed","ping_status":"closed","template":"","meta":{"_acf_changed":false},"product_cat":[3387,3292,3293,3289,3299,3300,80],"product_tag":[],"class_list":{"0":"post-21121","1":"product","2":"type-product","3":"status-publish","4":"has-post-thumbnail","6":"product_brand-digga-de","7":"product_cat-digga-erdbohrer","8":"product_cat-einen-erdbohrer-kaufen","9":"product_cat-einen-mechanischen-erdbohrer","10":"product_cat-erdbohrer","11":"product_cat-erdbohrer-fuer-erdbewegungsmaschine","12":"product_cat-hydraulischer-erdbohrer","13":"product_cat-maschinen","14":"pa_aandrijving-hydraulisch-de","16":"first","17":"instock","18":"taxable","19":"shipping-taxable","20":"purchasable","21":"product-type-variable"},"acf":[],"yoast_head":"<!-- This site is optimized with the Yoast SEO plugin v27.2 - https:\/\/yoast.com\/product\/yoast-seo-wordpress\/ -->\n<title>Digga Grondboor voor Minigraver van 750 KG tot 2 TON<\/title>\n<meta name=\"description\" content=\"Digga Grondboor voor Minigraver van 750 KG tot 2 TON. Topkwaliteit en levensduur. Snelle levering, aantrekkelijke prijzen en goede service.\" \/>\n<meta name=\"robots\" content=\"index, follow, max-snippet:-1, max-image-preview:large, max-video-preview:-1\" \/>\n<link rel=\"canonical\" href=\"https:\/\/www.eurogate-international.com\/de\/product\/digga-erdbohrer-fuer-minibagger-von-750-kg-bis-2-tonnen\/\" \/>\n<meta property=\"og:locale\" content=\"de_DE\" \/>\n<meta property=\"og:type\" content=\"article\" \/>\n<meta property=\"og:title\" content=\"Digga Grondboor voor Minigraver van 750 KG tot 2 TON\" \/>\n<meta property=\"og:description\" content=\"Digga Grondboor voor Minigraver van 750 KG tot 2 TON. Topkwaliteit en levensduur. Snelle levering, aantrekkelijke prijzen en goede service.\" \/>\n<meta property=\"og:url\" content=\"https:\/\/www.eurogate-international.com\/de\/product\/digga-erdbohrer-fuer-minibagger-von-750-kg-bis-2-tonnen\/\" \/>\n<meta property=\"og:site_name\" content=\"EuroGate International\" \/>\n<meta property=\"article:publisher\" content=\"https:\/\/www.facebook.com\/EuroGateInternational\/\" \/>\n<meta property=\"article:modified_time\" content=\"2024-03-28T13:35:52+00:00\" \/>\n<meta property=\"og:image\" content=\"https:\/\/www.eurogate-international.com\/wp-content\/uploads\/2019\/09\/digga_micro1-1.png\" \/>\n\t<meta property=\"og:image:width\" content=\"847\" \/>\n\t<meta property=\"og:image:height\" content=\"720\" \/>\n\t<meta property=\"og:image:type\" content=\"image\/png\" \/>\n<meta name=\"twitter:card\" content=\"summary_large_image\" \/>\n<meta name=\"twitter:label1\" content=\"Gesch\u00e4tzte Lesezeit\" \/>\n\t<meta name=\"twitter:data1\" content=\"2 Minuten\" \/>\n<!-- \/ Yoast SEO plugin. -->","yoast_head_json":{"title":"Digga Grondboor voor Minigraver van 750 KG tot 2 TON","description":"Digga Grondboor voor Minigraver van 750 KG tot 2 TON. Topkwaliteit en levensduur. Snelle levering, aantrekkelijke prijzen en goede service.","robots":{"index":"index","follow":"follow","max-snippet":"max-snippet:-1","max-image-preview":"max-image-preview:large","max-video-preview":"max-video-preview:-1"},"canonical":"https:\/\/www.eurogate-international.com\/de\/product\/digga-erdbohrer-fuer-minibagger-von-750-kg-bis-2-tonnen\/","og_locale":"de_DE","og_type":"article","og_title":"Digga Grondboor voor Minigraver van 750 KG tot 2 TON","og_description":"Digga Grondboor voor Minigraver van 750 KG tot 2 TON. Topkwaliteit en levensduur. Snelle levering, aantrekkelijke prijzen en goede service.","og_url":"https:\/\/www.eurogate-international.com\/de\/product\/digga-erdbohrer-fuer-minibagger-von-750-kg-bis-2-tonnen\/","og_site_name":"EuroGate International","article_publisher":"https:\/\/www.facebook.com\/EuroGateInternational\/","article_modified_time":"2024-03-28T13:35:52+00:00","og_image":[{"width":847,"height":720,"url":"https:\/\/www.eurogate-international.com\/wp-content\/uploads\/2019\/09\/digga_micro1-1.png","type":"image\/png"}],"twitter_card":"summary_large_image","twitter_misc":{"Gesch\u00e4tzte Lesezeit":"2 Minuten"},"schema":{"@context":"https:\/\/schema.org","@graph":[{"@type":"WebPage","@id":"https:\/\/www.eurogate-international.com\/de\/product\/digga-erdbohrer-fuer-minibagger-von-750-kg-bis-2-tonnen\/","url":"https:\/\/www.eurogate-international.com\/de\/product\/digga-erdbohrer-fuer-minibagger-von-750-kg-bis-2-tonnen\/","name":"Digga Grondboor voor Minigraver van 750 KG tot 2 TON","isPartOf":{"@id":"https:\/\/www.eurogate-international.com\/de\/#website"},"primaryImageOfPage":{"@id":"https:\/\/www.eurogate-international.com\/de\/product\/digga-erdbohrer-fuer-minibagger-von-750-kg-bis-2-tonnen\/#primaryimage"},"image":{"@id":"https:\/\/www.eurogate-international.com\/de\/product\/digga-erdbohrer-fuer-minibagger-von-750-kg-bis-2-tonnen\/#primaryimage"},"thumbnailUrl":"https:\/\/www.eurogate-international.com\/wp-content\/uploads\/2019\/09\/digga_micro1-1.png","datePublished":"2019-09-04T12:16:00+00:00","dateModified":"2024-03-28T13:35:52+00:00","description":"Digga Grondboor voor Minigraver van 750 KG tot 2 TON. Topkwaliteit en levensduur. Snelle levering, aantrekkelijke prijzen en goede service.","breadcrumb":{"@id":"https:\/\/www.eurogate-international.com\/de\/product\/digga-erdbohrer-fuer-minibagger-von-750-kg-bis-2-tonnen\/#breadcrumb"},"inLanguage":"de-DE","potentialAction":[{"@type":"ReadAction","target":["https:\/\/www.eurogate-international.com\/de\/product\/digga-erdbohrer-fuer-minibagger-von-750-kg-bis-2-tonnen\/"]}]},{"@type":"ImageObject","inLanguage":"de-DE","@id":"https:\/\/www.eurogate-international.com\/de\/product\/digga-erdbohrer-fuer-minibagger-von-750-kg-bis-2-tonnen\/#primaryimage","url":"https:\/\/www.eurogate-international.com\/wp-content\/uploads\/2019\/09\/digga_micro1-1.png","contentUrl":"https:\/\/www.eurogate-international.com\/wp-content\/uploads\/2019\/09\/digga_micro1-1.png","width":847,"height":720},{"@type":"BreadcrumbList","@id":"https:\/\/www.eurogate-international.com\/de\/product\/digga-erdbohrer-fuer-minibagger-von-750-kg-bis-2-tonnen\/#breadcrumb","itemListElement":[{"@type":"ListItem","position":1,"name":"Home","item":"https:\/\/www.eurogate-international.com\/de\/"},{"@type":"ListItem","position":2,"name":"Shop","item":"https:\/\/www.eurogate-international.com\/de\/shop-2\/"},{"@type":"ListItem","position":3,"name":"Digga-Erdbohrer f\u00fcr Minibagger von 750 kg bis 2 Tonnen"}]},{"@type":"WebSite","@id":"https:\/\/www.eurogate-international.com\/de\/#website","url":"https:\/\/www.eurogate-international.com\/de\/","name":"EuroGate International","description":"D\u00e9 onafhankelijke Europese verkooporganisatie van machines","publisher":{"@id":"https:\/\/www.eurogate-international.com\/de\/#organization"},"potentialAction":[{"@type":"SearchAction","target":{"@type":"EntryPoint","urlTemplate":"https:\/\/www.eurogate-international.com\/de\/?s={search_term_string}"},"query-input":{"@type":"PropertyValueSpecification","valueRequired":true,"valueName":"search_term_string"}}],"inLanguage":"de-DE"},{"@type":"Organization","@id":"https:\/\/www.eurogate-international.com\/de\/#organization","name":"EuroGate International","url":"https:\/\/www.eurogate-international.com\/de\/","logo":{"@type":"ImageObject","inLanguage":"de-DE","@id":"https:\/\/www.eurogate-international.com\/de\/#\/schema\/logo\/image\/","url":"https:\/\/www.eurogate-international.com\/wp-content\/uploads\/2020\/06\/Logo_EuroGateInternational2.png","contentUrl":"https:\/\/www.eurogate-international.com\/wp-content\/uploads\/2020\/06\/Logo_EuroGateInternational2.png","width":150,"height":148,"caption":"EuroGate International"},"image":{"@id":"https:\/\/www.eurogate-international.com\/de\/#\/schema\/logo\/image\/"},"sameAs":["https:\/\/www.facebook.com\/EuroGateInternational\/","https:\/\/nl.linkedin.com\/company\/eurogate-international"]}]}},"jetpack_sharing_enabled":true,"_links":{"self":[{"href":"https:\/\/www.eurogate-international.com\/de\/wp-json\/wp\/v2\/product\/21121","targetHints":{"allow":["GET"]}}],"collection":[{"href":"https:\/\/www.eurogate-international.com\/de\/wp-json\/wp\/v2\/product"}],"about":[{"href":"https:\/\/www.eurogate-international.com\/de\/wp-json\/wp\/v2\/types\/product"}],"replies":[{"embeddable":true,"href":"https:\/\/www.eurogate-international.com\/de\/wp-json\/wp\/v2\/comments?post=21121"}],"version-history":[{"count":0,"href":"https:\/\/www.eurogate-international.com\/de\/wp-json\/wp\/v2\/product\/21121\/revisions"}],"wp:featuredmedia":[{"embeddable":true,"href":"https:\/\/www.eurogate-international.com\/de\/wp-json\/wp\/v2\/media\/21122"}],"wp:attachment":[{"href":"https:\/\/www.eurogate-international.com\/de\/wp-json\/wp\/v2\/media?parent=21121"}],"wp:term":[{"taxonomy":"product_cat","embeddable":true,"href":"https:\/\/www.eurogate-international.com\/de\/wp-json\/wp\/v2\/product_cat?post=21121"},{"taxonomy":"product_tag","embeddable":true,"href":"https:\/\/www.eurogate-international.com\/de\/wp-json\/wp\/v2\/product_tag?post=21121"}],"curies":[{"name":"wp","href":"https:\/\/api.w.org\/{rel}","templated":true}]}}