{"id":21220,"date":"2023-02-20T08:59:26","date_gmt":"2023-02-20T07:59:26","guid":{"rendered":"https:\/\/www.eurogate-international.com\/product\/erdbohrer-serie-mh5\/"},"modified":"2024-04-02T16:06:16","modified_gmt":"2024-04-02T15:06:16","slug":"erdbohrer-serie-mh5","status":"publish","type":"product","link":"https:\/\/www.eurogate-international.com\/de\/product\/erdbohrer-serie-mh5\/","title":{"rendered":"Erdbohrer Serie MH5"},"excerpt":{"rendered":"<h2>Erdbohrer Serie MH5<\/h2>\n<p>Diese Bohrerserie von Maruzen ist in Kombination mit OH01 und AY01H ideal f\u00fcr horizontale Bohrarbeiten geeignet. Zum Beispiel f\u00fcr die Verlegung von Wasserleitungen, Stromkabeln und Glasfaserkabeln, beispielsweise unter einem Gehweg. Bohrlager und Spirale sind sehr robust und verf\u00fcgen \u00fcber eine austauschbare Spitze, die ein Nachsch\u00e4rfen \u00fcberfl\u00fcssig macht. Durch Gebrauch des Federknopfs bleibt der Bohrer w\u00e4hrend der Arbeiten an seinem Platz, auch wenn mehrere Verl\u00e4ngerungen verwendet werden.<\/p>\n<p>Dieser Bohrer ist in \u00d8 100 und 150 mm erh\u00e4ltlich.<\/p>\n","protected":false},"featured_media":17323,"comment_status":"closed","ping_status":"closed","template":"","meta":{"_acf_changed":false},"product_cat":[3290],"product_tag":[],"class_list":{"0":"post-21220","1":"product","2":"type-product","3":"status-publish","4":"has-post-thumbnail","6":"product_brand-maruzen-de","7":"product_cat-bohrer","9":"first","10":"instock","11":"taxable","12":"shipping-taxable","13":"purchasable","14":"product-type-variable"},"acf":[],"yoast_head":"<!-- This site is optimized with the Yoast SEO plugin v27.2 - https:\/\/yoast.com\/product\/yoast-seo-wordpress\/ -->\n<title>Erdbohrer Serie MH5 | EuroGate International<\/title>\n<meta name=\"description\" content=\"Deze boren serie van Maruzen is ideaal geschikt voor horizontale boorwerkzaamheden in combinatie met de AY01H. Direct uit voorraad leverbaar.\" \/>\n<meta name=\"robots\" content=\"index, follow, max-snippet:-1, max-image-preview:large, max-video-preview:-1\" \/>\n<link rel=\"canonical\" href=\"https:\/\/www.eurogate-international.com\/de\/product\/erdbohrer-serie-mh5\/\" \/>\n<meta property=\"og:locale\" content=\"de_DE\" \/>\n<meta property=\"og:type\" content=\"article\" \/>\n<meta property=\"og:title\" content=\"Erdbohrer Serie MH5 | EuroGate International\" \/>\n<meta property=\"og:description\" content=\"Deze boren serie van Maruzen is ideaal geschikt voor horizontale boorwerkzaamheden in combinatie met de AY01H. Direct uit voorraad leverbaar.\" \/>\n<meta property=\"og:url\" content=\"https:\/\/www.eurogate-international.com\/de\/product\/erdbohrer-serie-mh5\/\" \/>\n<meta property=\"og:site_name\" content=\"EuroGate International\" \/>\n<meta property=\"article:publisher\" content=\"https:\/\/www.facebook.com\/EuroGateInternational\/\" \/>\n<meta property=\"article:modified_time\" content=\"2024-04-02T15:06:16+00:00\" \/>\n<meta property=\"og:image\" content=\"https:\/\/www.eurogate-international.com\/wp-content\/uploads\/2023\/02\/Maruzen-boor.png\" \/>\n\t<meta property=\"og:image:width\" content=\"2114\" \/>\n\t<meta property=\"og:image:height\" content=\"3134\" \/>\n\t<meta property=\"og:image:type\" content=\"image\/png\" \/>\n<meta name=\"twitter:card\" content=\"summary_large_image\" \/>\n<meta name=\"twitter:label1\" content=\"Gesch\u00e4tzte Lesezeit\" \/>\n\t<meta name=\"twitter:data1\" content=\"1 Minute\" \/>\n<!-- \/ Yoast SEO plugin. -->","yoast_head_json":{"title":"Erdbohrer Serie MH5 | EuroGate International","description":"Deze boren serie van Maruzen is ideaal geschikt voor horizontale boorwerkzaamheden in combinatie met de AY01H. Direct uit voorraad leverbaar.","robots":{"index":"index","follow":"follow","max-snippet":"max-snippet:-1","max-image-preview":"max-image-preview:large","max-video-preview":"max-video-preview:-1"},"canonical":"https:\/\/www.eurogate-international.com\/de\/product\/erdbohrer-serie-mh5\/","og_locale":"de_DE","og_type":"article","og_title":"Erdbohrer Serie MH5 | EuroGate International","og_description":"Deze boren serie van Maruzen is ideaal geschikt voor horizontale boorwerkzaamheden in combinatie met de AY01H. Direct uit voorraad leverbaar.","og_url":"https:\/\/www.eurogate-international.com\/de\/product\/erdbohrer-serie-mh5\/","og_site_name":"EuroGate International","article_publisher":"https:\/\/www.facebook.com\/EuroGateInternational\/","article_modified_time":"2024-04-02T15:06:16+00:00","og_image":[{"width":2114,"height":3134,"url":"https:\/\/www.eurogate-international.com\/wp-content\/uploads\/2023\/02\/Maruzen-boor.png","type":"image\/png"}],"twitter_card":"summary_large_image","twitter_misc":{"Gesch\u00e4tzte Lesezeit":"1 Minute"},"schema":{"@context":"https:\/\/schema.org","@graph":[{"@type":"WebPage","@id":"https:\/\/www.eurogate-international.com\/de\/product\/erdbohrer-serie-mh5\/","url":"https:\/\/www.eurogate-international.com\/de\/product\/erdbohrer-serie-mh5\/","name":"Erdbohrer Serie MH5 | EuroGate International","isPartOf":{"@id":"https:\/\/www.eurogate-international.com\/de\/#website"},"primaryImageOfPage":{"@id":"https:\/\/www.eurogate-international.com\/de\/product\/erdbohrer-serie-mh5\/#primaryimage"},"image":{"@id":"https:\/\/www.eurogate-international.com\/de\/product\/erdbohrer-serie-mh5\/#primaryimage"},"thumbnailUrl":"https:\/\/www.eurogate-international.com\/wp-content\/uploads\/2023\/02\/Maruzen-boor.png","datePublished":"2023-02-20T07:59:26+00:00","dateModified":"2024-04-02T15:06:16+00:00","description":"Deze boren serie van Maruzen is ideaal geschikt voor horizontale boorwerkzaamheden in combinatie met de AY01H. Direct uit voorraad leverbaar.","breadcrumb":{"@id":"https:\/\/www.eurogate-international.com\/de\/product\/erdbohrer-serie-mh5\/#breadcrumb"},"inLanguage":"de-DE","potentialAction":[{"@type":"ReadAction","target":["https:\/\/www.eurogate-international.com\/de\/product\/erdbohrer-serie-mh5\/"]}]},{"@type":"ImageObject","inLanguage":"de-DE","@id":"https:\/\/www.eurogate-international.com\/de\/product\/erdbohrer-serie-mh5\/#primaryimage","url":"https:\/\/www.eurogate-international.com\/wp-content\/uploads\/2023\/02\/Maruzen-boor.png","contentUrl":"https:\/\/www.eurogate-international.com\/wp-content\/uploads\/2023\/02\/Maruzen-boor.png","width":2114,"height":3134},{"@type":"BreadcrumbList","@id":"https:\/\/www.eurogate-international.com\/de\/product\/erdbohrer-serie-mh5\/#breadcrumb","itemListElement":[{"@type":"ListItem","position":1,"name":"Home","item":"https:\/\/www.eurogate-international.com\/de\/"},{"@type":"ListItem","position":2,"name":"Shop","item":"https:\/\/www.eurogate-international.com\/de\/shop-2\/"},{"@type":"ListItem","position":3,"name":"Erdbohrer Serie MH5"}]},{"@type":"WebSite","@id":"https:\/\/www.eurogate-international.com\/de\/#website","url":"https:\/\/www.eurogate-international.com\/de\/","name":"EuroGate International","description":"D\u00e9 onafhankelijke Europese verkooporganisatie van machines","publisher":{"@id":"https:\/\/www.eurogate-international.com\/de\/#organization"},"potentialAction":[{"@type":"SearchAction","target":{"@type":"EntryPoint","urlTemplate":"https:\/\/www.eurogate-international.com\/de\/?s={search_term_string}"},"query-input":{"@type":"PropertyValueSpecification","valueRequired":true,"valueName":"search_term_string"}}],"inLanguage":"de-DE"},{"@type":"Organization","@id":"https:\/\/www.eurogate-international.com\/de\/#organization","name":"EuroGate International","url":"https:\/\/www.eurogate-international.com\/de\/","logo":{"@type":"ImageObject","inLanguage":"de-DE","@id":"https:\/\/www.eurogate-international.com\/de\/#\/schema\/logo\/image\/","url":"https:\/\/www.eurogate-international.com\/wp-content\/uploads\/2020\/06\/Logo_EuroGateInternational2.png","contentUrl":"https:\/\/www.eurogate-international.com\/wp-content\/uploads\/2020\/06\/Logo_EuroGateInternational2.png","width":150,"height":148,"caption":"EuroGate International"},"image":{"@id":"https:\/\/www.eurogate-international.com\/de\/#\/schema\/logo\/image\/"},"sameAs":["https:\/\/www.facebook.com\/EuroGateInternational\/","https:\/\/nl.linkedin.com\/company\/eurogate-international"]}]}},"jetpack_sharing_enabled":true,"_links":{"self":[{"href":"https:\/\/www.eurogate-international.com\/de\/wp-json\/wp\/v2\/product\/21220","targetHints":{"allow":["GET"]}}],"collection":[{"href":"https:\/\/www.eurogate-international.com\/de\/wp-json\/wp\/v2\/product"}],"about":[{"href":"https:\/\/www.eurogate-international.com\/de\/wp-json\/wp\/v2\/types\/product"}],"replies":[{"embeddable":true,"href":"https:\/\/www.eurogate-international.com\/de\/wp-json\/wp\/v2\/comments?post=21220"}],"version-history":[{"count":0,"href":"https:\/\/www.eurogate-international.com\/de\/wp-json\/wp\/v2\/product\/21220\/revisions"}],"wp:featuredmedia":[{"embeddable":true,"href":"https:\/\/www.eurogate-international.com\/de\/wp-json\/wp\/v2\/media\/17323"}],"wp:attachment":[{"href":"https:\/\/www.eurogate-international.com\/de\/wp-json\/wp\/v2\/media?parent=21220"}],"wp:term":[{"taxonomy":"product_cat","embeddable":true,"href":"https:\/\/www.eurogate-international.com\/de\/wp-json\/wp\/v2\/product_cat?post=21220"},{"taxonomy":"product_tag","embeddable":true,"href":"https:\/\/www.eurogate-international.com\/de\/wp-json\/wp\/v2\/product_tag?post=21220"}],"curies":[{"name":"wp","href":"https:\/\/api.w.org\/{rel}","templated":true}]}}