{"id":21286,"date":"2020-07-17T13:58:44","date_gmt":"2020-07-17T12:58:44","guid":{"rendered":"https:\/\/www.eurogate-international.com\/product\/serie-a4dr-stein-erdbohrer\/"},"modified":"2024-04-03T10:40:40","modified_gmt":"2024-04-03T09:40:40","slug":"serie-a4dr-stein-erdbohrer","status":"publish","type":"product","link":"https:\/\/www.eurogate-international.com\/de\/product\/serie-a4dr-stein-erdbohrer\/","title":{"rendered":"Serie A4DR \u2013 Stein-Erdbohrer"},"excerpt":{"rendered":"<h2>Serie A4DR \u2013 Stein-Erdbohrer<\/h2>\n<p>Dieser Stein-Erdbohrer hat einen robusten und effizienten Schneidkopf. Mit seinen rotierenden Stiften sucht dieser Erdbohrer nach Rissen im Gestein und bricht diese auf. Die kurzen Fl\u00fcgel beg\u00fcnstigen die regelm\u00e4\u00dfige Entfernung von Erde und Steinen und lassen k\u00fchle Luft in das Loch eindringen, die k\u00fchlt und eine regelm\u00e4\u00dfige Inspektion der Z\u00e4hne erm\u00f6glicht. Ausgestattet mit einer Reihe von Qualit\u00e4tskomponenten, die f\u00fcr minimalen Verschlei\u00df und hervorragende Leistungen sorgen. Verf\u00fcgbare Bohrer f\u00fcr PDD bis PD4 in Durchmessern von 15 cm bis 60 cm sind f\u00fcr Ihre Bohrmaschine erh\u00e4ltlich. Diese Bohrer haben einen runden 65mm-Anschluss.<\/p>\n<p>F\u00fcr diese Bohrer sind Verl\u00e4ngerungen von 50, 80, 100 bis 150 cm verf\u00fcgbar.<\/p>\n<p>Die Standardl\u00e4nge der Bohrer betr\u00e4gt 1200 mm. F\u00fcr andere L\u00e4ngen wenden Sie sich bitte an die Verkaufsabteilung.<\/p>\n","protected":false},"featured_media":10402,"comment_status":"closed","ping_status":"closed","template":"","meta":{"_acf_changed":false},"product_cat":[3290,3289],"product_tag":[3409],"class_list":{"0":"post-21286","1":"product","2":"type-product","3":"status-publish","4":"has-post-thumbnail","6":"product_brand-digga-de","7":"product_cat-bohrer","8":"product_cat-erdbohrer","9":"product_tag-digga-auger-de","11":"first","12":"instock","13":"taxable","14":"shipping-taxable","15":"purchasable","16":"product-type-variable"},"acf":[],"yoast_head":"<!-- This site is optimized with the Yoast SEO plugin v27.4 - https:\/\/yoast.com\/product\/yoast-seo-wordpress\/ -->\n<title>Stein-Erdbohrer<\/title>\n<meta name=\"description\" content=\"Dieser Stein-Erdbohrer hat einen robusten und effizienten Schneidkopf. Mit seinen rotierenden Stiften sucht dieser Erdbohrer nach Rissen im Gestein und bricht diese auf.\" \/>\n<meta name=\"robots\" content=\"index, follow, max-snippet:-1, max-image-preview:large, max-video-preview:-1\" \/>\n<link rel=\"canonical\" href=\"https:\/\/www.eurogate-international.com\/de\/product\/serie-a4dr-stein-erdbohrer\/\" \/>\n<meta property=\"og:locale\" content=\"de_DE\" \/>\n<meta property=\"og:type\" content=\"article\" \/>\n<meta property=\"og:title\" content=\"Stein-Erdbohrer\" \/>\n<meta property=\"og:description\" content=\"Dieser Stein-Erdbohrer hat einen robusten und effizienten Schneidkopf. Mit seinen rotierenden Stiften sucht dieser Erdbohrer nach Rissen im Gestein und bricht diese auf.\" \/>\n<meta property=\"og:url\" content=\"https:\/\/www.eurogate-international.com\/de\/product\/serie-a4dr-stein-erdbohrer\/\" \/>\n<meta property=\"og:site_name\" content=\"EuroGate International\" \/>\n<meta property=\"article:publisher\" content=\"https:\/\/www.facebook.com\/EuroGateInternational\/\" \/>\n<meta property=\"article:modified_time\" content=\"2024-04-03T09:40:40+00:00\" \/>\n<meta property=\"og:image\" content=\"https:\/\/www.eurogate-international.com\/wp-content\/uploads\/2020\/07\/DR4_head_aug.png\" \/>\n\t<meta property=\"og:image:width\" content=\"1141\" \/>\n\t<meta property=\"og:image:height\" content=\"964\" \/>\n\t<meta property=\"og:image:type\" content=\"image\/png\" \/>\n<meta name=\"twitter:card\" content=\"summary_large_image\" \/>\n<meta name=\"twitter:label1\" content=\"Gesch\u00e4tzte Lesezeit\" \/>\n\t<meta name=\"twitter:data1\" content=\"1 Minute\" \/>\n<!-- \/ Yoast SEO plugin. -->","yoast_head_json":{"title":"Stein-Erdbohrer","description":"Dieser Stein-Erdbohrer hat einen robusten und effizienten Schneidkopf. Mit seinen rotierenden Stiften sucht dieser Erdbohrer nach Rissen im Gestein und bricht diese auf.","robots":{"index":"index","follow":"follow","max-snippet":"max-snippet:-1","max-image-preview":"max-image-preview:large","max-video-preview":"max-video-preview:-1"},"canonical":"https:\/\/www.eurogate-international.com\/de\/product\/serie-a4dr-stein-erdbohrer\/","og_locale":"de_DE","og_type":"article","og_title":"Stein-Erdbohrer","og_description":"Dieser Stein-Erdbohrer hat einen robusten und effizienten Schneidkopf. Mit seinen rotierenden Stiften sucht dieser Erdbohrer nach Rissen im Gestein und bricht diese auf.","og_url":"https:\/\/www.eurogate-international.com\/de\/product\/serie-a4dr-stein-erdbohrer\/","og_site_name":"EuroGate International","article_publisher":"https:\/\/www.facebook.com\/EuroGateInternational\/","article_modified_time":"2024-04-03T09:40:40+00:00","og_image":[{"width":1141,"height":964,"url":"https:\/\/www.eurogate-international.com\/wp-content\/uploads\/2020\/07\/DR4_head_aug.png","type":"image\/png"}],"twitter_card":"summary_large_image","twitter_misc":{"Gesch\u00e4tzte Lesezeit":"1 Minute"},"schema":{"@context":"https:\/\/schema.org","@graph":[{"@type":"WebPage","@id":"https:\/\/www.eurogate-international.com\/de\/product\/serie-a4dr-stein-erdbohrer\/","url":"https:\/\/www.eurogate-international.com\/de\/product\/serie-a4dr-stein-erdbohrer\/","name":"Stein-Erdbohrer","isPartOf":{"@id":"https:\/\/www.eurogate-international.com\/de\/#website"},"primaryImageOfPage":{"@id":"https:\/\/www.eurogate-international.com\/de\/product\/serie-a4dr-stein-erdbohrer\/#primaryimage"},"image":{"@id":"https:\/\/www.eurogate-international.com\/de\/product\/serie-a4dr-stein-erdbohrer\/#primaryimage"},"thumbnailUrl":"https:\/\/www.eurogate-international.com\/wp-content\/uploads\/2020\/07\/DR4_head_aug.png","datePublished":"2020-07-17T12:58:44+00:00","dateModified":"2024-04-03T09:40:40+00:00","description":"Dieser Stein-Erdbohrer hat einen robusten und effizienten Schneidkopf. Mit seinen rotierenden Stiften sucht dieser Erdbohrer nach Rissen im Gestein und bricht diese auf.","breadcrumb":{"@id":"https:\/\/www.eurogate-international.com\/de\/product\/serie-a4dr-stein-erdbohrer\/#breadcrumb"},"inLanguage":"de-DE","potentialAction":[{"@type":"ReadAction","target":["https:\/\/www.eurogate-international.com\/de\/product\/serie-a4dr-stein-erdbohrer\/"]}]},{"@type":"ImageObject","inLanguage":"de-DE","@id":"https:\/\/www.eurogate-international.com\/de\/product\/serie-a4dr-stein-erdbohrer\/#primaryimage","url":"https:\/\/www.eurogate-international.com\/wp-content\/uploads\/2020\/07\/DR4_head_aug.png","contentUrl":"https:\/\/www.eurogate-international.com\/wp-content\/uploads\/2020\/07\/DR4_head_aug.png","width":1141,"height":964},{"@type":"BreadcrumbList","@id":"https:\/\/www.eurogate-international.com\/de\/product\/serie-a4dr-stein-erdbohrer\/#breadcrumb","itemListElement":[{"@type":"ListItem","position":1,"name":"Home","item":"https:\/\/www.eurogate-international.com\/de\/"},{"@type":"ListItem","position":2,"name":"Shop","item":"https:\/\/www.eurogate-international.com\/de\/shop-2\/"},{"@type":"ListItem","position":3,"name":"Serie A4DR \u2013 Stein-Erdbohrer"}]},{"@type":"WebSite","@id":"https:\/\/www.eurogate-international.com\/de\/#website","url":"https:\/\/www.eurogate-international.com\/de\/","name":"EuroGate International","description":"D\u00e9 onafhankelijke Europese verkooporganisatie van machines","publisher":{"@id":"https:\/\/www.eurogate-international.com\/de\/#organization"},"potentialAction":[{"@type":"SearchAction","target":{"@type":"EntryPoint","urlTemplate":"https:\/\/www.eurogate-international.com\/de\/?s={search_term_string}"},"query-input":{"@type":"PropertyValueSpecification","valueRequired":true,"valueName":"search_term_string"}}],"inLanguage":"de-DE"},{"@type":"Organization","@id":"https:\/\/www.eurogate-international.com\/de\/#organization","name":"EuroGate International","url":"https:\/\/www.eurogate-international.com\/de\/","logo":{"@type":"ImageObject","inLanguage":"de-DE","@id":"https:\/\/www.eurogate-international.com\/de\/#\/schema\/logo\/image\/","url":"https:\/\/www.eurogate-international.com\/wp-content\/uploads\/2020\/06\/Logo_EuroGateInternational2.png","contentUrl":"https:\/\/www.eurogate-international.com\/wp-content\/uploads\/2020\/06\/Logo_EuroGateInternational2.png","width":150,"height":148,"caption":"EuroGate International"},"image":{"@id":"https:\/\/www.eurogate-international.com\/de\/#\/schema\/logo\/image\/"},"sameAs":["https:\/\/www.facebook.com\/EuroGateInternational\/","https:\/\/nl.linkedin.com\/company\/eurogate-international"]}]}},"jetpack_sharing_enabled":true,"_links":{"self":[{"href":"https:\/\/www.eurogate-international.com\/de\/wp-json\/wp\/v2\/product\/21286","targetHints":{"allow":["GET"]}}],"collection":[{"href":"https:\/\/www.eurogate-international.com\/de\/wp-json\/wp\/v2\/product"}],"about":[{"href":"https:\/\/www.eurogate-international.com\/de\/wp-json\/wp\/v2\/types\/product"}],"replies":[{"embeddable":true,"href":"https:\/\/www.eurogate-international.com\/de\/wp-json\/wp\/v2\/comments?post=21286"}],"version-history":[{"count":0,"href":"https:\/\/www.eurogate-international.com\/de\/wp-json\/wp\/v2\/product\/21286\/revisions"}],"wp:featuredmedia":[{"embeddable":true,"href":"https:\/\/www.eurogate-international.com\/de\/wp-json\/wp\/v2\/media\/10402"}],"wp:attachment":[{"href":"https:\/\/www.eurogate-international.com\/de\/wp-json\/wp\/v2\/media?parent=21286"}],"wp:term":[{"taxonomy":"product_cat","embeddable":true,"href":"https:\/\/www.eurogate-international.com\/de\/wp-json\/wp\/v2\/product_cat?post=21286"},{"taxonomy":"product_tag","embeddable":true,"href":"https:\/\/www.eurogate-international.com\/de\/wp-json\/wp\/v2\/product_tag?post=21286"}],"curies":[{"name":"wp","href":"https:\/\/api.w.org\/{rel}","templated":true}]}}