{"id":21330,"date":"2022-02-18T11:32:01","date_gmt":"2022-02-18T10:32:01","guid":{"rendered":"https:\/\/www.eurogate-international.com\/product\/serie-a8mft-extrastark-bohren\/"},"modified":"2024-04-03T13:44:06","modified_gmt":"2024-04-03T12:44:06","slug":"serie-a8mft-extrastark-bohren","status":"publish","type":"product","link":"https:\/\/www.eurogate-international.com\/de\/product\/serie-a8mft-extrastark-bohren\/","title":{"rendered":"Serie A8MFT \u2013 Extrastark-Bohren"},"excerpt":{"rendered":"<h2>Digga-Erdbohrer A8 MFT<\/h2>\n<p>Die Erdbohrer der Serie A8 MFT von Digga sind speziell f\u00fcr Bagger, Kr\u00e4ne und Schaufelbagger bis 30 Tonnen ausgelegt. F\u00fcr effizientes Bohren ist der Digga-Bohrkopf Ihr Schl\u00fcssel zum Erfolg. Je nach Bodenbeschaffenheit k\u00f6nnen Sie zwischen einem Bohrkopf mit Bl\u00e4ttern, einem Kegelbohrkopf oder einem rotierenden &#8218;Spitzhammer-Design&#8216; w\u00e4hlen. Die Bohrer haben einen Vierkantanschluss von 75\u00d775 mm.<\/p>\n<p><strong>Sie m\u00f6chten tiefer bohren?<\/strong><\/p>\n<p>Digga bietet ein vollst\u00e4ndiges Sortiment Bohrerverl\u00e4ngerungen an, das Ihren speziellen Anforderungen entspricht. Digga-Bohrer werden komplett mit Easy PADLOC Ein- und Ausklopfz\u00e4hnen geliefert, f\u00fcr die keine Spezialwerkzeuge erforderlich sind.<\/p>\n<p>Die Standardl\u00e4nge der Bohrer betr\u00e4gt 1500 mm. F\u00fcr andere L\u00e4ngen wenden Sie sich bitte an die Verkaufsabteilung.<\/p>\n<p>Die Serie A8 MFT bohrt L\u00f6cher in leichten B\u00f6den und Lehm. Es sind zahlreiche Zahnoptionen f\u00fcr die meisten Bodenbedingungen verf\u00fcgbar. Wenn Sie unter schwereren Bedingungen bohren m\u00f6chten, sollten Sie sich auch die RC8-Serie ansehen. Wenn Sie weitere Informationen \u00fcber die Serie A8 von Digga w\u00fcnschen, wenden Sie sich bitte an unser Verkaufsteam. Rufen Sie +31523 638 286 an oder schicken Sie eine E-Mail an info@eurogate-international.com<\/p>\n","protected":false},"featured_media":14187,"comment_status":"closed","ping_status":"closed","template":"","meta":{"_acf_changed":false},"product_cat":[3290],"product_tag":[3409],"class_list":{"0":"post-21330","1":"product","2":"type-product","3":"status-publish","4":"has-post-thumbnail","6":"product_brand-digga-de","7":"product_cat-bohrer","8":"product_tag-digga-auger-de","10":"first","11":"instock","12":"taxable","13":"shipping-taxable","14":"purchasable","15":"product-type-variable"},"acf":[],"yoast_head":"<!-- This site is optimized with the Yoast SEO plugin v27.4 - https:\/\/yoast.com\/product\/yoast-seo-wordpress\/ -->\n<title>A8MFT serie - Extra sterk | EuroGate International<\/title>\n<meta name=\"description\" content=\"A8MFT serie - Extra sterk, De A8 MFT-serie grondboren van Digga zijn speciaal ontworpen voor graafmachines, kranen en shovels tot 30 ton.\" \/>\n<meta name=\"robots\" content=\"index, follow, max-snippet:-1, max-image-preview:large, max-video-preview:-1\" \/>\n<link rel=\"canonical\" href=\"https:\/\/www.eurogate-international.com\/de\/product\/serie-a8mft-extrastark-bohren\/\" \/>\n<meta property=\"og:locale\" content=\"de_DE\" \/>\n<meta property=\"og:type\" content=\"article\" \/>\n<meta property=\"og:title\" content=\"A8MFT serie - Extra sterk | EuroGate International\" \/>\n<meta property=\"og:description\" content=\"A8MFT serie - Extra sterk, De A8 MFT-serie grondboren van Digga zijn speciaal ontworpen voor graafmachines, kranen en shovels tot 30 ton.\" \/>\n<meta property=\"og:url\" content=\"https:\/\/www.eurogate-international.com\/de\/product\/serie-a8mft-extrastark-bohren\/\" \/>\n<meta property=\"og:site_name\" content=\"EuroGate International\" \/>\n<meta property=\"article:publisher\" content=\"https:\/\/www.facebook.com\/EuroGateInternational\/\" \/>\n<meta property=\"article:modified_time\" content=\"2024-04-03T12:44:06+00:00\" \/>\n<meta property=\"og:image\" content=\"https:\/\/www.eurogate-international.com\/wp-content\/uploads\/2022\/02\/A8-serie-mft.png\" \/>\n\t<meta property=\"og:image:width\" content=\"1141\" \/>\n\t<meta property=\"og:image:height\" content=\"964\" \/>\n\t<meta property=\"og:image:type\" content=\"image\/png\" \/>\n<meta name=\"twitter:card\" content=\"summary_large_image\" \/>\n<meta name=\"twitter:label1\" content=\"Gesch\u00e4tzte Lesezeit\" \/>\n\t<meta name=\"twitter:data1\" content=\"1 Minute\" \/>\n<!-- \/ Yoast SEO plugin. -->","yoast_head_json":{"title":"A8MFT serie - Extra sterk | EuroGate International","description":"A8MFT serie - Extra sterk, De A8 MFT-serie grondboren van Digga zijn speciaal ontworpen voor graafmachines, kranen en shovels tot 30 ton.","robots":{"index":"index","follow":"follow","max-snippet":"max-snippet:-1","max-image-preview":"max-image-preview:large","max-video-preview":"max-video-preview:-1"},"canonical":"https:\/\/www.eurogate-international.com\/de\/product\/serie-a8mft-extrastark-bohren\/","og_locale":"de_DE","og_type":"article","og_title":"A8MFT serie - Extra sterk | EuroGate International","og_description":"A8MFT serie - Extra sterk, De A8 MFT-serie grondboren van Digga zijn speciaal ontworpen voor graafmachines, kranen en shovels tot 30 ton.","og_url":"https:\/\/www.eurogate-international.com\/de\/product\/serie-a8mft-extrastark-bohren\/","og_site_name":"EuroGate International","article_publisher":"https:\/\/www.facebook.com\/EuroGateInternational\/","article_modified_time":"2024-04-03T12:44:06+00:00","og_image":[{"width":1141,"height":964,"url":"https:\/\/www.eurogate-international.com\/wp-content\/uploads\/2022\/02\/A8-serie-mft.png","type":"image\/png"}],"twitter_card":"summary_large_image","twitter_misc":{"Gesch\u00e4tzte Lesezeit":"1 Minute"},"schema":{"@context":"https:\/\/schema.org","@graph":[{"@type":"WebPage","@id":"https:\/\/www.eurogate-international.com\/de\/product\/serie-a8mft-extrastark-bohren\/","url":"https:\/\/www.eurogate-international.com\/de\/product\/serie-a8mft-extrastark-bohren\/","name":"A8MFT serie - Extra sterk | EuroGate International","isPartOf":{"@id":"https:\/\/www.eurogate-international.com\/de\/#website"},"primaryImageOfPage":{"@id":"https:\/\/www.eurogate-international.com\/de\/product\/serie-a8mft-extrastark-bohren\/#primaryimage"},"image":{"@id":"https:\/\/www.eurogate-international.com\/de\/product\/serie-a8mft-extrastark-bohren\/#primaryimage"},"thumbnailUrl":"https:\/\/www.eurogate-international.com\/wp-content\/uploads\/2022\/02\/A8-serie-mft.png","datePublished":"2022-02-18T10:32:01+00:00","dateModified":"2024-04-03T12:44:06+00:00","description":"A8MFT serie - Extra sterk, De A8 MFT-serie grondboren van Digga zijn speciaal ontworpen voor graafmachines, kranen en shovels tot 30 ton.","breadcrumb":{"@id":"https:\/\/www.eurogate-international.com\/de\/product\/serie-a8mft-extrastark-bohren\/#breadcrumb"},"inLanguage":"de-DE","potentialAction":[{"@type":"ReadAction","target":["https:\/\/www.eurogate-international.com\/de\/product\/serie-a8mft-extrastark-bohren\/"]}]},{"@type":"ImageObject","inLanguage":"de-DE","@id":"https:\/\/www.eurogate-international.com\/de\/product\/serie-a8mft-extrastark-bohren\/#primaryimage","url":"https:\/\/www.eurogate-international.com\/wp-content\/uploads\/2022\/02\/A8-serie-mft.png","contentUrl":"https:\/\/www.eurogate-international.com\/wp-content\/uploads\/2022\/02\/A8-serie-mft.png","width":1141,"height":964},{"@type":"BreadcrumbList","@id":"https:\/\/www.eurogate-international.com\/de\/product\/serie-a8mft-extrastark-bohren\/#breadcrumb","itemListElement":[{"@type":"ListItem","position":1,"name":"Home","item":"https:\/\/www.eurogate-international.com\/de\/"},{"@type":"ListItem","position":2,"name":"Shop","item":"https:\/\/www.eurogate-international.com\/de\/shop-2\/"},{"@type":"ListItem","position":3,"name":"Serie A8MFT \u2013 Extrastark-Bohren"}]},{"@type":"WebSite","@id":"https:\/\/www.eurogate-international.com\/de\/#website","url":"https:\/\/www.eurogate-international.com\/de\/","name":"EuroGate International","description":"D\u00e9 onafhankelijke Europese verkooporganisatie van machines","publisher":{"@id":"https:\/\/www.eurogate-international.com\/de\/#organization"},"potentialAction":[{"@type":"SearchAction","target":{"@type":"EntryPoint","urlTemplate":"https:\/\/www.eurogate-international.com\/de\/?s={search_term_string}"},"query-input":{"@type":"PropertyValueSpecification","valueRequired":true,"valueName":"search_term_string"}}],"inLanguage":"de-DE"},{"@type":"Organization","@id":"https:\/\/www.eurogate-international.com\/de\/#organization","name":"EuroGate International","url":"https:\/\/www.eurogate-international.com\/de\/","logo":{"@type":"ImageObject","inLanguage":"de-DE","@id":"https:\/\/www.eurogate-international.com\/de\/#\/schema\/logo\/image\/","url":"https:\/\/www.eurogate-international.com\/wp-content\/uploads\/2020\/06\/Logo_EuroGateInternational2.png","contentUrl":"https:\/\/www.eurogate-international.com\/wp-content\/uploads\/2020\/06\/Logo_EuroGateInternational2.png","width":150,"height":148,"caption":"EuroGate International"},"image":{"@id":"https:\/\/www.eurogate-international.com\/de\/#\/schema\/logo\/image\/"},"sameAs":["https:\/\/www.facebook.com\/EuroGateInternational\/","https:\/\/nl.linkedin.com\/company\/eurogate-international"]}]}},"jetpack_sharing_enabled":true,"_links":{"self":[{"href":"https:\/\/www.eurogate-international.com\/de\/wp-json\/wp\/v2\/product\/21330","targetHints":{"allow":["GET"]}}],"collection":[{"href":"https:\/\/www.eurogate-international.com\/de\/wp-json\/wp\/v2\/product"}],"about":[{"href":"https:\/\/www.eurogate-international.com\/de\/wp-json\/wp\/v2\/types\/product"}],"replies":[{"embeddable":true,"href":"https:\/\/www.eurogate-international.com\/de\/wp-json\/wp\/v2\/comments?post=21330"}],"version-history":[{"count":0,"href":"https:\/\/www.eurogate-international.com\/de\/wp-json\/wp\/v2\/product\/21330\/revisions"}],"wp:featuredmedia":[{"embeddable":true,"href":"https:\/\/www.eurogate-international.com\/de\/wp-json\/wp\/v2\/media\/14187"}],"wp:attachment":[{"href":"https:\/\/www.eurogate-international.com\/de\/wp-json\/wp\/v2\/media?parent=21330"}],"wp:term":[{"taxonomy":"product_cat","embeddable":true,"href":"https:\/\/www.eurogate-international.com\/de\/wp-json\/wp\/v2\/product_cat?post=21330"},{"taxonomy":"product_tag","embeddable":true,"href":"https:\/\/www.eurogate-international.com\/de\/wp-json\/wp\/v2\/product_tag?post=21330"}],"curies":[{"name":"wp","href":"https:\/\/api.w.org\/{rel}","templated":true}]}}