{"id":21392,"date":"2021-12-09T15:14:42","date_gmt":"2021-12-09T14:14:42","guid":{"rendered":"https:\/\/www.eurogate-international.com\/product\/bohradapter-7-16-bohreinsatz-auf-20-mm\/"},"modified":"2024-04-04T09:34:43","modified_gmt":"2024-04-04T08:34:43","slug":"bohradapter-7-16-bohreinsatz-auf-20-mm","status":"publish","type":"product","link":"https:\/\/www.eurogate-international.com\/de\/product\/bohradapter-7-16-bohreinsatz-auf-20-mm\/","title":{"rendered":"Bohradapter  7\/16&#8243;-Bohreinsatz auf 20 mm"},"excerpt":{"rendered":"<h2>Bohradapter 7\/16&#8243;-Bohreinsatz auf 20 mm<\/h2>\n<p>Mit einer elektrischen (Akku-)Bohrmaschine L\u00f6cher in den Boden bohren, das ist m\u00f6glich! Dieser professionelle Adapter macht es m\u00f6glich, Ihre eigene elektrische Bohrmaschine in eine Erdbohrmaschine zu verwandeln. Nachdem Sie den Adapter in die Bohrmaschine eingespannt und den Bohrer aufgesetzt haben, k\u00f6nnen Sie sofort loslegen. In Kombination mit unserer <a href=\"https:\/\/www.eurogate-international.com\/de\/product\/hikoki-akkubohrmaschine\/\">Hikoki-Akkubohrmaschine<\/a> und einem Erdbohrer aus unserer <a href=\"https:\/\/www.eurogate-international.com\/de\/product\/erdbohrer-serie-cq303\/\">Serie CQ-303<\/a> haben Sie ein sch\u00f6nes Set, wenn Sie ab und zu ein Loch in den Boden bohren und weniger schwere Arbeiten ausf\u00fchren m\u00f6chten.<\/p>\n","protected":false},"featured_media":13099,"comment_status":"closed","ping_status":"closed","template":"","meta":{"_acf_changed":false},"product_cat":[3291],"product_tag":[],"class_list":{"0":"post-21392","1":"product","2":"type-product","3":"status-publish","4":"has-post-thumbnail","6":"product_brand-egi-de","7":"product_cat-zubehoer","9":"first","10":"instock","11":"taxable","12":"shipping-taxable","13":"purchasable","14":"product-type-simple"},"acf":[],"yoast_head":"<!-- This site is optimized with the Yoast SEO plugin v27.3 - https:\/\/yoast.com\/product\/yoast-seo-wordpress\/ -->\n<title>Bohradapter 7\/16&quot;-Bohreinsatz auf 20 mm | EuroGate International<\/title>\n<meta name=\"robots\" content=\"index, follow, max-snippet:-1, max-image-preview:large, max-video-preview:-1\" \/>\n<link rel=\"canonical\" href=\"https:\/\/www.eurogate-international.com\/de\/product\/bohradapter-7-16-bohreinsatz-auf-20-mm\/\" \/>\n<meta property=\"og:locale\" content=\"de_DE\" \/>\n<meta property=\"og:type\" content=\"article\" \/>\n<meta property=\"og:title\" content=\"Bohradapter 7\/16&quot;-Bohreinsatz auf 20 mm | EuroGate International\" \/>\n<meta property=\"og:description\" content=\"Bohradapter 7\/16&quot;-Bohreinsatz auf 20 mm Mit einer elektrischen (Akku-)Bohrmaschine L\u00f6cher in den Boden bohren, das ist m\u00f6glich! Dieser professionelle Adapter macht es m\u00f6glich, Ihre eigene elektrische Bohrmaschine in eine Erdbohrmaschine zu verwandeln. Nachdem Sie den Adapter in die Bohrmaschine eingespannt und den Bohrer aufgesetzt haben, k\u00f6nnen Sie sofort loslegen. In Kombination mit unserer Hikoki-Akkubohrmaschine und einem Erdbohrer aus unserer Serie CQ-303 haben Sie ein sch\u00f6nes Set, wenn Sie ab und zu ein Loch in den Boden bohren und weniger schwere Arbeiten ausf\u00fchren m\u00f6chten.\" \/>\n<meta property=\"og:url\" content=\"https:\/\/www.eurogate-international.com\/de\/product\/bohradapter-7-16-bohreinsatz-auf-20-mm\/\" \/>\n<meta property=\"og:site_name\" content=\"EuroGate International\" \/>\n<meta property=\"article:publisher\" content=\"https:\/\/www.facebook.com\/EuroGateInternational\/\" \/>\n<meta property=\"article:modified_time\" content=\"2024-04-04T08:34:43+00:00\" \/>\n<meta property=\"og:image\" content=\"https:\/\/www.eurogate-international.com\/wp-content\/uploads\/2021\/12\/drillbit_3ddr4.png\" \/>\n\t<meta property=\"og:image:width\" content=\"1680\" \/>\n\t<meta property=\"og:image:height\" content=\"1730\" \/>\n\t<meta property=\"og:image:type\" content=\"image\/png\" \/>\n<meta name=\"twitter:card\" content=\"summary_large_image\" \/>\n<meta name=\"twitter:label1\" content=\"Gesch\u00e4tzte Lesezeit\" \/>\n\t<meta name=\"twitter:data1\" content=\"2 Minuten\" \/>\n<!-- \/ Yoast SEO plugin. -->","yoast_head_json":{"title":"Bohradapter 7\/16\"-Bohreinsatz auf 20 mm | EuroGate International","robots":{"index":"index","follow":"follow","max-snippet":"max-snippet:-1","max-image-preview":"max-image-preview:large","max-video-preview":"max-video-preview:-1"},"canonical":"https:\/\/www.eurogate-international.com\/de\/product\/bohradapter-7-16-bohreinsatz-auf-20-mm\/","og_locale":"de_DE","og_type":"article","og_title":"Bohradapter 7\/16\"-Bohreinsatz auf 20 mm | EuroGate International","og_description":"Bohradapter 7\/16\"-Bohreinsatz auf 20 mm Mit einer elektrischen (Akku-)Bohrmaschine L\u00f6cher in den Boden bohren, das ist m\u00f6glich! Dieser professionelle Adapter macht es m\u00f6glich, Ihre eigene elektrische Bohrmaschine in eine Erdbohrmaschine zu verwandeln. Nachdem Sie den Adapter in die Bohrmaschine eingespannt und den Bohrer aufgesetzt haben, k\u00f6nnen Sie sofort loslegen. In Kombination mit unserer Hikoki-Akkubohrmaschine und einem Erdbohrer aus unserer Serie CQ-303 haben Sie ein sch\u00f6nes Set, wenn Sie ab und zu ein Loch in den Boden bohren und weniger schwere Arbeiten ausf\u00fchren m\u00f6chten.","og_url":"https:\/\/www.eurogate-international.com\/de\/product\/bohradapter-7-16-bohreinsatz-auf-20-mm\/","og_site_name":"EuroGate International","article_publisher":"https:\/\/www.facebook.com\/EuroGateInternational\/","article_modified_time":"2024-04-04T08:34:43+00:00","og_image":[{"width":1680,"height":1730,"url":"https:\/\/www.eurogate-international.com\/wp-content\/uploads\/2021\/12\/drillbit_3ddr4.png","type":"image\/png"}],"twitter_card":"summary_large_image","twitter_misc":{"Gesch\u00e4tzte Lesezeit":"2 Minuten"},"schema":{"@context":"https:\/\/schema.org","@graph":[{"@type":"WebPage","@id":"https:\/\/www.eurogate-international.com\/de\/product\/bohradapter-7-16-bohreinsatz-auf-20-mm\/","url":"https:\/\/www.eurogate-international.com\/de\/product\/bohradapter-7-16-bohreinsatz-auf-20-mm\/","name":"Bohradapter 7\/16\"-Bohreinsatz auf 20 mm | EuroGate International","isPartOf":{"@id":"https:\/\/www.eurogate-international.com\/de\/#website"},"primaryImageOfPage":{"@id":"https:\/\/www.eurogate-international.com\/de\/product\/bohradapter-7-16-bohreinsatz-auf-20-mm\/#primaryimage"},"image":{"@id":"https:\/\/www.eurogate-international.com\/de\/product\/bohradapter-7-16-bohreinsatz-auf-20-mm\/#primaryimage"},"thumbnailUrl":"https:\/\/www.eurogate-international.com\/wp-content\/uploads\/2021\/12\/drillbit_3ddr4.png","datePublished":"2021-12-09T14:14:42+00:00","dateModified":"2024-04-04T08:34:43+00:00","breadcrumb":{"@id":"https:\/\/www.eurogate-international.com\/de\/product\/bohradapter-7-16-bohreinsatz-auf-20-mm\/#breadcrumb"},"inLanguage":"de-DE","potentialAction":[{"@type":"ReadAction","target":["https:\/\/www.eurogate-international.com\/de\/product\/bohradapter-7-16-bohreinsatz-auf-20-mm\/"]}]},{"@type":"ImageObject","inLanguage":"de-DE","@id":"https:\/\/www.eurogate-international.com\/de\/product\/bohradapter-7-16-bohreinsatz-auf-20-mm\/#primaryimage","url":"https:\/\/www.eurogate-international.com\/wp-content\/uploads\/2021\/12\/drillbit_3ddr4.png","contentUrl":"https:\/\/www.eurogate-international.com\/wp-content\/uploads\/2021\/12\/drillbit_3ddr4.png","width":1680,"height":1730},{"@type":"BreadcrumbList","@id":"https:\/\/www.eurogate-international.com\/de\/product\/bohradapter-7-16-bohreinsatz-auf-20-mm\/#breadcrumb","itemListElement":[{"@type":"ListItem","position":1,"name":"Home","item":"https:\/\/www.eurogate-international.com\/de\/"},{"@type":"ListItem","position":2,"name":"Shop","item":"https:\/\/www.eurogate-international.com\/de\/shop-2\/"},{"@type":"ListItem","position":3,"name":"Bohradapter 7\/16&#8243;-Bohreinsatz auf 20 mm"}]},{"@type":"WebSite","@id":"https:\/\/www.eurogate-international.com\/de\/#website","url":"https:\/\/www.eurogate-international.com\/de\/","name":"EuroGate International","description":"D\u00e9 onafhankelijke Europese verkooporganisatie van machines","publisher":{"@id":"https:\/\/www.eurogate-international.com\/de\/#organization"},"potentialAction":[{"@type":"SearchAction","target":{"@type":"EntryPoint","urlTemplate":"https:\/\/www.eurogate-international.com\/de\/?s={search_term_string}"},"query-input":{"@type":"PropertyValueSpecification","valueRequired":true,"valueName":"search_term_string"}}],"inLanguage":"de-DE"},{"@type":"Organization","@id":"https:\/\/www.eurogate-international.com\/de\/#organization","name":"EuroGate International","url":"https:\/\/www.eurogate-international.com\/de\/","logo":{"@type":"ImageObject","inLanguage":"de-DE","@id":"https:\/\/www.eurogate-international.com\/de\/#\/schema\/logo\/image\/","url":"https:\/\/www.eurogate-international.com\/wp-content\/uploads\/2020\/06\/Logo_EuroGateInternational2.png","contentUrl":"https:\/\/www.eurogate-international.com\/wp-content\/uploads\/2020\/06\/Logo_EuroGateInternational2.png","width":150,"height":148,"caption":"EuroGate International"},"image":{"@id":"https:\/\/www.eurogate-international.com\/de\/#\/schema\/logo\/image\/"},"sameAs":["https:\/\/www.facebook.com\/EuroGateInternational\/","https:\/\/nl.linkedin.com\/company\/eurogate-international"]}]}},"jetpack_sharing_enabled":true,"_links":{"self":[{"href":"https:\/\/www.eurogate-international.com\/de\/wp-json\/wp\/v2\/product\/21392","targetHints":{"allow":["GET"]}}],"collection":[{"href":"https:\/\/www.eurogate-international.com\/de\/wp-json\/wp\/v2\/product"}],"about":[{"href":"https:\/\/www.eurogate-international.com\/de\/wp-json\/wp\/v2\/types\/product"}],"replies":[{"embeddable":true,"href":"https:\/\/www.eurogate-international.com\/de\/wp-json\/wp\/v2\/comments?post=21392"}],"version-history":[{"count":0,"href":"https:\/\/www.eurogate-international.com\/de\/wp-json\/wp\/v2\/product\/21392\/revisions"}],"wp:featuredmedia":[{"embeddable":true,"href":"https:\/\/www.eurogate-international.com\/de\/wp-json\/wp\/v2\/media\/13099"}],"wp:attachment":[{"href":"https:\/\/www.eurogate-international.com\/de\/wp-json\/wp\/v2\/media?parent=21392"}],"wp:term":[{"taxonomy":"product_cat","embeddable":true,"href":"https:\/\/www.eurogate-international.com\/de\/wp-json\/wp\/v2\/product_cat?post=21392"},{"taxonomy":"product_tag","embeddable":true,"href":"https:\/\/www.eurogate-international.com\/de\/wp-json\/wp\/v2\/product_tag?post=21392"}],"curies":[{"name":"wp","href":"https:\/\/api.w.org\/{rel}","templated":true}]}}