{"id":21394,"date":"2020-12-02T09:16:17","date_gmt":"2020-12-02T08:16:17","guid":{"rendered":"https:\/\/www.eurogate-international.com\/product\/stihl-bt-adapter-auf-runden-anschluss-20mm\/"},"modified":"2024-08-14T09:06:52","modified_gmt":"2024-08-14T08:06:52","slug":"stihl-bt-adapter-auf-runden-anschluss-20mm","status":"publish","type":"product","link":"https:\/\/www.eurogate-international.com\/de\/product\/stihl-bt-adapter-auf-runden-anschluss-20mm\/","title":{"rendered":"Stihl BT-Adapter auf runden Anschluss 20mm"},"excerpt":{"rendered":"<h2>Stihl BT-Adapter auf runden Anschluss 20mm<\/h2>\n<p>Mit diesem speziell f\u00fcr STIHL-Erdbohrmaschinen entwickelten Adapter k\u00f6nnen Sie eine Reihe von hervorragenden Erdbohrern verwenden, die normalerweise f\u00fcr unsere CQ303-Serie geeignet sind. Dies ist m\u00f6glich, weil die (Stern)Kupplung des STIHL-Erdbohrers in eine runde 20-mm-Kupplung umgewandelt wird. Mit dieser Kupplung k\u00f6nnen Sie eine Verbindung herstellen, die es Ihnen erm\u00f6glicht, unsere Bohrerserie CQ303 m\u00fchelos an Ihrer STIHL-Maschine zu benutzen.<\/p>\n","protected":false},"featured_media":11240,"comment_status":"closed","ping_status":"closed","template":"","meta":{"_acf_changed":false},"product_cat":[3291],"product_tag":[],"class_list":{"0":"post-21394","1":"product","2":"type-product","3":"status-publish","4":"has-post-thumbnail","6":"product_brand-egi-de","7":"product_cat-zubehoer","9":"first","10":"instock","11":"taxable","12":"shipping-taxable","13":"purchasable","14":"product-type-simple"},"acf":[],"yoast_head":"<!-- This site is optimized with the Yoast SEO plugin v27.5 - https:\/\/yoast.com\/product\/yoast-seo-wordpress\/ -->\n<title>Stihl BT-Adapter auf runden Anschluss 20mm | EuroGate International<\/title>\n<meta name=\"description\" content=\"STIHL Erdbohrer-Adapter, STIHL Keilverzahnung (Stern)-Verbindung auf 20 mm Rund\" \/>\n<meta name=\"robots\" content=\"index, follow, max-snippet:-1, max-image-preview:large, max-video-preview:-1\" \/>\n<link rel=\"canonical\" href=\"https:\/\/www.eurogate-international.com\/de\/product\/stihl-bt-adapter-auf-runden-anschluss-20mm\/\" \/>\n<meta property=\"og:locale\" content=\"de_DE\" \/>\n<meta property=\"og:type\" content=\"article\" \/>\n<meta property=\"og:title\" content=\"Stihl BT-Adapter auf runden Anschluss 20mm | EuroGate International\" \/>\n<meta property=\"og:description\" content=\"STIHL Erdbohrer-Adapter, STIHL Keilverzahnung (Stern)-Verbindung auf 20 mm Rund\" \/>\n<meta property=\"og:url\" content=\"https:\/\/www.eurogate-international.com\/de\/product\/stihl-bt-adapter-auf-runden-anschluss-20mm\/\" \/>\n<meta property=\"og:site_name\" content=\"EuroGate International\" \/>\n<meta property=\"article:publisher\" content=\"https:\/\/www.facebook.com\/EuroGateInternational\/\" \/>\n<meta property=\"article:modified_time\" content=\"2024-08-14T08:06:52+00:00\" \/>\n<meta property=\"og:image\" content=\"https:\/\/www.eurogate-international.com\/wp-content\/uploads\/2020\/12\/Adapter_Stihl_boren.png\" \/>\n\t<meta property=\"og:image:width\" content=\"1500\" \/>\n\t<meta property=\"og:image:height\" content=\"1500\" \/>\n\t<meta property=\"og:image:type\" content=\"image\/png\" \/>\n<meta name=\"twitter:card\" content=\"summary_large_image\" \/>\n<meta name=\"twitter:label1\" content=\"Gesch\u00e4tzte Lesezeit\" \/>\n\t<meta name=\"twitter:data1\" content=\"1 Minute\" \/>\n<!-- \/ Yoast SEO plugin. -->","yoast_head_json":{"title":"Stihl BT-Adapter auf runden Anschluss 20mm | EuroGate International","description":"STIHL Erdbohrer-Adapter, STIHL Keilverzahnung (Stern)-Verbindung auf 20 mm Rund","robots":{"index":"index","follow":"follow","max-snippet":"max-snippet:-1","max-image-preview":"max-image-preview:large","max-video-preview":"max-video-preview:-1"},"canonical":"https:\/\/www.eurogate-international.com\/de\/product\/stihl-bt-adapter-auf-runden-anschluss-20mm\/","og_locale":"de_DE","og_type":"article","og_title":"Stihl BT-Adapter auf runden Anschluss 20mm | EuroGate International","og_description":"STIHL Erdbohrer-Adapter, STIHL Keilverzahnung (Stern)-Verbindung auf 20 mm Rund","og_url":"https:\/\/www.eurogate-international.com\/de\/product\/stihl-bt-adapter-auf-runden-anschluss-20mm\/","og_site_name":"EuroGate International","article_publisher":"https:\/\/www.facebook.com\/EuroGateInternational\/","article_modified_time":"2024-08-14T08:06:52+00:00","og_image":[{"width":1500,"height":1500,"url":"https:\/\/www.eurogate-international.com\/wp-content\/uploads\/2020\/12\/Adapter_Stihl_boren.png","type":"image\/png"}],"twitter_card":"summary_large_image","twitter_misc":{"Gesch\u00e4tzte Lesezeit":"1 Minute"},"schema":{"@context":"https:\/\/schema.org","@graph":[{"@type":"WebPage","@id":"https:\/\/www.eurogate-international.com\/de\/product\/stihl-bt-adapter-auf-runden-anschluss-20mm\/","url":"https:\/\/www.eurogate-international.com\/de\/product\/stihl-bt-adapter-auf-runden-anschluss-20mm\/","name":"Stihl BT-Adapter auf runden Anschluss 20mm | EuroGate International","isPartOf":{"@id":"https:\/\/www.eurogate-international.com\/de\/#website"},"primaryImageOfPage":{"@id":"https:\/\/www.eurogate-international.com\/de\/product\/stihl-bt-adapter-auf-runden-anschluss-20mm\/#primaryimage"},"image":{"@id":"https:\/\/www.eurogate-international.com\/de\/product\/stihl-bt-adapter-auf-runden-anschluss-20mm\/#primaryimage"},"thumbnailUrl":"https:\/\/www.eurogate-international.com\/wp-content\/uploads\/2020\/12\/Adapter_Stihl_boren.png","datePublished":"2020-12-02T08:16:17+00:00","dateModified":"2024-08-14T08:06:52+00:00","description":"STIHL Erdbohrer-Adapter, STIHL Keilverzahnung (Stern)-Verbindung auf 20 mm Rund","breadcrumb":{"@id":"https:\/\/www.eurogate-international.com\/de\/product\/stihl-bt-adapter-auf-runden-anschluss-20mm\/#breadcrumb"},"inLanguage":"de-DE","potentialAction":[{"@type":"ReadAction","target":["https:\/\/www.eurogate-international.com\/de\/product\/stihl-bt-adapter-auf-runden-anschluss-20mm\/"]}]},{"@type":"ImageObject","inLanguage":"de-DE","@id":"https:\/\/www.eurogate-international.com\/de\/product\/stihl-bt-adapter-auf-runden-anschluss-20mm\/#primaryimage","url":"https:\/\/www.eurogate-international.com\/wp-content\/uploads\/2020\/12\/Adapter_Stihl_boren.png","contentUrl":"https:\/\/www.eurogate-international.com\/wp-content\/uploads\/2020\/12\/Adapter_Stihl_boren.png","width":1500,"height":1500},{"@type":"BreadcrumbList","@id":"https:\/\/www.eurogate-international.com\/de\/product\/stihl-bt-adapter-auf-runden-anschluss-20mm\/#breadcrumb","itemListElement":[{"@type":"ListItem","position":1,"name":"Home","item":"https:\/\/www.eurogate-international.com\/de\/"},{"@type":"ListItem","position":2,"name":"Shop","item":"https:\/\/www.eurogate-international.com\/de\/shop-2\/"},{"@type":"ListItem","position":3,"name":"Stihl BT-Adapter auf runden Anschluss 20mm"}]},{"@type":"WebSite","@id":"https:\/\/www.eurogate-international.com\/de\/#website","url":"https:\/\/www.eurogate-international.com\/de\/","name":"EuroGate International","description":"D\u00e9 onafhankelijke Europese verkooporganisatie van machines","publisher":{"@id":"https:\/\/www.eurogate-international.com\/de\/#organization"},"potentialAction":[{"@type":"SearchAction","target":{"@type":"EntryPoint","urlTemplate":"https:\/\/www.eurogate-international.com\/de\/?s={search_term_string}"},"query-input":{"@type":"PropertyValueSpecification","valueRequired":true,"valueName":"search_term_string"}}],"inLanguage":"de-DE"},{"@type":"Organization","@id":"https:\/\/www.eurogate-international.com\/de\/#organization","name":"EuroGate International","url":"https:\/\/www.eurogate-international.com\/de\/","logo":{"@type":"ImageObject","inLanguage":"de-DE","@id":"https:\/\/www.eurogate-international.com\/de\/#\/schema\/logo\/image\/","url":"https:\/\/www.eurogate-international.com\/wp-content\/uploads\/2020\/06\/Logo_EuroGateInternational2.png","contentUrl":"https:\/\/www.eurogate-international.com\/wp-content\/uploads\/2020\/06\/Logo_EuroGateInternational2.png","width":150,"height":148,"caption":"EuroGate International"},"image":{"@id":"https:\/\/www.eurogate-international.com\/de\/#\/schema\/logo\/image\/"},"sameAs":["https:\/\/www.facebook.com\/EuroGateInternational\/","https:\/\/nl.linkedin.com\/company\/eurogate-international"]}]}},"jetpack_sharing_enabled":true,"_links":{"self":[{"href":"https:\/\/www.eurogate-international.com\/de\/wp-json\/wp\/v2\/product\/21394","targetHints":{"allow":["GET"]}}],"collection":[{"href":"https:\/\/www.eurogate-international.com\/de\/wp-json\/wp\/v2\/product"}],"about":[{"href":"https:\/\/www.eurogate-international.com\/de\/wp-json\/wp\/v2\/types\/product"}],"replies":[{"embeddable":true,"href":"https:\/\/www.eurogate-international.com\/de\/wp-json\/wp\/v2\/comments?post=21394"}],"version-history":[{"count":0,"href":"https:\/\/www.eurogate-international.com\/de\/wp-json\/wp\/v2\/product\/21394\/revisions"}],"wp:featuredmedia":[{"embeddable":true,"href":"https:\/\/www.eurogate-international.com\/de\/wp-json\/wp\/v2\/media\/11240"}],"wp:attachment":[{"href":"https:\/\/www.eurogate-international.com\/de\/wp-json\/wp\/v2\/media?parent=21394"}],"wp:term":[{"taxonomy":"product_cat","embeddable":true,"href":"https:\/\/www.eurogate-international.com\/de\/wp-json\/wp\/v2\/product_cat?post=21394"},{"taxonomy":"product_tag","embeddable":true,"href":"https:\/\/www.eurogate-international.com\/de\/wp-json\/wp\/v2\/product_tag?post=21394"}],"curies":[{"name":"wp","href":"https:\/\/api.w.org\/{rel}","templated":true}]}}