{"id":21408,"date":"2022-01-03T14:01:35","date_gmt":"2022-01-03T13:01:35","guid":{"rendered":"https:\/\/www.eurogate-international.com\/product\/aspen-4-5-liter\/"},"modified":"2024-04-04T12:17:08","modified_gmt":"2024-04-04T11:17:08","slug":"aspen-4-5-liter","status":"publish","type":"product","link":"https:\/\/www.eurogate-international.com\/de\/product\/aspen-4-5-liter\/","title":{"rendered":"Aspen 4 (5 Liter)"},"excerpt":{"rendered":"<h2>Sauberes Alkylatbenzin f\u00fcr Viertaktmotoren<\/h2>\n<p>Aspen 4 ist ein Alkylatbenzin f\u00fcr alle unsere Maschinen mit Viertaktmotor. Dank der sauberen Verbrennung von Aspen 4 sind die Abgase weniger gesundheitssch\u00e4dlich. Au\u00dferdem bleibt der Motor sauberer, was f\u00fcr bessere Leistungen und l\u00e4ngere Lebensdauer Ihrer Maschine sorgt. Aspen 4 kann \u00fcber Jahre hinweg gelagert werden und beh\u00e4lt seine Qualit\u00e4t!<\/p>\n<p>Zu verwenden in 4-Takt-Maschinen, einschlie\u00dflich unserer Pfahlrammen und Erdbohrmaschinen.<\/p>\n<p><strong>Die Vorteile von Aspen 4<\/strong><\/p>\n<ul>\n<li>Ihre Maschine springt immer an<\/li>\n<li>Aspen ist jahrelang haltbar<\/li>\n<li>Praktisch geruchlos<\/li>\n<li>Geringerer Wartungsaufwand und l\u00e4ngere Lebensdauer Ihres Erdbohrers oder Ihrer Pfahlramme<\/li>\n<li>Weniger sch\u00e4dlich f\u00fcr die Umwelt als Euro95<\/li>\n<\/ul>\n<p><strong>Achtung: Versand nicht m\u00f6glich \u2013 Nur zur Abholung in Dedemsvaart<\/strong><\/p>\n","protected":false},"featured_media":13214,"comment_status":"closed","ping_status":"closed","template":"","meta":{"_acf_changed":false},"product_cat":[3291,3332],"product_tag":[],"class_list":{"0":"post-21408","1":"product","2":"type-product","3":"status-publish","4":"has-post-thumbnail","6":"product_brand-egi-de","7":"product_cat-zubehoer","8":"product_cat-zubehoer-de","10":"first","11":"instock","12":"taxable","13":"shipping-taxable","14":"purchasable","15":"product-type-simple"},"acf":[],"yoast_head":"<!-- This site is optimized with the Yoast SEO plugin v27.5 - https:\/\/yoast.com\/product\/yoast-seo-wordpress\/ -->\n<title>Aspen 4 (5 Liter) | EuroGate International<\/title>\n<meta name=\"robots\" content=\"index, follow, max-snippet:-1, max-image-preview:large, max-video-preview:-1\" \/>\n<link rel=\"canonical\" href=\"https:\/\/www.eurogate-international.com\/de\/product\/aspen-4-5-liter\/\" \/>\n<meta property=\"og:locale\" content=\"de_DE\" \/>\n<meta property=\"og:type\" content=\"article\" \/>\n<meta property=\"og:title\" content=\"Aspen 4 (5 Liter) | EuroGate International\" \/>\n<meta property=\"og:description\" content=\"Sauberes Alkylatbenzin f\u00fcr Viertaktmotoren Aspen 4 ist ein Alkylatbenzin f\u00fcr alle unsere Maschinen mit Viertaktmotor. Dank der sauberen Verbrennung von Aspen 4 sind die Abgase weniger gesundheitssch\u00e4dlich. Au\u00dferdem bleibt der Motor sauberer, was f\u00fcr bessere Leistungen und l\u00e4ngere Lebensdauer Ihrer Maschine sorgt. Aspen 4 kann \u00fcber Jahre hinweg gelagert werden und beh\u00e4lt seine Qualit\u00e4t!  Zu verwenden in 4-Takt-Maschinen, einschlie\u00dflich unserer Pfahlrammen und Erdbohrmaschinen.  Die Vorteile von Aspen 4   Ihre Maschine springt immer an  Aspen ist jahrelang haltbar  Praktisch geruchlos  Geringerer Wartungsaufwand und l\u00e4ngere Lebensdauer Ihres Erdbohrers oder Ihrer Pfahlramme  Weniger sch\u00e4dlich f\u00fcr die Umwelt als Euro95  Achtung: Versand nicht m\u00f6glich \u2013 Nur zur Abholung in Dedemsvaart\" \/>\n<meta property=\"og:url\" content=\"https:\/\/www.eurogate-international.com\/de\/product\/aspen-4-5-liter\/\" \/>\n<meta property=\"og:site_name\" content=\"EuroGate International\" \/>\n<meta property=\"article:publisher\" content=\"https:\/\/www.facebook.com\/EuroGateInternational\/\" \/>\n<meta property=\"article:modified_time\" content=\"2024-04-04T11:17:08+00:00\" \/>\n<meta property=\"og:image\" content=\"https:\/\/www.eurogate-international.com\/wp-content\/uploads\/2022\/01\/Aspen4_brandstof_EG-1.png\" \/>\n\t<meta property=\"og:image:width\" content=\"498\" \/>\n\t<meta property=\"og:image:height\" content=\"750\" \/>\n\t<meta property=\"og:image:type\" content=\"image\/png\" \/>\n<meta name=\"twitter:card\" content=\"summary_large_image\" \/>\n<meta name=\"twitter:label1\" content=\"Gesch\u00e4tzte Lesezeit\" \/>\n\t<meta name=\"twitter:data1\" content=\"1 Minute\" \/>\n<!-- \/ Yoast SEO plugin. -->","yoast_head_json":{"title":"Aspen 4 (5 Liter) | EuroGate International","robots":{"index":"index","follow":"follow","max-snippet":"max-snippet:-1","max-image-preview":"max-image-preview:large","max-video-preview":"max-video-preview:-1"},"canonical":"https:\/\/www.eurogate-international.com\/de\/product\/aspen-4-5-liter\/","og_locale":"de_DE","og_type":"article","og_title":"Aspen 4 (5 Liter) | EuroGate International","og_description":"Sauberes Alkylatbenzin f\u00fcr Viertaktmotoren Aspen 4 ist ein Alkylatbenzin f\u00fcr alle unsere Maschinen mit Viertaktmotor. Dank der sauberen Verbrennung von Aspen 4 sind die Abgase weniger gesundheitssch\u00e4dlich. Au\u00dferdem bleibt der Motor sauberer, was f\u00fcr bessere Leistungen und l\u00e4ngere Lebensdauer Ihrer Maschine sorgt. Aspen 4 kann \u00fcber Jahre hinweg gelagert werden und beh\u00e4lt seine Qualit\u00e4t!  Zu verwenden in 4-Takt-Maschinen, einschlie\u00dflich unserer Pfahlrammen und Erdbohrmaschinen.  Die Vorteile von Aspen 4   Ihre Maschine springt immer an  Aspen ist jahrelang haltbar  Praktisch geruchlos  Geringerer Wartungsaufwand und l\u00e4ngere Lebensdauer Ihres Erdbohrers oder Ihrer Pfahlramme  Weniger sch\u00e4dlich f\u00fcr die Umwelt als Euro95  Achtung: Versand nicht m\u00f6glich \u2013 Nur zur Abholung in Dedemsvaart","og_url":"https:\/\/www.eurogate-international.com\/de\/product\/aspen-4-5-liter\/","og_site_name":"EuroGate International","article_publisher":"https:\/\/www.facebook.com\/EuroGateInternational\/","article_modified_time":"2024-04-04T11:17:08+00:00","og_image":[{"width":498,"height":750,"url":"https:\/\/www.eurogate-international.com\/wp-content\/uploads\/2022\/01\/Aspen4_brandstof_EG-1.png","type":"image\/png"}],"twitter_card":"summary_large_image","twitter_misc":{"Gesch\u00e4tzte Lesezeit":"1 Minute"},"schema":{"@context":"https:\/\/schema.org","@graph":[{"@type":"WebPage","@id":"https:\/\/www.eurogate-international.com\/de\/product\/aspen-4-5-liter\/","url":"https:\/\/www.eurogate-international.com\/de\/product\/aspen-4-5-liter\/","name":"Aspen 4 (5 Liter) | EuroGate International","isPartOf":{"@id":"https:\/\/www.eurogate-international.com\/de\/#website"},"primaryImageOfPage":{"@id":"https:\/\/www.eurogate-international.com\/de\/product\/aspen-4-5-liter\/#primaryimage"},"image":{"@id":"https:\/\/www.eurogate-international.com\/de\/product\/aspen-4-5-liter\/#primaryimage"},"thumbnailUrl":"https:\/\/www.eurogate-international.com\/wp-content\/uploads\/2022\/01\/Aspen4_brandstof_EG-1.png","datePublished":"2022-01-03T13:01:35+00:00","dateModified":"2024-04-04T11:17:08+00:00","breadcrumb":{"@id":"https:\/\/www.eurogate-international.com\/de\/product\/aspen-4-5-liter\/#breadcrumb"},"inLanguage":"de-DE","potentialAction":[{"@type":"ReadAction","target":["https:\/\/www.eurogate-international.com\/de\/product\/aspen-4-5-liter\/"]}]},{"@type":"ImageObject","inLanguage":"de-DE","@id":"https:\/\/www.eurogate-international.com\/de\/product\/aspen-4-5-liter\/#primaryimage","url":"https:\/\/www.eurogate-international.com\/wp-content\/uploads\/2022\/01\/Aspen4_brandstof_EG-1.png","contentUrl":"https:\/\/www.eurogate-international.com\/wp-content\/uploads\/2022\/01\/Aspen4_brandstof_EG-1.png","width":498,"height":750},{"@type":"BreadcrumbList","@id":"https:\/\/www.eurogate-international.com\/de\/product\/aspen-4-5-liter\/#breadcrumb","itemListElement":[{"@type":"ListItem","position":1,"name":"Home","item":"https:\/\/www.eurogate-international.com\/de\/"},{"@type":"ListItem","position":2,"name":"Shop","item":"https:\/\/www.eurogate-international.com\/de\/shop-2\/"},{"@type":"ListItem","position":3,"name":"Aspen 4 (5 Liter)"}]},{"@type":"WebSite","@id":"https:\/\/www.eurogate-international.com\/de\/#website","url":"https:\/\/www.eurogate-international.com\/de\/","name":"EuroGate International","description":"D\u00e9 onafhankelijke Europese verkooporganisatie van machines","publisher":{"@id":"https:\/\/www.eurogate-international.com\/de\/#organization"},"potentialAction":[{"@type":"SearchAction","target":{"@type":"EntryPoint","urlTemplate":"https:\/\/www.eurogate-international.com\/de\/?s={search_term_string}"},"query-input":{"@type":"PropertyValueSpecification","valueRequired":true,"valueName":"search_term_string"}}],"inLanguage":"de-DE"},{"@type":"Organization","@id":"https:\/\/www.eurogate-international.com\/de\/#organization","name":"EuroGate International","url":"https:\/\/www.eurogate-international.com\/de\/","logo":{"@type":"ImageObject","inLanguage":"de-DE","@id":"https:\/\/www.eurogate-international.com\/de\/#\/schema\/logo\/image\/","url":"https:\/\/www.eurogate-international.com\/wp-content\/uploads\/2020\/06\/Logo_EuroGateInternational2.png","contentUrl":"https:\/\/www.eurogate-international.com\/wp-content\/uploads\/2020\/06\/Logo_EuroGateInternational2.png","width":150,"height":148,"caption":"EuroGate International"},"image":{"@id":"https:\/\/www.eurogate-international.com\/de\/#\/schema\/logo\/image\/"},"sameAs":["https:\/\/www.facebook.com\/EuroGateInternational\/","https:\/\/nl.linkedin.com\/company\/eurogate-international"]}]}},"jetpack_sharing_enabled":true,"_links":{"self":[{"href":"https:\/\/www.eurogate-international.com\/de\/wp-json\/wp\/v2\/product\/21408","targetHints":{"allow":["GET"]}}],"collection":[{"href":"https:\/\/www.eurogate-international.com\/de\/wp-json\/wp\/v2\/product"}],"about":[{"href":"https:\/\/www.eurogate-international.com\/de\/wp-json\/wp\/v2\/types\/product"}],"replies":[{"embeddable":true,"href":"https:\/\/www.eurogate-international.com\/de\/wp-json\/wp\/v2\/comments?post=21408"}],"version-history":[{"count":0,"href":"https:\/\/www.eurogate-international.com\/de\/wp-json\/wp\/v2\/product\/21408\/revisions"}],"wp:featuredmedia":[{"embeddable":true,"href":"https:\/\/www.eurogate-international.com\/de\/wp-json\/wp\/v2\/media\/13214"}],"wp:attachment":[{"href":"https:\/\/www.eurogate-international.com\/de\/wp-json\/wp\/v2\/media?parent=21408"}],"wp:term":[{"taxonomy":"product_cat","embeddable":true,"href":"https:\/\/www.eurogate-international.com\/de\/wp-json\/wp\/v2\/product_cat?post=21408"},{"taxonomy":"product_tag","embeddable":true,"href":"https:\/\/www.eurogate-international.com\/de\/wp-json\/wp\/v2\/product_tag?post=21408"}],"curies":[{"name":"wp","href":"https:\/\/api.w.org\/{rel}","templated":true}]}}