{"id":21430,"date":"2022-04-29T09:58:23","date_gmt":"2022-04-29T08:58:23","guid":{"rendered":"https:\/\/www.eurogate-international.com\/product\/bohrer-lagergestell\/"},"modified":"2024-04-04T13:35:29","modified_gmt":"2024-04-04T12:35:29","slug":"bohrer-lagergestell","status":"publish","type":"product","link":"https:\/\/www.eurogate-international.com\/de\/product\/bohrer-lagergestell\/","title":{"rendered":"Bohrer-Lagergestell"},"excerpt":{"rendered":"<h2>Sie m\u00f6chten Ihre hydraulische Bohreinheit und Ihre Bohrer schnell und einfach lagern und transportieren?<\/h2>\n<p>Dieses speziell f\u00fcr Digga und die g\u00e4ngigsten hydraulischen Bohreinheiten und Bohreranschl\u00fcsse konzipierte Bohrer-Lagergestell ist komplett aus verzinktem Stahl gefertigt. Mit einem Format von 108 x 118 x 168 cm und einem Leergewicht von 130 kg ist dieses Bohrer-Lagergestell hervorragend f\u00fcr den Transport und die Lagerung Ihrer hydraulischen Bohrers\u00e4tze geeignet.<\/p>\n<p>Stapelbar, anhebbar und mit L\u00f6ffel-\/Gabel-Anschluss ausgestattet. Geeignet f\u00fcr 6 Bohrer und\/oder Verl\u00e4ngerungen.<\/p>\n<p><strong>Format: 108 x 118 x 168 cm (LxBxH)<\/strong><\/p>\n<p><strong>Gewicht: 130 kg<\/strong><\/p>\n","protected":false},"featured_media":15478,"comment_status":"closed","ping_status":"closed","template":"","meta":{"_acf_changed":false},"product_cat":[3291],"product_tag":[3409],"class_list":{"0":"post-21430","1":"product","2":"type-product","3":"status-publish","4":"has-post-thumbnail","6":"product_brand-egi-de","7":"product_cat-zubehoer","8":"product_tag-digga-auger-de","10":"first","11":"instock","12":"taxable","13":"shipping-taxable","14":"purchasable","15":"product-type-simple"},"acf":[],"yoast_head":"<!-- This site is optimized with the Yoast SEO plugin v27.3 - https:\/\/yoast.com\/product\/yoast-seo-wordpress\/ -->\n<title>Bohrer-Lagergestell | EuroGate International<\/title>\n<meta name=\"robots\" content=\"index, follow, max-snippet:-1, max-image-preview:large, max-video-preview:-1\" \/>\n<link rel=\"canonical\" href=\"https:\/\/www.eurogate-international.com\/de\/product\/bohrer-lagergestell\/\" \/>\n<meta property=\"og:locale\" content=\"de_DE\" \/>\n<meta property=\"og:type\" content=\"article\" \/>\n<meta property=\"og:title\" content=\"Bohrer-Lagergestell | EuroGate International\" \/>\n<meta property=\"og:description\" content=\"Sie m\u00f6chten Ihre hydraulische Bohreinheit und Ihre Bohrer schnell und einfach lagern und transportieren? Dieses speziell f\u00fcr Digga und die g\u00e4ngigsten hydraulischen Bohreinheiten und Bohreranschl\u00fcsse konzipierte Bohrer-Lagergestell ist komplett aus verzinktem Stahl gefertigt. Mit einem Format von 108 x 118 x 168 cm und einem Leergewicht von 130 kg ist dieses Bohrer-Lagergestell hervorragend f\u00fcr den Transport und die Lagerung Ihrer hydraulischen Bohrers\u00e4tze geeignet.  Stapelbar, anhebbar und mit L\u00f6ffel-\/Gabel-Anschluss ausgestattet. Geeignet f\u00fcr 6 Bohrer und\/oder Verl\u00e4ngerungen.  Format: 108 x 118 x 168 cm (LxBxH)  Gewicht: 130 kg\" \/>\n<meta property=\"og:url\" content=\"https:\/\/www.eurogate-international.com\/de\/product\/bohrer-lagergestell\/\" \/>\n<meta property=\"og:site_name\" content=\"EuroGate International\" \/>\n<meta property=\"article:publisher\" content=\"https:\/\/www.facebook.com\/EuroGateInternational\/\" \/>\n<meta property=\"article:modified_time\" content=\"2024-04-04T12:35:29+00:00\" \/>\n<meta property=\"og:image\" content=\"https:\/\/www.eurogate-international.com\/wp-content\/uploads\/2022\/04\/Digga_product_transportbok_web3.png\" \/>\n\t<meta property=\"og:image:width\" content=\"963\" \/>\n\t<meta property=\"og:image:height\" content=\"942\" \/>\n\t<meta property=\"og:image:type\" content=\"image\/png\" \/>\n<meta name=\"twitter:card\" content=\"summary_large_image\" \/>\n<meta name=\"twitter:label1\" content=\"Gesch\u00e4tzte Lesezeit\" \/>\n\t<meta name=\"twitter:data1\" content=\"3 Minuten\" \/>\n<!-- \/ Yoast SEO plugin. -->","yoast_head_json":{"title":"Bohrer-Lagergestell | EuroGate International","robots":{"index":"index","follow":"follow","max-snippet":"max-snippet:-1","max-image-preview":"max-image-preview:large","max-video-preview":"max-video-preview:-1"},"canonical":"https:\/\/www.eurogate-international.com\/de\/product\/bohrer-lagergestell\/","og_locale":"de_DE","og_type":"article","og_title":"Bohrer-Lagergestell | EuroGate International","og_description":"Sie m\u00f6chten Ihre hydraulische Bohreinheit und Ihre Bohrer schnell und einfach lagern und transportieren? Dieses speziell f\u00fcr Digga und die g\u00e4ngigsten hydraulischen Bohreinheiten und Bohreranschl\u00fcsse konzipierte Bohrer-Lagergestell ist komplett aus verzinktem Stahl gefertigt. Mit einem Format von 108 x 118 x 168 cm und einem Leergewicht von 130 kg ist dieses Bohrer-Lagergestell hervorragend f\u00fcr den Transport und die Lagerung Ihrer hydraulischen Bohrers\u00e4tze geeignet.  Stapelbar, anhebbar und mit L\u00f6ffel-\/Gabel-Anschluss ausgestattet. Geeignet f\u00fcr 6 Bohrer und\/oder Verl\u00e4ngerungen.  Format: 108 x 118 x 168 cm (LxBxH)  Gewicht: 130 kg","og_url":"https:\/\/www.eurogate-international.com\/de\/product\/bohrer-lagergestell\/","og_site_name":"EuroGate International","article_publisher":"https:\/\/www.facebook.com\/EuroGateInternational\/","article_modified_time":"2024-04-04T12:35:29+00:00","og_image":[{"width":963,"height":942,"url":"https:\/\/www.eurogate-international.com\/wp-content\/uploads\/2022\/04\/Digga_product_transportbok_web3.png","type":"image\/png"}],"twitter_card":"summary_large_image","twitter_misc":{"Gesch\u00e4tzte Lesezeit":"3 Minuten"},"schema":{"@context":"https:\/\/schema.org","@graph":[{"@type":"WebPage","@id":"https:\/\/www.eurogate-international.com\/de\/product\/bohrer-lagergestell\/","url":"https:\/\/www.eurogate-international.com\/de\/product\/bohrer-lagergestell\/","name":"Bohrer-Lagergestell | EuroGate International","isPartOf":{"@id":"https:\/\/www.eurogate-international.com\/de\/#website"},"primaryImageOfPage":{"@id":"https:\/\/www.eurogate-international.com\/de\/product\/bohrer-lagergestell\/#primaryimage"},"image":{"@id":"https:\/\/www.eurogate-international.com\/de\/product\/bohrer-lagergestell\/#primaryimage"},"thumbnailUrl":"https:\/\/www.eurogate-international.com\/wp-content\/uploads\/2022\/04\/Digga_product_transportbok_web3.png","datePublished":"2022-04-29T08:58:23+00:00","dateModified":"2024-04-04T12:35:29+00:00","breadcrumb":{"@id":"https:\/\/www.eurogate-international.com\/de\/product\/bohrer-lagergestell\/#breadcrumb"},"inLanguage":"de-DE","potentialAction":[{"@type":"ReadAction","target":["https:\/\/www.eurogate-international.com\/de\/product\/bohrer-lagergestell\/"]}]},{"@type":"ImageObject","inLanguage":"de-DE","@id":"https:\/\/www.eurogate-international.com\/de\/product\/bohrer-lagergestell\/#primaryimage","url":"https:\/\/www.eurogate-international.com\/wp-content\/uploads\/2022\/04\/Digga_product_transportbok_web3.png","contentUrl":"https:\/\/www.eurogate-international.com\/wp-content\/uploads\/2022\/04\/Digga_product_transportbok_web3.png","width":963,"height":942},{"@type":"BreadcrumbList","@id":"https:\/\/www.eurogate-international.com\/de\/product\/bohrer-lagergestell\/#breadcrumb","itemListElement":[{"@type":"ListItem","position":1,"name":"Home","item":"https:\/\/www.eurogate-international.com\/de\/"},{"@type":"ListItem","position":2,"name":"Shop","item":"https:\/\/www.eurogate-international.com\/de\/shop-2\/"},{"@type":"ListItem","position":3,"name":"Bohrer-Lagergestell"}]},{"@type":"WebSite","@id":"https:\/\/www.eurogate-international.com\/de\/#website","url":"https:\/\/www.eurogate-international.com\/de\/","name":"EuroGate International","description":"D\u00e9 onafhankelijke Europese verkooporganisatie van machines","publisher":{"@id":"https:\/\/www.eurogate-international.com\/de\/#organization"},"potentialAction":[{"@type":"SearchAction","target":{"@type":"EntryPoint","urlTemplate":"https:\/\/www.eurogate-international.com\/de\/?s={search_term_string}"},"query-input":{"@type":"PropertyValueSpecification","valueRequired":true,"valueName":"search_term_string"}}],"inLanguage":"de-DE"},{"@type":"Organization","@id":"https:\/\/www.eurogate-international.com\/de\/#organization","name":"EuroGate International","url":"https:\/\/www.eurogate-international.com\/de\/","logo":{"@type":"ImageObject","inLanguage":"de-DE","@id":"https:\/\/www.eurogate-international.com\/de\/#\/schema\/logo\/image\/","url":"https:\/\/www.eurogate-international.com\/wp-content\/uploads\/2020\/06\/Logo_EuroGateInternational2.png","contentUrl":"https:\/\/www.eurogate-international.com\/wp-content\/uploads\/2020\/06\/Logo_EuroGateInternational2.png","width":150,"height":148,"caption":"EuroGate International"},"image":{"@id":"https:\/\/www.eurogate-international.com\/de\/#\/schema\/logo\/image\/"},"sameAs":["https:\/\/www.facebook.com\/EuroGateInternational\/","https:\/\/nl.linkedin.com\/company\/eurogate-international"]}]}},"jetpack_sharing_enabled":true,"_links":{"self":[{"href":"https:\/\/www.eurogate-international.com\/de\/wp-json\/wp\/v2\/product\/21430","targetHints":{"allow":["GET"]}}],"collection":[{"href":"https:\/\/www.eurogate-international.com\/de\/wp-json\/wp\/v2\/product"}],"about":[{"href":"https:\/\/www.eurogate-international.com\/de\/wp-json\/wp\/v2\/types\/product"}],"replies":[{"embeddable":true,"href":"https:\/\/www.eurogate-international.com\/de\/wp-json\/wp\/v2\/comments?post=21430"}],"version-history":[{"count":0,"href":"https:\/\/www.eurogate-international.com\/de\/wp-json\/wp\/v2\/product\/21430\/revisions"}],"wp:featuredmedia":[{"embeddable":true,"href":"https:\/\/www.eurogate-international.com\/de\/wp-json\/wp\/v2\/media\/15478"}],"wp:attachment":[{"href":"https:\/\/www.eurogate-international.com\/de\/wp-json\/wp\/v2\/media?parent=21430"}],"wp:term":[{"taxonomy":"product_cat","embeddable":true,"href":"https:\/\/www.eurogate-international.com\/de\/wp-json\/wp\/v2\/product_cat?post=21430"},{"taxonomy":"product_tag","embeddable":true,"href":"https:\/\/www.eurogate-international.com\/de\/wp-json\/wp\/v2\/product_tag?post=21430"}],"curies":[{"name":"wp","href":"https:\/\/api.w.org\/{rel}","templated":true}]}}