{"id":21448,"date":"2023-03-22T15:15:55","date_gmt":"2023-03-22T14:15:55","guid":{"rendered":"https:\/\/www.eurogate-international.com\/product\/ts-c-1-erdmeissel-a4\/"},"modified":"2024-04-05T09:31:21","modified_gmt":"2024-04-05T08:31:21","slug":"ts-c-1-erdmeissel-a4","status":"publish","type":"product","link":"https:\/\/www.eurogate-international.com\/de\/product\/ts-c-1-erdmeissel-a4\/","title":{"rendered":"TS-C-1 Erdmei\u00dfel A4"},"excerpt":{"rendered":"<h2>Verschlei\u00dfteile f\u00fcr die Digga-Erdbohrer der Serien A4<\/h2>\n<p>Diese Ersatzspitze ist f\u00fcr alle Bohrer der Serien A4 von Digga geeignet. Sie suchen nach anderen Verschlei\u00dfteilen f\u00fcr Ihre Digga-Erdbohrer? Schauen Sie sich <a href=\"https:\/\/www.eurogate-international.com\/de\/product-categorie\/erdbohrer\/verschleissteile\/\">hier<\/a> die komplette \u00dcbersicht an.<\/p>\n<p>&nbsp;<\/p>\n","protected":false},"featured_media":17536,"comment_status":"closed","ping_status":"closed","template":"","meta":{"_acf_changed":false},"product_cat":[3333],"product_tag":[],"class_list":{"0":"post-21448","1":"product","2":"type-product","3":"status-publish","4":"has-post-thumbnail","6":"product_brand-digga-de","7":"product_cat-verschleissteile","9":"first","10":"instock","11":"taxable","12":"shipping-taxable","13":"purchasable","14":"product-type-simple"},"acf":[],"yoast_head":"<!-- This site is optimized with the Yoast SEO plugin v27.3 - https:\/\/yoast.com\/product\/yoast-seo-wordpress\/ -->\n<title>TS-C-1 Erdmei\u00dfel A4 | EuroGate International<\/title>\n<meta name=\"robots\" content=\"index, follow, max-snippet:-1, max-image-preview:large, max-video-preview:-1\" \/>\n<link rel=\"canonical\" href=\"https:\/\/www.eurogate-international.com\/de\/product\/ts-c-1-erdmeissel-a4\/\" \/>\n<meta property=\"og:locale\" content=\"de_DE\" \/>\n<meta property=\"og:type\" content=\"article\" \/>\n<meta property=\"og:title\" content=\"TS-C-1 Erdmei\u00dfel A4 | EuroGate International\" \/>\n<meta property=\"og:description\" content=\"Verschlei\u00dfteile f\u00fcr die Digga-Erdbohrer der Serien A4 Diese Ersatzspitze ist f\u00fcr alle Bohrer der Serien A4 von Digga geeignet. Sie suchen nach anderen Verschlei\u00dfteilen f\u00fcr Ihre Digga-Erdbohrer? Schauen Sie sich hier die komplette \u00dcbersicht an.  &nbsp;\" \/>\n<meta property=\"og:url\" content=\"https:\/\/www.eurogate-international.com\/de\/product\/ts-c-1-erdmeissel-a4\/\" \/>\n<meta property=\"og:site_name\" content=\"EuroGate International\" \/>\n<meta property=\"article:publisher\" content=\"https:\/\/www.facebook.com\/EuroGateInternational\/\" \/>\n<meta property=\"article:modified_time\" content=\"2024-04-05T08:31:21+00:00\" \/>\n<meta property=\"og:image\" content=\"https:\/\/www.eurogate-international.com\/wp-content\/uploads\/2023\/03\/TSC-1.png\" \/>\n\t<meta property=\"og:image:width\" content=\"1668\" \/>\n\t<meta property=\"og:image:height\" content=\"1842\" \/>\n\t<meta property=\"og:image:type\" content=\"image\/png\" \/>\n<meta name=\"twitter:card\" content=\"summary_large_image\" \/>\n<meta name=\"twitter:label1\" content=\"Gesch\u00e4tzte Lesezeit\" \/>\n\t<meta name=\"twitter:data1\" content=\"1 Minute\" \/>\n<!-- \/ Yoast SEO plugin. -->","yoast_head_json":{"title":"TS-C-1 Erdmei\u00dfel A4 | EuroGate International","robots":{"index":"index","follow":"follow","max-snippet":"max-snippet:-1","max-image-preview":"max-image-preview:large","max-video-preview":"max-video-preview:-1"},"canonical":"https:\/\/www.eurogate-international.com\/de\/product\/ts-c-1-erdmeissel-a4\/","og_locale":"de_DE","og_type":"article","og_title":"TS-C-1 Erdmei\u00dfel A4 | EuroGate International","og_description":"Verschlei\u00dfteile f\u00fcr die Digga-Erdbohrer der Serien A4 Diese Ersatzspitze ist f\u00fcr alle Bohrer der Serien A4 von Digga geeignet. Sie suchen nach anderen Verschlei\u00dfteilen f\u00fcr Ihre Digga-Erdbohrer? Schauen Sie sich hier die komplette \u00dcbersicht an.  &nbsp;","og_url":"https:\/\/www.eurogate-international.com\/de\/product\/ts-c-1-erdmeissel-a4\/","og_site_name":"EuroGate International","article_publisher":"https:\/\/www.facebook.com\/EuroGateInternational\/","article_modified_time":"2024-04-05T08:31:21+00:00","og_image":[{"width":1668,"height":1842,"url":"https:\/\/www.eurogate-international.com\/wp-content\/uploads\/2023\/03\/TSC-1.png","type":"image\/png"}],"twitter_card":"summary_large_image","twitter_misc":{"Gesch\u00e4tzte Lesezeit":"1 Minute"},"schema":{"@context":"https:\/\/schema.org","@graph":[{"@type":"WebPage","@id":"https:\/\/www.eurogate-international.com\/de\/product\/ts-c-1-erdmeissel-a4\/","url":"https:\/\/www.eurogate-international.com\/de\/product\/ts-c-1-erdmeissel-a4\/","name":"TS-C-1 Erdmei\u00dfel A4 | EuroGate International","isPartOf":{"@id":"https:\/\/www.eurogate-international.com\/de\/#website"},"primaryImageOfPage":{"@id":"https:\/\/www.eurogate-international.com\/de\/product\/ts-c-1-erdmeissel-a4\/#primaryimage"},"image":{"@id":"https:\/\/www.eurogate-international.com\/de\/product\/ts-c-1-erdmeissel-a4\/#primaryimage"},"thumbnailUrl":"https:\/\/www.eurogate-international.com\/wp-content\/uploads\/2023\/03\/TSC-1.png","datePublished":"2023-03-22T14:15:55+00:00","dateModified":"2024-04-05T08:31:21+00:00","breadcrumb":{"@id":"https:\/\/www.eurogate-international.com\/de\/product\/ts-c-1-erdmeissel-a4\/#breadcrumb"},"inLanguage":"de-DE","potentialAction":[{"@type":"ReadAction","target":["https:\/\/www.eurogate-international.com\/de\/product\/ts-c-1-erdmeissel-a4\/"]}]},{"@type":"ImageObject","inLanguage":"de-DE","@id":"https:\/\/www.eurogate-international.com\/de\/product\/ts-c-1-erdmeissel-a4\/#primaryimage","url":"https:\/\/www.eurogate-international.com\/wp-content\/uploads\/2023\/03\/TSC-1.png","contentUrl":"https:\/\/www.eurogate-international.com\/wp-content\/uploads\/2023\/03\/TSC-1.png","width":1668,"height":1842},{"@type":"BreadcrumbList","@id":"https:\/\/www.eurogate-international.com\/de\/product\/ts-c-1-erdmeissel-a4\/#breadcrumb","itemListElement":[{"@type":"ListItem","position":1,"name":"Home","item":"https:\/\/www.eurogate-international.com\/de\/"},{"@type":"ListItem","position":2,"name":"Shop","item":"https:\/\/www.eurogate-international.com\/de\/shop-2\/"},{"@type":"ListItem","position":3,"name":"TS-C-1 Erdmei\u00dfel A4"}]},{"@type":"WebSite","@id":"https:\/\/www.eurogate-international.com\/de\/#website","url":"https:\/\/www.eurogate-international.com\/de\/","name":"EuroGate International","description":"D\u00e9 onafhankelijke Europese verkooporganisatie van machines","publisher":{"@id":"https:\/\/www.eurogate-international.com\/de\/#organization"},"potentialAction":[{"@type":"SearchAction","target":{"@type":"EntryPoint","urlTemplate":"https:\/\/www.eurogate-international.com\/de\/?s={search_term_string}"},"query-input":{"@type":"PropertyValueSpecification","valueRequired":true,"valueName":"search_term_string"}}],"inLanguage":"de-DE"},{"@type":"Organization","@id":"https:\/\/www.eurogate-international.com\/de\/#organization","name":"EuroGate International","url":"https:\/\/www.eurogate-international.com\/de\/","logo":{"@type":"ImageObject","inLanguage":"de-DE","@id":"https:\/\/www.eurogate-international.com\/de\/#\/schema\/logo\/image\/","url":"https:\/\/www.eurogate-international.com\/wp-content\/uploads\/2020\/06\/Logo_EuroGateInternational2.png","contentUrl":"https:\/\/www.eurogate-international.com\/wp-content\/uploads\/2020\/06\/Logo_EuroGateInternational2.png","width":150,"height":148,"caption":"EuroGate International"},"image":{"@id":"https:\/\/www.eurogate-international.com\/de\/#\/schema\/logo\/image\/"},"sameAs":["https:\/\/www.facebook.com\/EuroGateInternational\/","https:\/\/nl.linkedin.com\/company\/eurogate-international"]}]}},"jetpack_sharing_enabled":true,"_links":{"self":[{"href":"https:\/\/www.eurogate-international.com\/de\/wp-json\/wp\/v2\/product\/21448","targetHints":{"allow":["GET"]}}],"collection":[{"href":"https:\/\/www.eurogate-international.com\/de\/wp-json\/wp\/v2\/product"}],"about":[{"href":"https:\/\/www.eurogate-international.com\/de\/wp-json\/wp\/v2\/types\/product"}],"replies":[{"embeddable":true,"href":"https:\/\/www.eurogate-international.com\/de\/wp-json\/wp\/v2\/comments?post=21448"}],"version-history":[{"count":0,"href":"https:\/\/www.eurogate-international.com\/de\/wp-json\/wp\/v2\/product\/21448\/revisions"}],"wp:featuredmedia":[{"embeddable":true,"href":"https:\/\/www.eurogate-international.com\/de\/wp-json\/wp\/v2\/media\/17536"}],"wp:attachment":[{"href":"https:\/\/www.eurogate-international.com\/de\/wp-json\/wp\/v2\/media?parent=21448"}],"wp:term":[{"taxonomy":"product_cat","embeddable":true,"href":"https:\/\/www.eurogate-international.com\/de\/wp-json\/wp\/v2\/product_cat?post=21448"},{"taxonomy":"product_tag","embeddable":true,"href":"https:\/\/www.eurogate-international.com\/de\/wp-json\/wp\/v2\/product_tag?post=21448"}],"curies":[{"name":"wp","href":"https:\/\/api.w.org\/{rel}","templated":true}]}}