{"id":21456,"date":"2023-03-23T10:57:03","date_gmt":"2023-03-23T09:57:03","guid":{"rendered":"https:\/\/www.eurogate-international.com\/product\/ttd-3-rc-aussenzahn\/"},"modified":"2024-04-05T10:06:37","modified_gmt":"2024-04-05T09:06:37","slug":"ttd-3-rc-aussenzahn","status":"publish","type":"product","link":"https:\/\/www.eurogate-international.com\/de\/product\/ttd-3-rc-aussenzahn\/","title":{"rendered":"TTD-3 RC-Au\u00dfenzahn"},"excerpt":{"rendered":"<h2>Verschlei\u00dfteile f\u00fcr die Digga-Erdbohrer der Serie RC.<\/h2>\n<p>Der RC-Bohrer ist mit universell einsetzbaren Kegelz\u00e4hnen ausgestattet, die sich perfekt f\u00fcr kombiniertes Bohren unter allen Bedingungen eignen \u2013 von Erde bis zu mittelschwerem Gestein, wodurch jedes Mal ein sauber zu bearbeitendes Loch entsteht.<\/p>\n<p>&nbsp;<\/p>\n<p><strong>Auswechseln der Z\u00e4hne<\/strong><\/p>\n<p>Die RC-Z\u00e4hne lassen sich dank des ausgekl\u00fcgelten Knock-in-Knock-out-Verriegelungssystems von Digga leicht ein- und ausbauen, wodurch kein zus\u00e4tzliches Werkzeug zum Entfernen der Z\u00e4hne erforderlich ist.<\/p>\n<p>&nbsp;<\/p>\n","protected":false},"featured_media":17651,"comment_status":"closed","ping_status":"closed","template":"","meta":{"_acf_changed":false},"product_cat":[3333],"product_tag":[],"class_list":{"0":"post-21456","1":"product","2":"type-product","3":"status-publish","4":"has-post-thumbnail","6":"product_brand-digga-de","7":"product_cat-verschleissteile","9":"first","10":"instock","11":"taxable","12":"shipping-taxable","13":"purchasable","14":"product-type-simple"},"acf":[],"yoast_head":"<!-- This site is optimized with the Yoast SEO plugin v27.3 - https:\/\/yoast.com\/product\/yoast-seo-wordpress\/ -->\n<title>TTD-3 RC-Au\u00dfenzahn | EuroGate International<\/title>\n<meta name=\"robots\" content=\"index, follow, max-snippet:-1, max-image-preview:large, max-video-preview:-1\" \/>\n<link rel=\"canonical\" href=\"https:\/\/www.eurogate-international.com\/de\/product\/ttd-3-rc-aussenzahn\/\" \/>\n<meta property=\"og:locale\" content=\"de_DE\" \/>\n<meta property=\"og:type\" content=\"article\" \/>\n<meta property=\"og:title\" content=\"TTD-3 RC-Au\u00dfenzahn | EuroGate International\" \/>\n<meta property=\"og:description\" content=\"Verschlei\u00dfteile f\u00fcr die Digga-Erdbohrer der Serie RC. Der RC-Bohrer ist mit universell einsetzbaren Kegelz\u00e4hnen ausgestattet, die sich perfekt f\u00fcr kombiniertes Bohren unter allen Bedingungen eignen \u2013 von Erde bis zu mittelschwerem Gestein, wodurch jedes Mal ein sauber zu bearbeitendes Loch entsteht.  &nbsp;  Auswechseln der Z\u00e4hne  Die RC-Z\u00e4hne lassen sich dank des ausgekl\u00fcgelten Knock-in-Knock-out-Verriegelungssystems von Digga leicht ein- und ausbauen, wodurch kein zus\u00e4tzliches Werkzeug zum Entfernen der Z\u00e4hne erforderlich ist.  &nbsp;\" \/>\n<meta property=\"og:url\" content=\"https:\/\/www.eurogate-international.com\/de\/product\/ttd-3-rc-aussenzahn\/\" \/>\n<meta property=\"og:site_name\" content=\"EuroGate International\" \/>\n<meta property=\"article:publisher\" content=\"https:\/\/www.facebook.com\/EuroGateInternational\/\" \/>\n<meta property=\"article:modified_time\" content=\"2024-04-05T09:06:37+00:00\" \/>\n<meta property=\"og:image\" content=\"https:\/\/www.eurogate-international.com\/wp-content\/uploads\/2023\/03\/TTD.png\" \/>\n\t<meta property=\"og:image:width\" content=\"1501\" \/>\n\t<meta property=\"og:image:height\" content=\"1460\" \/>\n\t<meta property=\"og:image:type\" content=\"image\/png\" \/>\n<meta name=\"twitter:card\" content=\"summary_large_image\" \/>\n<meta name=\"twitter:label1\" content=\"Gesch\u00e4tzte Lesezeit\" \/>\n\t<meta name=\"twitter:data1\" content=\"1 Minute\" \/>\n<!-- \/ Yoast SEO plugin. -->","yoast_head_json":{"title":"TTD-3 RC-Au\u00dfenzahn | EuroGate International","robots":{"index":"index","follow":"follow","max-snippet":"max-snippet:-1","max-image-preview":"max-image-preview:large","max-video-preview":"max-video-preview:-1"},"canonical":"https:\/\/www.eurogate-international.com\/de\/product\/ttd-3-rc-aussenzahn\/","og_locale":"de_DE","og_type":"article","og_title":"TTD-3 RC-Au\u00dfenzahn | EuroGate International","og_description":"Verschlei\u00dfteile f\u00fcr die Digga-Erdbohrer der Serie RC. Der RC-Bohrer ist mit universell einsetzbaren Kegelz\u00e4hnen ausgestattet, die sich perfekt f\u00fcr kombiniertes Bohren unter allen Bedingungen eignen \u2013 von Erde bis zu mittelschwerem Gestein, wodurch jedes Mal ein sauber zu bearbeitendes Loch entsteht.  &nbsp;  Auswechseln der Z\u00e4hne  Die RC-Z\u00e4hne lassen sich dank des ausgekl\u00fcgelten Knock-in-Knock-out-Verriegelungssystems von Digga leicht ein- und ausbauen, wodurch kein zus\u00e4tzliches Werkzeug zum Entfernen der Z\u00e4hne erforderlich ist.  &nbsp;","og_url":"https:\/\/www.eurogate-international.com\/de\/product\/ttd-3-rc-aussenzahn\/","og_site_name":"EuroGate International","article_publisher":"https:\/\/www.facebook.com\/EuroGateInternational\/","article_modified_time":"2024-04-05T09:06:37+00:00","og_image":[{"width":1501,"height":1460,"url":"https:\/\/www.eurogate-international.com\/wp-content\/uploads\/2023\/03\/TTD.png","type":"image\/png"}],"twitter_card":"summary_large_image","twitter_misc":{"Gesch\u00e4tzte Lesezeit":"1 Minute"},"schema":{"@context":"https:\/\/schema.org","@graph":[{"@type":"WebPage","@id":"https:\/\/www.eurogate-international.com\/de\/product\/ttd-3-rc-aussenzahn\/","url":"https:\/\/www.eurogate-international.com\/de\/product\/ttd-3-rc-aussenzahn\/","name":"TTD-3 RC-Au\u00dfenzahn | EuroGate International","isPartOf":{"@id":"https:\/\/www.eurogate-international.com\/de\/#website"},"primaryImageOfPage":{"@id":"https:\/\/www.eurogate-international.com\/de\/product\/ttd-3-rc-aussenzahn\/#primaryimage"},"image":{"@id":"https:\/\/www.eurogate-international.com\/de\/product\/ttd-3-rc-aussenzahn\/#primaryimage"},"thumbnailUrl":"https:\/\/www.eurogate-international.com\/wp-content\/uploads\/2023\/03\/TTD.png","datePublished":"2023-03-23T09:57:03+00:00","dateModified":"2024-04-05T09:06:37+00:00","breadcrumb":{"@id":"https:\/\/www.eurogate-international.com\/de\/product\/ttd-3-rc-aussenzahn\/#breadcrumb"},"inLanguage":"de-DE","potentialAction":[{"@type":"ReadAction","target":["https:\/\/www.eurogate-international.com\/de\/product\/ttd-3-rc-aussenzahn\/"]}]},{"@type":"ImageObject","inLanguage":"de-DE","@id":"https:\/\/www.eurogate-international.com\/de\/product\/ttd-3-rc-aussenzahn\/#primaryimage","url":"https:\/\/www.eurogate-international.com\/wp-content\/uploads\/2023\/03\/TTD.png","contentUrl":"https:\/\/www.eurogate-international.com\/wp-content\/uploads\/2023\/03\/TTD.png","width":1501,"height":1460},{"@type":"BreadcrumbList","@id":"https:\/\/www.eurogate-international.com\/de\/product\/ttd-3-rc-aussenzahn\/#breadcrumb","itemListElement":[{"@type":"ListItem","position":1,"name":"Home","item":"https:\/\/www.eurogate-international.com\/de\/"},{"@type":"ListItem","position":2,"name":"Shop","item":"https:\/\/www.eurogate-international.com\/de\/shop-2\/"},{"@type":"ListItem","position":3,"name":"TTD-3 RC-Au\u00dfenzahn"}]},{"@type":"WebSite","@id":"https:\/\/www.eurogate-international.com\/de\/#website","url":"https:\/\/www.eurogate-international.com\/de\/","name":"EuroGate International","description":"D\u00e9 onafhankelijke Europese verkooporganisatie van machines","publisher":{"@id":"https:\/\/www.eurogate-international.com\/de\/#organization"},"potentialAction":[{"@type":"SearchAction","target":{"@type":"EntryPoint","urlTemplate":"https:\/\/www.eurogate-international.com\/de\/?s={search_term_string}"},"query-input":{"@type":"PropertyValueSpecification","valueRequired":true,"valueName":"search_term_string"}}],"inLanguage":"de-DE"},{"@type":"Organization","@id":"https:\/\/www.eurogate-international.com\/de\/#organization","name":"EuroGate International","url":"https:\/\/www.eurogate-international.com\/de\/","logo":{"@type":"ImageObject","inLanguage":"de-DE","@id":"https:\/\/www.eurogate-international.com\/de\/#\/schema\/logo\/image\/","url":"https:\/\/www.eurogate-international.com\/wp-content\/uploads\/2020\/06\/Logo_EuroGateInternational2.png","contentUrl":"https:\/\/www.eurogate-international.com\/wp-content\/uploads\/2020\/06\/Logo_EuroGateInternational2.png","width":150,"height":148,"caption":"EuroGate International"},"image":{"@id":"https:\/\/www.eurogate-international.com\/de\/#\/schema\/logo\/image\/"},"sameAs":["https:\/\/www.facebook.com\/EuroGateInternational\/","https:\/\/nl.linkedin.com\/company\/eurogate-international"]}]}},"jetpack_sharing_enabled":true,"_links":{"self":[{"href":"https:\/\/www.eurogate-international.com\/de\/wp-json\/wp\/v2\/product\/21456","targetHints":{"allow":["GET"]}}],"collection":[{"href":"https:\/\/www.eurogate-international.com\/de\/wp-json\/wp\/v2\/product"}],"about":[{"href":"https:\/\/www.eurogate-international.com\/de\/wp-json\/wp\/v2\/types\/product"}],"replies":[{"embeddable":true,"href":"https:\/\/www.eurogate-international.com\/de\/wp-json\/wp\/v2\/comments?post=21456"}],"version-history":[{"count":0,"href":"https:\/\/www.eurogate-international.com\/de\/wp-json\/wp\/v2\/product\/21456\/revisions"}],"wp:featuredmedia":[{"embeddable":true,"href":"https:\/\/www.eurogate-international.com\/de\/wp-json\/wp\/v2\/media\/17651"}],"wp:attachment":[{"href":"https:\/\/www.eurogate-international.com\/de\/wp-json\/wp\/v2\/media?parent=21456"}],"wp:term":[{"taxonomy":"product_cat","embeddable":true,"href":"https:\/\/www.eurogate-international.com\/de\/wp-json\/wp\/v2\/product_cat?post=21456"},{"taxonomy":"product_tag","embeddable":true,"href":"https:\/\/www.eurogate-international.com\/de\/wp-json\/wp\/v2\/product_tag?post=21456"}],"curies":[{"name":"wp","href":"https:\/\/api.w.org\/{rel}","templated":true}]}}