{"id":21458,"date":"2018-09-18T15:54:14","date_gmt":"2018-09-18T14:54:14","guid":{"rendered":"https:\/\/www.eurogate-international.com\/product\/pfahlramme-fence-pro\/"},"modified":"2024-04-05T10:30:56","modified_gmt":"2024-04-05T09:30:56","slug":"pfahlramme-fence-pro","status":"publish","type":"product","link":"https:\/\/www.eurogate-international.com\/de\/product\/pfahlramme-fence-pro\/","title":{"rendered":"Pfahlramme Fence Pro"},"excerpt":{"rendered":"<h2>Pfahlramme Fence Pro<\/h2>\n<p>Die Pfahlramme Fence Pro des US-Unternehmens Rhino Tool wurde f\u00fcr den professionellen Gebrauch konzipiert. Diese benzinbetriebene Pfahlramme ist mit einem leistungsstarken Honda GX35-Viertaktmotor ausgestattet und hat ein geringes Eigengewicht von 16 kg, was sie zur perfekten Maschine f\u00fcr das Einschlagen von Pf\u00e4hlen in verschiedenen Branchen macht, wie z.B. Landwirtschaft und Tierhaltung, Zeltverleih, Schilder- und Absperrungsverleih. Durch den 63,5 mm-Adapter mit der einzigartigen Chuck-Lok-Adaptertechnologie eignet sich die Pfahlramme hervorragend f\u00fcr folgende Pf\u00e4hle.<\/p>\n<ul>\n<li>Umz\u00e4unungspf\u00e4hle<\/li>\n<li>Erdungsstifte<\/li>\n<li>Schnureisen<\/li>\n<li>Holzpf\u00e4hle bis 60 mm Durchmesser<\/li>\n<li>Pfl\u00f6cke f\u00fcr das Fundament<\/li>\n<li>Zeltheringe f\u00fcr Stretchzelte*<\/li>\n<\/ul>\n<p>*F\u00fcr Zeltheringe ist eine spezielle Ausf\u00fchrung des Fence Pro verf\u00fcgbar. Der Fence Pro TS ist mit einem k\u00fcrzeren Adapter ausgestattet, der genau auf einen Zeltheringskopf mit 5 cm Durchmesser passt, und wird standardm\u00e4\u00dfig mit Top-Throttle geliefert.<\/p>\n<p>Durch seine kompakte Gr\u00f6\u00dfe und sein geringes Gewicht kann diese Pfahlramme in Bereichen mit begrenztem Zugang und eingeschr\u00e4nkter Man\u00f6vrierf\u00e4higkeit von nur einer Person benutzt werden. Dar\u00fcber hinaus ist zahlreiches Zubeh\u00f6r verf\u00fcgbar, wie z.B. Verl\u00e4ngerungsarme, Top-Throttle, Betriebsstundenz\u00e4hler, Transportkiste aus Holz und Transportkarren. Au\u00dferdem haben wir alle Teile auf Lager und Sie k\u00f6nnen uns f\u00fcr den Service kontaktieren.<\/p>\n<p>Sie sind auf der Suche nach einer schwereren Maschine oder haben Zweifel, ob der Fence Pro die beste Wahl f\u00fcr Sie ist? Dann nehmen Sie Kontakt mit unserer Verkaufsabteilung auf.<\/p>\n","protected":false},"featured_media":21459,"comment_status":"closed","ping_status":"closed","template":"","meta":{"_acf_changed":false},"product_cat":[3316,3315,3313,3312,3314],"product_tag":[3590],"class_list":{"0":"post-21458","1":"product","2":"type-product","3":"status-publish","4":"has-post-thumbnail","6":"product_brand-rhino-tool-de","7":"product_cat-eine-benzin-pfahlramme-kaufen","8":"product_cat-eine-pfahlramme-kaufen","9":"product_cat-maschinen-de","10":"product_cat-pfahlrammen","11":"product_cat-rhino-pfahlramme","12":"product_tag-benzin-pfahlramme","13":"pa_aandrijving-benzin-de","15":"first","16":"instock","17":"taxable","18":"shipping-taxable","19":"purchasable","20":"product-type-simple"},"acf":[],"yoast_head":"<!-- This site is optimized with the Yoast SEO plugin v27.3 - https:\/\/yoast.com\/product\/yoast-seo-wordpress\/ -->\n<title>Pfahlramme Fence Pro | EuroGate International<\/title>\n<meta name=\"robots\" content=\"index, follow, max-snippet:-1, max-image-preview:large, max-video-preview:-1\" \/>\n<link rel=\"canonical\" href=\"https:\/\/www.eurogate-international.com\/de\/product\/pfahlramme-fence-pro\/\" \/>\n<meta property=\"og:locale\" content=\"de_DE\" \/>\n<meta property=\"og:type\" content=\"article\" \/>\n<meta property=\"og:title\" content=\"Pfahlramme Fence Pro | EuroGate International\" \/>\n<meta property=\"og:description\" content=\"Pfahlramme Fence Pro Die Pfahlramme Fence Pro des US-Unternehmens Rhino Tool wurde f\u00fcr den professionellen Gebrauch konzipiert. Diese benzinbetriebene Pfahlramme ist mit einem leistungsstarken Honda GX35-Viertaktmotor ausgestattet und hat ein geringes Eigengewicht von 16 kg, was sie zur perfekten Maschine f\u00fcr das Einschlagen von Pf\u00e4hlen in verschiedenen Branchen macht, wie z.B. Landwirtschaft und Tierhaltung, Zeltverleih, Schilder- und Absperrungsverleih. Durch den 63,5 mm-Adapter mit der einzigartigen Chuck-Lok-Adaptertechnologie eignet sich die Pfahlramme hervorragend f\u00fcr folgende Pf\u00e4hle.   Umz\u00e4unungspf\u00e4hle  Erdungsstifte  Schnureisen  Holzpf\u00e4hle bis 60 mm Durchmesser  Pfl\u00f6cke f\u00fcr das Fundament  Zeltheringe f\u00fcr Stretchzelte*  *F\u00fcr Zeltheringe ist eine spezielle Ausf\u00fchrung des Fence Pro verf\u00fcgbar. Der Fence Pro TS ist mit einem k\u00fcrzeren Adapter ausgestattet, der genau auf einen Zeltheringskopf mit 5 cm Durchmesser passt, und wird standardm\u00e4\u00dfig mit Top-Throttle geliefert.  Durch seine kompakte Gr\u00f6\u00dfe und sein geringes Gewicht kann diese Pfahlramme in Bereichen mit begrenztem Zugang und eingeschr\u00e4nkter Man\u00f6vrierf\u00e4higkeit von nur einer Person benutzt werden. Dar\u00fcber hinaus ist zahlreiches Zubeh\u00f6r verf\u00fcgbar, wie z.B. Verl\u00e4ngerungsarme, Top-Throttle, Betriebsstundenz\u00e4hler, Transportkiste aus Holz und Transportkarren. Au\u00dferdem haben wir alle Teile auf Lager und Sie k\u00f6nnen uns f\u00fcr den Service kontaktieren.  Sie sind auf der Suche nach einer schwereren Maschine oder haben Zweifel, ob der Fence Pro die beste Wahl f\u00fcr Sie ist? Dann nehmen Sie Kontakt mit unserer Verkaufsabteilung auf.\" \/>\n<meta property=\"og:url\" content=\"https:\/\/www.eurogate-international.com\/de\/product\/pfahlramme-fence-pro\/\" \/>\n<meta property=\"og:site_name\" content=\"EuroGate International\" \/>\n<meta property=\"article:publisher\" content=\"https:\/\/www.facebook.com\/EuroGateInternational\/\" \/>\n<meta property=\"article:modified_time\" content=\"2024-04-05T09:30:56+00:00\" \/>\n<meta property=\"og:image\" content=\"https:\/\/www.eurogate-international.com\/wp-content\/uploads\/2018\/09\/FencePro_Palenrammer-3.png\" \/>\n\t<meta property=\"og:image:width\" content=\"825\" \/>\n\t<meta property=\"og:image:height\" content=\"1000\" \/>\n\t<meta property=\"og:image:type\" content=\"image\/png\" \/>\n<meta name=\"twitter:card\" content=\"summary_large_image\" \/>\n<meta name=\"twitter:label1\" content=\"Gesch\u00e4tzte Lesezeit\" \/>\n\t<meta name=\"twitter:data1\" content=\"2 Minuten\" \/>\n<!-- \/ Yoast SEO plugin. -->","yoast_head_json":{"title":"Pfahlramme Fence Pro | EuroGate International","robots":{"index":"index","follow":"follow","max-snippet":"max-snippet:-1","max-image-preview":"max-image-preview:large","max-video-preview":"max-video-preview:-1"},"canonical":"https:\/\/www.eurogate-international.com\/de\/product\/pfahlramme-fence-pro\/","og_locale":"de_DE","og_type":"article","og_title":"Pfahlramme Fence Pro | EuroGate International","og_description":"Pfahlramme Fence Pro Die Pfahlramme Fence Pro des US-Unternehmens Rhino Tool wurde f\u00fcr den professionellen Gebrauch konzipiert. Diese benzinbetriebene Pfahlramme ist mit einem leistungsstarken Honda GX35-Viertaktmotor ausgestattet und hat ein geringes Eigengewicht von 16 kg, was sie zur perfekten Maschine f\u00fcr das Einschlagen von Pf\u00e4hlen in verschiedenen Branchen macht, wie z.B. Landwirtschaft und Tierhaltung, Zeltverleih, Schilder- und Absperrungsverleih. Durch den 63,5 mm-Adapter mit der einzigartigen Chuck-Lok-Adaptertechnologie eignet sich die Pfahlramme hervorragend f\u00fcr folgende Pf\u00e4hle.   Umz\u00e4unungspf\u00e4hle  Erdungsstifte  Schnureisen  Holzpf\u00e4hle bis 60 mm Durchmesser  Pfl\u00f6cke f\u00fcr das Fundament  Zeltheringe f\u00fcr Stretchzelte*  *F\u00fcr Zeltheringe ist eine spezielle Ausf\u00fchrung des Fence Pro verf\u00fcgbar. Der Fence Pro TS ist mit einem k\u00fcrzeren Adapter ausgestattet, der genau auf einen Zeltheringskopf mit 5 cm Durchmesser passt, und wird standardm\u00e4\u00dfig mit Top-Throttle geliefert.  Durch seine kompakte Gr\u00f6\u00dfe und sein geringes Gewicht kann diese Pfahlramme in Bereichen mit begrenztem Zugang und eingeschr\u00e4nkter Man\u00f6vrierf\u00e4higkeit von nur einer Person benutzt werden. Dar\u00fcber hinaus ist zahlreiches Zubeh\u00f6r verf\u00fcgbar, wie z.B. Verl\u00e4ngerungsarme, Top-Throttle, Betriebsstundenz\u00e4hler, Transportkiste aus Holz und Transportkarren. Au\u00dferdem haben wir alle Teile auf Lager und Sie k\u00f6nnen uns f\u00fcr den Service kontaktieren.  Sie sind auf der Suche nach einer schwereren Maschine oder haben Zweifel, ob der Fence Pro die beste Wahl f\u00fcr Sie ist? Dann nehmen Sie Kontakt mit unserer Verkaufsabteilung auf.","og_url":"https:\/\/www.eurogate-international.com\/de\/product\/pfahlramme-fence-pro\/","og_site_name":"EuroGate International","article_publisher":"https:\/\/www.facebook.com\/EuroGateInternational\/","article_modified_time":"2024-04-05T09:30:56+00:00","og_image":[{"width":825,"height":1000,"url":"https:\/\/www.eurogate-international.com\/wp-content\/uploads\/2018\/09\/FencePro_Palenrammer-3.png","type":"image\/png"}],"twitter_card":"summary_large_image","twitter_misc":{"Gesch\u00e4tzte Lesezeit":"2 Minuten"},"schema":{"@context":"https:\/\/schema.org","@graph":[{"@type":"WebPage","@id":"https:\/\/www.eurogate-international.com\/de\/product\/pfahlramme-fence-pro\/","url":"https:\/\/www.eurogate-international.com\/de\/product\/pfahlramme-fence-pro\/","name":"Pfahlramme Fence Pro | EuroGate International","isPartOf":{"@id":"https:\/\/www.eurogate-international.com\/de\/#website"},"primaryImageOfPage":{"@id":"https:\/\/www.eurogate-international.com\/de\/product\/pfahlramme-fence-pro\/#primaryimage"},"image":{"@id":"https:\/\/www.eurogate-international.com\/de\/product\/pfahlramme-fence-pro\/#primaryimage"},"thumbnailUrl":"https:\/\/www.eurogate-international.com\/wp-content\/uploads\/2018\/09\/FencePro_Palenrammer-3.png","datePublished":"2018-09-18T14:54:14+00:00","dateModified":"2024-04-05T09:30:56+00:00","breadcrumb":{"@id":"https:\/\/www.eurogate-international.com\/de\/product\/pfahlramme-fence-pro\/#breadcrumb"},"inLanguage":"de-DE","potentialAction":[{"@type":"ReadAction","target":["https:\/\/www.eurogate-international.com\/de\/product\/pfahlramme-fence-pro\/"]}]},{"@type":"ImageObject","inLanguage":"de-DE","@id":"https:\/\/www.eurogate-international.com\/de\/product\/pfahlramme-fence-pro\/#primaryimage","url":"https:\/\/www.eurogate-international.com\/wp-content\/uploads\/2018\/09\/FencePro_Palenrammer-3.png","contentUrl":"https:\/\/www.eurogate-international.com\/wp-content\/uploads\/2018\/09\/FencePro_Palenrammer-3.png","width":825,"height":1000},{"@type":"BreadcrumbList","@id":"https:\/\/www.eurogate-international.com\/de\/product\/pfahlramme-fence-pro\/#breadcrumb","itemListElement":[{"@type":"ListItem","position":1,"name":"Home","item":"https:\/\/www.eurogate-international.com\/de\/"},{"@type":"ListItem","position":2,"name":"Shop","item":"https:\/\/www.eurogate-international.com\/de\/shop-2\/"},{"@type":"ListItem","position":3,"name":"Pfahlramme Fence Pro"}]},{"@type":"WebSite","@id":"https:\/\/www.eurogate-international.com\/de\/#website","url":"https:\/\/www.eurogate-international.com\/de\/","name":"EuroGate International","description":"D\u00e9 onafhankelijke Europese verkooporganisatie van machines","publisher":{"@id":"https:\/\/www.eurogate-international.com\/de\/#organization"},"potentialAction":[{"@type":"SearchAction","target":{"@type":"EntryPoint","urlTemplate":"https:\/\/www.eurogate-international.com\/de\/?s={search_term_string}"},"query-input":{"@type":"PropertyValueSpecification","valueRequired":true,"valueName":"search_term_string"}}],"inLanguage":"de-DE"},{"@type":"Organization","@id":"https:\/\/www.eurogate-international.com\/de\/#organization","name":"EuroGate International","url":"https:\/\/www.eurogate-international.com\/de\/","logo":{"@type":"ImageObject","inLanguage":"de-DE","@id":"https:\/\/www.eurogate-international.com\/de\/#\/schema\/logo\/image\/","url":"https:\/\/www.eurogate-international.com\/wp-content\/uploads\/2020\/06\/Logo_EuroGateInternational2.png","contentUrl":"https:\/\/www.eurogate-international.com\/wp-content\/uploads\/2020\/06\/Logo_EuroGateInternational2.png","width":150,"height":148,"caption":"EuroGate International"},"image":{"@id":"https:\/\/www.eurogate-international.com\/de\/#\/schema\/logo\/image\/"},"sameAs":["https:\/\/www.facebook.com\/EuroGateInternational\/","https:\/\/nl.linkedin.com\/company\/eurogate-international"]}]}},"jetpack_sharing_enabled":true,"_links":{"self":[{"href":"https:\/\/www.eurogate-international.com\/de\/wp-json\/wp\/v2\/product\/21458","targetHints":{"allow":["GET"]}}],"collection":[{"href":"https:\/\/www.eurogate-international.com\/de\/wp-json\/wp\/v2\/product"}],"about":[{"href":"https:\/\/www.eurogate-international.com\/de\/wp-json\/wp\/v2\/types\/product"}],"replies":[{"embeddable":true,"href":"https:\/\/www.eurogate-international.com\/de\/wp-json\/wp\/v2\/comments?post=21458"}],"version-history":[{"count":0,"href":"https:\/\/www.eurogate-international.com\/de\/wp-json\/wp\/v2\/product\/21458\/revisions"}],"wp:featuredmedia":[{"embeddable":true,"href":"https:\/\/www.eurogate-international.com\/de\/wp-json\/wp\/v2\/media\/21459"}],"wp:attachment":[{"href":"https:\/\/www.eurogate-international.com\/de\/wp-json\/wp\/v2\/media?parent=21458"}],"wp:term":[{"taxonomy":"product_cat","embeddable":true,"href":"https:\/\/www.eurogate-international.com\/de\/wp-json\/wp\/v2\/product_cat?post=21458"},{"taxonomy":"product_tag","embeddable":true,"href":"https:\/\/www.eurogate-international.com\/de\/wp-json\/wp\/v2\/product_tag?post=21458"}],"curies":[{"name":"wp","href":"https:\/\/api.w.org\/{rel}","templated":true}]}}