{"id":21465,"date":"2018-09-20T13:23:26","date_gmt":"2018-09-20T12:23:26","guid":{"rendered":"https:\/\/www.eurogate-international.com\/product\/zeltheringsramme-fence-pro\/"},"modified":"2024-04-10T08:23:06","modified_gmt":"2024-04-10T07:23:06","slug":"zeltheringsramme-fence-pro","status":"publish","type":"product","link":"https:\/\/www.eurogate-international.com\/de\/product\/zeltheringsramme-fence-pro\/","title":{"rendered":"Zeltheringsramme Fence Pro"},"excerpt":{"rendered":"<h2>Pfahlramme Fence Pro TentStake<\/h2>\n<p>Diese TentStake-Pfahlramme\u00a0wurde speziell zum Einschlagen von Zeltheringen konzipiert. Der Adapter dieser Rhino Fence Pro TentStake Edition passt genau um einen Zeltheringskopf mit einem Durchmesser von 5 cm. Neben dem Durchmesser ist die Buchse auch k\u00fcrzer als die Standard-Rhino Fence Pro-Pfahlramme. Mit dieser angepassten Buchse k\u00f6nnen Zeltheringe weiter in den Boden eingeschlagen werden, sodass der Zeltheringskopf knapp \u00fcber das Bodenniveau hinausragt oder flach auf einer Montageplatte liegt.<\/p>\n<p>Die Fence Pro TentStake-Pfahlramme ist motorisch und technisch identisch mit der Standard-Pfahlramme Fence Pro, mit Ausnahme des Adapters. Dar\u00fcber hinaus ist die TentStake-Einheit standardm\u00e4\u00dfig mit dem praktischen Top-Throttle ausgestattet, sodass Sie die Maschine von oben bedienen k\u00f6nnen und sich somit weniger b\u00fccken m\u00fcssen.<\/p>\n<p>Durch seine kompakte Gr\u00f6\u00dfe und sein geringes Gewicht kann diese Pfahlramme leicht von einer Person in Bereichen mit begrenztem Zugang und eingeschr\u00e4nkter Man\u00f6vrierf\u00e4higkeit verwendet werden. Dar\u00fcber hinaus ist zahlreiches Zubeh\u00f6r verf\u00fcgbar, wie Betriebsstundenz\u00e4hler, Transportkiste aus Holz und Transportkarren. Au\u00dferdem haben wir alle Teile auf Lager, es sind geeignete Zeltheringe verf\u00fcgbar und Sie k\u00f6nnen uns f\u00fcr den Service kontaktieren.<\/p>\n<p>Sie sind auf der Suche nach einer schwereren Maschine oder haben Sie Zweifel, ob der Fence Pro die beste Wahl f\u00fcr Sie ist? Dann nehmen Sie Kontakt mit unserer Verkaufsabteilung auf.<\/p>\n","protected":false},"featured_media":588,"comment_status":"closed","ping_status":"closed","template":"","meta":{"_acf_changed":false},"product_cat":[3316,3315,3313,3312],"product_tag":[],"class_list":{"0":"post-21465","1":"product","2":"type-product","3":"status-publish","4":"has-post-thumbnail","6":"product_brand-rhino-tool-de","7":"product_cat-eine-benzin-pfahlramme-kaufen","8":"product_cat-eine-pfahlramme-kaufen","9":"product_cat-maschinen-de","10":"product_cat-pfahlrammen","11":"pa_aandrijving-benzin-de","13":"first","14":"instock","15":"taxable","16":"shipping-taxable","17":"purchasable","18":"product-type-simple"},"acf":[],"yoast_head":"<!-- This site is optimized with the Yoast SEO plugin v27.3 - https:\/\/yoast.com\/product\/yoast-seo-wordpress\/ -->\n<title>Zeltheringsramme Fence Pro | EuroGate International<\/title>\n<meta name=\"robots\" content=\"index, follow, max-snippet:-1, max-image-preview:large, max-video-preview:-1\" \/>\n<link rel=\"canonical\" href=\"https:\/\/www.eurogate-international.com\/de\/product\/zeltheringsramme-fence-pro\/\" \/>\n<meta property=\"og:locale\" content=\"de_DE\" \/>\n<meta property=\"og:type\" content=\"article\" \/>\n<meta property=\"og:title\" content=\"Zeltheringsramme Fence Pro | EuroGate International\" \/>\n<meta property=\"og:description\" content=\"Pfahlramme Fence Pro TentStake Diese TentStake-Pfahlramme\u00a0wurde speziell zum Einschlagen von Zeltheringen konzipiert. Der Adapter dieser Rhino Fence Pro TentStake Edition passt genau um einen Zeltheringskopf mit einem Durchmesser von 5 cm. Neben dem Durchmesser ist die Buchse auch k\u00fcrzer als die Standard-Rhino Fence Pro-Pfahlramme. Mit dieser angepassten Buchse k\u00f6nnen Zeltheringe weiter in den Boden eingeschlagen werden, sodass der Zeltheringskopf knapp \u00fcber das Bodenniveau hinausragt oder flach auf einer Montageplatte liegt.  Die Fence Pro TentStake-Pfahlramme ist motorisch und technisch identisch mit der Standard-Pfahlramme Fence Pro, mit Ausnahme des Adapters. Dar\u00fcber hinaus ist die TentStake-Einheit standardm\u00e4\u00dfig mit dem praktischen Top-Throttle ausgestattet, sodass Sie die Maschine von oben bedienen k\u00f6nnen und sich somit weniger b\u00fccken m\u00fcssen.  Durch seine kompakte Gr\u00f6\u00dfe und sein geringes Gewicht kann diese Pfahlramme leicht von einer Person in Bereichen mit begrenztem Zugang und eingeschr\u00e4nkter Man\u00f6vrierf\u00e4higkeit verwendet werden. Dar\u00fcber hinaus ist zahlreiches Zubeh\u00f6r verf\u00fcgbar, wie Betriebsstundenz\u00e4hler, Transportkiste aus Holz und Transportkarren. Au\u00dferdem haben wir alle Teile auf Lager, es sind geeignete Zeltheringe verf\u00fcgbar und Sie k\u00f6nnen uns f\u00fcr den Service kontaktieren.  Sie sind auf der Suche nach einer schwereren Maschine oder haben Sie Zweifel, ob der Fence Pro die beste Wahl f\u00fcr Sie ist? Dann nehmen Sie Kontakt mit unserer Verkaufsabteilung auf.\" \/>\n<meta property=\"og:url\" content=\"https:\/\/www.eurogate-international.com\/de\/product\/zeltheringsramme-fence-pro\/\" \/>\n<meta property=\"og:site_name\" content=\"EuroGate International\" \/>\n<meta property=\"article:publisher\" content=\"https:\/\/www.facebook.com\/EuroGateInternational\/\" \/>\n<meta property=\"article:modified_time\" content=\"2024-04-10T07:23:06+00:00\" \/>\n<meta property=\"og:image\" content=\"https:\/\/www.eurogate-international.com\/wp-content\/uploads\/2018\/09\/TSUnitFencpro.png\" \/>\n\t<meta property=\"og:image:width\" content=\"973\" \/>\n\t<meta property=\"og:image:height\" content=\"1509\" \/>\n\t<meta property=\"og:image:type\" content=\"image\/png\" \/>\n<meta name=\"twitter:card\" content=\"summary_large_image\" \/>\n<meta name=\"twitter:label1\" content=\"Gesch\u00e4tzte Lesezeit\" \/>\n\t<meta name=\"twitter:data1\" content=\"2 Minuten\" \/>\n<!-- \/ Yoast SEO plugin. -->","yoast_head_json":{"title":"Zeltheringsramme Fence Pro | EuroGate International","robots":{"index":"index","follow":"follow","max-snippet":"max-snippet:-1","max-image-preview":"max-image-preview:large","max-video-preview":"max-video-preview:-1"},"canonical":"https:\/\/www.eurogate-international.com\/de\/product\/zeltheringsramme-fence-pro\/","og_locale":"de_DE","og_type":"article","og_title":"Zeltheringsramme Fence Pro | EuroGate International","og_description":"Pfahlramme Fence Pro TentStake Diese TentStake-Pfahlramme\u00a0wurde speziell zum Einschlagen von Zeltheringen konzipiert. Der Adapter dieser Rhino Fence Pro TentStake Edition passt genau um einen Zeltheringskopf mit einem Durchmesser von 5 cm. Neben dem Durchmesser ist die Buchse auch k\u00fcrzer als die Standard-Rhino Fence Pro-Pfahlramme. Mit dieser angepassten Buchse k\u00f6nnen Zeltheringe weiter in den Boden eingeschlagen werden, sodass der Zeltheringskopf knapp \u00fcber das Bodenniveau hinausragt oder flach auf einer Montageplatte liegt.  Die Fence Pro TentStake-Pfahlramme ist motorisch und technisch identisch mit der Standard-Pfahlramme Fence Pro, mit Ausnahme des Adapters. Dar\u00fcber hinaus ist die TentStake-Einheit standardm\u00e4\u00dfig mit dem praktischen Top-Throttle ausgestattet, sodass Sie die Maschine von oben bedienen k\u00f6nnen und sich somit weniger b\u00fccken m\u00fcssen.  Durch seine kompakte Gr\u00f6\u00dfe und sein geringes Gewicht kann diese Pfahlramme leicht von einer Person in Bereichen mit begrenztem Zugang und eingeschr\u00e4nkter Man\u00f6vrierf\u00e4higkeit verwendet werden. Dar\u00fcber hinaus ist zahlreiches Zubeh\u00f6r verf\u00fcgbar, wie Betriebsstundenz\u00e4hler, Transportkiste aus Holz und Transportkarren. Au\u00dferdem haben wir alle Teile auf Lager, es sind geeignete Zeltheringe verf\u00fcgbar und Sie k\u00f6nnen uns f\u00fcr den Service kontaktieren.  Sie sind auf der Suche nach einer schwereren Maschine oder haben Sie Zweifel, ob der Fence Pro die beste Wahl f\u00fcr Sie ist? Dann nehmen Sie Kontakt mit unserer Verkaufsabteilung auf.","og_url":"https:\/\/www.eurogate-international.com\/de\/product\/zeltheringsramme-fence-pro\/","og_site_name":"EuroGate International","article_publisher":"https:\/\/www.facebook.com\/EuroGateInternational\/","article_modified_time":"2024-04-10T07:23:06+00:00","og_image":[{"width":973,"height":1509,"url":"https:\/\/www.eurogate-international.com\/wp-content\/uploads\/2018\/09\/TSUnitFencpro.png","type":"image\/png"}],"twitter_card":"summary_large_image","twitter_misc":{"Gesch\u00e4tzte Lesezeit":"2 Minuten"},"schema":{"@context":"https:\/\/schema.org","@graph":[{"@type":"WebPage","@id":"https:\/\/www.eurogate-international.com\/de\/product\/zeltheringsramme-fence-pro\/","url":"https:\/\/www.eurogate-international.com\/de\/product\/zeltheringsramme-fence-pro\/","name":"Zeltheringsramme Fence Pro | EuroGate International","isPartOf":{"@id":"https:\/\/www.eurogate-international.com\/de\/#website"},"primaryImageOfPage":{"@id":"https:\/\/www.eurogate-international.com\/de\/product\/zeltheringsramme-fence-pro\/#primaryimage"},"image":{"@id":"https:\/\/www.eurogate-international.com\/de\/product\/zeltheringsramme-fence-pro\/#primaryimage"},"thumbnailUrl":"https:\/\/www.eurogate-international.com\/wp-content\/uploads\/2018\/09\/TSUnitFencpro.png","datePublished":"2018-09-20T12:23:26+00:00","dateModified":"2024-04-10T07:23:06+00:00","breadcrumb":{"@id":"https:\/\/www.eurogate-international.com\/de\/product\/zeltheringsramme-fence-pro\/#breadcrumb"},"inLanguage":"de-DE","potentialAction":[{"@type":"ReadAction","target":["https:\/\/www.eurogate-international.com\/de\/product\/zeltheringsramme-fence-pro\/"]}]},{"@type":"ImageObject","inLanguage":"de-DE","@id":"https:\/\/www.eurogate-international.com\/de\/product\/zeltheringsramme-fence-pro\/#primaryimage","url":"https:\/\/www.eurogate-international.com\/wp-content\/uploads\/2018\/09\/TSUnitFencpro.png","contentUrl":"https:\/\/www.eurogate-international.com\/wp-content\/uploads\/2018\/09\/TSUnitFencpro.png","width":973,"height":1509},{"@type":"BreadcrumbList","@id":"https:\/\/www.eurogate-international.com\/de\/product\/zeltheringsramme-fence-pro\/#breadcrumb","itemListElement":[{"@type":"ListItem","position":1,"name":"Home","item":"https:\/\/www.eurogate-international.com\/de\/"},{"@type":"ListItem","position":2,"name":"Shop","item":"https:\/\/www.eurogate-international.com\/de\/shop-2\/"},{"@type":"ListItem","position":3,"name":"Zeltheringsramme Fence Pro"}]},{"@type":"WebSite","@id":"https:\/\/www.eurogate-international.com\/de\/#website","url":"https:\/\/www.eurogate-international.com\/de\/","name":"EuroGate International","description":"D\u00e9 onafhankelijke Europese verkooporganisatie van machines","publisher":{"@id":"https:\/\/www.eurogate-international.com\/de\/#organization"},"potentialAction":[{"@type":"SearchAction","target":{"@type":"EntryPoint","urlTemplate":"https:\/\/www.eurogate-international.com\/de\/?s={search_term_string}"},"query-input":{"@type":"PropertyValueSpecification","valueRequired":true,"valueName":"search_term_string"}}],"inLanguage":"de-DE"},{"@type":"Organization","@id":"https:\/\/www.eurogate-international.com\/de\/#organization","name":"EuroGate International","url":"https:\/\/www.eurogate-international.com\/de\/","logo":{"@type":"ImageObject","inLanguage":"de-DE","@id":"https:\/\/www.eurogate-international.com\/de\/#\/schema\/logo\/image\/","url":"https:\/\/www.eurogate-international.com\/wp-content\/uploads\/2020\/06\/Logo_EuroGateInternational2.png","contentUrl":"https:\/\/www.eurogate-international.com\/wp-content\/uploads\/2020\/06\/Logo_EuroGateInternational2.png","width":150,"height":148,"caption":"EuroGate International"},"image":{"@id":"https:\/\/www.eurogate-international.com\/de\/#\/schema\/logo\/image\/"},"sameAs":["https:\/\/www.facebook.com\/EuroGateInternational\/","https:\/\/nl.linkedin.com\/company\/eurogate-international"]}]}},"jetpack_sharing_enabled":true,"_links":{"self":[{"href":"https:\/\/www.eurogate-international.com\/de\/wp-json\/wp\/v2\/product\/21465","targetHints":{"allow":["GET"]}}],"collection":[{"href":"https:\/\/www.eurogate-international.com\/de\/wp-json\/wp\/v2\/product"}],"about":[{"href":"https:\/\/www.eurogate-international.com\/de\/wp-json\/wp\/v2\/types\/product"}],"replies":[{"embeddable":true,"href":"https:\/\/www.eurogate-international.com\/de\/wp-json\/wp\/v2\/comments?post=21465"}],"version-history":[{"count":0,"href":"https:\/\/www.eurogate-international.com\/de\/wp-json\/wp\/v2\/product\/21465\/revisions"}],"wp:featuredmedia":[{"embeddable":true,"href":"https:\/\/www.eurogate-international.com\/de\/wp-json\/wp\/v2\/media\/588"}],"wp:attachment":[{"href":"https:\/\/www.eurogate-international.com\/de\/wp-json\/wp\/v2\/media?parent=21465"}],"wp:term":[{"taxonomy":"product_cat","embeddable":true,"href":"https:\/\/www.eurogate-international.com\/de\/wp-json\/wp\/v2\/product_cat?post=21465"},{"taxonomy":"product_tag","embeddable":true,"href":"https:\/\/www.eurogate-international.com\/de\/wp-json\/wp\/v2\/product_tag?post=21465"}],"curies":[{"name":"wp","href":"https:\/\/api.w.org\/{rel}","templated":true}]}}