{"id":21470,"date":"2018-11-27T14:30:57","date_gmt":"2018-11-27T13:30:57","guid":{"rendered":"https:\/\/www.eurogate-international.com\/product\/zeltheringsramme-multi-pro-xa\/"},"modified":"2024-08-06T16:00:59","modified_gmt":"2024-08-06T15:00:59","slug":"zeltheringsramme-multi-pro-xa","status":"publish","type":"product","link":"https:\/\/www.eurogate-international.com\/de\/product\/zeltheringsramme-multi-pro-xa\/","title":{"rendered":"Zeltheringsramme Multi-Pro XA"},"excerpt":{"rendered":"<h2>Zeltheringsramme Multi-Pro XA<\/h2>\n<p>Diese TentStake-Pfahlramme\u00a0wurde speziell zum Einschlagen von gro\u00dfen Zeltheringen konzipiert. Der Adapter dieser Rhino Multi-Pro TentStake passt genau um einen Zeltheringskopf mit einem Durchmesser von 6,8 cm.<\/p>\n<p>Die Multi-Pro XA-Zeltheringsramme ist motorisch und technisch identisch mit der Standard-Pfahlramme Multi Pro XA, mit Ausnahme des Adapters. Dar\u00fcber hinaus ist die TentStake-Einheit standardm\u00e4\u00dfig mit dem praktischen Top-Throttle ausgestattet, sodass Sie die Maschine von oben bedienen k\u00f6nnen und sich somit weniger b\u00fccken m\u00fcssen.<\/p>\n<p>Durch seine kompakte Gr\u00f6\u00dfe kann diese Zeltheringsramme leicht in Bereichen mit begrenztem Zugang und eingeschr\u00e4nkter Man\u00f6vrierf\u00e4higkeit von nur einer Person benutzt werden. Dar\u00fcber hinaus ist zahlreiches Zubeh\u00f6r verf\u00fcgbar, wie Betriebsstundenz\u00e4hler, Transportkiste aus Holz und Transportkarren. Au\u00dferdem haben wir alle Teile auf Lager, es sind geeignete Zeltheringe verf\u00fcgbar und Sie k\u00f6nnen uns f\u00fcr den Service kontaktieren.<\/p>\n<p><strong>Fachwissen und Service<\/strong><\/p>\n<p>Im Laufe der Jahre hat EuroGate International ein gro\u00dfes Fachwissen \u00fcber Pfahlrammen aufgebaut. Wir haben ein breites Sortiment von Spezialadaptern und Schlagst\u00fccken entwickelt, um unseren Kunden die beste Beratung und den besten Service zu bieten. Sehen Sie hier alle Pfahlrammen von EuroGate International. Fragen zu unseren Produkten? Rufen Sie unsere Verkaufsabteilung an, um passende Beratung zu erhalten: +31 0523-638286.<\/p>\n","protected":false},"featured_media":2778,"comment_status":"closed","ping_status":"closed","template":"","meta":{"_acf_changed":false},"product_cat":[3316,3315,3313,3312,3314],"product_tag":[],"class_list":{"0":"post-21470","1":"product","2":"type-product","3":"status-publish","4":"has-post-thumbnail","6":"product_brand-rhino-tool-de","7":"product_cat-eine-benzin-pfahlramme-kaufen","8":"product_cat-eine-pfahlramme-kaufen","9":"product_cat-maschinen-de","10":"product_cat-pfahlrammen","11":"product_cat-rhino-pfahlramme","12":"pa_aandrijving-benzin-de","14":"first","15":"instock","16":"taxable","17":"shipping-taxable","18":"purchasable","19":"product-type-simple"},"acf":[],"yoast_head":"<!-- This site is optimized with the Yoast SEO plugin v27.3 - https:\/\/yoast.com\/product\/yoast-seo-wordpress\/ -->\n<title>Zeltheringsramme Multi-Pro XA | EuroGate International<\/title>\n<meta name=\"robots\" content=\"index, follow, max-snippet:-1, max-image-preview:large, max-video-preview:-1\" \/>\n<link rel=\"canonical\" href=\"https:\/\/www.eurogate-international.com\/de\/product\/zeltheringsramme-multi-pro-xa\/\" \/>\n<meta property=\"og:locale\" content=\"de_DE\" \/>\n<meta property=\"og:type\" content=\"article\" \/>\n<meta property=\"og:title\" content=\"Zeltheringsramme Multi-Pro XA | EuroGate International\" \/>\n<meta property=\"og:description\" content=\"Zeltheringsramme Multi-Pro XA Diese TentStake-Pfahlramme\u00a0wurde speziell zum Einschlagen von gro\u00dfen Zeltheringen konzipiert. Der Adapter dieser Rhino Multi-Pro TentStake passt genau um einen Zeltheringskopf mit einem Durchmesser von 6,8 cm.  Die Multi-Pro XA-Zeltheringsramme ist motorisch und technisch identisch mit der Standard-Pfahlramme Multi Pro XA, mit Ausnahme des Adapters. Dar\u00fcber hinaus ist die TentStake-Einheit standardm\u00e4\u00dfig mit dem praktischen Top-Throttle ausgestattet, sodass Sie die Maschine von oben bedienen k\u00f6nnen und sich somit weniger b\u00fccken m\u00fcssen.  Durch seine kompakte Gr\u00f6\u00dfe kann diese Zeltheringsramme leicht in Bereichen mit begrenztem Zugang und eingeschr\u00e4nkter Man\u00f6vrierf\u00e4higkeit von nur einer Person benutzt werden. Dar\u00fcber hinaus ist zahlreiches Zubeh\u00f6r verf\u00fcgbar, wie Betriebsstundenz\u00e4hler, Transportkiste aus Holz und Transportkarren. Au\u00dferdem haben wir alle Teile auf Lager, es sind geeignete Zeltheringe verf\u00fcgbar und Sie k\u00f6nnen uns f\u00fcr den Service kontaktieren.  Fachwissen und Service  Im Laufe der Jahre hat EuroGate International ein gro\u00dfes Fachwissen \u00fcber Pfahlrammen aufgebaut. Wir haben ein breites Sortiment von Spezialadaptern und Schlagst\u00fccken entwickelt, um unseren Kunden die beste Beratung und den besten Service zu bieten. Sehen Sie hier alle Pfahlrammen von EuroGate International. Fragen zu unseren Produkten? Rufen Sie unsere Verkaufsabteilung an, um passende Beratung zu erhalten: +31 0523-638286.\" \/>\n<meta property=\"og:url\" content=\"https:\/\/www.eurogate-international.com\/de\/product\/zeltheringsramme-multi-pro-xa\/\" \/>\n<meta property=\"og:site_name\" content=\"EuroGate International\" \/>\n<meta property=\"article:publisher\" content=\"https:\/\/www.facebook.com\/EuroGateInternational\/\" \/>\n<meta property=\"article:modified_time\" content=\"2024-08-06T15:00:59+00:00\" \/>\n<meta property=\"og:image\" content=\"https:\/\/www.eurogate-international.com\/wp-content\/uploads\/2018\/11\/MultiProXA1_TS-e1712736365320.png\" \/>\n\t<meta property=\"og:image:width\" content=\"1139\" \/>\n\t<meta property=\"og:image:height\" content=\"1713\" \/>\n\t<meta property=\"og:image:type\" content=\"image\/png\" \/>\n<meta name=\"twitter:card\" content=\"summary_large_image\" \/>\n<meta name=\"twitter:label1\" content=\"Gesch\u00e4tzte Lesezeit\" \/>\n\t<meta name=\"twitter:data1\" content=\"2 Minuten\" \/>\n<!-- \/ Yoast SEO plugin. -->","yoast_head_json":{"title":"Zeltheringsramme Multi-Pro XA | EuroGate International","robots":{"index":"index","follow":"follow","max-snippet":"max-snippet:-1","max-image-preview":"max-image-preview:large","max-video-preview":"max-video-preview:-1"},"canonical":"https:\/\/www.eurogate-international.com\/de\/product\/zeltheringsramme-multi-pro-xa\/","og_locale":"de_DE","og_type":"article","og_title":"Zeltheringsramme Multi-Pro XA | EuroGate International","og_description":"Zeltheringsramme Multi-Pro XA Diese TentStake-Pfahlramme\u00a0wurde speziell zum Einschlagen von gro\u00dfen Zeltheringen konzipiert. Der Adapter dieser Rhino Multi-Pro TentStake passt genau um einen Zeltheringskopf mit einem Durchmesser von 6,8 cm.  Die Multi-Pro XA-Zeltheringsramme ist motorisch und technisch identisch mit der Standard-Pfahlramme Multi Pro XA, mit Ausnahme des Adapters. Dar\u00fcber hinaus ist die TentStake-Einheit standardm\u00e4\u00dfig mit dem praktischen Top-Throttle ausgestattet, sodass Sie die Maschine von oben bedienen k\u00f6nnen und sich somit weniger b\u00fccken m\u00fcssen.  Durch seine kompakte Gr\u00f6\u00dfe kann diese Zeltheringsramme leicht in Bereichen mit begrenztem Zugang und eingeschr\u00e4nkter Man\u00f6vrierf\u00e4higkeit von nur einer Person benutzt werden. Dar\u00fcber hinaus ist zahlreiches Zubeh\u00f6r verf\u00fcgbar, wie Betriebsstundenz\u00e4hler, Transportkiste aus Holz und Transportkarren. Au\u00dferdem haben wir alle Teile auf Lager, es sind geeignete Zeltheringe verf\u00fcgbar und Sie k\u00f6nnen uns f\u00fcr den Service kontaktieren.  Fachwissen und Service  Im Laufe der Jahre hat EuroGate International ein gro\u00dfes Fachwissen \u00fcber Pfahlrammen aufgebaut. Wir haben ein breites Sortiment von Spezialadaptern und Schlagst\u00fccken entwickelt, um unseren Kunden die beste Beratung und den besten Service zu bieten. Sehen Sie hier alle Pfahlrammen von EuroGate International. Fragen zu unseren Produkten? Rufen Sie unsere Verkaufsabteilung an, um passende Beratung zu erhalten: +31 0523-638286.","og_url":"https:\/\/www.eurogate-international.com\/de\/product\/zeltheringsramme-multi-pro-xa\/","og_site_name":"EuroGate International","article_publisher":"https:\/\/www.facebook.com\/EuroGateInternational\/","article_modified_time":"2024-08-06T15:00:59+00:00","og_image":[{"width":1139,"height":1713,"url":"https:\/\/www.eurogate-international.com\/wp-content\/uploads\/2018\/11\/MultiProXA1_TS-e1712736365320.png","type":"image\/png"}],"twitter_card":"summary_large_image","twitter_misc":{"Gesch\u00e4tzte Lesezeit":"2 Minuten"},"schema":{"@context":"https:\/\/schema.org","@graph":[{"@type":"WebPage","@id":"https:\/\/www.eurogate-international.com\/de\/product\/zeltheringsramme-multi-pro-xa\/","url":"https:\/\/www.eurogate-international.com\/de\/product\/zeltheringsramme-multi-pro-xa\/","name":"Zeltheringsramme Multi-Pro XA | EuroGate International","isPartOf":{"@id":"https:\/\/www.eurogate-international.com\/de\/#website"},"primaryImageOfPage":{"@id":"https:\/\/www.eurogate-international.com\/de\/product\/zeltheringsramme-multi-pro-xa\/#primaryimage"},"image":{"@id":"https:\/\/www.eurogate-international.com\/de\/product\/zeltheringsramme-multi-pro-xa\/#primaryimage"},"thumbnailUrl":"https:\/\/www.eurogate-international.com\/wp-content\/uploads\/2018\/11\/MultiProXA1_TS-e1712736365320.png","datePublished":"2018-11-27T13:30:57+00:00","dateModified":"2024-08-06T15:00:59+00:00","breadcrumb":{"@id":"https:\/\/www.eurogate-international.com\/de\/product\/zeltheringsramme-multi-pro-xa\/#breadcrumb"},"inLanguage":"de-DE","potentialAction":[{"@type":"ReadAction","target":["https:\/\/www.eurogate-international.com\/de\/product\/zeltheringsramme-multi-pro-xa\/"]}]},{"@type":"ImageObject","inLanguage":"de-DE","@id":"https:\/\/www.eurogate-international.com\/de\/product\/zeltheringsramme-multi-pro-xa\/#primaryimage","url":"https:\/\/www.eurogate-international.com\/wp-content\/uploads\/2018\/11\/MultiProXA1_TS-e1712736365320.png","contentUrl":"https:\/\/www.eurogate-international.com\/wp-content\/uploads\/2018\/11\/MultiProXA1_TS-e1712736365320.png","width":1139,"height":1713,"caption":"Multi Pro XA Tent Stake"},{"@type":"BreadcrumbList","@id":"https:\/\/www.eurogate-international.com\/de\/product\/zeltheringsramme-multi-pro-xa\/#breadcrumb","itemListElement":[{"@type":"ListItem","position":1,"name":"Home","item":"https:\/\/www.eurogate-international.com\/de\/"},{"@type":"ListItem","position":2,"name":"Shop","item":"https:\/\/www.eurogate-international.com\/de\/shop-2\/"},{"@type":"ListItem","position":3,"name":"Zeltheringsramme Multi-Pro XA"}]},{"@type":"WebSite","@id":"https:\/\/www.eurogate-international.com\/de\/#website","url":"https:\/\/www.eurogate-international.com\/de\/","name":"EuroGate International","description":"D\u00e9 onafhankelijke Europese verkooporganisatie van machines","publisher":{"@id":"https:\/\/www.eurogate-international.com\/de\/#organization"},"potentialAction":[{"@type":"SearchAction","target":{"@type":"EntryPoint","urlTemplate":"https:\/\/www.eurogate-international.com\/de\/?s={search_term_string}"},"query-input":{"@type":"PropertyValueSpecification","valueRequired":true,"valueName":"search_term_string"}}],"inLanguage":"de-DE"},{"@type":"Organization","@id":"https:\/\/www.eurogate-international.com\/de\/#organization","name":"EuroGate International","url":"https:\/\/www.eurogate-international.com\/de\/","logo":{"@type":"ImageObject","inLanguage":"de-DE","@id":"https:\/\/www.eurogate-international.com\/de\/#\/schema\/logo\/image\/","url":"https:\/\/www.eurogate-international.com\/wp-content\/uploads\/2020\/06\/Logo_EuroGateInternational2.png","contentUrl":"https:\/\/www.eurogate-international.com\/wp-content\/uploads\/2020\/06\/Logo_EuroGateInternational2.png","width":150,"height":148,"caption":"EuroGate International"},"image":{"@id":"https:\/\/www.eurogate-international.com\/de\/#\/schema\/logo\/image\/"},"sameAs":["https:\/\/www.facebook.com\/EuroGateInternational\/","https:\/\/nl.linkedin.com\/company\/eurogate-international"]}]}},"jetpack_sharing_enabled":true,"_links":{"self":[{"href":"https:\/\/www.eurogate-international.com\/de\/wp-json\/wp\/v2\/product\/21470","targetHints":{"allow":["GET"]}}],"collection":[{"href":"https:\/\/www.eurogate-international.com\/de\/wp-json\/wp\/v2\/product"}],"about":[{"href":"https:\/\/www.eurogate-international.com\/de\/wp-json\/wp\/v2\/types\/product"}],"replies":[{"embeddable":true,"href":"https:\/\/www.eurogate-international.com\/de\/wp-json\/wp\/v2\/comments?post=21470"}],"version-history":[{"count":0,"href":"https:\/\/www.eurogate-international.com\/de\/wp-json\/wp\/v2\/product\/21470\/revisions"}],"wp:featuredmedia":[{"embeddable":true,"href":"https:\/\/www.eurogate-international.com\/de\/wp-json\/wp\/v2\/media\/2778"}],"wp:attachment":[{"href":"https:\/\/www.eurogate-international.com\/de\/wp-json\/wp\/v2\/media?parent=21470"}],"wp:term":[{"taxonomy":"product_cat","embeddable":true,"href":"https:\/\/www.eurogate-international.com\/de\/wp-json\/wp\/v2\/product_cat?post=21470"},{"taxonomy":"product_tag","embeddable":true,"href":"https:\/\/www.eurogate-international.com\/de\/wp-json\/wp\/v2\/product_tag?post=21470"}],"curies":[{"name":"wp","href":"https:\/\/api.w.org\/{rel}","templated":true}]}}