{"id":21497,"date":"2020-05-20T14:03:07","date_gmt":"2020-05-20T13:03:07","guid":{"rendered":"https:\/\/www.eurogate-international.com\/product\/pfahlramme-pneumatisch-pd-200-o178-mm\/"},"modified":"2024-07-16T12:08:24","modified_gmt":"2024-07-16T11:08:24","slug":"pfahlramme-pneumatisch-pd-200-o178-mm","status":"publish","type":"product","link":"https:\/\/www.eurogate-international.com\/de\/product\/pfahlramme-pneumatisch-pd-200-o178-mm\/","title":{"rendered":"Pfahlramme Pneumatisch PD-200 \u00f8178 mm"},"excerpt":{"rendered":"<h2>Pfahlramme Pneumatisch von Rhino Tool PD-200 kaufen?<\/h2>\n<p>Die Pfahlramme PD-200 von Rhino Tool ist eine gute Wahl. Mit einer enormen Schlagkraft und nur einem beweglichen Teil praktisch wartungsfrei. Diese Druckluft-Pfahlramme nimmt Ihnen alle schweren Arbeiten ab. F\u00fcr jeden Pfahldurchmesser ist ein passender Adapter erh\u00e4ltlich. Dadurch kann der Pfahltreiber maximale Kraft liefern und eine Besch\u00e4digung des Pfahls begrenzen.<\/p>\n<ul>\n<li>Geeignet f\u00fcr alle Pfahldurchmesser bis \u00d8 170mm<\/li>\n<li>Separate Adapter f\u00fcr jeden Durchmesser erh\u00e4ltlich<\/li>\n<li>Solides Material aus dem Rhino Tool-Sortiment<\/li>\n<\/ul>\n<p>Fragen zu unseren Produkten? Rufen Sie unsere Verkaufsabteilung an, um passende Beratung zu erhalten: +31 0523-638286.<\/p>\n<h3>Vielseitige pneumatische Pfahlramme<\/h3>\n<p>Diese vielseitige pneumatische Pfahlramme wiegt 80 kg und ist ein Topseller in unserem Sortiment. Diese Maschine kapituliert nicht beim Rammen von Erdpf\u00e4hlen, Holzpf\u00e4hlen, Eisenstiften, Stahlpf\u00e4hlen und T-Profilen.<\/p>\n<h3>\u00c4u\u00dferst leistungsstarke Maschine<\/h3>\n<p>Da f\u00fcr jeden Durchmesser ein separater Adapter erh\u00e4ltlich ist, garantiert dieser Pfahltreiber die richtige Schlagposition. Dadurch werden die Pf\u00e4hle praktisch nicht besch\u00e4digt und die Maschine liefert maximale Kraft.<\/p>\n<h3>\u00a0Pfahlramme Rhino Tool<\/h3>\n<p>Alle Pfahlrammen von Rhino Tool sind f\u00fcr ihre lange Lebensdauer und Robustheit bekannt. Als erster Hersteller der Pfahlramme (im Jahr 1974) ist Rhino Tool ein zuverl\u00e4ssiger Partner mit gutem Service. Der Erwerb der pneumatischen Pfahlramme ist eine gute Wahl und eine Investition, die Sie jahrelang begleiten wird.<\/p>\n","protected":false},"featured_media":11873,"comment_status":"closed","ping_status":"closed","template":"","meta":{"_acf_changed":false},"product_cat":[3315,3318,3313,3312,3314],"product_tag":[],"class_list":{"0":"post-21497","1":"product","2":"type-product","3":"status-publish","4":"has-post-thumbnail","6":"product_brand-rhino-tool-de","7":"product_cat-eine-pfahlramme-kaufen","8":"product_cat-eine-pneumatische-pfahlramme-kaufen","9":"product_cat-maschinen-de","10":"product_cat-pfahlrammen","11":"product_cat-rhino-pfahlramme","12":"pa_aandrijving-pneumatisch-de","14":"first","15":"instock","16":"taxable","17":"shipping-taxable","18":"purchasable","19":"product-type-simple"},"acf":[],"yoast_head":"<!-- This site is optimized with the Yoast SEO plugin v27.3 - https:\/\/yoast.com\/product\/yoast-seo-wordpress\/ -->\n<title>Pfahlramme Pneumatisch PD-200 \u00f8178 mm | EuroGate International<\/title>\n<meta name=\"robots\" content=\"index, follow, max-snippet:-1, max-image-preview:large, max-video-preview:-1\" \/>\n<link rel=\"canonical\" href=\"https:\/\/www.eurogate-international.com\/de\/product\/pfahlramme-pneumatisch-pd-200-o178-mm\/\" \/>\n<meta property=\"og:locale\" content=\"de_DE\" \/>\n<meta property=\"og:type\" content=\"article\" \/>\n<meta property=\"og:title\" content=\"Pfahlramme Pneumatisch PD-200 \u00f8178 mm | EuroGate International\" \/>\n<meta property=\"og:description\" content=\"Pfahlramme Pneumatisch von Rhino Tool PD-200 kaufen? Die Pfahlramme PD-200 von Rhino Tool ist eine gute Wahl. Mit einer enormen Schlagkraft und nur einem beweglichen Teil praktisch wartungsfrei. Diese Druckluft-Pfahlramme nimmt Ihnen alle schweren Arbeiten ab. F\u00fcr jeden Pfahldurchmesser ist ein passender Adapter erh\u00e4ltlich. Dadurch kann der Pfahltreiber maximale Kraft liefern und eine Besch\u00e4digung des Pfahls begrenzen.   Geeignet f\u00fcr alle Pfahldurchmesser bis \u00d8 170mm  Separate Adapter f\u00fcr jeden Durchmesser erh\u00e4ltlich  Solides Material aus dem Rhino Tool-Sortiment  Fragen zu unseren Produkten? Rufen Sie unsere Verkaufsabteilung an, um passende Beratung zu erhalten: +31 0523-638286. Vielseitige pneumatische Pfahlramme Diese vielseitige pneumatische Pfahlramme wiegt 80 kg und ist ein Topseller in unserem Sortiment. Diese Maschine kapituliert nicht beim Rammen von Erdpf\u00e4hlen, Holzpf\u00e4hlen, Eisenstiften, Stahlpf\u00e4hlen und T-Profilen. \u00c4u\u00dferst leistungsstarke Maschine Da f\u00fcr jeden Durchmesser ein separater Adapter erh\u00e4ltlich ist, garantiert dieser Pfahltreiber die richtige Schlagposition. Dadurch werden die Pf\u00e4hle praktisch nicht besch\u00e4digt und die Maschine liefert maximale Kraft. \u00a0Pfahlramme Rhino Tool Alle Pfahlrammen von Rhino Tool sind f\u00fcr ihre lange Lebensdauer und Robustheit bekannt. Als erster Hersteller der Pfahlramme (im Jahr 1974) ist Rhino Tool ein zuverl\u00e4ssiger Partner mit gutem Service. Der Erwerb der pneumatischen Pfahlramme ist eine gute Wahl und eine Investition, die Sie jahrelang begleiten wird.\" \/>\n<meta property=\"og:url\" content=\"https:\/\/www.eurogate-international.com\/de\/product\/pfahlramme-pneumatisch-pd-200-o178-mm\/\" \/>\n<meta property=\"og:site_name\" content=\"EuroGate International\" \/>\n<meta property=\"article:publisher\" content=\"https:\/\/www.facebook.com\/EuroGateInternational\/\" \/>\n<meta property=\"article:modified_time\" content=\"2024-07-16T11:08:24+00:00\" \/>\n<meta property=\"og:image\" content=\"https:\/\/www.eurogate-international.com\/wp-content\/uploads\/2018\/09\/PD200_palenrammer1-e1712743836778.png\" \/>\n\t<meta property=\"og:image:width\" content=\"2500\" \/>\n\t<meta property=\"og:image:height\" content=\"2500\" \/>\n\t<meta property=\"og:image:type\" content=\"image\/png\" \/>\n<meta name=\"twitter:card\" content=\"summary_large_image\" \/>\n<meta name=\"twitter:label1\" content=\"Gesch\u00e4tzte Lesezeit\" \/>\n\t<meta name=\"twitter:data1\" content=\"2 Minuten\" \/>\n<!-- \/ Yoast SEO plugin. -->","yoast_head_json":{"title":"Pfahlramme Pneumatisch PD-200 \u00f8178 mm | EuroGate International","robots":{"index":"index","follow":"follow","max-snippet":"max-snippet:-1","max-image-preview":"max-image-preview:large","max-video-preview":"max-video-preview:-1"},"canonical":"https:\/\/www.eurogate-international.com\/de\/product\/pfahlramme-pneumatisch-pd-200-o178-mm\/","og_locale":"de_DE","og_type":"article","og_title":"Pfahlramme Pneumatisch PD-200 \u00f8178 mm | EuroGate International","og_description":"Pfahlramme Pneumatisch von Rhino Tool PD-200 kaufen? Die Pfahlramme PD-200 von Rhino Tool ist eine gute Wahl. Mit einer enormen Schlagkraft und nur einem beweglichen Teil praktisch wartungsfrei. Diese Druckluft-Pfahlramme nimmt Ihnen alle schweren Arbeiten ab. F\u00fcr jeden Pfahldurchmesser ist ein passender Adapter erh\u00e4ltlich. Dadurch kann der Pfahltreiber maximale Kraft liefern und eine Besch\u00e4digung des Pfahls begrenzen.   Geeignet f\u00fcr alle Pfahldurchmesser bis \u00d8 170mm  Separate Adapter f\u00fcr jeden Durchmesser erh\u00e4ltlich  Solides Material aus dem Rhino Tool-Sortiment  Fragen zu unseren Produkten? Rufen Sie unsere Verkaufsabteilung an, um passende Beratung zu erhalten: +31 0523-638286. Vielseitige pneumatische Pfahlramme Diese vielseitige pneumatische Pfahlramme wiegt 80 kg und ist ein Topseller in unserem Sortiment. Diese Maschine kapituliert nicht beim Rammen von Erdpf\u00e4hlen, Holzpf\u00e4hlen, Eisenstiften, Stahlpf\u00e4hlen und T-Profilen. \u00c4u\u00dferst leistungsstarke Maschine Da f\u00fcr jeden Durchmesser ein separater Adapter erh\u00e4ltlich ist, garantiert dieser Pfahltreiber die richtige Schlagposition. Dadurch werden die Pf\u00e4hle praktisch nicht besch\u00e4digt und die Maschine liefert maximale Kraft. \u00a0Pfahlramme Rhino Tool Alle Pfahlrammen von Rhino Tool sind f\u00fcr ihre lange Lebensdauer und Robustheit bekannt. Als erster Hersteller der Pfahlramme (im Jahr 1974) ist Rhino Tool ein zuverl\u00e4ssiger Partner mit gutem Service. Der Erwerb der pneumatischen Pfahlramme ist eine gute Wahl und eine Investition, die Sie jahrelang begleiten wird.","og_url":"https:\/\/www.eurogate-international.com\/de\/product\/pfahlramme-pneumatisch-pd-200-o178-mm\/","og_site_name":"EuroGate International","article_publisher":"https:\/\/www.facebook.com\/EuroGateInternational\/","article_modified_time":"2024-07-16T11:08:24+00:00","og_image":[{"width":2500,"height":2500,"url":"https:\/\/www.eurogate-international.com\/wp-content\/uploads\/2018\/09\/PD200_palenrammer1-e1712743836778.png","type":"image\/png"}],"twitter_card":"summary_large_image","twitter_misc":{"Gesch\u00e4tzte Lesezeit":"2 Minuten"},"schema":{"@context":"https:\/\/schema.org","@graph":[{"@type":"WebPage","@id":"https:\/\/www.eurogate-international.com\/de\/product\/pfahlramme-pneumatisch-pd-200-o178-mm\/","url":"https:\/\/www.eurogate-international.com\/de\/product\/pfahlramme-pneumatisch-pd-200-o178-mm\/","name":"Pfahlramme Pneumatisch PD-200 \u00f8178 mm | EuroGate International","isPartOf":{"@id":"https:\/\/www.eurogate-international.com\/de\/#website"},"primaryImageOfPage":{"@id":"https:\/\/www.eurogate-international.com\/de\/product\/pfahlramme-pneumatisch-pd-200-o178-mm\/#primaryimage"},"image":{"@id":"https:\/\/www.eurogate-international.com\/de\/product\/pfahlramme-pneumatisch-pd-200-o178-mm\/#primaryimage"},"thumbnailUrl":"https:\/\/www.eurogate-international.com\/wp-content\/uploads\/2018\/09\/PD200_palenrammer1-e1712743836778.png","datePublished":"2020-05-20T13:03:07+00:00","dateModified":"2024-07-16T11:08:24+00:00","breadcrumb":{"@id":"https:\/\/www.eurogate-international.com\/de\/product\/pfahlramme-pneumatisch-pd-200-o178-mm\/#breadcrumb"},"inLanguage":"de-DE","potentialAction":[{"@type":"ReadAction","target":["https:\/\/www.eurogate-international.com\/de\/product\/pfahlramme-pneumatisch-pd-200-o178-mm\/"]}]},{"@type":"ImageObject","inLanguage":"de-DE","@id":"https:\/\/www.eurogate-international.com\/de\/product\/pfahlramme-pneumatisch-pd-200-o178-mm\/#primaryimage","url":"https:\/\/www.eurogate-international.com\/wp-content\/uploads\/2018\/09\/PD200_palenrammer1-e1712743836778.png","contentUrl":"https:\/\/www.eurogate-international.com\/wp-content\/uploads\/2018\/09\/PD200_palenrammer1-e1712743836778.png","width":2500,"height":2500},{"@type":"BreadcrumbList","@id":"https:\/\/www.eurogate-international.com\/de\/product\/pfahlramme-pneumatisch-pd-200-o178-mm\/#breadcrumb","itemListElement":[{"@type":"ListItem","position":1,"name":"Home","item":"https:\/\/www.eurogate-international.com\/de\/"},{"@type":"ListItem","position":2,"name":"Shop","item":"https:\/\/www.eurogate-international.com\/de\/shop-2\/"},{"@type":"ListItem","position":3,"name":"Pfahlramme Pneumatisch PD-200 \u00f8178 mm"}]},{"@type":"WebSite","@id":"https:\/\/www.eurogate-international.com\/de\/#website","url":"https:\/\/www.eurogate-international.com\/de\/","name":"EuroGate International","description":"D\u00e9 onafhankelijke Europese verkooporganisatie van machines","publisher":{"@id":"https:\/\/www.eurogate-international.com\/de\/#organization"},"potentialAction":[{"@type":"SearchAction","target":{"@type":"EntryPoint","urlTemplate":"https:\/\/www.eurogate-international.com\/de\/?s={search_term_string}"},"query-input":{"@type":"PropertyValueSpecification","valueRequired":true,"valueName":"search_term_string"}}],"inLanguage":"de-DE"},{"@type":"Organization","@id":"https:\/\/www.eurogate-international.com\/de\/#organization","name":"EuroGate International","url":"https:\/\/www.eurogate-international.com\/de\/","logo":{"@type":"ImageObject","inLanguage":"de-DE","@id":"https:\/\/www.eurogate-international.com\/de\/#\/schema\/logo\/image\/","url":"https:\/\/www.eurogate-international.com\/wp-content\/uploads\/2020\/06\/Logo_EuroGateInternational2.png","contentUrl":"https:\/\/www.eurogate-international.com\/wp-content\/uploads\/2020\/06\/Logo_EuroGateInternational2.png","width":150,"height":148,"caption":"EuroGate International"},"image":{"@id":"https:\/\/www.eurogate-international.com\/de\/#\/schema\/logo\/image\/"},"sameAs":["https:\/\/www.facebook.com\/EuroGateInternational\/","https:\/\/nl.linkedin.com\/company\/eurogate-international"]}]}},"jetpack_sharing_enabled":true,"_links":{"self":[{"href":"https:\/\/www.eurogate-international.com\/de\/wp-json\/wp\/v2\/product\/21497","targetHints":{"allow":["GET"]}}],"collection":[{"href":"https:\/\/www.eurogate-international.com\/de\/wp-json\/wp\/v2\/product"}],"about":[{"href":"https:\/\/www.eurogate-international.com\/de\/wp-json\/wp\/v2\/types\/product"}],"replies":[{"embeddable":true,"href":"https:\/\/www.eurogate-international.com\/de\/wp-json\/wp\/v2\/comments?post=21497"}],"version-history":[{"count":0,"href":"https:\/\/www.eurogate-international.com\/de\/wp-json\/wp\/v2\/product\/21497\/revisions"}],"wp:featuredmedia":[{"embeddable":true,"href":"https:\/\/www.eurogate-international.com\/de\/wp-json\/wp\/v2\/media\/11873"}],"wp:attachment":[{"href":"https:\/\/www.eurogate-international.com\/de\/wp-json\/wp\/v2\/media?parent=21497"}],"wp:term":[{"taxonomy":"product_cat","embeddable":true,"href":"https:\/\/www.eurogate-international.com\/de\/wp-json\/wp\/v2\/product_cat?post=21497"},{"taxonomy":"product_tag","embeddable":true,"href":"https:\/\/www.eurogate-international.com\/de\/wp-json\/wp\/v2\/product_tag?post=21497"}],"curies":[{"name":"wp","href":"https:\/\/api.w.org\/{rel}","templated":true}]}}