{"id":21508,"date":"2023-03-01T14:46:37","date_gmt":"2023-03-01T13:46:37","guid":{"rendered":"https:\/\/www.eurogate-international.com\/product\/kh193-hydraulische-pfahlrammen\/"},"modified":"2024-08-02T13:34:44","modified_gmt":"2024-08-02T12:34:44","slug":"kh193-hydraulische-pfahlrammen","status":"publish","type":"product","link":"https:\/\/www.eurogate-international.com\/de\/product\/kh193-hydraulische-pfahlrammen\/","title":{"rendered":"KH193 Hydraulische Pfahlrammen"},"excerpt":{"rendered":"<h2>Hydraulische Pfahlramme KH193<\/h2>\n<p>Diese leistungsstarke, hydraulische Pfahlramme von Maruzen ist eine gute Wahl, wenn Sie eine starke Maschine zum Einschlagen von Stahl- und Holzpf\u00e4hlen suchen. Die Maruzen KH193 wird standardm\u00e4\u00dfig ohne Schlagst\u00fcck geliefert. W\u00e4hlen Sie eines der verf\u00fcgbaren Schlagst\u00fccke aus.<\/p>\n<ul>\n<li>Einfach und schnell in der Anwendung<\/li>\n<li>Nicht weniger als 1920 H\u00fcbe pro Minute<\/li>\n<li>Arbeitet mit einer hydraulischen Kraftquelle wie einem Powerpack oder einer Erdbewegungsmaschine<\/li>\n<li>Kann unter nassen Bedingungen eingesetzt werden<\/li>\n<li>Minimaler Wartungsaufwand: Schmierung des Kopfs alle 50 Stunden und Wartung alle 500 Stunden<\/li>\n<\/ul>\n<h3>Hydraulisches Kraftpaket<\/h3>\n<p>Die Pfahlramme KH193 ist die perfekte Wahl f\u00fcr das Einschlagen von Stahlrohren, zum Beispiel 60 x 40 mm oder \u00d8 60 mm, aber auch f\u00fcr Holzpf\u00e4hle bis zu einem Durchmesser von 110 mm geeignet. Sie wiegt 20 kg und ist leistungsst\u00e4rker als unsere benzinbetriebenen Rammen. Sie ben\u00f6tigen mehr Leistung? Dann werfen Sie einen Blick auf die Rhino HPD-60. Sie schlie\u00dfen die Pfahlramme an ein hydraulisches Powerpack an, beispielsweise das Maruzen UH070.<\/p>\n<p><strong>Dieser Pfahlrammen-Typ bietet viele M\u00f6glichkeiten:<\/strong><\/p>\n<ul>\n<li>Montage von Z\u00e4unen<\/li>\n<li>Fundamentarbeiten<\/li>\n<li>Leitplanken-\/Bordsteinarbeiten<\/li>\n<li>Installation von Solarparks<\/li>\n<\/ul>\n<h3>EuroGate International bietet bezahlbare Qualit\u00e4t und bezahlbaren Service<\/h3>\n<p>Maruzen ist ein zuverl\u00e4ssiger Maschinenbauer aus Japan f\u00fcr alle Arten von Hydraulikger\u00e4ten. Die Spitzenmarke bietet hervorragende Qualit\u00e4t und hervorragenden Service. Maruzen produziert seit 1954 hydraulische Maschinen.<\/p>\n<p>Bevorzugen Sie eine benzinbetriebene oder druckluftbetriebene Pfahlramme? Schauen Sie sich \u00a0alle Pfahlrammen von EuroGate International an. Fragen zu unseren Produkten? Rufen Sie unsere Verkaufsabteilung an, um passende Beratung zu erhalten:+31 0523-638286.<\/p>\n<p><a href=\"https:\/\/www.eurogate-international.com\/nl\/contact\/\"><iframe title=\"YouTube video player\" data-src=\"https:\/\/www.youtube.com\/embed\/fvkOpy1aUDQ\" width=\"560\" height=\"315\" frameborder=\"0\" allowfullscreen=\"allowfullscreen\" src=\"data:image\/gif;base64,R0lGODlhAQABAAAAACH5BAEKAAEALAAAAAABAAEAAAICTAEAOw==\" class=\"lazyload\" data-load-mode=\"1\"><\/iframe><\/a><\/p>\n","protected":false},"featured_media":17357,"comment_status":"closed","ping_status":"closed","template":"","meta":{"_acf_changed":false},"product_cat":[3317,3313],"product_tag":[],"class_list":{"0":"post-21508","1":"product","2":"type-product","3":"status-publish","4":"has-post-thumbnail","6":"product_brand-maruzen-de","7":"product_cat-eine-hydraulische-pfahlramme-kaufen","8":"product_cat-maschinen-de","9":"pa_aandrijving-hydraulisch-de","11":"first","12":"instock","13":"taxable","14":"shipping-taxable","15":"purchasable","16":"product-type-simple"},"acf":[],"yoast_head":"<!-- This site is optimized with the Yoast SEO plugin v27.2 - https:\/\/yoast.com\/product\/yoast-seo-wordpress\/ -->\n<title>KH193 Hydraulische Pfahlrammen | EuroGate International<\/title>\n<meta name=\"robots\" content=\"index, follow, max-snippet:-1, max-image-preview:large, max-video-preview:-1\" \/>\n<link rel=\"canonical\" href=\"https:\/\/www.eurogate-international.com\/de\/product\/kh193-hydraulische-pfahlrammen\/\" \/>\n<meta property=\"og:locale\" content=\"de_DE\" \/>\n<meta property=\"og:type\" content=\"article\" \/>\n<meta property=\"og:title\" content=\"KH193 Hydraulische Pfahlrammen | EuroGate International\" \/>\n<meta property=\"og:description\" content=\"Hydraulische Pfahlramme KH193 Diese leistungsstarke, hydraulische Pfahlramme von Maruzen ist eine gute Wahl, wenn Sie eine starke Maschine zum Einschlagen von Stahl- und Holzpf\u00e4hlen suchen. Die Maruzen KH193 wird standardm\u00e4\u00dfig ohne Schlagst\u00fcck geliefert. W\u00e4hlen Sie eines der verf\u00fcgbaren Schlagst\u00fccke aus.   Einfach und schnell in der Anwendung  Nicht weniger als 1920 H\u00fcbe pro Minute  Arbeitet mit einer hydraulischen Kraftquelle wie einem Powerpack oder einer Erdbewegungsmaschine  Kann unter nassen Bedingungen eingesetzt werden  Minimaler Wartungsaufwand: Schmierung des Kopfs alle 50 Stunden und Wartung alle 500 Stunden  Hydraulisches Kraftpaket Die Pfahlramme KH193 ist die perfekte Wahl f\u00fcr das Einschlagen von Stahlrohren, zum Beispiel 60 x 40 mm oder \u00d8 60 mm, aber auch f\u00fcr Holzpf\u00e4hle bis zu einem Durchmesser von 110 mm geeignet. Sie wiegt 20 kg und ist leistungsst\u00e4rker als unsere benzinbetriebenen Rammen. Sie ben\u00f6tigen mehr Leistung? Dann werfen Sie einen Blick auf die Rhino HPD-60. Sie schlie\u00dfen die Pfahlramme an ein hydraulisches Powerpack an, beispielsweise das Maruzen UH070.  Dieser Pfahlrammen-Typ bietet viele M\u00f6glichkeiten:   Montage von Z\u00e4unen  Fundamentarbeiten  Leitplanken-\/Bordsteinarbeiten  Installation von Solarparks  EuroGate International bietet bezahlbare Qualit\u00e4t und bezahlbaren Service Maruzen ist ein zuverl\u00e4ssiger Maschinenbauer aus Japan f\u00fcr alle Arten von Hydraulikger\u00e4ten. Die Spitzenmarke bietet hervorragende Qualit\u00e4t und hervorragenden Service. Maruzen produziert seit 1954 hydraulische Maschinen.  Bevorzugen Sie eine benzinbetriebene oder druckluftbetriebene Pfahlramme? Schauen Sie sich \u00a0alle Pfahlrammen von EuroGate International an. Fragen zu unseren Produkten? Rufen Sie unsere Verkaufsabteilung an, um passende Beratung zu erhalten:+31 0523-638286.\" \/>\n<meta property=\"og:url\" content=\"https:\/\/www.eurogate-international.com\/de\/product\/kh193-hydraulische-pfahlrammen\/\" \/>\n<meta property=\"og:site_name\" content=\"EuroGate International\" \/>\n<meta property=\"article:publisher\" content=\"https:\/\/www.facebook.com\/EuroGateInternational\/\" \/>\n<meta property=\"article:modified_time\" content=\"2024-08-02T12:34:44+00:00\" \/>\n<meta property=\"og:image\" content=\"https:\/\/www.eurogate-international.com\/wp-content\/uploads\/2023\/03\/Maruzen_KH193-productfoto.png\" \/>\n\t<meta property=\"og:image:width\" content=\"1281\" \/>\n\t<meta property=\"og:image:height\" content=\"1500\" \/>\n\t<meta property=\"og:image:type\" content=\"image\/png\" \/>\n<meta name=\"twitter:card\" content=\"summary_large_image\" \/>\n<meta name=\"twitter:label1\" content=\"Gesch\u00e4tzte Lesezeit\" \/>\n\t<meta name=\"twitter:data1\" content=\"2 Minuten\" \/>\n<!-- \/ Yoast SEO plugin. -->","yoast_head_json":{"title":"KH193 Hydraulische Pfahlrammen | EuroGate International","robots":{"index":"index","follow":"follow","max-snippet":"max-snippet:-1","max-image-preview":"max-image-preview:large","max-video-preview":"max-video-preview:-1"},"canonical":"https:\/\/www.eurogate-international.com\/de\/product\/kh193-hydraulische-pfahlrammen\/","og_locale":"de_DE","og_type":"article","og_title":"KH193 Hydraulische Pfahlrammen | EuroGate International","og_description":"Hydraulische Pfahlramme KH193 Diese leistungsstarke, hydraulische Pfahlramme von Maruzen ist eine gute Wahl, wenn Sie eine starke Maschine zum Einschlagen von Stahl- und Holzpf\u00e4hlen suchen. Die Maruzen KH193 wird standardm\u00e4\u00dfig ohne Schlagst\u00fcck geliefert. W\u00e4hlen Sie eines der verf\u00fcgbaren Schlagst\u00fccke aus.   Einfach und schnell in der Anwendung  Nicht weniger als 1920 H\u00fcbe pro Minute  Arbeitet mit einer hydraulischen Kraftquelle wie einem Powerpack oder einer Erdbewegungsmaschine  Kann unter nassen Bedingungen eingesetzt werden  Minimaler Wartungsaufwand: Schmierung des Kopfs alle 50 Stunden und Wartung alle 500 Stunden  Hydraulisches Kraftpaket Die Pfahlramme KH193 ist die perfekte Wahl f\u00fcr das Einschlagen von Stahlrohren, zum Beispiel 60 x 40 mm oder \u00d8 60 mm, aber auch f\u00fcr Holzpf\u00e4hle bis zu einem Durchmesser von 110 mm geeignet. Sie wiegt 20 kg und ist leistungsst\u00e4rker als unsere benzinbetriebenen Rammen. Sie ben\u00f6tigen mehr Leistung? Dann werfen Sie einen Blick auf die Rhino HPD-60. Sie schlie\u00dfen die Pfahlramme an ein hydraulisches Powerpack an, beispielsweise das Maruzen UH070.  Dieser Pfahlrammen-Typ bietet viele M\u00f6glichkeiten:   Montage von Z\u00e4unen  Fundamentarbeiten  Leitplanken-\/Bordsteinarbeiten  Installation von Solarparks  EuroGate International bietet bezahlbare Qualit\u00e4t und bezahlbaren Service Maruzen ist ein zuverl\u00e4ssiger Maschinenbauer aus Japan f\u00fcr alle Arten von Hydraulikger\u00e4ten. Die Spitzenmarke bietet hervorragende Qualit\u00e4t und hervorragenden Service. Maruzen produziert seit 1954 hydraulische Maschinen.  Bevorzugen Sie eine benzinbetriebene oder druckluftbetriebene Pfahlramme? Schauen Sie sich \u00a0alle Pfahlrammen von EuroGate International an. Fragen zu unseren Produkten? Rufen Sie unsere Verkaufsabteilung an, um passende Beratung zu erhalten:+31 0523-638286.","og_url":"https:\/\/www.eurogate-international.com\/de\/product\/kh193-hydraulische-pfahlrammen\/","og_site_name":"EuroGate International","article_publisher":"https:\/\/www.facebook.com\/EuroGateInternational\/","article_modified_time":"2024-08-02T12:34:44+00:00","og_image":[{"width":1281,"height":1500,"url":"https:\/\/www.eurogate-international.com\/wp-content\/uploads\/2023\/03\/Maruzen_KH193-productfoto.png","type":"image\/png"}],"twitter_card":"summary_large_image","twitter_misc":{"Gesch\u00e4tzte Lesezeit":"2 Minuten"},"schema":{"@context":"https:\/\/schema.org","@graph":[{"@type":"WebPage","@id":"https:\/\/www.eurogate-international.com\/de\/product\/kh193-hydraulische-pfahlrammen\/","url":"https:\/\/www.eurogate-international.com\/de\/product\/kh193-hydraulische-pfahlrammen\/","name":"KH193 Hydraulische Pfahlrammen | EuroGate International","isPartOf":{"@id":"https:\/\/www.eurogate-international.com\/de\/#website"},"primaryImageOfPage":{"@id":"https:\/\/www.eurogate-international.com\/de\/product\/kh193-hydraulische-pfahlrammen\/#primaryimage"},"image":{"@id":"https:\/\/www.eurogate-international.com\/de\/product\/kh193-hydraulische-pfahlrammen\/#primaryimage"},"thumbnailUrl":"https:\/\/www.eurogate-international.com\/wp-content\/uploads\/2023\/03\/Maruzen_KH193-productfoto.png","datePublished":"2023-03-01T13:46:37+00:00","dateModified":"2024-08-02T12:34:44+00:00","breadcrumb":{"@id":"https:\/\/www.eurogate-international.com\/de\/product\/kh193-hydraulische-pfahlrammen\/#breadcrumb"},"inLanguage":"de-DE","potentialAction":[{"@type":"ReadAction","target":["https:\/\/www.eurogate-international.com\/de\/product\/kh193-hydraulische-pfahlrammen\/"]}]},{"@type":"ImageObject","inLanguage":"de-DE","@id":"https:\/\/www.eurogate-international.com\/de\/product\/kh193-hydraulische-pfahlrammen\/#primaryimage","url":"https:\/\/www.eurogate-international.com\/wp-content\/uploads\/2023\/03\/Maruzen_KH193-productfoto.png","contentUrl":"https:\/\/www.eurogate-international.com\/wp-content\/uploads\/2023\/03\/Maruzen_KH193-productfoto.png","width":1281,"height":1500,"caption":"KH193"},{"@type":"BreadcrumbList","@id":"https:\/\/www.eurogate-international.com\/de\/product\/kh193-hydraulische-pfahlrammen\/#breadcrumb","itemListElement":[{"@type":"ListItem","position":1,"name":"Home","item":"https:\/\/www.eurogate-international.com\/de\/"},{"@type":"ListItem","position":2,"name":"Shop","item":"https:\/\/www.eurogate-international.com\/de\/shop-2\/"},{"@type":"ListItem","position":3,"name":"KH193 Hydraulische Pfahlrammen"}]},{"@type":"WebSite","@id":"https:\/\/www.eurogate-international.com\/de\/#website","url":"https:\/\/www.eurogate-international.com\/de\/","name":"EuroGate International","description":"D\u00e9 onafhankelijke Europese verkooporganisatie van machines","publisher":{"@id":"https:\/\/www.eurogate-international.com\/de\/#organization"},"potentialAction":[{"@type":"SearchAction","target":{"@type":"EntryPoint","urlTemplate":"https:\/\/www.eurogate-international.com\/de\/?s={search_term_string}"},"query-input":{"@type":"PropertyValueSpecification","valueRequired":true,"valueName":"search_term_string"}}],"inLanguage":"de-DE"},{"@type":"Organization","@id":"https:\/\/www.eurogate-international.com\/de\/#organization","name":"EuroGate International","url":"https:\/\/www.eurogate-international.com\/de\/","logo":{"@type":"ImageObject","inLanguage":"de-DE","@id":"https:\/\/www.eurogate-international.com\/de\/#\/schema\/logo\/image\/","url":"https:\/\/www.eurogate-international.com\/wp-content\/uploads\/2020\/06\/Logo_EuroGateInternational2.png","contentUrl":"https:\/\/www.eurogate-international.com\/wp-content\/uploads\/2020\/06\/Logo_EuroGateInternational2.png","width":150,"height":148,"caption":"EuroGate International"},"image":{"@id":"https:\/\/www.eurogate-international.com\/de\/#\/schema\/logo\/image\/"},"sameAs":["https:\/\/www.facebook.com\/EuroGateInternational\/","https:\/\/nl.linkedin.com\/company\/eurogate-international"]}]}},"jetpack_sharing_enabled":true,"_links":{"self":[{"href":"https:\/\/www.eurogate-international.com\/de\/wp-json\/wp\/v2\/product\/21508","targetHints":{"allow":["GET"]}}],"collection":[{"href":"https:\/\/www.eurogate-international.com\/de\/wp-json\/wp\/v2\/product"}],"about":[{"href":"https:\/\/www.eurogate-international.com\/de\/wp-json\/wp\/v2\/types\/product"}],"replies":[{"embeddable":true,"href":"https:\/\/www.eurogate-international.com\/de\/wp-json\/wp\/v2\/comments?post=21508"}],"version-history":[{"count":0,"href":"https:\/\/www.eurogate-international.com\/de\/wp-json\/wp\/v2\/product\/21508\/revisions"}],"wp:featuredmedia":[{"embeddable":true,"href":"https:\/\/www.eurogate-international.com\/de\/wp-json\/wp\/v2\/media\/17357"}],"wp:attachment":[{"href":"https:\/\/www.eurogate-international.com\/de\/wp-json\/wp\/v2\/media?parent=21508"}],"wp:term":[{"taxonomy":"product_cat","embeddable":true,"href":"https:\/\/www.eurogate-international.com\/de\/wp-json\/wp\/v2\/product_cat?post=21508"},{"taxonomy":"product_tag","embeddable":true,"href":"https:\/\/www.eurogate-international.com\/de\/wp-json\/wp\/v2\/product_tag?post=21508"}],"curies":[{"name":"wp","href":"https:\/\/api.w.org\/{rel}","templated":true}]}}