{"id":21644,"date":"2018-10-18T15:55:17","date_gmt":"2018-10-18T14:55:17","guid":{"rendered":"https:\/\/www.eurogate-international.com\/product\/290000-transportkarre-serie-rhino-pro\/"},"modified":"2024-08-07T16:06:37","modified_gmt":"2024-08-07T15:06:37","slug":"290000-transportkarre-serie-rhino-pro","status":"publish","type":"product","link":"https:\/\/www.eurogate-international.com\/de\/product\/290000-transportkarre-serie-rhino-pro\/","title":{"rendered":"290000 Transportkarre Serie Rhino Pro"},"excerpt":{"rendered":"<h2>290000 Transportkarre Serie Rhino Pro<\/h2>\n<p>Diese Rhino-Transportkarre eignet sich f\u00fcr den Transport der gesamten benzinbetriebenen Rhino-Serie. Die Transportkarre ist voll verchromt, mit gro\u00dfen R\u00e4dern f\u00fcr gute Man\u00f6vrierbarkeit ausgestattet und sie verf\u00fcgt \u00fcber verschiedene Ablagef\u00e4cher f\u00fcr Zubeh\u00f6rteile.<\/p>\n","protected":false},"featured_media":4774,"comment_status":"closed","ping_status":"closed","template":"","meta":{"_acf_changed":false},"product_cat":[3332],"product_tag":[],"class_list":{"0":"post-21644","1":"product","2":"type-product","3":"status-publish","4":"has-post-thumbnail","6":"product_brand-rhino-tool-de","7":"product_cat-zubehoer-de","9":"first","10":"instock","11":"taxable","12":"shipping-taxable","13":"purchasable","14":"product-type-simple"},"acf":[],"yoast_head":"<!-- This site is optimized with the Yoast SEO plugin v27.4 - https:\/\/yoast.com\/product\/yoast-seo-wordpress\/ -->\n<title>290000 Transportkarre Serie Rhino Pro | EuroGate International<\/title>\n<meta name=\"robots\" content=\"index, follow, max-snippet:-1, max-image-preview:large, max-video-preview:-1\" \/>\n<link rel=\"canonical\" href=\"https:\/\/www.eurogate-international.com\/de\/product\/290000-transportkarre-serie-rhino-pro\/\" \/>\n<meta property=\"og:locale\" content=\"de_DE\" \/>\n<meta property=\"og:type\" content=\"article\" \/>\n<meta property=\"og:title\" content=\"290000 Transportkarre Serie Rhino Pro | EuroGate International\" \/>\n<meta property=\"og:description\" content=\"290000 Transportkarre Serie Rhino Pro Diese Rhino-Transportkarre eignet sich f\u00fcr den Transport der gesamten benzinbetriebenen Rhino-Serie. Die Transportkarre ist voll verchromt, mit gro\u00dfen R\u00e4dern f\u00fcr gute Man\u00f6vrierbarkeit ausgestattet und sie verf\u00fcgt \u00fcber verschiedene Ablagef\u00e4cher f\u00fcr Zubeh\u00f6rteile.\" \/>\n<meta property=\"og:url\" content=\"https:\/\/www.eurogate-international.com\/de\/product\/290000-transportkarre-serie-rhino-pro\/\" \/>\n<meta property=\"og:site_name\" content=\"EuroGate International\" \/>\n<meta property=\"article:publisher\" content=\"https:\/\/www.facebook.com\/EuroGateInternational\/\" \/>\n<meta property=\"article:modified_time\" content=\"2024-08-07T15:06:37+00:00\" \/>\n<meta property=\"og:image\" content=\"https:\/\/www.eurogate-international.com\/wp-content\/uploads\/2018\/10\/Transportkar-1-767x1280.png\" \/>\n\t<meta property=\"og:image:width\" content=\"767\" \/>\n\t<meta property=\"og:image:height\" content=\"1280\" \/>\n\t<meta property=\"og:image:type\" content=\"image\/png\" \/>\n<meta name=\"twitter:card\" content=\"summary_large_image\" \/>\n<meta name=\"twitter:label1\" content=\"Gesch\u00e4tzte Lesezeit\" \/>\n\t<meta name=\"twitter:data1\" content=\"1 Minute\" \/>\n<!-- \/ Yoast SEO plugin. -->","yoast_head_json":{"title":"290000 Transportkarre Serie Rhino Pro | EuroGate International","robots":{"index":"index","follow":"follow","max-snippet":"max-snippet:-1","max-image-preview":"max-image-preview:large","max-video-preview":"max-video-preview:-1"},"canonical":"https:\/\/www.eurogate-international.com\/de\/product\/290000-transportkarre-serie-rhino-pro\/","og_locale":"de_DE","og_type":"article","og_title":"290000 Transportkarre Serie Rhino Pro | EuroGate International","og_description":"290000 Transportkarre Serie Rhino Pro Diese Rhino-Transportkarre eignet sich f\u00fcr den Transport der gesamten benzinbetriebenen Rhino-Serie. Die Transportkarre ist voll verchromt, mit gro\u00dfen R\u00e4dern f\u00fcr gute Man\u00f6vrierbarkeit ausgestattet und sie verf\u00fcgt \u00fcber verschiedene Ablagef\u00e4cher f\u00fcr Zubeh\u00f6rteile.","og_url":"https:\/\/www.eurogate-international.com\/de\/product\/290000-transportkarre-serie-rhino-pro\/","og_site_name":"EuroGate International","article_publisher":"https:\/\/www.facebook.com\/EuroGateInternational\/","article_modified_time":"2024-08-07T15:06:37+00:00","og_image":[{"width":767,"height":1280,"url":"https:\/\/www.eurogate-international.com\/wp-content\/uploads\/2018\/10\/Transportkar-1-767x1280.png","type":"image\/png"}],"twitter_card":"summary_large_image","twitter_misc":{"Gesch\u00e4tzte Lesezeit":"1 Minute"},"schema":{"@context":"https:\/\/schema.org","@graph":[{"@type":"WebPage","@id":"https:\/\/www.eurogate-international.com\/de\/product\/290000-transportkarre-serie-rhino-pro\/","url":"https:\/\/www.eurogate-international.com\/de\/product\/290000-transportkarre-serie-rhino-pro\/","name":"290000 Transportkarre Serie Rhino Pro | EuroGate International","isPartOf":{"@id":"https:\/\/www.eurogate-international.com\/de\/#website"},"primaryImageOfPage":{"@id":"https:\/\/www.eurogate-international.com\/de\/product\/290000-transportkarre-serie-rhino-pro\/#primaryimage"},"image":{"@id":"https:\/\/www.eurogate-international.com\/de\/product\/290000-transportkarre-serie-rhino-pro\/#primaryimage"},"thumbnailUrl":"https:\/\/www.eurogate-international.com\/wp-content\/uploads\/2018\/10\/Transportkar-1.png","datePublished":"2018-10-18T14:55:17+00:00","dateModified":"2024-08-07T15:06:37+00:00","breadcrumb":{"@id":"https:\/\/www.eurogate-international.com\/de\/product\/290000-transportkarre-serie-rhino-pro\/#breadcrumb"},"inLanguage":"de-DE","potentialAction":[{"@type":"ReadAction","target":["https:\/\/www.eurogate-international.com\/de\/product\/290000-transportkarre-serie-rhino-pro\/"]}]},{"@type":"ImageObject","inLanguage":"de-DE","@id":"https:\/\/www.eurogate-international.com\/de\/product\/290000-transportkarre-serie-rhino-pro\/#primaryimage","url":"https:\/\/www.eurogate-international.com\/wp-content\/uploads\/2018\/10\/Transportkar-1.png","contentUrl":"https:\/\/www.eurogate-international.com\/wp-content\/uploads\/2018\/10\/Transportkar-1.png","width":2468,"height":4120},{"@type":"BreadcrumbList","@id":"https:\/\/www.eurogate-international.com\/de\/product\/290000-transportkarre-serie-rhino-pro\/#breadcrumb","itemListElement":[{"@type":"ListItem","position":1,"name":"Home","item":"https:\/\/www.eurogate-international.com\/de\/"},{"@type":"ListItem","position":2,"name":"Shop","item":"https:\/\/www.eurogate-international.com\/de\/shop-2\/"},{"@type":"ListItem","position":3,"name":"290000 Transportkarre Serie Rhino Pro"}]},{"@type":"WebSite","@id":"https:\/\/www.eurogate-international.com\/de\/#website","url":"https:\/\/www.eurogate-international.com\/de\/","name":"EuroGate International","description":"D\u00e9 onafhankelijke Europese verkooporganisatie van machines","publisher":{"@id":"https:\/\/www.eurogate-international.com\/de\/#organization"},"potentialAction":[{"@type":"SearchAction","target":{"@type":"EntryPoint","urlTemplate":"https:\/\/www.eurogate-international.com\/de\/?s={search_term_string}"},"query-input":{"@type":"PropertyValueSpecification","valueRequired":true,"valueName":"search_term_string"}}],"inLanguage":"de-DE"},{"@type":"Organization","@id":"https:\/\/www.eurogate-international.com\/de\/#organization","name":"EuroGate International","url":"https:\/\/www.eurogate-international.com\/de\/","logo":{"@type":"ImageObject","inLanguage":"de-DE","@id":"https:\/\/www.eurogate-international.com\/de\/#\/schema\/logo\/image\/","url":"https:\/\/www.eurogate-international.com\/wp-content\/uploads\/2020\/06\/Logo_EuroGateInternational2.png","contentUrl":"https:\/\/www.eurogate-international.com\/wp-content\/uploads\/2020\/06\/Logo_EuroGateInternational2.png","width":150,"height":148,"caption":"EuroGate International"},"image":{"@id":"https:\/\/www.eurogate-international.com\/de\/#\/schema\/logo\/image\/"},"sameAs":["https:\/\/www.facebook.com\/EuroGateInternational\/","https:\/\/nl.linkedin.com\/company\/eurogate-international"]}]}},"jetpack_sharing_enabled":true,"_links":{"self":[{"href":"https:\/\/www.eurogate-international.com\/de\/wp-json\/wp\/v2\/product\/21644","targetHints":{"allow":["GET"]}}],"collection":[{"href":"https:\/\/www.eurogate-international.com\/de\/wp-json\/wp\/v2\/product"}],"about":[{"href":"https:\/\/www.eurogate-international.com\/de\/wp-json\/wp\/v2\/types\/product"}],"replies":[{"embeddable":true,"href":"https:\/\/www.eurogate-international.com\/de\/wp-json\/wp\/v2\/comments?post=21644"}],"version-history":[{"count":0,"href":"https:\/\/www.eurogate-international.com\/de\/wp-json\/wp\/v2\/product\/21644\/revisions"}],"wp:featuredmedia":[{"embeddable":true,"href":"https:\/\/www.eurogate-international.com\/de\/wp-json\/wp\/v2\/media\/4774"}],"wp:attachment":[{"href":"https:\/\/www.eurogate-international.com\/de\/wp-json\/wp\/v2\/media?parent=21644"}],"wp:term":[{"taxonomy":"product_cat","embeddable":true,"href":"https:\/\/www.eurogate-international.com\/de\/wp-json\/wp\/v2\/product_cat?post=21644"},{"taxonomy":"product_tag","embeddable":true,"href":"https:\/\/www.eurogate-international.com\/de\/wp-json\/wp\/v2\/product_tag?post=21644"}],"curies":[{"name":"wp","href":"https:\/\/api.w.org\/{rel}","templated":true}]}}