{"id":21645,"date":"2018-11-01T14:41:32","date_gmt":"2018-11-01T13:41:32","guid":{"rendered":"https:\/\/www.eurogate-international.com\/product\/301600-pro-series-top-throttle-kit\/"},"modified":"2024-04-15T08:45:34","modified_gmt":"2024-04-15T07:45:34","slug":"301600-pro-series-top-throttle-kit","status":"publish","type":"product","link":"https:\/\/www.eurogate-international.com\/de\/product\/301600-pro-series-top-throttle-kit\/","title":{"rendered":"301600 Pro-Series Top Throttle Kit"},"excerpt":{"rendered":"<h2>301600 Pro-Series Top Throttle Kit<\/h2>\n<p>Mit dem Top Throttle k\u00f6nnen Sie in einer angenehmeren Haltung Ihre Pf\u00e4hle\/Absteckpf\u00e4hle oder Zeltheringe bequem tief in den Boden schlagen.<\/p>\n<p><em><strong>Bitte beachten Sie, dass dieses Kit bereits standardm\u00e4\u00dfig an den Zeltheringsrammen angebracht ist!<\/strong><\/em><\/p>\n","protected":false},"featured_media":2112,"comment_status":"closed","ping_status":"closed","template":"","meta":{"_acf_changed":false},"product_cat":[3605,3565,3604,3332,3603],"product_tag":[],"class_list":{"0":"post-21645","1":"product","2":"type-product","3":"status-publish","4":"has-post-thumbnail","6":"product_brand-rhino-tool-de","7":"product_cat-fence-pro-teile-de","8":"product_cat-maschinenteile","9":"product_cat-multi-pro-xa-teile","10":"product_cat-zubehoer-de","11":"product_cat-rhino-tool-teile","13":"first","14":"instock","15":"taxable","16":"shipping-taxable","17":"purchasable","18":"product-type-simple"},"acf":[],"yoast_head":"<!-- This site is optimized with the Yoast SEO plugin v27.3 - https:\/\/yoast.com\/product\/yoast-seo-wordpress\/ -->\n<title>301600 Pro-Series Top Throttle Kit | EuroGate International<\/title>\n<meta name=\"robots\" content=\"index, follow, max-snippet:-1, max-image-preview:large, max-video-preview:-1\" \/>\n<link rel=\"canonical\" href=\"https:\/\/www.eurogate-international.com\/de\/product\/301600-pro-series-top-throttle-kit\/\" \/>\n<meta property=\"og:locale\" content=\"de_DE\" \/>\n<meta property=\"og:type\" content=\"article\" \/>\n<meta property=\"og:title\" content=\"301600 Pro-Series Top Throttle Kit | EuroGate International\" \/>\n<meta property=\"og:description\" content=\"301600 Pro-Series Top Throttle Kit Mit dem Top Throttle k\u00f6nnen Sie in einer angenehmeren Haltung Ihre Pf\u00e4hle\/Absteckpf\u00e4hle oder Zeltheringe bequem tief in den Boden schlagen.  Bitte beachten Sie, dass dieses Kit bereits standardm\u00e4\u00dfig an den Zeltheringsrammen angebracht ist!\" \/>\n<meta property=\"og:url\" content=\"https:\/\/www.eurogate-international.com\/de\/product\/301600-pro-series-top-throttle-kit\/\" \/>\n<meta property=\"og:site_name\" content=\"EuroGate International\" \/>\n<meta property=\"article:publisher\" content=\"https:\/\/www.facebook.com\/EuroGateInternational\/\" \/>\n<meta property=\"article:modified_time\" content=\"2024-04-15T07:45:34+00:00\" \/>\n<meta property=\"og:image\" content=\"https:\/\/www.eurogate-international.com\/wp-content\/uploads\/2018\/11\/TopThrottle-1280x853.png\" \/>\n\t<meta property=\"og:image:width\" content=\"1280\" \/>\n\t<meta property=\"og:image:height\" content=\"853\" \/>\n\t<meta property=\"og:image:type\" content=\"image\/png\" \/>\n<meta name=\"twitter:card\" content=\"summary_large_image\" \/>\n<meta name=\"twitter:label1\" content=\"Gesch\u00e4tzte Lesezeit\" \/>\n\t<meta name=\"twitter:data1\" content=\"2 Minuten\" \/>\n<!-- \/ Yoast SEO plugin. -->","yoast_head_json":{"title":"301600 Pro-Series Top Throttle Kit | EuroGate International","robots":{"index":"index","follow":"follow","max-snippet":"max-snippet:-1","max-image-preview":"max-image-preview:large","max-video-preview":"max-video-preview:-1"},"canonical":"https:\/\/www.eurogate-international.com\/de\/product\/301600-pro-series-top-throttle-kit\/","og_locale":"de_DE","og_type":"article","og_title":"301600 Pro-Series Top Throttle Kit | EuroGate International","og_description":"301600 Pro-Series Top Throttle Kit Mit dem Top Throttle k\u00f6nnen Sie in einer angenehmeren Haltung Ihre Pf\u00e4hle\/Absteckpf\u00e4hle oder Zeltheringe bequem tief in den Boden schlagen.  Bitte beachten Sie, dass dieses Kit bereits standardm\u00e4\u00dfig an den Zeltheringsrammen angebracht ist!","og_url":"https:\/\/www.eurogate-international.com\/de\/product\/301600-pro-series-top-throttle-kit\/","og_site_name":"EuroGate International","article_publisher":"https:\/\/www.facebook.com\/EuroGateInternational\/","article_modified_time":"2024-04-15T07:45:34+00:00","og_image":[{"width":1280,"height":853,"url":"https:\/\/www.eurogate-international.com\/wp-content\/uploads\/2018\/11\/TopThrottle-1280x853.png","type":"image\/png"}],"twitter_card":"summary_large_image","twitter_misc":{"Gesch\u00e4tzte Lesezeit":"2 Minuten"},"schema":{"@context":"https:\/\/schema.org","@graph":[{"@type":"WebPage","@id":"https:\/\/www.eurogate-international.com\/de\/product\/301600-pro-series-top-throttle-kit\/","url":"https:\/\/www.eurogate-international.com\/de\/product\/301600-pro-series-top-throttle-kit\/","name":"301600 Pro-Series Top Throttle Kit | EuroGate International","isPartOf":{"@id":"https:\/\/www.eurogate-international.com\/de\/#website"},"primaryImageOfPage":{"@id":"https:\/\/www.eurogate-international.com\/de\/product\/301600-pro-series-top-throttle-kit\/#primaryimage"},"image":{"@id":"https:\/\/www.eurogate-international.com\/de\/product\/301600-pro-series-top-throttle-kit\/#primaryimage"},"thumbnailUrl":"https:\/\/www.eurogate-international.com\/wp-content\/uploads\/2018\/11\/TopThrottle.png","datePublished":"2018-11-01T13:41:32+00:00","dateModified":"2024-04-15T07:45:34+00:00","breadcrumb":{"@id":"https:\/\/www.eurogate-international.com\/de\/product\/301600-pro-series-top-throttle-kit\/#breadcrumb"},"inLanguage":"de-DE","potentialAction":[{"@type":"ReadAction","target":["https:\/\/www.eurogate-international.com\/de\/product\/301600-pro-series-top-throttle-kit\/"]}]},{"@type":"ImageObject","inLanguage":"de-DE","@id":"https:\/\/www.eurogate-international.com\/de\/product\/301600-pro-series-top-throttle-kit\/#primaryimage","url":"https:\/\/www.eurogate-international.com\/wp-content\/uploads\/2018\/11\/TopThrottle.png","contentUrl":"https:\/\/www.eurogate-international.com\/wp-content\/uploads\/2018\/11\/TopThrottle.png","width":5647,"height":3764},{"@type":"BreadcrumbList","@id":"https:\/\/www.eurogate-international.com\/de\/product\/301600-pro-series-top-throttle-kit\/#breadcrumb","itemListElement":[{"@type":"ListItem","position":1,"name":"Home","item":"https:\/\/www.eurogate-international.com\/de\/"},{"@type":"ListItem","position":2,"name":"Shop","item":"https:\/\/www.eurogate-international.com\/de\/shop-2\/"},{"@type":"ListItem","position":3,"name":"301600 Pro-Series Top Throttle Kit"}]},{"@type":"WebSite","@id":"https:\/\/www.eurogate-international.com\/de\/#website","url":"https:\/\/www.eurogate-international.com\/de\/","name":"EuroGate International","description":"D\u00e9 onafhankelijke Europese verkooporganisatie van machines","publisher":{"@id":"https:\/\/www.eurogate-international.com\/de\/#organization"},"potentialAction":[{"@type":"SearchAction","target":{"@type":"EntryPoint","urlTemplate":"https:\/\/www.eurogate-international.com\/de\/?s={search_term_string}"},"query-input":{"@type":"PropertyValueSpecification","valueRequired":true,"valueName":"search_term_string"}}],"inLanguage":"de-DE"},{"@type":"Organization","@id":"https:\/\/www.eurogate-international.com\/de\/#organization","name":"EuroGate International","url":"https:\/\/www.eurogate-international.com\/de\/","logo":{"@type":"ImageObject","inLanguage":"de-DE","@id":"https:\/\/www.eurogate-international.com\/de\/#\/schema\/logo\/image\/","url":"https:\/\/www.eurogate-international.com\/wp-content\/uploads\/2020\/06\/Logo_EuroGateInternational2.png","contentUrl":"https:\/\/www.eurogate-international.com\/wp-content\/uploads\/2020\/06\/Logo_EuroGateInternational2.png","width":150,"height":148,"caption":"EuroGate International"},"image":{"@id":"https:\/\/www.eurogate-international.com\/de\/#\/schema\/logo\/image\/"},"sameAs":["https:\/\/www.facebook.com\/EuroGateInternational\/","https:\/\/nl.linkedin.com\/company\/eurogate-international"]}]}},"jetpack_sharing_enabled":true,"_links":{"self":[{"href":"https:\/\/www.eurogate-international.com\/de\/wp-json\/wp\/v2\/product\/21645","targetHints":{"allow":["GET"]}}],"collection":[{"href":"https:\/\/www.eurogate-international.com\/de\/wp-json\/wp\/v2\/product"}],"about":[{"href":"https:\/\/www.eurogate-international.com\/de\/wp-json\/wp\/v2\/types\/product"}],"replies":[{"embeddable":true,"href":"https:\/\/www.eurogate-international.com\/de\/wp-json\/wp\/v2\/comments?post=21645"}],"version-history":[{"count":0,"href":"https:\/\/www.eurogate-international.com\/de\/wp-json\/wp\/v2\/product\/21645\/revisions"}],"wp:featuredmedia":[{"embeddable":true,"href":"https:\/\/www.eurogate-international.com\/de\/wp-json\/wp\/v2\/media\/2112"}],"wp:attachment":[{"href":"https:\/\/www.eurogate-international.com\/de\/wp-json\/wp\/v2\/media?parent=21645"}],"wp:term":[{"taxonomy":"product_cat","embeddable":true,"href":"https:\/\/www.eurogate-international.com\/de\/wp-json\/wp\/v2\/product_cat?post=21645"},{"taxonomy":"product_tag","embeddable":true,"href":"https:\/\/www.eurogate-international.com\/de\/wp-json\/wp\/v2\/product_tag?post=21645"}],"curies":[{"name":"wp","href":"https:\/\/api.w.org\/{rel}","templated":true}]}}