{"id":21646,"date":"2018-11-01T14:44:25","date_gmt":"2018-11-01T13:44:25","guid":{"rendered":"https:\/\/www.eurogate-international.com\/product\/301250-pro-series-extended-handle-kit-60-cm\/"},"modified":"2024-04-15T09:07:02","modified_gmt":"2024-04-15T08:07:02","slug":"301250-pro-series-extended-handle-kit-60-cm","status":"publish","type":"product","link":"https:\/\/www.eurogate-international.com\/de\/product\/301250-pro-series-extended-handle-kit-60-cm\/","title":{"rendered":"301250 Pro-Series Extended Handle Kit &#8211; 60 cm"},"excerpt":{"rendered":"<h2>301250 Pro-Series Extended Handle Kit &#8211; 60 cm<\/h2>\n<p>Durch die Montage von Verl\u00e4ngerungsarmen an Ihrer Pfahlramme ist es m\u00f6glich, sehr hohe Pf\u00e4hle aus einer stehenden Position in den Boden zu rammen. Au\u00dferdem k\u00f6nnen die Verl\u00e4ngerungsarme oben montiert werden, was den Vorteil hat, dass Sie sich nicht b\u00fccken m\u00fcssen, wenn Sie Pf\u00e4hle in den Boden schlagen wollen.<\/p>\n","protected":false},"featured_media":2119,"comment_status":"closed","ping_status":"closed","template":"","meta":{"_acf_changed":false},"product_cat":[3605,3565,3604,3332,3603],"product_tag":[],"class_list":{"0":"post-21646","1":"product","2":"type-product","3":"status-publish","4":"has-post-thumbnail","6":"product_brand-rhino-tool-de","7":"product_cat-fence-pro-teile-de","8":"product_cat-maschinenteile","9":"product_cat-multi-pro-xa-teile","10":"product_cat-zubehoer-de","11":"product_cat-rhino-tool-teile","13":"first","14":"instock","15":"taxable","16":"shipping-taxable","17":"purchasable","18":"product-type-simple"},"acf":[],"yoast_head":"<!-- This site is optimized with the Yoast SEO plugin v27.3 - https:\/\/yoast.com\/product\/yoast-seo-wordpress\/ -->\n<title>301250 Pro-Series Extended Handle Kit - 60 cm | EuroGate International<\/title>\n<meta name=\"robots\" content=\"index, follow, max-snippet:-1, max-image-preview:large, max-video-preview:-1\" \/>\n<link rel=\"canonical\" href=\"https:\/\/www.eurogate-international.com\/de\/product\/301250-pro-series-extended-handle-kit-60-cm\/\" \/>\n<meta property=\"og:locale\" content=\"de_DE\" \/>\n<meta property=\"og:type\" content=\"article\" \/>\n<meta property=\"og:title\" content=\"301250 Pro-Series Extended Handle Kit - 60 cm | EuroGate International\" \/>\n<meta property=\"og:description\" content=\"301250 Pro-Series Extended Handle Kit - 60 cm Durch die Montage von Verl\u00e4ngerungsarmen an Ihrer Pfahlramme ist es m\u00f6glich, sehr hohe Pf\u00e4hle aus einer stehenden Position in den Boden zu rammen. Au\u00dferdem k\u00f6nnen die Verl\u00e4ngerungsarme oben montiert werden, was den Vorteil hat, dass Sie sich nicht b\u00fccken m\u00fcssen, wenn Sie Pf\u00e4hle in den Boden schlagen wollen.\" \/>\n<meta property=\"og:url\" content=\"https:\/\/www.eurogate-international.com\/de\/product\/301250-pro-series-extended-handle-kit-60-cm\/\" \/>\n<meta property=\"og:site_name\" content=\"EuroGate International\" \/>\n<meta property=\"article:publisher\" content=\"https:\/\/www.facebook.com\/EuroGateInternational\/\" \/>\n<meta property=\"article:modified_time\" content=\"2024-04-15T08:07:02+00:00\" \/>\n<meta property=\"og:image\" content=\"https:\/\/www.eurogate-international.com\/wp-content\/uploads\/2018\/11\/verlengarmen.png\" \/>\n\t<meta property=\"og:image:width\" content=\"1139\" \/>\n\t<meta property=\"og:image:height\" content=\"3506\" \/>\n\t<meta property=\"og:image:type\" content=\"image\/png\" \/>\n<meta name=\"twitter:card\" content=\"summary_large_image\" \/>\n<meta name=\"twitter:label1\" content=\"Gesch\u00e4tzte Lesezeit\" \/>\n\t<meta name=\"twitter:data1\" content=\"2 Minuten\" \/>\n<!-- \/ Yoast SEO plugin. -->","yoast_head_json":{"title":"301250 Pro-Series Extended Handle Kit - 60 cm | EuroGate International","robots":{"index":"index","follow":"follow","max-snippet":"max-snippet:-1","max-image-preview":"max-image-preview:large","max-video-preview":"max-video-preview:-1"},"canonical":"https:\/\/www.eurogate-international.com\/de\/product\/301250-pro-series-extended-handle-kit-60-cm\/","og_locale":"de_DE","og_type":"article","og_title":"301250 Pro-Series Extended Handle Kit - 60 cm | EuroGate International","og_description":"301250 Pro-Series Extended Handle Kit - 60 cm Durch die Montage von Verl\u00e4ngerungsarmen an Ihrer Pfahlramme ist es m\u00f6glich, sehr hohe Pf\u00e4hle aus einer stehenden Position in den Boden zu rammen. Au\u00dferdem k\u00f6nnen die Verl\u00e4ngerungsarme oben montiert werden, was den Vorteil hat, dass Sie sich nicht b\u00fccken m\u00fcssen, wenn Sie Pf\u00e4hle in den Boden schlagen wollen.","og_url":"https:\/\/www.eurogate-international.com\/de\/product\/301250-pro-series-extended-handle-kit-60-cm\/","og_site_name":"EuroGate International","article_publisher":"https:\/\/www.facebook.com\/EuroGateInternational\/","article_modified_time":"2024-04-15T08:07:02+00:00","og_image":[{"width":1139,"height":3506,"url":"https:\/\/www.eurogate-international.com\/wp-content\/uploads\/2018\/11\/verlengarmen.png","type":"image\/png"}],"twitter_card":"summary_large_image","twitter_misc":{"Gesch\u00e4tzte Lesezeit":"2 Minuten"},"schema":{"@context":"https:\/\/schema.org","@graph":[{"@type":"WebPage","@id":"https:\/\/www.eurogate-international.com\/de\/product\/301250-pro-series-extended-handle-kit-60-cm\/","url":"https:\/\/www.eurogate-international.com\/de\/product\/301250-pro-series-extended-handle-kit-60-cm\/","name":"301250 Pro-Series Extended Handle Kit - 60 cm | EuroGate International","isPartOf":{"@id":"https:\/\/www.eurogate-international.com\/de\/#website"},"primaryImageOfPage":{"@id":"https:\/\/www.eurogate-international.com\/de\/product\/301250-pro-series-extended-handle-kit-60-cm\/#primaryimage"},"image":{"@id":"https:\/\/www.eurogate-international.com\/de\/product\/301250-pro-series-extended-handle-kit-60-cm\/#primaryimage"},"thumbnailUrl":"https:\/\/www.eurogate-international.com\/wp-content\/uploads\/2018\/11\/verlengarmen.png","datePublished":"2018-11-01T13:44:25+00:00","dateModified":"2024-04-15T08:07:02+00:00","breadcrumb":{"@id":"https:\/\/www.eurogate-international.com\/de\/product\/301250-pro-series-extended-handle-kit-60-cm\/#breadcrumb"},"inLanguage":"de-DE","potentialAction":[{"@type":"ReadAction","target":["https:\/\/www.eurogate-international.com\/de\/product\/301250-pro-series-extended-handle-kit-60-cm\/"]}]},{"@type":"ImageObject","inLanguage":"de-DE","@id":"https:\/\/www.eurogate-international.com\/de\/product\/301250-pro-series-extended-handle-kit-60-cm\/#primaryimage","url":"https:\/\/www.eurogate-international.com\/wp-content\/uploads\/2018\/11\/verlengarmen.png","contentUrl":"https:\/\/www.eurogate-international.com\/wp-content\/uploads\/2018\/11\/verlengarmen.png","width":1139,"height":3506},{"@type":"BreadcrumbList","@id":"https:\/\/www.eurogate-international.com\/de\/product\/301250-pro-series-extended-handle-kit-60-cm\/#breadcrumb","itemListElement":[{"@type":"ListItem","position":1,"name":"Home","item":"https:\/\/www.eurogate-international.com\/de\/"},{"@type":"ListItem","position":2,"name":"Shop","item":"https:\/\/www.eurogate-international.com\/de\/shop-2\/"},{"@type":"ListItem","position":3,"name":"301250 Pro-Series Extended Handle Kit &#8211; 60 cm"}]},{"@type":"WebSite","@id":"https:\/\/www.eurogate-international.com\/de\/#website","url":"https:\/\/www.eurogate-international.com\/de\/","name":"EuroGate International","description":"D\u00e9 onafhankelijke Europese verkooporganisatie van machines","publisher":{"@id":"https:\/\/www.eurogate-international.com\/de\/#organization"},"potentialAction":[{"@type":"SearchAction","target":{"@type":"EntryPoint","urlTemplate":"https:\/\/www.eurogate-international.com\/de\/?s={search_term_string}"},"query-input":{"@type":"PropertyValueSpecification","valueRequired":true,"valueName":"search_term_string"}}],"inLanguage":"de-DE"},{"@type":"Organization","@id":"https:\/\/www.eurogate-international.com\/de\/#organization","name":"EuroGate International","url":"https:\/\/www.eurogate-international.com\/de\/","logo":{"@type":"ImageObject","inLanguage":"de-DE","@id":"https:\/\/www.eurogate-international.com\/de\/#\/schema\/logo\/image\/","url":"https:\/\/www.eurogate-international.com\/wp-content\/uploads\/2020\/06\/Logo_EuroGateInternational2.png","contentUrl":"https:\/\/www.eurogate-international.com\/wp-content\/uploads\/2020\/06\/Logo_EuroGateInternational2.png","width":150,"height":148,"caption":"EuroGate International"},"image":{"@id":"https:\/\/www.eurogate-international.com\/de\/#\/schema\/logo\/image\/"},"sameAs":["https:\/\/www.facebook.com\/EuroGateInternational\/","https:\/\/nl.linkedin.com\/company\/eurogate-international"]}]}},"jetpack_sharing_enabled":true,"_links":{"self":[{"href":"https:\/\/www.eurogate-international.com\/de\/wp-json\/wp\/v2\/product\/21646","targetHints":{"allow":["GET"]}}],"collection":[{"href":"https:\/\/www.eurogate-international.com\/de\/wp-json\/wp\/v2\/product"}],"about":[{"href":"https:\/\/www.eurogate-international.com\/de\/wp-json\/wp\/v2\/types\/product"}],"replies":[{"embeddable":true,"href":"https:\/\/www.eurogate-international.com\/de\/wp-json\/wp\/v2\/comments?post=21646"}],"version-history":[{"count":0,"href":"https:\/\/www.eurogate-international.com\/de\/wp-json\/wp\/v2\/product\/21646\/revisions"}],"wp:featuredmedia":[{"embeddable":true,"href":"https:\/\/www.eurogate-international.com\/de\/wp-json\/wp\/v2\/media\/2119"}],"wp:attachment":[{"href":"https:\/\/www.eurogate-international.com\/de\/wp-json\/wp\/v2\/media?parent=21646"}],"wp:term":[{"taxonomy":"product_cat","embeddable":true,"href":"https:\/\/www.eurogate-international.com\/de\/wp-json\/wp\/v2\/product_cat?post=21646"},{"taxonomy":"product_tag","embeddable":true,"href":"https:\/\/www.eurogate-international.com\/de\/wp-json\/wp\/v2\/product_tag?post=21646"}],"curies":[{"name":"wp","href":"https:\/\/api.w.org\/{rel}","templated":true}]}}