{"id":21648,"date":"2018-11-23T09:31:07","date_gmt":"2018-11-23T08:31:07","guid":{"rendered":"https:\/\/www.eurogate-international.com\/product\/luftschlauch\/"},"modified":"2024-04-15T09:28:48","modified_gmt":"2024-04-15T08:28:48","slug":"luftschlauch","status":"publish","type":"product","link":"https:\/\/www.eurogate-international.com\/de\/product\/luftschlauch\/","title":{"rendered":"Luftschlauch"},"excerpt":{"rendered":"<h2>EGI-Luftschlauch<\/h2>\n<p>Dieser Luftschlauch ist standardm\u00e4\u00dfig in den L\u00e4ngen 2,70 Meter, 10 Meter und 20 Meter lieferbar. Der Schlauch ist auf beiden Seiten mit Klauenkupplungen ausgestattet. Um die Verbindung zwischen Druckluftwartungseinheit und Quetschventil herzustellen, ben\u00f6tigen Sie die 2,70 Meter lange Variante. Ben\u00f6tigen Sie eine andere L\u00e4nge oder andere Kupplungen als die Standardl\u00e4nge? Wenden Sie sich bitte an unsere Verkaufsabteilung.<\/p>\n","protected":false},"featured_media":23301,"comment_status":"closed","ping_status":"closed","template":"","meta":{"_acf_changed":false},"product_cat":[3332],"product_tag":[],"class_list":{"0":"post-21648","1":"product","2":"type-product","3":"status-publish","4":"has-post-thumbnail","6":"product_brand-egi-de","7":"product_cat-zubehoer-de","9":"first","10":"instock","11":"taxable","12":"shipping-taxable","13":"purchasable","14":"product-type-variable"},"acf":[],"yoast_head":"<!-- This site is optimized with the Yoast SEO plugin v27.5 - https:\/\/yoast.com\/product\/yoast-seo-wordpress\/ -->\n<title>Luftschlauch | EuroGate International<\/title>\n<meta name=\"robots\" content=\"index, follow, max-snippet:-1, max-image-preview:large, max-video-preview:-1\" \/>\n<link rel=\"canonical\" href=\"https:\/\/www.eurogate-international.com\/de\/product\/luftschlauch\/\" \/>\n<meta property=\"og:locale\" content=\"de_DE\" \/>\n<meta property=\"og:type\" content=\"article\" \/>\n<meta property=\"og:title\" content=\"Luftschlauch | EuroGate International\" \/>\n<meta property=\"og:description\" content=\"EGI-Luftschlauch Dieser Luftschlauch ist standardm\u00e4\u00dfig in den L\u00e4ngen 2,70 Meter, 10 Meter und 20 Meter lieferbar. Der Schlauch ist auf beiden Seiten mit Klauenkupplungen ausgestattet. Um die Verbindung zwischen Druckluftwartungseinheit und Quetschventil herzustellen, ben\u00f6tigen Sie die 2,70 Meter lange Variante. Ben\u00f6tigen Sie eine andere L\u00e4nge oder andere Kupplungen als die Standardl\u00e4nge? Wenden Sie sich bitte an unsere Verkaufsabteilung.\" \/>\n<meta property=\"og:url\" content=\"https:\/\/www.eurogate-international.com\/de\/product\/luftschlauch\/\" \/>\n<meta property=\"og:site_name\" content=\"EuroGate International\" \/>\n<meta property=\"article:publisher\" content=\"https:\/\/www.facebook.com\/EuroGateInternational\/\" \/>\n<meta property=\"article:modified_time\" content=\"2024-04-15T08:28:48+00:00\" \/>\n<meta property=\"og:image\" content=\"https:\/\/www.eurogate-international.com\/wp-content\/uploads\/2018\/11\/Air-hose.png\" \/>\n\t<meta property=\"og:image:width\" content=\"1424\" \/>\n\t<meta property=\"og:image:height\" content=\"1028\" \/>\n\t<meta property=\"og:image:type\" content=\"image\/png\" \/>\n<meta name=\"twitter:card\" content=\"summary_large_image\" \/>\n<meta name=\"twitter:label1\" content=\"Gesch\u00e4tzte Lesezeit\" \/>\n\t<meta name=\"twitter:data1\" content=\"1 Minute\" \/>\n<!-- \/ Yoast SEO plugin. -->","yoast_head_json":{"title":"Luftschlauch | EuroGate International","robots":{"index":"index","follow":"follow","max-snippet":"max-snippet:-1","max-image-preview":"max-image-preview:large","max-video-preview":"max-video-preview:-1"},"canonical":"https:\/\/www.eurogate-international.com\/de\/product\/luftschlauch\/","og_locale":"de_DE","og_type":"article","og_title":"Luftschlauch | EuroGate International","og_description":"EGI-Luftschlauch Dieser Luftschlauch ist standardm\u00e4\u00dfig in den L\u00e4ngen 2,70 Meter, 10 Meter und 20 Meter lieferbar. Der Schlauch ist auf beiden Seiten mit Klauenkupplungen ausgestattet. Um die Verbindung zwischen Druckluftwartungseinheit und Quetschventil herzustellen, ben\u00f6tigen Sie die 2,70 Meter lange Variante. Ben\u00f6tigen Sie eine andere L\u00e4nge oder andere Kupplungen als die Standardl\u00e4nge? Wenden Sie sich bitte an unsere Verkaufsabteilung.","og_url":"https:\/\/www.eurogate-international.com\/de\/product\/luftschlauch\/","og_site_name":"EuroGate International","article_publisher":"https:\/\/www.facebook.com\/EuroGateInternational\/","article_modified_time":"2024-04-15T08:28:48+00:00","og_image":[{"width":1424,"height":1028,"url":"https:\/\/www.eurogate-international.com\/wp-content\/uploads\/2018\/11\/Air-hose.png","type":"image\/png"}],"twitter_card":"summary_large_image","twitter_misc":{"Gesch\u00e4tzte Lesezeit":"1 Minute"},"schema":{"@context":"https:\/\/schema.org","@graph":[{"@type":"WebPage","@id":"https:\/\/www.eurogate-international.com\/de\/product\/luftschlauch\/","url":"https:\/\/www.eurogate-international.com\/de\/product\/luftschlauch\/","name":"Luftschlauch | EuroGate International","isPartOf":{"@id":"https:\/\/www.eurogate-international.com\/de\/#website"},"primaryImageOfPage":{"@id":"https:\/\/www.eurogate-international.com\/de\/product\/luftschlauch\/#primaryimage"},"image":{"@id":"https:\/\/www.eurogate-international.com\/de\/product\/luftschlauch\/#primaryimage"},"thumbnailUrl":"https:\/\/www.eurogate-international.com\/wp-content\/uploads\/2018\/11\/Air-hose.png","datePublished":"2018-11-23T08:31:07+00:00","dateModified":"2024-04-15T08:28:48+00:00","breadcrumb":{"@id":"https:\/\/www.eurogate-international.com\/de\/product\/luftschlauch\/#breadcrumb"},"inLanguage":"de-DE","potentialAction":[{"@type":"ReadAction","target":["https:\/\/www.eurogate-international.com\/de\/product\/luftschlauch\/"]}]},{"@type":"ImageObject","inLanguage":"de-DE","@id":"https:\/\/www.eurogate-international.com\/de\/product\/luftschlauch\/#primaryimage","url":"https:\/\/www.eurogate-international.com\/wp-content\/uploads\/2018\/11\/Air-hose.png","contentUrl":"https:\/\/www.eurogate-international.com\/wp-content\/uploads\/2018\/11\/Air-hose.png","width":1424,"height":1028},{"@type":"BreadcrumbList","@id":"https:\/\/www.eurogate-international.com\/de\/product\/luftschlauch\/#breadcrumb","itemListElement":[{"@type":"ListItem","position":1,"name":"Home","item":"https:\/\/www.eurogate-international.com\/de\/"},{"@type":"ListItem","position":2,"name":"Shop","item":"https:\/\/www.eurogate-international.com\/de\/shop-2\/"},{"@type":"ListItem","position":3,"name":"Luftschlauch"}]},{"@type":"WebSite","@id":"https:\/\/www.eurogate-international.com\/de\/#website","url":"https:\/\/www.eurogate-international.com\/de\/","name":"EuroGate International","description":"D\u00e9 onafhankelijke Europese verkooporganisatie van machines","publisher":{"@id":"https:\/\/www.eurogate-international.com\/de\/#organization"},"potentialAction":[{"@type":"SearchAction","target":{"@type":"EntryPoint","urlTemplate":"https:\/\/www.eurogate-international.com\/de\/?s={search_term_string}"},"query-input":{"@type":"PropertyValueSpecification","valueRequired":true,"valueName":"search_term_string"}}],"inLanguage":"de-DE"},{"@type":"Organization","@id":"https:\/\/www.eurogate-international.com\/de\/#organization","name":"EuroGate International","url":"https:\/\/www.eurogate-international.com\/de\/","logo":{"@type":"ImageObject","inLanguage":"de-DE","@id":"https:\/\/www.eurogate-international.com\/de\/#\/schema\/logo\/image\/","url":"https:\/\/www.eurogate-international.com\/wp-content\/uploads\/2020\/06\/Logo_EuroGateInternational2.png","contentUrl":"https:\/\/www.eurogate-international.com\/wp-content\/uploads\/2020\/06\/Logo_EuroGateInternational2.png","width":150,"height":148,"caption":"EuroGate International"},"image":{"@id":"https:\/\/www.eurogate-international.com\/de\/#\/schema\/logo\/image\/"},"sameAs":["https:\/\/www.facebook.com\/EuroGateInternational\/","https:\/\/nl.linkedin.com\/company\/eurogate-international"]}]}},"jetpack_sharing_enabled":true,"_links":{"self":[{"href":"https:\/\/www.eurogate-international.com\/de\/wp-json\/wp\/v2\/product\/21648","targetHints":{"allow":["GET"]}}],"collection":[{"href":"https:\/\/www.eurogate-international.com\/de\/wp-json\/wp\/v2\/product"}],"about":[{"href":"https:\/\/www.eurogate-international.com\/de\/wp-json\/wp\/v2\/types\/product"}],"replies":[{"embeddable":true,"href":"https:\/\/www.eurogate-international.com\/de\/wp-json\/wp\/v2\/comments?post=21648"}],"version-history":[{"count":0,"href":"https:\/\/www.eurogate-international.com\/de\/wp-json\/wp\/v2\/product\/21648\/revisions"}],"wp:featuredmedia":[{"embeddable":true,"href":"https:\/\/www.eurogate-international.com\/de\/wp-json\/wp\/v2\/media\/23301"}],"wp:attachment":[{"href":"https:\/\/www.eurogate-international.com\/de\/wp-json\/wp\/v2\/media?parent=21648"}],"wp:term":[{"taxonomy":"product_cat","embeddable":true,"href":"https:\/\/www.eurogate-international.com\/de\/wp-json\/wp\/v2\/product_cat?post=21648"},{"taxonomy":"product_tag","embeddable":true,"href":"https:\/\/www.eurogate-international.com\/de\/wp-json\/wp\/v2\/product_tag?post=21648"}],"curies":[{"name":"wp","href":"https:\/\/api.w.org\/{rel}","templated":true}]}}