{"id":21652,"date":"2018-11-23T09:22:10","date_gmt":"2018-11-23T08:22:10","guid":{"rendered":"https:\/\/www.eurogate-international.com\/product\/druckluftwartungseinheit\/"},"modified":"2024-04-15T09:41:29","modified_gmt":"2024-04-15T08:41:29","slug":"druckluftwartungseinheit","status":"publish","type":"product","link":"https:\/\/www.eurogate-international.com\/de\/product\/druckluftwartungseinheit\/","title":{"rendered":"Druckluftwartungseinheit"},"excerpt":{"rendered":"<h2>Verl\u00e4ngern Sie die Lebensdauer der pneumatischen Pfahlramme von Rhino mit einer Druckluftwartungseinheit<\/h2>\n<p>Geeignet unter anderem f\u00fcr die pneumatischen Pfahlrammen von Rhino:<\/p>\n<ul>\n<li>PD-45<\/li>\n<li>PD-55<\/li>\n<li>PD-110<\/li>\n<li>PD-140<\/li>\n<li>PD-200<\/li>\n<\/ul>\n<p>Die Rhino-Druckluftwartungseinheit ist ein kompaktes, leichtes und einfach zu bedienendes System. Die Wartungseinheit filtert, scheidet Wasser aus der Druckluft ab, sorgt f\u00fcr konstanten Luftdruck und f\u00fcgt \u00d6l hinzu.<\/p>\n<p>Die Druckluftwartungseinheit wurde speziell f\u00fcr optimale Effizienz der pneumatischen Pfahlrammen von Rhino entwickelt und sorgt f\u00fcr minimale Wartung und weniger Ausfallzeiten w\u00e4hrend der gesamten Lebensdauer des Ger\u00e4ts. So bleibt Ihre Maschine besser zum Beispiel gegen Rost und Besch\u00e4digungen im Inneren der Maschine gesch\u00fctzt. Die Wartungseinheit wird standardm\u00e4\u00dfig mit Halterung geliefert.<\/p>\n<p>Die Druckluftwartungseinheit ist auch in Kombination mit anderen pneumatischen Werkzeugen wie Schlagh\u00e4mmern, Abbruchh\u00e4mmern, Wasserpumpen, Druckluftmei\u00dfeln und Pfahlrammen ideal geeignet.<\/p>\n","protected":false},"featured_media":2560,"comment_status":"closed","ping_status":"closed","template":"","meta":{"_acf_changed":false},"product_cat":[3318,3332],"product_tag":[],"class_list":{"0":"post-21652","1":"product","2":"type-product","3":"status-publish","4":"has-post-thumbnail","6":"product_brand-rhino-tool-de","7":"product_cat-eine-pneumatische-pfahlramme-kaufen","8":"product_cat-zubehoer-de","10":"first","11":"instock","12":"taxable","13":"shipping-taxable","14":"purchasable","15":"product-type-simple"},"acf":[],"yoast_head":"<!-- This site is optimized with the Yoast SEO plugin v27.4 - https:\/\/yoast.com\/product\/yoast-seo-wordpress\/ -->\n<title>Druckluftwartungseinheit | EuroGate International<\/title>\n<meta name=\"robots\" content=\"index, follow, max-snippet:-1, max-image-preview:large, max-video-preview:-1\" \/>\n<link rel=\"canonical\" href=\"https:\/\/www.eurogate-international.com\/de\/product\/druckluftwartungseinheit\/\" \/>\n<meta property=\"og:locale\" content=\"de_DE\" \/>\n<meta property=\"og:type\" content=\"article\" \/>\n<meta property=\"og:title\" content=\"Druckluftwartungseinheit | EuroGate International\" \/>\n<meta property=\"og:description\" content=\"Verl\u00e4ngern Sie die Lebensdauer der pneumatischen Pfahlramme von Rhino mit einer Druckluftwartungseinheit Geeignet unter anderem f\u00fcr die pneumatischen Pfahlrammen von Rhino:   PD-45  PD-55  PD-110  PD-140  PD-200  Die Rhino-Druckluftwartungseinheit ist ein kompaktes, leichtes und einfach zu bedienendes System. Die Wartungseinheit filtert, scheidet Wasser aus der Druckluft ab, sorgt f\u00fcr konstanten Luftdruck und f\u00fcgt \u00d6l hinzu.  Die Druckluftwartungseinheit wurde speziell f\u00fcr optimale Effizienz der pneumatischen Pfahlrammen von Rhino entwickelt und sorgt f\u00fcr minimale Wartung und weniger Ausfallzeiten w\u00e4hrend der gesamten Lebensdauer des Ger\u00e4ts. So bleibt Ihre Maschine besser zum Beispiel gegen Rost und Besch\u00e4digungen im Inneren der Maschine gesch\u00fctzt. Die Wartungseinheit wird standardm\u00e4\u00dfig mit Halterung geliefert.  Die Druckluftwartungseinheit ist auch in Kombination mit anderen pneumatischen Werkzeugen wie Schlagh\u00e4mmern, Abbruchh\u00e4mmern, Wasserpumpen, Druckluftmei\u00dfeln und Pfahlrammen ideal geeignet.\" \/>\n<meta property=\"og:url\" content=\"https:\/\/www.eurogate-international.com\/de\/product\/druckluftwartungseinheit\/\" \/>\n<meta property=\"og:site_name\" content=\"EuroGate International\" \/>\n<meta property=\"article:publisher\" content=\"https:\/\/www.facebook.com\/EuroGateInternational\/\" \/>\n<meta property=\"article:modified_time\" content=\"2024-04-15T08:41:29+00:00\" \/>\n<meta property=\"og:image\" content=\"https:\/\/www.eurogate-international.com\/wp-content\/uploads\/2018\/11\/persluchtcentrum.png\" \/>\n\t<meta property=\"og:image:width\" content=\"757\" \/>\n\t<meta property=\"og:image:height\" content=\"554\" \/>\n\t<meta property=\"og:image:type\" content=\"image\/png\" \/>\n<meta name=\"twitter:card\" content=\"summary_large_image\" \/>\n<meta name=\"twitter:label1\" content=\"Gesch\u00e4tzte Lesezeit\" \/>\n\t<meta name=\"twitter:data1\" content=\"2 Minuten\" \/>\n<!-- \/ Yoast SEO plugin. -->","yoast_head_json":{"title":"Druckluftwartungseinheit | EuroGate International","robots":{"index":"index","follow":"follow","max-snippet":"max-snippet:-1","max-image-preview":"max-image-preview:large","max-video-preview":"max-video-preview:-1"},"canonical":"https:\/\/www.eurogate-international.com\/de\/product\/druckluftwartungseinheit\/","og_locale":"de_DE","og_type":"article","og_title":"Druckluftwartungseinheit | EuroGate International","og_description":"Verl\u00e4ngern Sie die Lebensdauer der pneumatischen Pfahlramme von Rhino mit einer Druckluftwartungseinheit Geeignet unter anderem f\u00fcr die pneumatischen Pfahlrammen von Rhino:   PD-45  PD-55  PD-110  PD-140  PD-200  Die Rhino-Druckluftwartungseinheit ist ein kompaktes, leichtes und einfach zu bedienendes System. Die Wartungseinheit filtert, scheidet Wasser aus der Druckluft ab, sorgt f\u00fcr konstanten Luftdruck und f\u00fcgt \u00d6l hinzu.  Die Druckluftwartungseinheit wurde speziell f\u00fcr optimale Effizienz der pneumatischen Pfahlrammen von Rhino entwickelt und sorgt f\u00fcr minimale Wartung und weniger Ausfallzeiten w\u00e4hrend der gesamten Lebensdauer des Ger\u00e4ts. So bleibt Ihre Maschine besser zum Beispiel gegen Rost und Besch\u00e4digungen im Inneren der Maschine gesch\u00fctzt. Die Wartungseinheit wird standardm\u00e4\u00dfig mit Halterung geliefert.  Die Druckluftwartungseinheit ist auch in Kombination mit anderen pneumatischen Werkzeugen wie Schlagh\u00e4mmern, Abbruchh\u00e4mmern, Wasserpumpen, Druckluftmei\u00dfeln und Pfahlrammen ideal geeignet.","og_url":"https:\/\/www.eurogate-international.com\/de\/product\/druckluftwartungseinheit\/","og_site_name":"EuroGate International","article_publisher":"https:\/\/www.facebook.com\/EuroGateInternational\/","article_modified_time":"2024-04-15T08:41:29+00:00","og_image":[{"width":757,"height":554,"url":"https:\/\/www.eurogate-international.com\/wp-content\/uploads\/2018\/11\/persluchtcentrum.png","type":"image\/png"}],"twitter_card":"summary_large_image","twitter_misc":{"Gesch\u00e4tzte Lesezeit":"2 Minuten"},"schema":{"@context":"https:\/\/schema.org","@graph":[{"@type":"WebPage","@id":"https:\/\/www.eurogate-international.com\/de\/product\/druckluftwartungseinheit\/","url":"https:\/\/www.eurogate-international.com\/de\/product\/druckluftwartungseinheit\/","name":"Druckluftwartungseinheit | EuroGate International","isPartOf":{"@id":"https:\/\/www.eurogate-international.com\/de\/#website"},"primaryImageOfPage":{"@id":"https:\/\/www.eurogate-international.com\/de\/product\/druckluftwartungseinheit\/#primaryimage"},"image":{"@id":"https:\/\/www.eurogate-international.com\/de\/product\/druckluftwartungseinheit\/#primaryimage"},"thumbnailUrl":"https:\/\/www.eurogate-international.com\/wp-content\/uploads\/2018\/11\/persluchtcentrum.png","datePublished":"2018-11-23T08:22:10+00:00","dateModified":"2024-04-15T08:41:29+00:00","breadcrumb":{"@id":"https:\/\/www.eurogate-international.com\/de\/product\/druckluftwartungseinheit\/#breadcrumb"},"inLanguage":"de-DE","potentialAction":[{"@type":"ReadAction","target":["https:\/\/www.eurogate-international.com\/de\/product\/druckluftwartungseinheit\/"]}]},{"@type":"ImageObject","inLanguage":"de-DE","@id":"https:\/\/www.eurogate-international.com\/de\/product\/druckluftwartungseinheit\/#primaryimage","url":"https:\/\/www.eurogate-international.com\/wp-content\/uploads\/2018\/11\/persluchtcentrum.png","contentUrl":"https:\/\/www.eurogate-international.com\/wp-content\/uploads\/2018\/11\/persluchtcentrum.png","width":757,"height":554},{"@type":"BreadcrumbList","@id":"https:\/\/www.eurogate-international.com\/de\/product\/druckluftwartungseinheit\/#breadcrumb","itemListElement":[{"@type":"ListItem","position":1,"name":"Home","item":"https:\/\/www.eurogate-international.com\/de\/"},{"@type":"ListItem","position":2,"name":"Shop","item":"https:\/\/www.eurogate-international.com\/de\/shop-2\/"},{"@type":"ListItem","position":3,"name":"Druckluftwartungseinheit"}]},{"@type":"WebSite","@id":"https:\/\/www.eurogate-international.com\/de\/#website","url":"https:\/\/www.eurogate-international.com\/de\/","name":"EuroGate International","description":"D\u00e9 onafhankelijke Europese verkooporganisatie van machines","publisher":{"@id":"https:\/\/www.eurogate-international.com\/de\/#organization"},"potentialAction":[{"@type":"SearchAction","target":{"@type":"EntryPoint","urlTemplate":"https:\/\/www.eurogate-international.com\/de\/?s={search_term_string}"},"query-input":{"@type":"PropertyValueSpecification","valueRequired":true,"valueName":"search_term_string"}}],"inLanguage":"de-DE"},{"@type":"Organization","@id":"https:\/\/www.eurogate-international.com\/de\/#organization","name":"EuroGate International","url":"https:\/\/www.eurogate-international.com\/de\/","logo":{"@type":"ImageObject","inLanguage":"de-DE","@id":"https:\/\/www.eurogate-international.com\/de\/#\/schema\/logo\/image\/","url":"https:\/\/www.eurogate-international.com\/wp-content\/uploads\/2020\/06\/Logo_EuroGateInternational2.png","contentUrl":"https:\/\/www.eurogate-international.com\/wp-content\/uploads\/2020\/06\/Logo_EuroGateInternational2.png","width":150,"height":148,"caption":"EuroGate International"},"image":{"@id":"https:\/\/www.eurogate-international.com\/de\/#\/schema\/logo\/image\/"},"sameAs":["https:\/\/www.facebook.com\/EuroGateInternational\/","https:\/\/nl.linkedin.com\/company\/eurogate-international"]}]}},"jetpack_sharing_enabled":true,"_links":{"self":[{"href":"https:\/\/www.eurogate-international.com\/de\/wp-json\/wp\/v2\/product\/21652","targetHints":{"allow":["GET"]}}],"collection":[{"href":"https:\/\/www.eurogate-international.com\/de\/wp-json\/wp\/v2\/product"}],"about":[{"href":"https:\/\/www.eurogate-international.com\/de\/wp-json\/wp\/v2\/types\/product"}],"replies":[{"embeddable":true,"href":"https:\/\/www.eurogate-international.com\/de\/wp-json\/wp\/v2\/comments?post=21652"}],"version-history":[{"count":0,"href":"https:\/\/www.eurogate-international.com\/de\/wp-json\/wp\/v2\/product\/21652\/revisions"}],"wp:featuredmedia":[{"embeddable":true,"href":"https:\/\/www.eurogate-international.com\/de\/wp-json\/wp\/v2\/media\/2560"}],"wp:attachment":[{"href":"https:\/\/www.eurogate-international.com\/de\/wp-json\/wp\/v2\/media?parent=21652"}],"wp:term":[{"taxonomy":"product_cat","embeddable":true,"href":"https:\/\/www.eurogate-international.com\/de\/wp-json\/wp\/v2\/product_cat?post=21652"},{"taxonomy":"product_tag","embeddable":true,"href":"https:\/\/www.eurogate-international.com\/de\/wp-json\/wp\/v2\/product_tag?post=21652"}],"curies":[{"name":"wp","href":"https:\/\/api.w.org\/{rel}","templated":true}]}}