{"id":21655,"date":"2022-02-08T08:48:58","date_gmt":"2022-02-08T07:48:58","guid":{"rendered":"https:\/\/www.eurogate-international.com\/product\/hilfsstueck-zum-setzen-von-erdnaegeln\/"},"modified":"2024-04-15T10:00:35","modified_gmt":"2024-04-15T09:00:35","slug":"hilfsstueck-zum-setzen-von-erdnaegeln","status":"publish","type":"product","link":"https:\/\/www.eurogate-international.com\/de\/product\/hilfsstueck-zum-setzen-von-erdnaegeln\/","title":{"rendered":"Hilfsst\u00fcck zum Setzen von Erdn\u00e4geln"},"excerpt":{"rendered":"<h2>Sicheres Einschlagen von Erdn\u00e4geln und Erdungen ohne Leiter oder Hebeb\u00fchne<\/h2>\n<p>Das Rhino-Installationswerkzeug f\u00fcr Erdn\u00e4gel f\u00fcr alle unsere Pro-Serien-Pfahlrammen* ist eine ideale Kombination f\u00fcr professionelle Elektrobetriebe, Baufirmen und Vermieterbetriebe, um Erdn\u00e4gel sicher und schnell mithilfe einer Pfahlramme einzuschlagen.<\/p>\n<p>Mit den Pfahlrammen Rhino Ranch Pro, Fence Pro* und Multi-Pro XA Post in Kombination mit dem Installationswerkzeug f\u00fcr Erdn\u00e4gel und der mitgelieferten Schlagkappe lassen sich Erdungen mit 10 mm, 13 mm, 16 mm und 20 mm \u00d8 m\u00fchelos einschlagen. Mit diesem Hilfsst\u00fcck kann eine Person den Erdnagel im Handumdrehen bis auf Bodenh\u00f6he einschlagen.<\/p>\n<p>Der Installateur bleibt w\u00e4hrend der Installation sicher auf dem Boden (keine Leiter) und vermeidet Handverletzungen, die beim manuellen Einschlagen des Erdnagels entstehen.<\/p>\n<p><em><strong>*F\u00fcr die Verwendung mit der Rhino Fence Pro muss ein zus\u00e4tzlicher 1-Zoll-Adapter bestellt werden; bitte fragen Sie nach, wie das funktioniert.<\/strong><\/em><\/p>\n","protected":false},"featured_media":13939,"comment_status":"closed","ping_status":"closed","template":"","meta":{"_acf_changed":false},"product_cat":[3332],"product_tag":[],"class_list":{"0":"post-21655","1":"product","2":"type-product","3":"status-publish","4":"has-post-thumbnail","6":"product_brand-rhino-tool-de","7":"product_cat-zubehoer-de","9":"first","10":"instock","11":"taxable","12":"shipping-taxable","13":"purchasable","14":"product-type-simple"},"acf":[],"yoast_head":"<!-- This site is optimized with the Yoast SEO plugin v27.5 - https:\/\/yoast.com\/product\/yoast-seo-wordpress\/ -->\n<title>Hilfsst\u00fcck zum Setzen von Erdn\u00e4geln | EuroGate International<\/title>\n<meta name=\"robots\" content=\"index, follow, max-snippet:-1, max-image-preview:large, max-video-preview:-1\" \/>\n<link rel=\"canonical\" href=\"https:\/\/www.eurogate-international.com\/de\/product\/hilfsstueck-zum-setzen-von-erdnaegeln\/\" \/>\n<meta property=\"og:locale\" content=\"de_DE\" \/>\n<meta property=\"og:type\" content=\"article\" \/>\n<meta property=\"og:title\" content=\"Hilfsst\u00fcck zum Setzen von Erdn\u00e4geln | EuroGate International\" \/>\n<meta property=\"og:description\" content=\"Sicheres Einschlagen von Erdn\u00e4geln und Erdungen ohne Leiter oder Hebeb\u00fchne Das Rhino-Installationswerkzeug f\u00fcr Erdn\u00e4gel f\u00fcr alle unsere Pro-Serien-Pfahlrammen* ist eine ideale Kombination f\u00fcr professionelle Elektrobetriebe, Baufirmen und Vermieterbetriebe, um Erdn\u00e4gel sicher und schnell mithilfe einer Pfahlramme einzuschlagen.  Mit den Pfahlrammen Rhino Ranch Pro, Fence Pro* und Multi-Pro XA Post in Kombination mit dem Installationswerkzeug f\u00fcr Erdn\u00e4gel und der mitgelieferten Schlagkappe lassen sich Erdungen mit 10 mm, 13 mm, 16 mm und 20 mm \u00d8 m\u00fchelos einschlagen. Mit diesem Hilfsst\u00fcck kann eine Person den Erdnagel im Handumdrehen bis auf Bodenh\u00f6he einschlagen.  Der Installateur bleibt w\u00e4hrend der Installation sicher auf dem Boden (keine Leiter) und vermeidet Handverletzungen, die beim manuellen Einschlagen des Erdnagels entstehen.  *F\u00fcr die Verwendung mit der Rhino Fence Pro muss ein zus\u00e4tzlicher 1-Zoll-Adapter bestellt werden; bitte fragen Sie nach, wie das funktioniert.\" \/>\n<meta property=\"og:url\" content=\"https:\/\/www.eurogate-international.com\/de\/product\/hilfsstueck-zum-setzen-von-erdnaegeln\/\" \/>\n<meta property=\"og:site_name\" content=\"EuroGate International\" \/>\n<meta property=\"article:publisher\" content=\"https:\/\/www.facebook.com\/EuroGateInternational\/\" \/>\n<meta property=\"article:modified_time\" content=\"2024-04-15T09:00:35+00:00\" \/>\n<meta property=\"og:image\" content=\"https:\/\/www.eurogate-international.com\/wp-content\/uploads\/2022\/02\/ground_rod_rhino_web.png\" \/>\n\t<meta property=\"og:image:width\" content=\"1500\" \/>\n\t<meta property=\"og:image:height\" content=\"1469\" \/>\n\t<meta property=\"og:image:type\" content=\"image\/png\" \/>\n<meta name=\"twitter:card\" content=\"summary_large_image\" \/>\n<meta name=\"twitter:label1\" content=\"Gesch\u00e4tzte Lesezeit\" \/>\n\t<meta name=\"twitter:data1\" content=\"2 Minuten\" \/>\n<!-- \/ Yoast SEO plugin. -->","yoast_head_json":{"title":"Hilfsst\u00fcck zum Setzen von Erdn\u00e4geln | EuroGate International","robots":{"index":"index","follow":"follow","max-snippet":"max-snippet:-1","max-image-preview":"max-image-preview:large","max-video-preview":"max-video-preview:-1"},"canonical":"https:\/\/www.eurogate-international.com\/de\/product\/hilfsstueck-zum-setzen-von-erdnaegeln\/","og_locale":"de_DE","og_type":"article","og_title":"Hilfsst\u00fcck zum Setzen von Erdn\u00e4geln | EuroGate International","og_description":"Sicheres Einschlagen von Erdn\u00e4geln und Erdungen ohne Leiter oder Hebeb\u00fchne Das Rhino-Installationswerkzeug f\u00fcr Erdn\u00e4gel f\u00fcr alle unsere Pro-Serien-Pfahlrammen* ist eine ideale Kombination f\u00fcr professionelle Elektrobetriebe, Baufirmen und Vermieterbetriebe, um Erdn\u00e4gel sicher und schnell mithilfe einer Pfahlramme einzuschlagen.  Mit den Pfahlrammen Rhino Ranch Pro, Fence Pro* und Multi-Pro XA Post in Kombination mit dem Installationswerkzeug f\u00fcr Erdn\u00e4gel und der mitgelieferten Schlagkappe lassen sich Erdungen mit 10 mm, 13 mm, 16 mm und 20 mm \u00d8 m\u00fchelos einschlagen. Mit diesem Hilfsst\u00fcck kann eine Person den Erdnagel im Handumdrehen bis auf Bodenh\u00f6he einschlagen.  Der Installateur bleibt w\u00e4hrend der Installation sicher auf dem Boden (keine Leiter) und vermeidet Handverletzungen, die beim manuellen Einschlagen des Erdnagels entstehen.  *F\u00fcr die Verwendung mit der Rhino Fence Pro muss ein zus\u00e4tzlicher 1-Zoll-Adapter bestellt werden; bitte fragen Sie nach, wie das funktioniert.","og_url":"https:\/\/www.eurogate-international.com\/de\/product\/hilfsstueck-zum-setzen-von-erdnaegeln\/","og_site_name":"EuroGate International","article_publisher":"https:\/\/www.facebook.com\/EuroGateInternational\/","article_modified_time":"2024-04-15T09:00:35+00:00","og_image":[{"width":1500,"height":1469,"url":"https:\/\/www.eurogate-international.com\/wp-content\/uploads\/2022\/02\/ground_rod_rhino_web.png","type":"image\/png"}],"twitter_card":"summary_large_image","twitter_misc":{"Gesch\u00e4tzte Lesezeit":"2 Minuten"},"schema":{"@context":"https:\/\/schema.org","@graph":[{"@type":"WebPage","@id":"https:\/\/www.eurogate-international.com\/de\/product\/hilfsstueck-zum-setzen-von-erdnaegeln\/","url":"https:\/\/www.eurogate-international.com\/de\/product\/hilfsstueck-zum-setzen-von-erdnaegeln\/","name":"Hilfsst\u00fcck zum Setzen von Erdn\u00e4geln | EuroGate International","isPartOf":{"@id":"https:\/\/www.eurogate-international.com\/de\/#website"},"primaryImageOfPage":{"@id":"https:\/\/www.eurogate-international.com\/de\/product\/hilfsstueck-zum-setzen-von-erdnaegeln\/#primaryimage"},"image":{"@id":"https:\/\/www.eurogate-international.com\/de\/product\/hilfsstueck-zum-setzen-von-erdnaegeln\/#primaryimage"},"thumbnailUrl":"https:\/\/www.eurogate-international.com\/wp-content\/uploads\/2022\/02\/ground_rod_rhino_web.png","datePublished":"2022-02-08T07:48:58+00:00","dateModified":"2024-04-15T09:00:35+00:00","breadcrumb":{"@id":"https:\/\/www.eurogate-international.com\/de\/product\/hilfsstueck-zum-setzen-von-erdnaegeln\/#breadcrumb"},"inLanguage":"de-DE","potentialAction":[{"@type":"ReadAction","target":["https:\/\/www.eurogate-international.com\/de\/product\/hilfsstueck-zum-setzen-von-erdnaegeln\/"]}]},{"@type":"ImageObject","inLanguage":"de-DE","@id":"https:\/\/www.eurogate-international.com\/de\/product\/hilfsstueck-zum-setzen-von-erdnaegeln\/#primaryimage","url":"https:\/\/www.eurogate-international.com\/wp-content\/uploads\/2022\/02\/ground_rod_rhino_web.png","contentUrl":"https:\/\/www.eurogate-international.com\/wp-content\/uploads\/2022\/02\/ground_rod_rhino_web.png","width":1500,"height":1469},{"@type":"BreadcrumbList","@id":"https:\/\/www.eurogate-international.com\/de\/product\/hilfsstueck-zum-setzen-von-erdnaegeln\/#breadcrumb","itemListElement":[{"@type":"ListItem","position":1,"name":"Home","item":"https:\/\/www.eurogate-international.com\/de\/"},{"@type":"ListItem","position":2,"name":"Shop","item":"https:\/\/www.eurogate-international.com\/de\/shop-2\/"},{"@type":"ListItem","position":3,"name":"Hilfsst\u00fcck zum Setzen von Erdn\u00e4geln"}]},{"@type":"WebSite","@id":"https:\/\/www.eurogate-international.com\/de\/#website","url":"https:\/\/www.eurogate-international.com\/de\/","name":"EuroGate International","description":"D\u00e9 onafhankelijke Europese verkooporganisatie van machines","publisher":{"@id":"https:\/\/www.eurogate-international.com\/de\/#organization"},"potentialAction":[{"@type":"SearchAction","target":{"@type":"EntryPoint","urlTemplate":"https:\/\/www.eurogate-international.com\/de\/?s={search_term_string}"},"query-input":{"@type":"PropertyValueSpecification","valueRequired":true,"valueName":"search_term_string"}}],"inLanguage":"de-DE"},{"@type":"Organization","@id":"https:\/\/www.eurogate-international.com\/de\/#organization","name":"EuroGate International","url":"https:\/\/www.eurogate-international.com\/de\/","logo":{"@type":"ImageObject","inLanguage":"de-DE","@id":"https:\/\/www.eurogate-international.com\/de\/#\/schema\/logo\/image\/","url":"https:\/\/www.eurogate-international.com\/wp-content\/uploads\/2020\/06\/Logo_EuroGateInternational2.png","contentUrl":"https:\/\/www.eurogate-international.com\/wp-content\/uploads\/2020\/06\/Logo_EuroGateInternational2.png","width":150,"height":148,"caption":"EuroGate International"},"image":{"@id":"https:\/\/www.eurogate-international.com\/de\/#\/schema\/logo\/image\/"},"sameAs":["https:\/\/www.facebook.com\/EuroGateInternational\/","https:\/\/nl.linkedin.com\/company\/eurogate-international"]}]}},"jetpack_sharing_enabled":true,"_links":{"self":[{"href":"https:\/\/www.eurogate-international.com\/de\/wp-json\/wp\/v2\/product\/21655","targetHints":{"allow":["GET"]}}],"collection":[{"href":"https:\/\/www.eurogate-international.com\/de\/wp-json\/wp\/v2\/product"}],"about":[{"href":"https:\/\/www.eurogate-international.com\/de\/wp-json\/wp\/v2\/types\/product"}],"replies":[{"embeddable":true,"href":"https:\/\/www.eurogate-international.com\/de\/wp-json\/wp\/v2\/comments?post=21655"}],"version-history":[{"count":0,"href":"https:\/\/www.eurogate-international.com\/de\/wp-json\/wp\/v2\/product\/21655\/revisions"}],"wp:featuredmedia":[{"embeddable":true,"href":"https:\/\/www.eurogate-international.com\/de\/wp-json\/wp\/v2\/media\/13939"}],"wp:attachment":[{"href":"https:\/\/www.eurogate-international.com\/de\/wp-json\/wp\/v2\/media?parent=21655"}],"wp:term":[{"taxonomy":"product_cat","embeddable":true,"href":"https:\/\/www.eurogate-international.com\/de\/wp-json\/wp\/v2\/product_cat?post=21655"},{"taxonomy":"product_tag","embeddable":true,"href":"https:\/\/www.eurogate-international.com\/de\/wp-json\/wp\/v2\/product_tag?post=21655"}],"curies":[{"name":"wp","href":"https:\/\/api.w.org\/{rel}","templated":true}]}}