{"id":21665,"date":"2018-11-23T09:48:02","date_gmt":"2018-11-23T08:48:02","guid":{"rendered":"https:\/\/www.eurogate-international.com\/product\/adapter-pd-55\/"},"modified":"2024-04-15T10:44:51","modified_gmt":"2024-04-15T09:44:51","slug":"adapter-pd-55","status":"publish","type":"product","link":"https:\/\/www.eurogate-international.com\/de\/product\/adapter-pd-55\/","title":{"rendered":"Adapter PD-55"},"excerpt":{"rendered":"<h2>Adapter PD-55<\/h2>\n<p>Der PD-55 verf\u00fcgt standardm\u00e4\u00dfig \u00fcber einen 98,4-mm-Rundadapter. Optional k\u00f6nnen f\u00fcr gr\u00f6\u00dfere Pfosten zus\u00e4tzliche Adapter bestellt werden. F\u00fcr gr\u00f6\u00dfere Rundpfosten ist ein 107,9-mm-Adapter erh\u00e4ltlich. F\u00fcr Vierkantpfosten kann ein 103,2 x 103,2 mm gro\u00dfer Adapter montiert werden. Adapter sind einfach auszutauschen und mit vier Schrauben zu befestigen. Die Adapter k\u00f6nnen an jeder Ecke Luft durchlassen, so dass der Pfostentreiber bei Aktivierung nicht vom Pfosten schie\u00dft.<\/p>\n","protected":false},"featured_media":2576,"comment_status":"closed","ping_status":"closed","template":"","meta":{"_acf_changed":false},"product_cat":[3320,3356,3357,3331,3790,3332],"product_tag":[],"class_list":{"0":"post-21665","1":"product","2":"type-product","3":"status-publish","4":"has-post-thumbnail","6":"product_brand-rhino-tool-de","7":"product_cat-adapter-de","8":"product_cat-adapter-pneumatisch-de","9":"product_cat-adapter-rhino-de","10":"product_cat-adapter-und-schlaeger","11":"product_cat-pd-55-teile","12":"product_cat-zubehoer-de","14":"first","15":"instock","16":"taxable","17":"shipping-taxable","18":"purchasable","19":"product-type-variable"},"acf":[],"yoast_head":"<!-- This site is optimized with the Yoast SEO plugin v27.5 - https:\/\/yoast.com\/product\/yoast-seo-wordpress\/ -->\n<title>Adapter PD-55 | EuroGate International<\/title>\n<meta name=\"robots\" content=\"index, follow, max-snippet:-1, max-image-preview:large, max-video-preview:-1\" \/>\n<link rel=\"canonical\" href=\"https:\/\/www.eurogate-international.com\/de\/product\/adapter-pd-55\/\" \/>\n<meta property=\"og:locale\" content=\"de_DE\" \/>\n<meta property=\"og:type\" content=\"article\" \/>\n<meta property=\"og:title\" content=\"Adapter PD-55 | EuroGate International\" \/>\n<meta property=\"og:description\" content=\"Adapter PD-55 Der PD-55 verf\u00fcgt standardm\u00e4\u00dfig \u00fcber einen 98,4-mm-Rundadapter. Optional k\u00f6nnen f\u00fcr gr\u00f6\u00dfere Pfosten zus\u00e4tzliche Adapter bestellt werden. F\u00fcr gr\u00f6\u00dfere Rundpfosten ist ein 107,9-mm-Adapter erh\u00e4ltlich. F\u00fcr Vierkantpfosten kann ein 103,2 x 103,2 mm gro\u00dfer Adapter montiert werden. Adapter sind einfach auszutauschen und mit vier Schrauben zu befestigen. Die Adapter k\u00f6nnen an jeder Ecke Luft durchlassen, so dass der Pfostentreiber bei Aktivierung nicht vom Pfosten schie\u00dft.\" \/>\n<meta property=\"og:url\" content=\"https:\/\/www.eurogate-international.com\/de\/product\/adapter-pd-55\/\" \/>\n<meta property=\"og:site_name\" content=\"EuroGate International\" \/>\n<meta property=\"article:publisher\" content=\"https:\/\/www.facebook.com\/EuroGateInternational\/\" \/>\n<meta property=\"article:modified_time\" content=\"2024-04-15T09:44:51+00:00\" \/>\n<meta property=\"og:image\" content=\"https:\/\/www.eurogate-international.com\/wp-content\/uploads\/2018\/11\/PD55-10x10.png\" \/>\n\t<meta property=\"og:image:width\" content=\"2695\" \/>\n\t<meta property=\"og:image:height\" content=\"3600\" \/>\n\t<meta property=\"og:image:type\" content=\"image\/png\" \/>\n<meta name=\"twitter:card\" content=\"summary_large_image\" \/>\n<meta name=\"twitter:label1\" content=\"Gesch\u00e4tzte Lesezeit\" \/>\n\t<meta name=\"twitter:data1\" content=\"1 Minute\" \/>\n<!-- \/ Yoast SEO plugin. -->","yoast_head_json":{"title":"Adapter PD-55 | EuroGate International","robots":{"index":"index","follow":"follow","max-snippet":"max-snippet:-1","max-image-preview":"max-image-preview:large","max-video-preview":"max-video-preview:-1"},"canonical":"https:\/\/www.eurogate-international.com\/de\/product\/adapter-pd-55\/","og_locale":"de_DE","og_type":"article","og_title":"Adapter PD-55 | EuroGate International","og_description":"Adapter PD-55 Der PD-55 verf\u00fcgt standardm\u00e4\u00dfig \u00fcber einen 98,4-mm-Rundadapter. Optional k\u00f6nnen f\u00fcr gr\u00f6\u00dfere Pfosten zus\u00e4tzliche Adapter bestellt werden. F\u00fcr gr\u00f6\u00dfere Rundpfosten ist ein 107,9-mm-Adapter erh\u00e4ltlich. F\u00fcr Vierkantpfosten kann ein 103,2 x 103,2 mm gro\u00dfer Adapter montiert werden. Adapter sind einfach auszutauschen und mit vier Schrauben zu befestigen. Die Adapter k\u00f6nnen an jeder Ecke Luft durchlassen, so dass der Pfostentreiber bei Aktivierung nicht vom Pfosten schie\u00dft.","og_url":"https:\/\/www.eurogate-international.com\/de\/product\/adapter-pd-55\/","og_site_name":"EuroGate International","article_publisher":"https:\/\/www.facebook.com\/EuroGateInternational\/","article_modified_time":"2024-04-15T09:44:51+00:00","og_image":[{"width":2695,"height":3600,"url":"https:\/\/www.eurogate-international.com\/wp-content\/uploads\/2018\/11\/PD55-10x10.png","type":"image\/png"}],"twitter_card":"summary_large_image","twitter_misc":{"Gesch\u00e4tzte Lesezeit":"1 Minute"},"schema":{"@context":"https:\/\/schema.org","@graph":[{"@type":"WebPage","@id":"https:\/\/www.eurogate-international.com\/de\/product\/adapter-pd-55\/","url":"https:\/\/www.eurogate-international.com\/de\/product\/adapter-pd-55\/","name":"Adapter PD-55 | EuroGate International","isPartOf":{"@id":"https:\/\/www.eurogate-international.com\/de\/#website"},"primaryImageOfPage":{"@id":"https:\/\/www.eurogate-international.com\/de\/product\/adapter-pd-55\/#primaryimage"},"image":{"@id":"https:\/\/www.eurogate-international.com\/de\/product\/adapter-pd-55\/#primaryimage"},"thumbnailUrl":"https:\/\/www.eurogate-international.com\/wp-content\/uploads\/2018\/11\/PD55-10x10.png","datePublished":"2018-11-23T08:48:02+00:00","dateModified":"2024-04-15T09:44:51+00:00","breadcrumb":{"@id":"https:\/\/www.eurogate-international.com\/de\/product\/adapter-pd-55\/#breadcrumb"},"inLanguage":"de-DE","potentialAction":[{"@type":"ReadAction","target":["https:\/\/www.eurogate-international.com\/de\/product\/adapter-pd-55\/"]}]},{"@type":"ImageObject","inLanguage":"de-DE","@id":"https:\/\/www.eurogate-international.com\/de\/product\/adapter-pd-55\/#primaryimage","url":"https:\/\/www.eurogate-international.com\/wp-content\/uploads\/2018\/11\/PD55-10x10.png","contentUrl":"https:\/\/www.eurogate-international.com\/wp-content\/uploads\/2018\/11\/PD55-10x10.png","width":2695,"height":3600},{"@type":"BreadcrumbList","@id":"https:\/\/www.eurogate-international.com\/de\/product\/adapter-pd-55\/#breadcrumb","itemListElement":[{"@type":"ListItem","position":1,"name":"Home","item":"https:\/\/www.eurogate-international.com\/de\/"},{"@type":"ListItem","position":2,"name":"Shop","item":"https:\/\/www.eurogate-international.com\/de\/shop-2\/"},{"@type":"ListItem","position":3,"name":"Adapter PD-55"}]},{"@type":"WebSite","@id":"https:\/\/www.eurogate-international.com\/de\/#website","url":"https:\/\/www.eurogate-international.com\/de\/","name":"EuroGate International","description":"D\u00e9 onafhankelijke Europese verkooporganisatie van machines","publisher":{"@id":"https:\/\/www.eurogate-international.com\/de\/#organization"},"potentialAction":[{"@type":"SearchAction","target":{"@type":"EntryPoint","urlTemplate":"https:\/\/www.eurogate-international.com\/de\/?s={search_term_string}"},"query-input":{"@type":"PropertyValueSpecification","valueRequired":true,"valueName":"search_term_string"}}],"inLanguage":"de-DE"},{"@type":"Organization","@id":"https:\/\/www.eurogate-international.com\/de\/#organization","name":"EuroGate International","url":"https:\/\/www.eurogate-international.com\/de\/","logo":{"@type":"ImageObject","inLanguage":"de-DE","@id":"https:\/\/www.eurogate-international.com\/de\/#\/schema\/logo\/image\/","url":"https:\/\/www.eurogate-international.com\/wp-content\/uploads\/2020\/06\/Logo_EuroGateInternational2.png","contentUrl":"https:\/\/www.eurogate-international.com\/wp-content\/uploads\/2020\/06\/Logo_EuroGateInternational2.png","width":150,"height":148,"caption":"EuroGate International"},"image":{"@id":"https:\/\/www.eurogate-international.com\/de\/#\/schema\/logo\/image\/"},"sameAs":["https:\/\/www.facebook.com\/EuroGateInternational\/","https:\/\/nl.linkedin.com\/company\/eurogate-international"]}]}},"jetpack_sharing_enabled":true,"_links":{"self":[{"href":"https:\/\/www.eurogate-international.com\/de\/wp-json\/wp\/v2\/product\/21665","targetHints":{"allow":["GET"]}}],"collection":[{"href":"https:\/\/www.eurogate-international.com\/de\/wp-json\/wp\/v2\/product"}],"about":[{"href":"https:\/\/www.eurogate-international.com\/de\/wp-json\/wp\/v2\/types\/product"}],"replies":[{"embeddable":true,"href":"https:\/\/www.eurogate-international.com\/de\/wp-json\/wp\/v2\/comments?post=21665"}],"version-history":[{"count":0,"href":"https:\/\/www.eurogate-international.com\/de\/wp-json\/wp\/v2\/product\/21665\/revisions"}],"wp:featuredmedia":[{"embeddable":true,"href":"https:\/\/www.eurogate-international.com\/de\/wp-json\/wp\/v2\/media\/2576"}],"wp:attachment":[{"href":"https:\/\/www.eurogate-international.com\/de\/wp-json\/wp\/v2\/media?parent=21665"}],"wp:term":[{"taxonomy":"product_cat","embeddable":true,"href":"https:\/\/www.eurogate-international.com\/de\/wp-json\/wp\/v2\/product_cat?post=21665"},{"taxonomy":"product_tag","embeddable":true,"href":"https:\/\/www.eurogate-international.com\/de\/wp-json\/wp\/v2\/product_tag?post=21665"}],"curies":[{"name":"wp","href":"https:\/\/api.w.org\/{rel}","templated":true}]}}