{"id":21668,"date":"2018-11-23T09:49:39","date_gmt":"2018-11-23T08:49:39","guid":{"rendered":"https:\/\/www.eurogate-international.com\/product\/inserts-pd-55\/"},"modified":"2024-04-15T10:50:24","modified_gmt":"2024-04-15T09:50:24","slug":"inserts-pd-55","status":"publish","type":"product","link":"https:\/\/www.eurogate-international.com\/de\/product\/inserts-pd-55\/","title":{"rendered":"Inserts PD-55"},"excerpt":{"rendered":"<h2>Inserts PD-55<\/h2>\n<p>Es ist sowohl f\u00fcr die Maschine als auch f\u00fcr den Pfahl wichtig, dass zwischen dem Pfahl und dem Adapter nicht zu viel Raum ist. Aus diesem Grund k\u00f6nnen verschiedene &#8218;Inserts&#8216; in den Standardadapter (98,4 mm) der PD-55 eingesetzt werden. Diese Inserts sind in verschiedenen Gr\u00f6\u00dfen erh\u00e4ltlich, werden in den Adapter geschoben und mit zwei Bolzen befestigt.<\/p>\n","protected":false},"featured_media":2589,"comment_status":"closed","ping_status":"closed","template":"","meta":{"_acf_changed":false},"product_cat":[3320,3356,3357,3790],"product_tag":[],"class_list":{"0":"post-21668","1":"product","2":"type-product","3":"status-publish","4":"has-post-thumbnail","6":"product_brand-rhino-tool-de","7":"product_cat-adapter-de","8":"product_cat-adapter-pneumatisch-de","9":"product_cat-adapter-rhino-de","10":"product_cat-pd-55-teile","12":"first","13":"instock","14":"taxable","15":"shipping-taxable","16":"purchasable","17":"product-type-variable"},"acf":[],"yoast_head":"<!-- This site is optimized with the Yoast SEO plugin v27.3 - https:\/\/yoast.com\/product\/yoast-seo-wordpress\/ -->\n<title>Inserts PD-55 | EuroGate International<\/title>\n<meta name=\"robots\" content=\"index, follow, max-snippet:-1, max-image-preview:large, max-video-preview:-1\" \/>\n<link rel=\"canonical\" href=\"https:\/\/www.eurogate-international.com\/de\/product\/inserts-pd-55\/\" \/>\n<meta property=\"og:locale\" content=\"de_DE\" \/>\n<meta property=\"og:type\" content=\"article\" \/>\n<meta property=\"og:title\" content=\"Inserts PD-55 | EuroGate International\" \/>\n<meta property=\"og:description\" content=\"Inserts PD-55 Es ist sowohl f\u00fcr die Maschine als auch f\u00fcr den Pfahl wichtig, dass zwischen dem Pfahl und dem Adapter nicht zu viel Raum ist. Aus diesem Grund k\u00f6nnen verschiedene &#039;Inserts&#039; in den Standardadapter (98,4 mm) der PD-55 eingesetzt werden. Diese Inserts sind in verschiedenen Gr\u00f6\u00dfen erh\u00e4ltlich, werden in den Adapter geschoben und mit zwei Bolzen befestigt.\" \/>\n<meta property=\"og:url\" content=\"https:\/\/www.eurogate-international.com\/de\/product\/inserts-pd-55\/\" \/>\n<meta property=\"og:site_name\" content=\"EuroGate International\" \/>\n<meta property=\"article:publisher\" content=\"https:\/\/www.facebook.com\/EuroGateInternational\/\" \/>\n<meta property=\"article:modified_time\" content=\"2024-04-15T09:50:24+00:00\" \/>\n<meta property=\"og:image\" content=\"https:\/\/www.eurogate-international.com\/wp-content\/uploads\/2018\/11\/PD55-insert-762mm.png\" \/>\n\t<meta property=\"og:image:width\" content=\"2695\" \/>\n\t<meta property=\"og:image:height\" content=\"3600\" \/>\n\t<meta property=\"og:image:type\" content=\"image\/png\" \/>\n<meta name=\"twitter:card\" content=\"summary_large_image\" \/>\n<meta name=\"twitter:label1\" content=\"Gesch\u00e4tzte Lesezeit\" \/>\n\t<meta name=\"twitter:data1\" content=\"1 Minute\" \/>\n<!-- \/ Yoast SEO plugin. -->","yoast_head_json":{"title":"Inserts PD-55 | EuroGate International","robots":{"index":"index","follow":"follow","max-snippet":"max-snippet:-1","max-image-preview":"max-image-preview:large","max-video-preview":"max-video-preview:-1"},"canonical":"https:\/\/www.eurogate-international.com\/de\/product\/inserts-pd-55\/","og_locale":"de_DE","og_type":"article","og_title":"Inserts PD-55 | EuroGate International","og_description":"Inserts PD-55 Es ist sowohl f\u00fcr die Maschine als auch f\u00fcr den Pfahl wichtig, dass zwischen dem Pfahl und dem Adapter nicht zu viel Raum ist. Aus diesem Grund k\u00f6nnen verschiedene 'Inserts' in den Standardadapter (98,4 mm) der PD-55 eingesetzt werden. Diese Inserts sind in verschiedenen Gr\u00f6\u00dfen erh\u00e4ltlich, werden in den Adapter geschoben und mit zwei Bolzen befestigt.","og_url":"https:\/\/www.eurogate-international.com\/de\/product\/inserts-pd-55\/","og_site_name":"EuroGate International","article_publisher":"https:\/\/www.facebook.com\/EuroGateInternational\/","article_modified_time":"2024-04-15T09:50:24+00:00","og_image":[{"width":2695,"height":3600,"url":"https:\/\/www.eurogate-international.com\/wp-content\/uploads\/2018\/11\/PD55-insert-762mm.png","type":"image\/png"}],"twitter_card":"summary_large_image","twitter_misc":{"Gesch\u00e4tzte Lesezeit":"1 Minute"},"schema":{"@context":"https:\/\/schema.org","@graph":[{"@type":"WebPage","@id":"https:\/\/www.eurogate-international.com\/de\/product\/inserts-pd-55\/","url":"https:\/\/www.eurogate-international.com\/de\/product\/inserts-pd-55\/","name":"Inserts PD-55 | EuroGate International","isPartOf":{"@id":"https:\/\/www.eurogate-international.com\/de\/#website"},"primaryImageOfPage":{"@id":"https:\/\/www.eurogate-international.com\/de\/product\/inserts-pd-55\/#primaryimage"},"image":{"@id":"https:\/\/www.eurogate-international.com\/de\/product\/inserts-pd-55\/#primaryimage"},"thumbnailUrl":"https:\/\/www.eurogate-international.com\/wp-content\/uploads\/2018\/11\/PD55-insert-762mm.png","datePublished":"2018-11-23T08:49:39+00:00","dateModified":"2024-04-15T09:50:24+00:00","breadcrumb":{"@id":"https:\/\/www.eurogate-international.com\/de\/product\/inserts-pd-55\/#breadcrumb"},"inLanguage":"de-DE","potentialAction":[{"@type":"ReadAction","target":["https:\/\/www.eurogate-international.com\/de\/product\/inserts-pd-55\/"]}]},{"@type":"ImageObject","inLanguage":"de-DE","@id":"https:\/\/www.eurogate-international.com\/de\/product\/inserts-pd-55\/#primaryimage","url":"https:\/\/www.eurogate-international.com\/wp-content\/uploads\/2018\/11\/PD55-insert-762mm.png","contentUrl":"https:\/\/www.eurogate-international.com\/wp-content\/uploads\/2018\/11\/PD55-insert-762mm.png","width":2695,"height":3600},{"@type":"BreadcrumbList","@id":"https:\/\/www.eurogate-international.com\/de\/product\/inserts-pd-55\/#breadcrumb","itemListElement":[{"@type":"ListItem","position":1,"name":"Home","item":"https:\/\/www.eurogate-international.com\/de\/"},{"@type":"ListItem","position":2,"name":"Shop","item":"https:\/\/www.eurogate-international.com\/de\/shop-2\/"},{"@type":"ListItem","position":3,"name":"Inserts PD-55"}]},{"@type":"WebSite","@id":"https:\/\/www.eurogate-international.com\/de\/#website","url":"https:\/\/www.eurogate-international.com\/de\/","name":"EuroGate International","description":"D\u00e9 onafhankelijke Europese verkooporganisatie van machines","publisher":{"@id":"https:\/\/www.eurogate-international.com\/de\/#organization"},"potentialAction":[{"@type":"SearchAction","target":{"@type":"EntryPoint","urlTemplate":"https:\/\/www.eurogate-international.com\/de\/?s={search_term_string}"},"query-input":{"@type":"PropertyValueSpecification","valueRequired":true,"valueName":"search_term_string"}}],"inLanguage":"de-DE"},{"@type":"Organization","@id":"https:\/\/www.eurogate-international.com\/de\/#organization","name":"EuroGate International","url":"https:\/\/www.eurogate-international.com\/de\/","logo":{"@type":"ImageObject","inLanguage":"de-DE","@id":"https:\/\/www.eurogate-international.com\/de\/#\/schema\/logo\/image\/","url":"https:\/\/www.eurogate-international.com\/wp-content\/uploads\/2020\/06\/Logo_EuroGateInternational2.png","contentUrl":"https:\/\/www.eurogate-international.com\/wp-content\/uploads\/2020\/06\/Logo_EuroGateInternational2.png","width":150,"height":148,"caption":"EuroGate International"},"image":{"@id":"https:\/\/www.eurogate-international.com\/de\/#\/schema\/logo\/image\/"},"sameAs":["https:\/\/www.facebook.com\/EuroGateInternational\/","https:\/\/nl.linkedin.com\/company\/eurogate-international"]}]}},"jetpack_sharing_enabled":true,"_links":{"self":[{"href":"https:\/\/www.eurogate-international.com\/de\/wp-json\/wp\/v2\/product\/21668","targetHints":{"allow":["GET"]}}],"collection":[{"href":"https:\/\/www.eurogate-international.com\/de\/wp-json\/wp\/v2\/product"}],"about":[{"href":"https:\/\/www.eurogate-international.com\/de\/wp-json\/wp\/v2\/types\/product"}],"replies":[{"embeddable":true,"href":"https:\/\/www.eurogate-international.com\/de\/wp-json\/wp\/v2\/comments?post=21668"}],"version-history":[{"count":0,"href":"https:\/\/www.eurogate-international.com\/de\/wp-json\/wp\/v2\/product\/21668\/revisions"}],"wp:featuredmedia":[{"embeddable":true,"href":"https:\/\/www.eurogate-international.com\/de\/wp-json\/wp\/v2\/media\/2589"}],"wp:attachment":[{"href":"https:\/\/www.eurogate-international.com\/de\/wp-json\/wp\/v2\/media?parent=21668"}],"wp:term":[{"taxonomy":"product_cat","embeddable":true,"href":"https:\/\/www.eurogate-international.com\/de\/wp-json\/wp\/v2\/product_cat?post=21668"},{"taxonomy":"product_tag","embeddable":true,"href":"https:\/\/www.eurogate-international.com\/de\/wp-json\/wp\/v2\/product_tag?post=21668"}],"curies":[{"name":"wp","href":"https:\/\/api.w.org\/{rel}","templated":true}]}}