{"id":21685,"date":"2018-11-27T10:06:44","date_gmt":"2018-11-27T09:06:44","guid":{"rendered":"https:\/\/www.eurogate-international.com\/product\/inserts-pd-200-5-1-2\/"},"modified":"2024-04-15T11:18:21","modified_gmt":"2024-04-15T10:18:21","slug":"inserts-pd-200-5-1-2","status":"publish","type":"product","link":"https:\/\/www.eurogate-international.com\/de\/product\/inserts-pd-200-5-1-2\/","title":{"rendered":"Inserts PD-200 5-1\/2\u201d"},"excerpt":{"rendered":"<h2>Inserts PD-200 5-1\/2\u201d<\/h2>\n<p>F\u00fcr die 5 \u00bd-Zoll-Version der PD-200 k\u00f6nnen Inserts in den Standardadapter geschoben werden. Es ist wichtig, dass zwischen Pfahl und Maschine nicht zu viel Raum ist. Dies besch\u00e4digt den Pfahl, die Maschine und verringert die Schlagkraft. Aus diesem Grund sind Eins\u00e4tze zwischen 63,5 mm und 120,6 mm erh\u00e4ltlich.<\/p>\n","protected":false},"featured_media":2730,"comment_status":"closed","ping_status":"closed","template":"","meta":{"_acf_changed":false},"product_cat":[3331],"product_tag":[],"class_list":{"0":"post-21685","1":"product","2":"type-product","3":"status-publish","4":"has-post-thumbnail","6":"product_brand-rhino-tool-de","7":"product_cat-adapter-und-schlaeger","9":"first","10":"instock","11":"taxable","12":"shipping-taxable","13":"purchasable","14":"product-type-variable"},"acf":[],"yoast_head":"<!-- This site is optimized with the Yoast SEO plugin v27.5 - https:\/\/yoast.com\/product\/yoast-seo-wordpress\/ -->\n<title>Inserts PD-200 5-1\/2\u201d | EuroGate International<\/title>\n<meta name=\"robots\" content=\"index, follow, max-snippet:-1, max-image-preview:large, max-video-preview:-1\" \/>\n<link rel=\"canonical\" href=\"https:\/\/www.eurogate-international.com\/de\/product\/inserts-pd-200-5-1-2\/\" \/>\n<meta property=\"og:locale\" content=\"de_DE\" \/>\n<meta property=\"og:type\" content=\"article\" \/>\n<meta property=\"og:title\" content=\"Inserts PD-200 5-1\/2\u201d | EuroGate International\" \/>\n<meta property=\"og:description\" content=\"Inserts PD-200 5-1\/2\u201d F\u00fcr die 5 \u00bd-Zoll-Version der PD-200 k\u00f6nnen Inserts in den Standardadapter geschoben werden. Es ist wichtig, dass zwischen Pfahl und Maschine nicht zu viel Raum ist. Dies besch\u00e4digt den Pfahl, die Maschine und verringert die Schlagkraft. Aus diesem Grund sind Eins\u00e4tze zwischen 63,5 mm und 120,6 mm erh\u00e4ltlich.\" \/>\n<meta property=\"og:url\" content=\"https:\/\/www.eurogate-international.com\/de\/product\/inserts-pd-200-5-1-2\/\" \/>\n<meta property=\"og:site_name\" content=\"EuroGate International\" \/>\n<meta property=\"article:publisher\" content=\"https:\/\/www.facebook.com\/EuroGateInternational\/\" \/>\n<meta property=\"article:modified_time\" content=\"2024-04-15T10:18:21+00:00\" \/>\n<meta property=\"og:image\" content=\"https:\/\/www.eurogate-international.com\/wp-content\/uploads\/2018\/11\/PD200-insert.png\" \/>\n\t<meta property=\"og:image:width\" content=\"2695\" \/>\n\t<meta property=\"og:image:height\" content=\"3600\" \/>\n\t<meta property=\"og:image:type\" content=\"image\/png\" \/>\n<meta name=\"twitter:card\" content=\"summary_large_image\" \/>\n<meta name=\"twitter:label1\" content=\"Gesch\u00e4tzte Lesezeit\" \/>\n\t<meta name=\"twitter:data1\" content=\"1 Minute\" \/>\n<!-- \/ Yoast SEO plugin. -->","yoast_head_json":{"title":"Inserts PD-200 5-1\/2\u201d | EuroGate International","robots":{"index":"index","follow":"follow","max-snippet":"max-snippet:-1","max-image-preview":"max-image-preview:large","max-video-preview":"max-video-preview:-1"},"canonical":"https:\/\/www.eurogate-international.com\/de\/product\/inserts-pd-200-5-1-2\/","og_locale":"de_DE","og_type":"article","og_title":"Inserts PD-200 5-1\/2\u201d | EuroGate International","og_description":"Inserts PD-200 5-1\/2\u201d F\u00fcr die 5 \u00bd-Zoll-Version der PD-200 k\u00f6nnen Inserts in den Standardadapter geschoben werden. Es ist wichtig, dass zwischen Pfahl und Maschine nicht zu viel Raum ist. Dies besch\u00e4digt den Pfahl, die Maschine und verringert die Schlagkraft. Aus diesem Grund sind Eins\u00e4tze zwischen 63,5 mm und 120,6 mm erh\u00e4ltlich.","og_url":"https:\/\/www.eurogate-international.com\/de\/product\/inserts-pd-200-5-1-2\/","og_site_name":"EuroGate International","article_publisher":"https:\/\/www.facebook.com\/EuroGateInternational\/","article_modified_time":"2024-04-15T10:18:21+00:00","og_image":[{"width":2695,"height":3600,"url":"https:\/\/www.eurogate-international.com\/wp-content\/uploads\/2018\/11\/PD200-insert.png","type":"image\/png"}],"twitter_card":"summary_large_image","twitter_misc":{"Gesch\u00e4tzte Lesezeit":"1 Minute"},"schema":{"@context":"https:\/\/schema.org","@graph":[{"@type":"WebPage","@id":"https:\/\/www.eurogate-international.com\/de\/product\/inserts-pd-200-5-1-2\/","url":"https:\/\/www.eurogate-international.com\/de\/product\/inserts-pd-200-5-1-2\/","name":"Inserts PD-200 5-1\/2\u201d | EuroGate International","isPartOf":{"@id":"https:\/\/www.eurogate-international.com\/de\/#website"},"primaryImageOfPage":{"@id":"https:\/\/www.eurogate-international.com\/de\/product\/inserts-pd-200-5-1-2\/#primaryimage"},"image":{"@id":"https:\/\/www.eurogate-international.com\/de\/product\/inserts-pd-200-5-1-2\/#primaryimage"},"thumbnailUrl":"https:\/\/www.eurogate-international.com\/wp-content\/uploads\/2018\/11\/PD200-insert.png","datePublished":"2018-11-27T09:06:44+00:00","dateModified":"2024-04-15T10:18:21+00:00","breadcrumb":{"@id":"https:\/\/www.eurogate-international.com\/de\/product\/inserts-pd-200-5-1-2\/#breadcrumb"},"inLanguage":"de-DE","potentialAction":[{"@type":"ReadAction","target":["https:\/\/www.eurogate-international.com\/de\/product\/inserts-pd-200-5-1-2\/"]}]},{"@type":"ImageObject","inLanguage":"de-DE","@id":"https:\/\/www.eurogate-international.com\/de\/product\/inserts-pd-200-5-1-2\/#primaryimage","url":"https:\/\/www.eurogate-international.com\/wp-content\/uploads\/2018\/11\/PD200-insert.png","contentUrl":"https:\/\/www.eurogate-international.com\/wp-content\/uploads\/2018\/11\/PD200-insert.png","width":2695,"height":3600},{"@type":"BreadcrumbList","@id":"https:\/\/www.eurogate-international.com\/de\/product\/inserts-pd-200-5-1-2\/#breadcrumb","itemListElement":[{"@type":"ListItem","position":1,"name":"Home","item":"https:\/\/www.eurogate-international.com\/de\/"},{"@type":"ListItem","position":2,"name":"Shop","item":"https:\/\/www.eurogate-international.com\/de\/shop-2\/"},{"@type":"ListItem","position":3,"name":"Inserts PD-200 5-1\/2\u201d"}]},{"@type":"WebSite","@id":"https:\/\/www.eurogate-international.com\/de\/#website","url":"https:\/\/www.eurogate-international.com\/de\/","name":"EuroGate International","description":"D\u00e9 onafhankelijke Europese verkooporganisatie van machines","publisher":{"@id":"https:\/\/www.eurogate-international.com\/de\/#organization"},"potentialAction":[{"@type":"SearchAction","target":{"@type":"EntryPoint","urlTemplate":"https:\/\/www.eurogate-international.com\/de\/?s={search_term_string}"},"query-input":{"@type":"PropertyValueSpecification","valueRequired":true,"valueName":"search_term_string"}}],"inLanguage":"de-DE"},{"@type":"Organization","@id":"https:\/\/www.eurogate-international.com\/de\/#organization","name":"EuroGate International","url":"https:\/\/www.eurogate-international.com\/de\/","logo":{"@type":"ImageObject","inLanguage":"de-DE","@id":"https:\/\/www.eurogate-international.com\/de\/#\/schema\/logo\/image\/","url":"https:\/\/www.eurogate-international.com\/wp-content\/uploads\/2020\/06\/Logo_EuroGateInternational2.png","contentUrl":"https:\/\/www.eurogate-international.com\/wp-content\/uploads\/2020\/06\/Logo_EuroGateInternational2.png","width":150,"height":148,"caption":"EuroGate International"},"image":{"@id":"https:\/\/www.eurogate-international.com\/de\/#\/schema\/logo\/image\/"},"sameAs":["https:\/\/www.facebook.com\/EuroGateInternational\/","https:\/\/nl.linkedin.com\/company\/eurogate-international"]}]}},"jetpack_sharing_enabled":true,"_links":{"self":[{"href":"https:\/\/www.eurogate-international.com\/de\/wp-json\/wp\/v2\/product\/21685","targetHints":{"allow":["GET"]}}],"collection":[{"href":"https:\/\/www.eurogate-international.com\/de\/wp-json\/wp\/v2\/product"}],"about":[{"href":"https:\/\/www.eurogate-international.com\/de\/wp-json\/wp\/v2\/types\/product"}],"replies":[{"embeddable":true,"href":"https:\/\/www.eurogate-international.com\/de\/wp-json\/wp\/v2\/comments?post=21685"}],"version-history":[{"count":0,"href":"https:\/\/www.eurogate-international.com\/de\/wp-json\/wp\/v2\/product\/21685\/revisions"}],"wp:featuredmedia":[{"embeddable":true,"href":"https:\/\/www.eurogate-international.com\/de\/wp-json\/wp\/v2\/media\/2730"}],"wp:attachment":[{"href":"https:\/\/www.eurogate-international.com\/de\/wp-json\/wp\/v2\/media?parent=21685"}],"wp:term":[{"taxonomy":"product_cat","embeddable":true,"href":"https:\/\/www.eurogate-international.com\/de\/wp-json\/wp\/v2\/product_cat?post=21685"},{"taxonomy":"product_tag","embeddable":true,"href":"https:\/\/www.eurogate-international.com\/de\/wp-json\/wp\/v2\/product_tag?post=21685"}],"curies":[{"name":"wp","href":"https:\/\/api.w.org\/{rel}","templated":true}]}}