{"id":21705,"date":"2023-12-18T10:33:02","date_gmt":"2023-12-18T09:33:02","guid":{"rendered":"https:\/\/www.eurogate-international.com\/product\/massgefertigte-profilplatte-fuer-rhino-solar-pro\/"},"modified":"2024-04-15T12:43:44","modified_gmt":"2024-04-15T11:43:44","slug":"massgefertigte-profilplatte-fuer-rhino-solar-pro","status":"publish","type":"product","link":"https:\/\/www.eurogate-international.com\/de\/product\/massgefertigte-profilplatte-fuer-rhino-solar-pro\/","title":{"rendered":"Ma\u00dfgefertigte Profilplatte f\u00fcr Rhino Solar Pro"},"excerpt":{"rendered":"<h2>Ma\u00dfgefertigte Profilplatte f\u00fcr Rhino Solar Pro<\/h2>\n<p>Die Profilplatten werden in den Niederlanden nach Ihren W\u00fcnschen gefertigt. Durch die Verwendung einer Profilplatte k\u00f6nnen Sie die Pf\u00e4hle effizienter in den Boden rammen und eventuelle Besch\u00e4digungen an den Pf\u00e4hlen begrenzen. F\u00fcr die M\u00f6glichkeiten wenden Sie sich bitte an die Verkaufsabteilung.<\/p>\n","protected":false},"featured_media":20022,"comment_status":"closed","ping_status":"closed","template":"","meta":{"_acf_changed":false},"product_cat":[3651,3650],"product_tag":[],"class_list":{"0":"post-21705","1":"product","2":"type-product","3":"status-publish","4":"has-post-thumbnail","6":"product_brand-egi-de","7":"product_brand-rhino-tool-de","8":"product_cat-schlagstuck-hydraulisch","9":"product_cat-schlagstucke","11":"first","12":"instock","13":"taxable","14":"shipping-taxable","15":"purchasable","16":"product-type-simple"},"acf":[],"yoast_head":"<!-- This site is optimized with the Yoast SEO plugin v27.4 - https:\/\/yoast.com\/product\/yoast-seo-wordpress\/ -->\n<title>Ma\u00dfgefertigte Profilplatte f\u00fcr Rhino Solar Pro | EuroGate International<\/title>\n<meta name=\"robots\" content=\"index, follow, max-snippet:-1, max-image-preview:large, max-video-preview:-1\" \/>\n<link rel=\"canonical\" href=\"https:\/\/www.eurogate-international.com\/de\/product\/massgefertigte-profilplatte-fuer-rhino-solar-pro\/\" \/>\n<meta property=\"og:locale\" content=\"de_DE\" \/>\n<meta property=\"og:type\" content=\"article\" \/>\n<meta property=\"og:title\" content=\"Ma\u00dfgefertigte Profilplatte f\u00fcr Rhino Solar Pro | EuroGate International\" \/>\n<meta property=\"og:description\" content=\"Ma\u00dfgefertigte Profilplatte f\u00fcr Rhino Solar Pro Die Profilplatten werden in den Niederlanden nach Ihren W\u00fcnschen gefertigt. Durch die Verwendung einer Profilplatte k\u00f6nnen Sie die Pf\u00e4hle effizienter in den Boden rammen und eventuelle Besch\u00e4digungen an den Pf\u00e4hlen begrenzen. F\u00fcr die M\u00f6glichkeiten wenden Sie sich bitte an die Verkaufsabteilung.\" \/>\n<meta property=\"og:url\" content=\"https:\/\/www.eurogate-international.com\/de\/product\/massgefertigte-profilplatte-fuer-rhino-solar-pro\/\" \/>\n<meta property=\"og:site_name\" content=\"EuroGate International\" \/>\n<meta property=\"article:publisher\" content=\"https:\/\/www.facebook.com\/EuroGateInternational\/\" \/>\n<meta property=\"article:modified_time\" content=\"2024-04-15T11:43:44+00:00\" \/>\n<meta property=\"og:image\" content=\"https:\/\/www.eurogate-international.com\/wp-content\/uploads\/2023\/12\/Profielplaat-Solar-Pro-1024x1280.png\" \/>\n\t<meta property=\"og:image:width\" content=\"1024\" \/>\n\t<meta property=\"og:image:height\" content=\"1280\" \/>\n\t<meta property=\"og:image:type\" content=\"image\/png\" \/>\n<meta name=\"twitter:card\" content=\"summary_large_image\" \/>\n<meta name=\"twitter:label1\" content=\"Gesch\u00e4tzte Lesezeit\" \/>\n\t<meta name=\"twitter:data1\" content=\"1 Minute\" \/>\n<!-- \/ Yoast SEO plugin. -->","yoast_head_json":{"title":"Ma\u00dfgefertigte Profilplatte f\u00fcr Rhino Solar Pro | EuroGate International","robots":{"index":"index","follow":"follow","max-snippet":"max-snippet:-1","max-image-preview":"max-image-preview:large","max-video-preview":"max-video-preview:-1"},"canonical":"https:\/\/www.eurogate-international.com\/de\/product\/massgefertigte-profilplatte-fuer-rhino-solar-pro\/","og_locale":"de_DE","og_type":"article","og_title":"Ma\u00dfgefertigte Profilplatte f\u00fcr Rhino Solar Pro | EuroGate International","og_description":"Ma\u00dfgefertigte Profilplatte f\u00fcr Rhino Solar Pro Die Profilplatten werden in den Niederlanden nach Ihren W\u00fcnschen gefertigt. Durch die Verwendung einer Profilplatte k\u00f6nnen Sie die Pf\u00e4hle effizienter in den Boden rammen und eventuelle Besch\u00e4digungen an den Pf\u00e4hlen begrenzen. F\u00fcr die M\u00f6glichkeiten wenden Sie sich bitte an die Verkaufsabteilung.","og_url":"https:\/\/www.eurogate-international.com\/de\/product\/massgefertigte-profilplatte-fuer-rhino-solar-pro\/","og_site_name":"EuroGate International","article_publisher":"https:\/\/www.facebook.com\/EuroGateInternational\/","article_modified_time":"2024-04-15T11:43:44+00:00","og_image":[{"width":1024,"height":1280,"url":"https:\/\/www.eurogate-international.com\/wp-content\/uploads\/2023\/12\/Profielplaat-Solar-Pro-1024x1280.png","type":"image\/png"}],"twitter_card":"summary_large_image","twitter_misc":{"Gesch\u00e4tzte Lesezeit":"1 Minute"},"schema":{"@context":"https:\/\/schema.org","@graph":[{"@type":"WebPage","@id":"https:\/\/www.eurogate-international.com\/de\/product\/massgefertigte-profilplatte-fuer-rhino-solar-pro\/","url":"https:\/\/www.eurogate-international.com\/de\/product\/massgefertigte-profilplatte-fuer-rhino-solar-pro\/","name":"Ma\u00dfgefertigte Profilplatte f\u00fcr Rhino Solar Pro | EuroGate International","isPartOf":{"@id":"https:\/\/www.eurogate-international.com\/de\/#website"},"primaryImageOfPage":{"@id":"https:\/\/www.eurogate-international.com\/de\/product\/massgefertigte-profilplatte-fuer-rhino-solar-pro\/#primaryimage"},"image":{"@id":"https:\/\/www.eurogate-international.com\/de\/product\/massgefertigte-profilplatte-fuer-rhino-solar-pro\/#primaryimage"},"thumbnailUrl":"https:\/\/www.eurogate-international.com\/wp-content\/uploads\/2023\/12\/Profielplaat-Solar-Pro.png","datePublished":"2023-12-18T09:33:02+00:00","dateModified":"2024-04-15T11:43:44+00:00","breadcrumb":{"@id":"https:\/\/www.eurogate-international.com\/de\/product\/massgefertigte-profilplatte-fuer-rhino-solar-pro\/#breadcrumb"},"inLanguage":"de-DE","potentialAction":[{"@type":"ReadAction","target":["https:\/\/www.eurogate-international.com\/de\/product\/massgefertigte-profilplatte-fuer-rhino-solar-pro\/"]}]},{"@type":"ImageObject","inLanguage":"de-DE","@id":"https:\/\/www.eurogate-international.com\/de\/product\/massgefertigte-profilplatte-fuer-rhino-solar-pro\/#primaryimage","url":"https:\/\/www.eurogate-international.com\/wp-content\/uploads\/2023\/12\/Profielplaat-Solar-Pro.png","contentUrl":"https:\/\/www.eurogate-international.com\/wp-content\/uploads\/2023\/12\/Profielplaat-Solar-Pro.png","width":1773,"height":2216,"caption":"Ma\u00dfgefertigte Profilplatte f\u00fcr Rhino Solar Pro"},{"@type":"BreadcrumbList","@id":"https:\/\/www.eurogate-international.com\/de\/product\/massgefertigte-profilplatte-fuer-rhino-solar-pro\/#breadcrumb","itemListElement":[{"@type":"ListItem","position":1,"name":"Home","item":"https:\/\/www.eurogate-international.com\/de\/"},{"@type":"ListItem","position":2,"name":"Shop","item":"https:\/\/www.eurogate-international.com\/de\/shop-2\/"},{"@type":"ListItem","position":3,"name":"Ma\u00dfgefertigte Profilplatte f\u00fcr Rhino Solar Pro"}]},{"@type":"WebSite","@id":"https:\/\/www.eurogate-international.com\/de\/#website","url":"https:\/\/www.eurogate-international.com\/de\/","name":"EuroGate International","description":"D\u00e9 onafhankelijke Europese verkooporganisatie van machines","publisher":{"@id":"https:\/\/www.eurogate-international.com\/de\/#organization"},"potentialAction":[{"@type":"SearchAction","target":{"@type":"EntryPoint","urlTemplate":"https:\/\/www.eurogate-international.com\/de\/?s={search_term_string}"},"query-input":{"@type":"PropertyValueSpecification","valueRequired":true,"valueName":"search_term_string"}}],"inLanguage":"de-DE"},{"@type":"Organization","@id":"https:\/\/www.eurogate-international.com\/de\/#organization","name":"EuroGate International","url":"https:\/\/www.eurogate-international.com\/de\/","logo":{"@type":"ImageObject","inLanguage":"de-DE","@id":"https:\/\/www.eurogate-international.com\/de\/#\/schema\/logo\/image\/","url":"https:\/\/www.eurogate-international.com\/wp-content\/uploads\/2020\/06\/Logo_EuroGateInternational2.png","contentUrl":"https:\/\/www.eurogate-international.com\/wp-content\/uploads\/2020\/06\/Logo_EuroGateInternational2.png","width":150,"height":148,"caption":"EuroGate International"},"image":{"@id":"https:\/\/www.eurogate-international.com\/de\/#\/schema\/logo\/image\/"},"sameAs":["https:\/\/www.facebook.com\/EuroGateInternational\/","https:\/\/nl.linkedin.com\/company\/eurogate-international"]}]}},"jetpack_sharing_enabled":true,"_links":{"self":[{"href":"https:\/\/www.eurogate-international.com\/de\/wp-json\/wp\/v2\/product\/21705","targetHints":{"allow":["GET"]}}],"collection":[{"href":"https:\/\/www.eurogate-international.com\/de\/wp-json\/wp\/v2\/product"}],"about":[{"href":"https:\/\/www.eurogate-international.com\/de\/wp-json\/wp\/v2\/types\/product"}],"replies":[{"embeddable":true,"href":"https:\/\/www.eurogate-international.com\/de\/wp-json\/wp\/v2\/comments?post=21705"}],"version-history":[{"count":0,"href":"https:\/\/www.eurogate-international.com\/de\/wp-json\/wp\/v2\/product\/21705\/revisions"}],"wp:featuredmedia":[{"embeddable":true,"href":"https:\/\/www.eurogate-international.com\/de\/wp-json\/wp\/v2\/media\/20022"}],"wp:attachment":[{"href":"https:\/\/www.eurogate-international.com\/de\/wp-json\/wp\/v2\/media?parent=21705"}],"wp:term":[{"taxonomy":"product_cat","embeddable":true,"href":"https:\/\/www.eurogate-international.com\/de\/wp-json\/wp\/v2\/product_cat?post=21705"},{"taxonomy":"product_tag","embeddable":true,"href":"https:\/\/www.eurogate-international.com\/de\/wp-json\/wp\/v2\/product_tag?post=21705"}],"curies":[{"name":"wp","href":"https:\/\/api.w.org\/{rel}","templated":true}]}}