{"id":21710,"date":"2018-10-18T13:38:44","date_gmt":"2018-10-18T12:38:44","guid":{"rendered":"https:\/\/www.eurogate-international.com\/product\/zeltheringsauszieher\/"},"modified":"2024-04-15T13:32:35","modified_gmt":"2024-04-15T12:32:35","slug":"zeltheringsauszieher","status":"publish","type":"product","link":"https:\/\/www.eurogate-international.com\/de\/product\/zeltheringsauszieher\/","title":{"rendered":"Zeltheringsauszieher"},"excerpt":{"rendered":"<h2>Mit dem Zeltheringsauszieher ziehen Sie Zeltheringe leicht aus dem Boden.<\/h2>\n<p>Mit unserem Werkzeug Zeltheringsauszieher entfernen Sie Zeltheringe ganz leicht. Partyzelte, Lagerzelte oder Zelte f\u00fcr Firmenveranstaltungen m\u00fcssen sicher und sehr fest im Boden verankert werden. Wenn Sie das Zelt abbauen m\u00f6chten, k\u00f6nnen Sie die Heringe im Handumdrehen mit unserem Heringsauszieher entfernen. Bei EuroGate International B.V. sind wir der Meinung, dass es f\u00fcr jede Aufgabe das geeignete Werkzeug gibt. M\u00f6chten Sie einen Heringsauszieher, der verstellbar ist? Diese haben wir in unserem Sortiment.<\/p>\n<p>Der Heringsauszieher ist einstellbar, Sie platzieren ihn in der am besten geeigneten Position, um die Heringe zu entfernen. Dank des einzigartigen Designs des Heringsausziehers werden die Heringe nicht besch\u00e4digt. Die Zeltheringe werden gerade nach oben gezogen, sodass kaum Spuren der Heringe im Boden zur\u00fcckbleiben. Der ergonomische Griff und die spezielle Funktionsweise des Heringsausziehers erm\u00f6glichen es Ihnen, Heringe mit minimalem Kraftaufwand aus dem Boden zu ziehen. Sie brauchen kein anderes Werkzeug, um diese Aufgabe zu erledigen.<\/p>\n<p>Der Zeltheringsauszieher ist f\u00fcr die Zeltheringsgr\u00f6\u00dfe 25-35 mm erh\u00e4ltlich. W\u00fcnschen Sie weitere Informationen \u00fcber die Qualit\u00e4t, die Funktionsweise und die M\u00f6glichkeiten unserer Zeltheringsauszieher? Nehmen Sie bitte Kontakt mit uns auf, wir sind per E-Mail oder Telefon zu erreichen. Oder kommen Sie in unserem Gesch\u00e4ft in Dedemsvaart vorbei. Wir stehen f\u00fcr Sie bereit!<\/p>\n","protected":false},"featured_media":1464,"comment_status":"closed","ping_status":"closed","template":"","meta":{"_acf_changed":false},"product_cat":[3321,3657],"product_tag":[],"class_list":{"0":"post-21710","1":"product","2":"type-product","3":"status-publish","4":"has-post-thumbnail","6":"product_brand-egi-de","7":"product_cat-pfahlzieher","8":"product_cat-zeltheringsauszieher","10":"first","11":"instock","12":"taxable","13":"shipping-taxable","14":"purchasable","15":"product-type-simple"},"acf":[],"yoast_head":"<!-- This site is optimized with the Yoast SEO plugin v27.5 - https:\/\/yoast.com\/product\/yoast-seo-wordpress\/ -->\n<title>Zeltheringsauszieher | EuroGate International<\/title>\n<meta name=\"robots\" content=\"index, follow, max-snippet:-1, max-image-preview:large, max-video-preview:-1\" \/>\n<link rel=\"canonical\" href=\"https:\/\/www.eurogate-international.com\/de\/product\/zeltheringsauszieher\/\" \/>\n<meta property=\"og:locale\" content=\"de_DE\" \/>\n<meta property=\"og:type\" content=\"article\" \/>\n<meta property=\"og:title\" content=\"Zeltheringsauszieher | EuroGate International\" \/>\n<meta property=\"og:description\" content=\"Mit dem Zeltheringsauszieher ziehen Sie Zeltheringe leicht aus dem Boden. Mit unserem Werkzeug Zeltheringsauszieher entfernen Sie Zeltheringe ganz leicht. Partyzelte, Lagerzelte oder Zelte f\u00fcr Firmenveranstaltungen m\u00fcssen sicher und sehr fest im Boden verankert werden. Wenn Sie das Zelt abbauen m\u00f6chten, k\u00f6nnen Sie die Heringe im Handumdrehen mit unserem Heringsauszieher entfernen. Bei EuroGate International B.V. sind wir der Meinung, dass es f\u00fcr jede Aufgabe das geeignete Werkzeug gibt. M\u00f6chten Sie einen Heringsauszieher, der verstellbar ist? Diese haben wir in unserem Sortiment.  Der Heringsauszieher ist einstellbar, Sie platzieren ihn in der am besten geeigneten Position, um die Heringe zu entfernen. Dank des einzigartigen Designs des Heringsausziehers werden die Heringe nicht besch\u00e4digt. Die Zeltheringe werden gerade nach oben gezogen, sodass kaum Spuren der Heringe im Boden zur\u00fcckbleiben. Der ergonomische Griff und die spezielle Funktionsweise des Heringsausziehers erm\u00f6glichen es Ihnen, Heringe mit minimalem Kraftaufwand aus dem Boden zu ziehen. Sie brauchen kein anderes Werkzeug, um diese Aufgabe zu erledigen.  Der Zeltheringsauszieher ist f\u00fcr die Zeltheringsgr\u00f6\u00dfe 25-35 mm erh\u00e4ltlich. W\u00fcnschen Sie weitere Informationen \u00fcber die Qualit\u00e4t, die Funktionsweise und die M\u00f6glichkeiten unserer Zeltheringsauszieher? Nehmen Sie bitte Kontakt mit uns auf, wir sind per E-Mail oder Telefon zu erreichen. Oder kommen Sie in unserem Gesch\u00e4ft in Dedemsvaart vorbei. Wir stehen f\u00fcr Sie bereit!\" \/>\n<meta property=\"og:url\" content=\"https:\/\/www.eurogate-international.com\/de\/product\/zeltheringsauszieher\/\" \/>\n<meta property=\"og:site_name\" content=\"EuroGate International\" \/>\n<meta property=\"article:publisher\" content=\"https:\/\/www.facebook.com\/EuroGateInternational\/\" \/>\n<meta property=\"article:modified_time\" content=\"2024-04-15T12:32:35+00:00\" \/>\n<meta property=\"og:image\" content=\"https:\/\/www.eurogate-international.com\/wp-content\/uploads\/2018\/10\/Tentharingtrekker.png\" \/>\n\t<meta property=\"og:image:width\" content=\"480\" \/>\n\t<meta property=\"og:image:height\" content=\"640\" \/>\n\t<meta property=\"og:image:type\" content=\"image\/png\" \/>\n<meta name=\"twitter:card\" content=\"summary_large_image\" \/>\n<meta name=\"twitter:label1\" content=\"Gesch\u00e4tzte Lesezeit\" \/>\n\t<meta name=\"twitter:data1\" content=\"2 Minuten\" \/>\n<!-- \/ Yoast SEO plugin. -->","yoast_head_json":{"title":"Zeltheringsauszieher | EuroGate International","robots":{"index":"index","follow":"follow","max-snippet":"max-snippet:-1","max-image-preview":"max-image-preview:large","max-video-preview":"max-video-preview:-1"},"canonical":"https:\/\/www.eurogate-international.com\/de\/product\/zeltheringsauszieher\/","og_locale":"de_DE","og_type":"article","og_title":"Zeltheringsauszieher | EuroGate International","og_description":"Mit dem Zeltheringsauszieher ziehen Sie Zeltheringe leicht aus dem Boden. Mit unserem Werkzeug Zeltheringsauszieher entfernen Sie Zeltheringe ganz leicht. Partyzelte, Lagerzelte oder Zelte f\u00fcr Firmenveranstaltungen m\u00fcssen sicher und sehr fest im Boden verankert werden. Wenn Sie das Zelt abbauen m\u00f6chten, k\u00f6nnen Sie die Heringe im Handumdrehen mit unserem Heringsauszieher entfernen. Bei EuroGate International B.V. sind wir der Meinung, dass es f\u00fcr jede Aufgabe das geeignete Werkzeug gibt. M\u00f6chten Sie einen Heringsauszieher, der verstellbar ist? Diese haben wir in unserem Sortiment.  Der Heringsauszieher ist einstellbar, Sie platzieren ihn in der am besten geeigneten Position, um die Heringe zu entfernen. Dank des einzigartigen Designs des Heringsausziehers werden die Heringe nicht besch\u00e4digt. Die Zeltheringe werden gerade nach oben gezogen, sodass kaum Spuren der Heringe im Boden zur\u00fcckbleiben. Der ergonomische Griff und die spezielle Funktionsweise des Heringsausziehers erm\u00f6glichen es Ihnen, Heringe mit minimalem Kraftaufwand aus dem Boden zu ziehen. Sie brauchen kein anderes Werkzeug, um diese Aufgabe zu erledigen.  Der Zeltheringsauszieher ist f\u00fcr die Zeltheringsgr\u00f6\u00dfe 25-35 mm erh\u00e4ltlich. W\u00fcnschen Sie weitere Informationen \u00fcber die Qualit\u00e4t, die Funktionsweise und die M\u00f6glichkeiten unserer Zeltheringsauszieher? Nehmen Sie bitte Kontakt mit uns auf, wir sind per E-Mail oder Telefon zu erreichen. Oder kommen Sie in unserem Gesch\u00e4ft in Dedemsvaart vorbei. Wir stehen f\u00fcr Sie bereit!","og_url":"https:\/\/www.eurogate-international.com\/de\/product\/zeltheringsauszieher\/","og_site_name":"EuroGate International","article_publisher":"https:\/\/www.facebook.com\/EuroGateInternational\/","article_modified_time":"2024-04-15T12:32:35+00:00","og_image":[{"width":480,"height":640,"url":"https:\/\/www.eurogate-international.com\/wp-content\/uploads\/2018\/10\/Tentharingtrekker.png","type":"image\/png"}],"twitter_card":"summary_large_image","twitter_misc":{"Gesch\u00e4tzte Lesezeit":"2 Minuten"},"schema":{"@context":"https:\/\/schema.org","@graph":[{"@type":"WebPage","@id":"https:\/\/www.eurogate-international.com\/de\/product\/zeltheringsauszieher\/","url":"https:\/\/www.eurogate-international.com\/de\/product\/zeltheringsauszieher\/","name":"Zeltheringsauszieher | EuroGate International","isPartOf":{"@id":"https:\/\/www.eurogate-international.com\/de\/#website"},"primaryImageOfPage":{"@id":"https:\/\/www.eurogate-international.com\/de\/product\/zeltheringsauszieher\/#primaryimage"},"image":{"@id":"https:\/\/www.eurogate-international.com\/de\/product\/zeltheringsauszieher\/#primaryimage"},"thumbnailUrl":"https:\/\/www.eurogate-international.com\/wp-content\/uploads\/2018\/10\/Tentharingtrekker.png","datePublished":"2018-10-18T12:38:44+00:00","dateModified":"2024-04-15T12:32:35+00:00","breadcrumb":{"@id":"https:\/\/www.eurogate-international.com\/de\/product\/zeltheringsauszieher\/#breadcrumb"},"inLanguage":"de-DE","potentialAction":[{"@type":"ReadAction","target":["https:\/\/www.eurogate-international.com\/de\/product\/zeltheringsauszieher\/"]}]},{"@type":"ImageObject","inLanguage":"de-DE","@id":"https:\/\/www.eurogate-international.com\/de\/product\/zeltheringsauszieher\/#primaryimage","url":"https:\/\/www.eurogate-international.com\/wp-content\/uploads\/2018\/10\/Tentharingtrekker.png","contentUrl":"https:\/\/www.eurogate-international.com\/wp-content\/uploads\/2018\/10\/Tentharingtrekker.png","width":480,"height":640},{"@type":"BreadcrumbList","@id":"https:\/\/www.eurogate-international.com\/de\/product\/zeltheringsauszieher\/#breadcrumb","itemListElement":[{"@type":"ListItem","position":1,"name":"Home","item":"https:\/\/www.eurogate-international.com\/de\/"},{"@type":"ListItem","position":2,"name":"Shop","item":"https:\/\/www.eurogate-international.com\/de\/shop-2\/"},{"@type":"ListItem","position":3,"name":"Zeltheringsauszieher"}]},{"@type":"WebSite","@id":"https:\/\/www.eurogate-international.com\/de\/#website","url":"https:\/\/www.eurogate-international.com\/de\/","name":"EuroGate International","description":"D\u00e9 onafhankelijke Europese verkooporganisatie van machines","publisher":{"@id":"https:\/\/www.eurogate-international.com\/de\/#organization"},"potentialAction":[{"@type":"SearchAction","target":{"@type":"EntryPoint","urlTemplate":"https:\/\/www.eurogate-international.com\/de\/?s={search_term_string}"},"query-input":{"@type":"PropertyValueSpecification","valueRequired":true,"valueName":"search_term_string"}}],"inLanguage":"de-DE"},{"@type":"Organization","@id":"https:\/\/www.eurogate-international.com\/de\/#organization","name":"EuroGate International","url":"https:\/\/www.eurogate-international.com\/de\/","logo":{"@type":"ImageObject","inLanguage":"de-DE","@id":"https:\/\/www.eurogate-international.com\/de\/#\/schema\/logo\/image\/","url":"https:\/\/www.eurogate-international.com\/wp-content\/uploads\/2020\/06\/Logo_EuroGateInternational2.png","contentUrl":"https:\/\/www.eurogate-international.com\/wp-content\/uploads\/2020\/06\/Logo_EuroGateInternational2.png","width":150,"height":148,"caption":"EuroGate International"},"image":{"@id":"https:\/\/www.eurogate-international.com\/de\/#\/schema\/logo\/image\/"},"sameAs":["https:\/\/www.facebook.com\/EuroGateInternational\/","https:\/\/nl.linkedin.com\/company\/eurogate-international"]}]}},"jetpack_sharing_enabled":true,"_links":{"self":[{"href":"https:\/\/www.eurogate-international.com\/de\/wp-json\/wp\/v2\/product\/21710","targetHints":{"allow":["GET"]}}],"collection":[{"href":"https:\/\/www.eurogate-international.com\/de\/wp-json\/wp\/v2\/product"}],"about":[{"href":"https:\/\/www.eurogate-international.com\/de\/wp-json\/wp\/v2\/types\/product"}],"replies":[{"embeddable":true,"href":"https:\/\/www.eurogate-international.com\/de\/wp-json\/wp\/v2\/comments?post=21710"}],"version-history":[{"count":0,"href":"https:\/\/www.eurogate-international.com\/de\/wp-json\/wp\/v2\/product\/21710\/revisions"}],"wp:featuredmedia":[{"embeddable":true,"href":"https:\/\/www.eurogate-international.com\/de\/wp-json\/wp\/v2\/media\/1464"}],"wp:attachment":[{"href":"https:\/\/www.eurogate-international.com\/de\/wp-json\/wp\/v2\/media?parent=21710"}],"wp:term":[{"taxonomy":"product_cat","embeddable":true,"href":"https:\/\/www.eurogate-international.com\/de\/wp-json\/wp\/v2\/product_cat?post=21710"},{"taxonomy":"product_tag","embeddable":true,"href":"https:\/\/www.eurogate-international.com\/de\/wp-json\/wp\/v2\/product_tag?post=21710"}],"curies":[{"name":"wp","href":"https:\/\/api.w.org\/{rel}","templated":true}]}}