{"id":21719,"date":"2023-05-12T14:47:31","date_gmt":"2023-05-12T13:47:31","guid":{"rendered":"https:\/\/www.eurogate-international.com\/product\/multi-pro-xa-schlitzkopf-adapter-301159\/"},"modified":"2024-04-15T14:51:00","modified_gmt":"2024-04-15T13:51:00","slug":"multi-pro-xa-schlitzkopf-adapter-301159","status":"publish","type":"product","link":"https:\/\/www.eurogate-international.com\/de\/product\/multi-pro-xa-schlitzkopf-adapter-301159\/","title":{"rendered":"Multi Pro XA Schlitzkopf-Adapter | 301159"},"excerpt":{"rendered":"<h2>Adapter f\u00fcr Pf\u00e4hle mit einem Schlitzkopf und\/oder \u00fcberstehenden Teilen<\/h2>\n<p>Dieser Adapter wird f\u00fcr das Einschlagen von Metallpf\u00e4hlen verwendet, die einen Schlitzkopf oder \u00fcberstehende Teile enthalten. Der Adapter ist f\u00fcr die Rhino MultiPro XA geeignet.<\/p>\n","protected":false},"featured_media":18114,"comment_status":"closed","ping_status":"closed","template":"","meta":{"_acf_changed":false},"product_cat":[3320,3654,3656,3655,3604],"product_tag":[],"class_list":{"0":"post-21719","1":"product","2":"type-product","3":"status-publish","4":"has-post-thumbnail","6":"product_brand-rhino-tool-de","7":"product_cat-adapter-de","8":"product_cat-adapter-benzin","9":"product_cat-adapter-multi-pro-xa-de","10":"product_cat-adapter-rhino-tool","11":"product_cat-multi-pro-xa-teile","13":"first","14":"instock","15":"taxable","16":"shipping-taxable","17":"purchasable","18":"product-type-simple"},"acf":[],"yoast_head":"<!-- This site is optimized with the Yoast SEO plugin v27.3 - https:\/\/yoast.com\/product\/yoast-seo-wordpress\/ -->\n<title>Multi Pro XA Schlitzkopf-Adapter | 301159 | EuroGate International<\/title>\n<meta name=\"robots\" content=\"index, follow, max-snippet:-1, max-image-preview:large, max-video-preview:-1\" \/>\n<link rel=\"canonical\" href=\"https:\/\/www.eurogate-international.com\/de\/product\/multi-pro-xa-schlitzkopf-adapter-301159\/\" \/>\n<meta property=\"og:locale\" content=\"de_DE\" \/>\n<meta property=\"og:type\" content=\"article\" \/>\n<meta property=\"og:title\" content=\"Multi Pro XA Schlitzkopf-Adapter | 301159 | EuroGate International\" \/>\n<meta property=\"og:description\" content=\"Adapter f\u00fcr Pf\u00e4hle mit einem Schlitzkopf und\/oder \u00fcberstehenden Teilen Dieser Adapter wird f\u00fcr das Einschlagen von Metallpf\u00e4hlen verwendet, die einen Schlitzkopf oder \u00fcberstehende Teile enthalten. Der Adapter ist f\u00fcr die Rhino MultiPro XA geeignet.\" \/>\n<meta property=\"og:url\" content=\"https:\/\/www.eurogate-international.com\/de\/product\/multi-pro-xa-schlitzkopf-adapter-301159\/\" \/>\n<meta property=\"og:site_name\" content=\"EuroGate International\" \/>\n<meta property=\"article:publisher\" content=\"https:\/\/www.facebook.com\/EuroGateInternational\/\" \/>\n<meta property=\"article:modified_time\" content=\"2024-04-15T13:51:00+00:00\" \/>\n<meta property=\"og:image\" content=\"https:\/\/www.eurogate-international.com\/wp-content\/uploads\/2023\/05\/301159.png\" \/>\n\t<meta property=\"og:image:width\" content=\"1500\" \/>\n\t<meta property=\"og:image:height\" content=\"1500\" \/>\n\t<meta property=\"og:image:type\" content=\"image\/png\" \/>\n<meta name=\"twitter:card\" content=\"summary_large_image\" \/>\n<meta name=\"twitter:label1\" content=\"Gesch\u00e4tzte Lesezeit\" \/>\n\t<meta name=\"twitter:data1\" content=\"1 Minute\" \/>\n<!-- \/ Yoast SEO plugin. -->","yoast_head_json":{"title":"Multi Pro XA Schlitzkopf-Adapter | 301159 | EuroGate International","robots":{"index":"index","follow":"follow","max-snippet":"max-snippet:-1","max-image-preview":"max-image-preview:large","max-video-preview":"max-video-preview:-1"},"canonical":"https:\/\/www.eurogate-international.com\/de\/product\/multi-pro-xa-schlitzkopf-adapter-301159\/","og_locale":"de_DE","og_type":"article","og_title":"Multi Pro XA Schlitzkopf-Adapter | 301159 | EuroGate International","og_description":"Adapter f\u00fcr Pf\u00e4hle mit einem Schlitzkopf und\/oder \u00fcberstehenden Teilen Dieser Adapter wird f\u00fcr das Einschlagen von Metallpf\u00e4hlen verwendet, die einen Schlitzkopf oder \u00fcberstehende Teile enthalten. Der Adapter ist f\u00fcr die Rhino MultiPro XA geeignet.","og_url":"https:\/\/www.eurogate-international.com\/de\/product\/multi-pro-xa-schlitzkopf-adapter-301159\/","og_site_name":"EuroGate International","article_publisher":"https:\/\/www.facebook.com\/EuroGateInternational\/","article_modified_time":"2024-04-15T13:51:00+00:00","og_image":[{"width":1500,"height":1500,"url":"https:\/\/www.eurogate-international.com\/wp-content\/uploads\/2023\/05\/301159.png","type":"image\/png"}],"twitter_card":"summary_large_image","twitter_misc":{"Gesch\u00e4tzte Lesezeit":"1 Minute"},"schema":{"@context":"https:\/\/schema.org","@graph":[{"@type":"WebPage","@id":"https:\/\/www.eurogate-international.com\/de\/product\/multi-pro-xa-schlitzkopf-adapter-301159\/","url":"https:\/\/www.eurogate-international.com\/de\/product\/multi-pro-xa-schlitzkopf-adapter-301159\/","name":"Multi Pro XA Schlitzkopf-Adapter | 301159 | EuroGate International","isPartOf":{"@id":"https:\/\/www.eurogate-international.com\/de\/#website"},"primaryImageOfPage":{"@id":"https:\/\/www.eurogate-international.com\/de\/product\/multi-pro-xa-schlitzkopf-adapter-301159\/#primaryimage"},"image":{"@id":"https:\/\/www.eurogate-international.com\/de\/product\/multi-pro-xa-schlitzkopf-adapter-301159\/#primaryimage"},"thumbnailUrl":"https:\/\/www.eurogate-international.com\/wp-content\/uploads\/2023\/05\/301159.png","datePublished":"2023-05-12T13:47:31+00:00","dateModified":"2024-04-15T13:51:00+00:00","breadcrumb":{"@id":"https:\/\/www.eurogate-international.com\/de\/product\/multi-pro-xa-schlitzkopf-adapter-301159\/#breadcrumb"},"inLanguage":"de-DE","potentialAction":[{"@type":"ReadAction","target":["https:\/\/www.eurogate-international.com\/de\/product\/multi-pro-xa-schlitzkopf-adapter-301159\/"]}]},{"@type":"ImageObject","inLanguage":"de-DE","@id":"https:\/\/www.eurogate-international.com\/de\/product\/multi-pro-xa-schlitzkopf-adapter-301159\/#primaryimage","url":"https:\/\/www.eurogate-international.com\/wp-content\/uploads\/2023\/05\/301159.png","contentUrl":"https:\/\/www.eurogate-international.com\/wp-content\/uploads\/2023\/05\/301159.png","width":1500,"height":1500},{"@type":"BreadcrumbList","@id":"https:\/\/www.eurogate-international.com\/de\/product\/multi-pro-xa-schlitzkopf-adapter-301159\/#breadcrumb","itemListElement":[{"@type":"ListItem","position":1,"name":"Home","item":"https:\/\/www.eurogate-international.com\/de\/"},{"@type":"ListItem","position":2,"name":"Shop","item":"https:\/\/www.eurogate-international.com\/de\/shop-2\/"},{"@type":"ListItem","position":3,"name":"Multi Pro XA Schlitzkopf-Adapter | 301159"}]},{"@type":"WebSite","@id":"https:\/\/www.eurogate-international.com\/de\/#website","url":"https:\/\/www.eurogate-international.com\/de\/","name":"EuroGate International","description":"D\u00e9 onafhankelijke Europese verkooporganisatie van machines","publisher":{"@id":"https:\/\/www.eurogate-international.com\/de\/#organization"},"potentialAction":[{"@type":"SearchAction","target":{"@type":"EntryPoint","urlTemplate":"https:\/\/www.eurogate-international.com\/de\/?s={search_term_string}"},"query-input":{"@type":"PropertyValueSpecification","valueRequired":true,"valueName":"search_term_string"}}],"inLanguage":"de-DE"},{"@type":"Organization","@id":"https:\/\/www.eurogate-international.com\/de\/#organization","name":"EuroGate International","url":"https:\/\/www.eurogate-international.com\/de\/","logo":{"@type":"ImageObject","inLanguage":"de-DE","@id":"https:\/\/www.eurogate-international.com\/de\/#\/schema\/logo\/image\/","url":"https:\/\/www.eurogate-international.com\/wp-content\/uploads\/2020\/06\/Logo_EuroGateInternational2.png","contentUrl":"https:\/\/www.eurogate-international.com\/wp-content\/uploads\/2020\/06\/Logo_EuroGateInternational2.png","width":150,"height":148,"caption":"EuroGate International"},"image":{"@id":"https:\/\/www.eurogate-international.com\/de\/#\/schema\/logo\/image\/"},"sameAs":["https:\/\/www.facebook.com\/EuroGateInternational\/","https:\/\/nl.linkedin.com\/company\/eurogate-international"]}]}},"jetpack_sharing_enabled":true,"_links":{"self":[{"href":"https:\/\/www.eurogate-international.com\/de\/wp-json\/wp\/v2\/product\/21719","targetHints":{"allow":["GET"]}}],"collection":[{"href":"https:\/\/www.eurogate-international.com\/de\/wp-json\/wp\/v2\/product"}],"about":[{"href":"https:\/\/www.eurogate-international.com\/de\/wp-json\/wp\/v2\/types\/product"}],"replies":[{"embeddable":true,"href":"https:\/\/www.eurogate-international.com\/de\/wp-json\/wp\/v2\/comments?post=21719"}],"version-history":[{"count":0,"href":"https:\/\/www.eurogate-international.com\/de\/wp-json\/wp\/v2\/product\/21719\/revisions"}],"wp:featuredmedia":[{"embeddable":true,"href":"https:\/\/www.eurogate-international.com\/de\/wp-json\/wp\/v2\/media\/18114"}],"wp:attachment":[{"href":"https:\/\/www.eurogate-international.com\/de\/wp-json\/wp\/v2\/media?parent=21719"}],"wp:term":[{"taxonomy":"product_cat","embeddable":true,"href":"https:\/\/www.eurogate-international.com\/de\/wp-json\/wp\/v2\/product_cat?post=21719"},{"taxonomy":"product_tag","embeddable":true,"href":"https:\/\/www.eurogate-international.com\/de\/wp-json\/wp\/v2\/product_tag?post=21719"}],"curies":[{"name":"wp","href":"https:\/\/api.w.org\/{rel}","templated":true}]}}