{"id":21726,"date":"2023-05-15T12:18:18","date_gmt":"2023-05-15T11:18:18","guid":{"rendered":"https:\/\/www.eurogate-international.com\/product\/multi-pro-xa-schlagstueck-fuer-stahlpfaehle-45x45-mm-b62-80-39-4545\/"},"modified":"2024-04-16T12:23:52","modified_gmt":"2024-04-16T11:23:52","slug":"multi-pro-xa-schlagstueck-fuer-stahlpfaehle-45x45-mm-b62-80-39-4545","status":"publish","type":"product","link":"https:\/\/www.eurogate-international.com\/de\/product\/multi-pro-xa-schlagstueck-fuer-stahlpfaehle-45x45-mm-b62-80-39-4545\/","title":{"rendered":"Multi Pro XA Schlagst\u00fcck f\u00fcr Stahlpf\u00e4hle 45&#215;45 mm | B62\/80-39-4545"},"excerpt":{"rendered":"<h2>Schlagst\u00fcck 45&#215;45 mm zur Verwendung mit benzinbetriebener Pfahlramme<\/h2>\n<p>Dieses Schlagst\u00fcck, das speziell f\u00fcr den Rhino Multi Pro XA entwickelt wurde, hat einen runden Anschluss, der in den Adapterhalter 301422 f\u00fcr Stahl-Schlagst\u00fccke f\u00fcr die Multi Pro XA passt.<\/p>\n<p>Dieses Schlagst\u00fcck umfasst eine Gr\u00f6\u00dfe und kann f\u00fcr Stahlpf\u00e4hle mit einem Format von 45x45mm verwendet werden.<\/p>\n<p>&nbsp;<\/p>\n<p><strong>EuroGate International bietet bezahlbare Qualit\u00e4t und bezahlbaren Service<\/strong><\/p>\n<p>EGI ist die Hausmarke von EuroGate International. Die Spitzenmarke bietet ein hervorragendes Qualit\u00e4ts-Preis-Verh\u00e4ltnis.<\/p>\n<p><strong>F\u00e4llt Ihnen die Wahl schwer?<\/strong><\/p>\n<p>Sie m\u00f6chten eine benzinbetriebene Pfahlramme in Kombination mit einem Schlagst\u00fcck einsetzen, k\u00f6nnen aber aus unserem Sortiment keine Wahl treffen? Rufen Sie uns bitte f\u00fcr weitere Informationen an.<\/p>\n","protected":false},"featured_media":18138,"comment_status":"closed","ping_status":"closed","template":"","meta":{"_acf_changed":false},"product_cat":[3658,3659,3650],"product_tag":[],"class_list":{"0":"post-21726","1":"product","2":"type-product","3":"status-publish","4":"has-post-thumbnail","6":"product_brand-rhino-tool-de","7":"product_cat-schlagstuck-benzin","8":"product_cat-schlagstuck-multipro-xa","9":"product_cat-schlagstucke","11":"first","12":"instock","13":"taxable","14":"shipping-taxable","15":"purchasable","16":"product-type-simple"},"acf":[],"yoast_head":"<!-- This site is optimized with the Yoast SEO plugin v27.2 - https:\/\/yoast.com\/product\/yoast-seo-wordpress\/ -->\n<title>Multi Pro XA Schlagst\u00fcck f\u00fcr Stahlpf\u00e4hle 45x45 mm | B62\/80-39-4545 | EuroGate International<\/title>\n<meta name=\"robots\" content=\"index, follow, max-snippet:-1, max-image-preview:large, max-video-preview:-1\" \/>\n<link rel=\"canonical\" href=\"https:\/\/www.eurogate-international.com\/de\/product\/multi-pro-xa-schlagstueck-fuer-stahlpfaehle-45x45-mm-b62-80-39-4545\/\" \/>\n<meta property=\"og:locale\" content=\"de_DE\" \/>\n<meta property=\"og:type\" content=\"article\" \/>\n<meta property=\"og:title\" content=\"Multi Pro XA Schlagst\u00fcck f\u00fcr Stahlpf\u00e4hle 45x45 mm | B62\/80-39-4545 | EuroGate International\" \/>\n<meta property=\"og:description\" content=\"Schlagst\u00fcck 45x45 mm zur Verwendung mit benzinbetriebener Pfahlramme Dieses Schlagst\u00fcck, das speziell f\u00fcr den Rhino Multi Pro XA entwickelt wurde, hat einen runden Anschluss, der in den Adapterhalter 301422 f\u00fcr Stahl-Schlagst\u00fccke f\u00fcr die Multi Pro XA passt.  Dieses Schlagst\u00fcck umfasst eine Gr\u00f6\u00dfe und kann f\u00fcr Stahlpf\u00e4hle mit einem Format von 45x45mm verwendet werden.  &nbsp;  EuroGate International bietet bezahlbare Qualit\u00e4t und bezahlbaren Service  EGI ist die Hausmarke von EuroGate International. Die Spitzenmarke bietet ein hervorragendes Qualit\u00e4ts-Preis-Verh\u00e4ltnis.  F\u00e4llt Ihnen die Wahl schwer?  Sie m\u00f6chten eine benzinbetriebene Pfahlramme in Kombination mit einem Schlagst\u00fcck einsetzen, k\u00f6nnen aber aus unserem Sortiment keine Wahl treffen? Rufen Sie uns bitte f\u00fcr weitere Informationen an.\" \/>\n<meta property=\"og:url\" content=\"https:\/\/www.eurogate-international.com\/de\/product\/multi-pro-xa-schlagstueck-fuer-stahlpfaehle-45x45-mm-b62-80-39-4545\/\" \/>\n<meta property=\"og:site_name\" content=\"EuroGate International\" \/>\n<meta property=\"article:publisher\" content=\"https:\/\/www.facebook.com\/EuroGateInternational\/\" \/>\n<meta property=\"article:modified_time\" content=\"2024-04-16T11:23:52+00:00\" \/>\n<meta property=\"og:image\" content=\"https:\/\/www.eurogate-international.com\/wp-content\/uploads\/2023\/05\/B62-80-39-4545.png\" \/>\n\t<meta property=\"og:image:width\" content=\"1500\" \/>\n\t<meta property=\"og:image:height\" content=\"1500\" \/>\n\t<meta property=\"og:image:type\" content=\"image\/png\" \/>\n<meta name=\"twitter:card\" content=\"summary_large_image\" \/>\n<meta name=\"twitter:label1\" content=\"Gesch\u00e4tzte Lesezeit\" \/>\n\t<meta name=\"twitter:data1\" content=\"1 Minute\" \/>\n<!-- \/ Yoast SEO plugin. -->","yoast_head_json":{"title":"Multi Pro XA Schlagst\u00fcck f\u00fcr Stahlpf\u00e4hle 45x45 mm | B62\/80-39-4545 | EuroGate International","robots":{"index":"index","follow":"follow","max-snippet":"max-snippet:-1","max-image-preview":"max-image-preview:large","max-video-preview":"max-video-preview:-1"},"canonical":"https:\/\/www.eurogate-international.com\/de\/product\/multi-pro-xa-schlagstueck-fuer-stahlpfaehle-45x45-mm-b62-80-39-4545\/","og_locale":"de_DE","og_type":"article","og_title":"Multi Pro XA Schlagst\u00fcck f\u00fcr Stahlpf\u00e4hle 45x45 mm | B62\/80-39-4545 | EuroGate International","og_description":"Schlagst\u00fcck 45x45 mm zur Verwendung mit benzinbetriebener Pfahlramme Dieses Schlagst\u00fcck, das speziell f\u00fcr den Rhino Multi Pro XA entwickelt wurde, hat einen runden Anschluss, der in den Adapterhalter 301422 f\u00fcr Stahl-Schlagst\u00fccke f\u00fcr die Multi Pro XA passt.  Dieses Schlagst\u00fcck umfasst eine Gr\u00f6\u00dfe und kann f\u00fcr Stahlpf\u00e4hle mit einem Format von 45x45mm verwendet werden.  &nbsp;  EuroGate International bietet bezahlbare Qualit\u00e4t und bezahlbaren Service  EGI ist die Hausmarke von EuroGate International. Die Spitzenmarke bietet ein hervorragendes Qualit\u00e4ts-Preis-Verh\u00e4ltnis.  F\u00e4llt Ihnen die Wahl schwer?  Sie m\u00f6chten eine benzinbetriebene Pfahlramme in Kombination mit einem Schlagst\u00fcck einsetzen, k\u00f6nnen aber aus unserem Sortiment keine Wahl treffen? Rufen Sie uns bitte f\u00fcr weitere Informationen an.","og_url":"https:\/\/www.eurogate-international.com\/de\/product\/multi-pro-xa-schlagstueck-fuer-stahlpfaehle-45x45-mm-b62-80-39-4545\/","og_site_name":"EuroGate International","article_publisher":"https:\/\/www.facebook.com\/EuroGateInternational\/","article_modified_time":"2024-04-16T11:23:52+00:00","og_image":[{"width":1500,"height":1500,"url":"https:\/\/www.eurogate-international.com\/wp-content\/uploads\/2023\/05\/B62-80-39-4545.png","type":"image\/png"}],"twitter_card":"summary_large_image","twitter_misc":{"Gesch\u00e4tzte Lesezeit":"1 Minute"},"schema":{"@context":"https:\/\/schema.org","@graph":[{"@type":"WebPage","@id":"https:\/\/www.eurogate-international.com\/de\/product\/multi-pro-xa-schlagstueck-fuer-stahlpfaehle-45x45-mm-b62-80-39-4545\/","url":"https:\/\/www.eurogate-international.com\/de\/product\/multi-pro-xa-schlagstueck-fuer-stahlpfaehle-45x45-mm-b62-80-39-4545\/","name":"Multi Pro XA Schlagst\u00fcck f\u00fcr Stahlpf\u00e4hle 45x45 mm | B62\/80-39-4545 | EuroGate International","isPartOf":{"@id":"https:\/\/www.eurogate-international.com\/de\/#website"},"primaryImageOfPage":{"@id":"https:\/\/www.eurogate-international.com\/de\/product\/multi-pro-xa-schlagstueck-fuer-stahlpfaehle-45x45-mm-b62-80-39-4545\/#primaryimage"},"image":{"@id":"https:\/\/www.eurogate-international.com\/de\/product\/multi-pro-xa-schlagstueck-fuer-stahlpfaehle-45x45-mm-b62-80-39-4545\/#primaryimage"},"thumbnailUrl":"https:\/\/www.eurogate-international.com\/wp-content\/uploads\/2023\/05\/B62-80-39-4545.png","datePublished":"2023-05-15T11:18:18+00:00","dateModified":"2024-04-16T11:23:52+00:00","breadcrumb":{"@id":"https:\/\/www.eurogate-international.com\/de\/product\/multi-pro-xa-schlagstueck-fuer-stahlpfaehle-45x45-mm-b62-80-39-4545\/#breadcrumb"},"inLanguage":"de-DE","potentialAction":[{"@type":"ReadAction","target":["https:\/\/www.eurogate-international.com\/de\/product\/multi-pro-xa-schlagstueck-fuer-stahlpfaehle-45x45-mm-b62-80-39-4545\/"]}]},{"@type":"ImageObject","inLanguage":"de-DE","@id":"https:\/\/www.eurogate-international.com\/de\/product\/multi-pro-xa-schlagstueck-fuer-stahlpfaehle-45x45-mm-b62-80-39-4545\/#primaryimage","url":"https:\/\/www.eurogate-international.com\/wp-content\/uploads\/2023\/05\/B62-80-39-4545.png","contentUrl":"https:\/\/www.eurogate-international.com\/wp-content\/uploads\/2023\/05\/B62-80-39-4545.png","width":1500,"height":1500},{"@type":"BreadcrumbList","@id":"https:\/\/www.eurogate-international.com\/de\/product\/multi-pro-xa-schlagstueck-fuer-stahlpfaehle-45x45-mm-b62-80-39-4545\/#breadcrumb","itemListElement":[{"@type":"ListItem","position":1,"name":"Home","item":"https:\/\/www.eurogate-international.com\/de\/"},{"@type":"ListItem","position":2,"name":"Shop","item":"https:\/\/www.eurogate-international.com\/de\/shop-2\/"},{"@type":"ListItem","position":3,"name":"Multi Pro XA Schlagst\u00fcck f\u00fcr Stahlpf\u00e4hle 45&#215;45 mm | B62\/80-39-4545"}]},{"@type":"WebSite","@id":"https:\/\/www.eurogate-international.com\/de\/#website","url":"https:\/\/www.eurogate-international.com\/de\/","name":"EuroGate International","description":"D\u00e9 onafhankelijke Europese verkooporganisatie van machines","publisher":{"@id":"https:\/\/www.eurogate-international.com\/de\/#organization"},"potentialAction":[{"@type":"SearchAction","target":{"@type":"EntryPoint","urlTemplate":"https:\/\/www.eurogate-international.com\/de\/?s={search_term_string}"},"query-input":{"@type":"PropertyValueSpecification","valueRequired":true,"valueName":"search_term_string"}}],"inLanguage":"de-DE"},{"@type":"Organization","@id":"https:\/\/www.eurogate-international.com\/de\/#organization","name":"EuroGate International","url":"https:\/\/www.eurogate-international.com\/de\/","logo":{"@type":"ImageObject","inLanguage":"de-DE","@id":"https:\/\/www.eurogate-international.com\/de\/#\/schema\/logo\/image\/","url":"https:\/\/www.eurogate-international.com\/wp-content\/uploads\/2020\/06\/Logo_EuroGateInternational2.png","contentUrl":"https:\/\/www.eurogate-international.com\/wp-content\/uploads\/2020\/06\/Logo_EuroGateInternational2.png","width":150,"height":148,"caption":"EuroGate International"},"image":{"@id":"https:\/\/www.eurogate-international.com\/de\/#\/schema\/logo\/image\/"},"sameAs":["https:\/\/www.facebook.com\/EuroGateInternational\/","https:\/\/nl.linkedin.com\/company\/eurogate-international"]}]}},"jetpack_sharing_enabled":true,"_links":{"self":[{"href":"https:\/\/www.eurogate-international.com\/de\/wp-json\/wp\/v2\/product\/21726","targetHints":{"allow":["GET"]}}],"collection":[{"href":"https:\/\/www.eurogate-international.com\/de\/wp-json\/wp\/v2\/product"}],"about":[{"href":"https:\/\/www.eurogate-international.com\/de\/wp-json\/wp\/v2\/types\/product"}],"replies":[{"embeddable":true,"href":"https:\/\/www.eurogate-international.com\/de\/wp-json\/wp\/v2\/comments?post=21726"}],"version-history":[{"count":0,"href":"https:\/\/www.eurogate-international.com\/de\/wp-json\/wp\/v2\/product\/21726\/revisions"}],"wp:featuredmedia":[{"embeddable":true,"href":"https:\/\/www.eurogate-international.com\/de\/wp-json\/wp\/v2\/media\/18138"}],"wp:attachment":[{"href":"https:\/\/www.eurogate-international.com\/de\/wp-json\/wp\/v2\/media?parent=21726"}],"wp:term":[{"taxonomy":"product_cat","embeddable":true,"href":"https:\/\/www.eurogate-international.com\/de\/wp-json\/wp\/v2\/product_cat?post=21726"},{"taxonomy":"product_tag","embeddable":true,"href":"https:\/\/www.eurogate-international.com\/de\/wp-json\/wp\/v2\/product_tag?post=21726"}],"curies":[{"name":"wp","href":"https:\/\/api.w.org\/{rel}","templated":true}]}}