{"id":21735,"date":"2023-05-15T13:20:14","date_gmt":"2023-05-15T12:20:14","guid":{"rendered":"https:\/\/www.eurogate-international.com\/product\/multi-pro-xa-xl-schlagstueck-fuer-stahlpfaehle-60-x-40-und-60-rund-b62-80-100-6040-6000\/"},"modified":"2024-04-17T14:21:53","modified_gmt":"2024-04-17T13:21:53","slug":"multi-pro-xa-xl-schlagstueck-fuer-stahlpfaehle-60-x-40-und-60-rund-b62-80-100-6040-6000","status":"publish","type":"product","link":"https:\/\/www.eurogate-international.com\/de\/product\/multi-pro-xa-xl-schlagstueck-fuer-stahlpfaehle-60-x-40-und-60-rund-b62-80-100-6040-6000\/","title":{"rendered":"Multi Pro XA XL Schlagst\u00fcck f\u00fcr Stahlpf\u00e4hle 60 x 40 und 60 Rund | B62\/80-100-6040\/6000"},"excerpt":{"rendered":"<h2>Extra langes Schlagst\u00fcck 60 x 40 mm und \u00f8 60 mm zur Verwendung mit Benzin-Pfahlramme<\/h2>\n<p>Dieses Schlagst\u00fcck, das speziell f\u00fcr den Rhino Multi Pro XA entwickelt wurde, hat einen runden Anschluss, der in den Adapterhalter 301422 f\u00fcr Stahl-Schlagst\u00fccke f\u00fcr die Multi Pro XA passt. Dieses Schlagst\u00fcck umfasst eine Gr\u00f6\u00dfe und kann f\u00fcr Stahlpf\u00e4hle mit einem Format 60\u00d740 und Durchmesser von 60 mm verwendet werden.<\/p>\n<p>Dieses Schlagst\u00fcckverf\u00fcgt \u00fcber ein extra langes Befestigungsteil, wodurch es weniger wahrscheinlich ist, dass es sich vom Pfosten l\u00f6st.<\/p>\n<p><strong>EuroGate International bietet bezahlbare Qualit\u00e4t und bezahlbaren Service<\/strong><\/p>\n<p>EGI ist die Hausmarke von EuroGate International. Die Spitzenmarke bietet ein hervorragendes Qualit\u00e4ts-Preis-Verh\u00e4ltnis.<\/p>\n<p><strong>F\u00e4llt Ihnen die Wahl schwer?<\/strong><\/p>\n<p>Sie m\u00f6chten eine benzinbetriebene Pfahlramme in Kombination mit einem Schlagst\u00fcck einsetzen, k\u00f6nnen aber aus unserem Sortiment keine Wahl treffen? Rufen Sie uns bitte f\u00fcr weitere Informationen an.<\/p>\n","protected":false},"featured_media":18162,"comment_status":"closed","ping_status":"closed","template":"","meta":{"_acf_changed":false},"product_cat":[3658,3659,3650],"product_tag":[],"class_list":{"0":"post-21735","1":"product","2":"type-product","3":"status-publish","4":"has-post-thumbnail","6":"product_brand-rhino-tool-de","7":"product_cat-schlagstuck-benzin","8":"product_cat-schlagstuck-multipro-xa","9":"product_cat-schlagstucke","11":"first","12":"instock","13":"taxable","14":"shipping-taxable","15":"purchasable","16":"product-type-simple"},"acf":[],"yoast_head":"<!-- This site is optimized with the Yoast SEO plugin v27.4 - https:\/\/yoast.com\/product\/yoast-seo-wordpress\/ -->\n<title>Multi Pro XA XL Schlagst\u00fcck f\u00fcr Stahlpf\u00e4hle 60 x 40 und 60 Rund | B62\/80-100-6040\/6000 | EuroGate International<\/title>\n<meta name=\"robots\" content=\"index, follow, max-snippet:-1, max-image-preview:large, max-video-preview:-1\" \/>\n<link rel=\"canonical\" href=\"https:\/\/www.eurogate-international.com\/de\/product\/multi-pro-xa-xl-schlagstueck-fuer-stahlpfaehle-60-x-40-und-60-rund-b62-80-100-6040-6000\/\" \/>\n<meta property=\"og:locale\" content=\"de_DE\" \/>\n<meta property=\"og:type\" content=\"article\" \/>\n<meta property=\"og:title\" content=\"Multi Pro XA XL Schlagst\u00fcck f\u00fcr Stahlpf\u00e4hle 60 x 40 und 60 Rund | B62\/80-100-6040\/6000 | EuroGate International\" \/>\n<meta property=\"og:description\" content=\"Extra langes Schlagst\u00fcck 60 x 40 mm und \u00f8 60 mm zur Verwendung mit Benzin-Pfahlramme Dieses Schlagst\u00fcck, das speziell f\u00fcr den Rhino Multi Pro XA entwickelt wurde, hat einen runden Anschluss, der in den Adapterhalter 301422 f\u00fcr Stahl-Schlagst\u00fccke f\u00fcr die Multi Pro XA passt. Dieses Schlagst\u00fcck umfasst eine Gr\u00f6\u00dfe und kann f\u00fcr Stahlpf\u00e4hle mit einem Format 60\u00d740 und Durchmesser von 60 mm verwendet werden.  Dieses Schlagst\u00fcckverf\u00fcgt \u00fcber ein extra langes Befestigungsteil, wodurch es weniger wahrscheinlich ist, dass es sich vom Pfosten l\u00f6st.  EuroGate International bietet bezahlbare Qualit\u00e4t und bezahlbaren Service  EGI ist die Hausmarke von EuroGate International. Die Spitzenmarke bietet ein hervorragendes Qualit\u00e4ts-Preis-Verh\u00e4ltnis.  F\u00e4llt Ihnen die Wahl schwer?  Sie m\u00f6chten eine benzinbetriebene Pfahlramme in Kombination mit einem Schlagst\u00fcck einsetzen, k\u00f6nnen aber aus unserem Sortiment keine Wahl treffen? Rufen Sie uns bitte f\u00fcr weitere Informationen an.\" \/>\n<meta property=\"og:url\" content=\"https:\/\/www.eurogate-international.com\/de\/product\/multi-pro-xa-xl-schlagstueck-fuer-stahlpfaehle-60-x-40-und-60-rund-b62-80-100-6040-6000\/\" \/>\n<meta property=\"og:site_name\" content=\"EuroGate International\" \/>\n<meta property=\"article:publisher\" content=\"https:\/\/www.facebook.com\/EuroGateInternational\/\" \/>\n<meta property=\"article:modified_time\" content=\"2024-04-17T13:21:53+00:00\" \/>\n<meta property=\"og:image\" content=\"https:\/\/www.eurogate-international.com\/wp-content\/uploads\/2023\/05\/B62-80-100-6040-6000.png\" \/>\n\t<meta property=\"og:image:width\" content=\"1500\" \/>\n\t<meta property=\"og:image:height\" content=\"2000\" \/>\n\t<meta property=\"og:image:type\" content=\"image\/png\" \/>\n<meta name=\"twitter:card\" content=\"summary_large_image\" \/>\n<meta name=\"twitter:label1\" content=\"Gesch\u00e4tzte Lesezeit\" \/>\n\t<meta name=\"twitter:data1\" content=\"1 Minute\" \/>\n<!-- \/ Yoast SEO plugin. -->","yoast_head_json":{"title":"Multi Pro XA XL Schlagst\u00fcck f\u00fcr Stahlpf\u00e4hle 60 x 40 und 60 Rund | B62\/80-100-6040\/6000 | EuroGate International","robots":{"index":"index","follow":"follow","max-snippet":"max-snippet:-1","max-image-preview":"max-image-preview:large","max-video-preview":"max-video-preview:-1"},"canonical":"https:\/\/www.eurogate-international.com\/de\/product\/multi-pro-xa-xl-schlagstueck-fuer-stahlpfaehle-60-x-40-und-60-rund-b62-80-100-6040-6000\/","og_locale":"de_DE","og_type":"article","og_title":"Multi Pro XA XL Schlagst\u00fcck f\u00fcr Stahlpf\u00e4hle 60 x 40 und 60 Rund | B62\/80-100-6040\/6000 | EuroGate International","og_description":"Extra langes Schlagst\u00fcck 60 x 40 mm und \u00f8 60 mm zur Verwendung mit Benzin-Pfahlramme Dieses Schlagst\u00fcck, das speziell f\u00fcr den Rhino Multi Pro XA entwickelt wurde, hat einen runden Anschluss, der in den Adapterhalter 301422 f\u00fcr Stahl-Schlagst\u00fccke f\u00fcr die Multi Pro XA passt. Dieses Schlagst\u00fcck umfasst eine Gr\u00f6\u00dfe und kann f\u00fcr Stahlpf\u00e4hle mit einem Format 60\u00d740 und Durchmesser von 60 mm verwendet werden.  Dieses Schlagst\u00fcckverf\u00fcgt \u00fcber ein extra langes Befestigungsteil, wodurch es weniger wahrscheinlich ist, dass es sich vom Pfosten l\u00f6st.  EuroGate International bietet bezahlbare Qualit\u00e4t und bezahlbaren Service  EGI ist die Hausmarke von EuroGate International. Die Spitzenmarke bietet ein hervorragendes Qualit\u00e4ts-Preis-Verh\u00e4ltnis.  F\u00e4llt Ihnen die Wahl schwer?  Sie m\u00f6chten eine benzinbetriebene Pfahlramme in Kombination mit einem Schlagst\u00fcck einsetzen, k\u00f6nnen aber aus unserem Sortiment keine Wahl treffen? Rufen Sie uns bitte f\u00fcr weitere Informationen an.","og_url":"https:\/\/www.eurogate-international.com\/de\/product\/multi-pro-xa-xl-schlagstueck-fuer-stahlpfaehle-60-x-40-und-60-rund-b62-80-100-6040-6000\/","og_site_name":"EuroGate International","article_publisher":"https:\/\/www.facebook.com\/EuroGateInternational\/","article_modified_time":"2024-04-17T13:21:53+00:00","og_image":[{"width":1500,"height":2000,"url":"https:\/\/www.eurogate-international.com\/wp-content\/uploads\/2023\/05\/B62-80-100-6040-6000.png","type":"image\/png"}],"twitter_card":"summary_large_image","twitter_misc":{"Gesch\u00e4tzte Lesezeit":"1 Minute"},"schema":{"@context":"https:\/\/schema.org","@graph":[{"@type":"WebPage","@id":"https:\/\/www.eurogate-international.com\/de\/product\/multi-pro-xa-xl-schlagstueck-fuer-stahlpfaehle-60-x-40-und-60-rund-b62-80-100-6040-6000\/","url":"https:\/\/www.eurogate-international.com\/de\/product\/multi-pro-xa-xl-schlagstueck-fuer-stahlpfaehle-60-x-40-und-60-rund-b62-80-100-6040-6000\/","name":"Multi Pro XA XL Schlagst\u00fcck f\u00fcr Stahlpf\u00e4hle 60 x 40 und 60 Rund | B62\/80-100-6040\/6000 | EuroGate International","isPartOf":{"@id":"https:\/\/www.eurogate-international.com\/de\/#website"},"primaryImageOfPage":{"@id":"https:\/\/www.eurogate-international.com\/de\/product\/multi-pro-xa-xl-schlagstueck-fuer-stahlpfaehle-60-x-40-und-60-rund-b62-80-100-6040-6000\/#primaryimage"},"image":{"@id":"https:\/\/www.eurogate-international.com\/de\/product\/multi-pro-xa-xl-schlagstueck-fuer-stahlpfaehle-60-x-40-und-60-rund-b62-80-100-6040-6000\/#primaryimage"},"thumbnailUrl":"https:\/\/www.eurogate-international.com\/wp-content\/uploads\/2023\/05\/B62-80-100-6040-6000.png","datePublished":"2023-05-15T12:20:14+00:00","dateModified":"2024-04-17T13:21:53+00:00","breadcrumb":{"@id":"https:\/\/www.eurogate-international.com\/de\/product\/multi-pro-xa-xl-schlagstueck-fuer-stahlpfaehle-60-x-40-und-60-rund-b62-80-100-6040-6000\/#breadcrumb"},"inLanguage":"de-DE","potentialAction":[{"@type":"ReadAction","target":["https:\/\/www.eurogate-international.com\/de\/product\/multi-pro-xa-xl-schlagstueck-fuer-stahlpfaehle-60-x-40-und-60-rund-b62-80-100-6040-6000\/"]}]},{"@type":"ImageObject","inLanguage":"de-DE","@id":"https:\/\/www.eurogate-international.com\/de\/product\/multi-pro-xa-xl-schlagstueck-fuer-stahlpfaehle-60-x-40-und-60-rund-b62-80-100-6040-6000\/#primaryimage","url":"https:\/\/www.eurogate-international.com\/wp-content\/uploads\/2023\/05\/B62-80-100-6040-6000.png","contentUrl":"https:\/\/www.eurogate-international.com\/wp-content\/uploads\/2023\/05\/B62-80-100-6040-6000.png","width":1500,"height":2000},{"@type":"BreadcrumbList","@id":"https:\/\/www.eurogate-international.com\/de\/product\/multi-pro-xa-xl-schlagstueck-fuer-stahlpfaehle-60-x-40-und-60-rund-b62-80-100-6040-6000\/#breadcrumb","itemListElement":[{"@type":"ListItem","position":1,"name":"Home","item":"https:\/\/www.eurogate-international.com\/de\/"},{"@type":"ListItem","position":2,"name":"Shop","item":"https:\/\/www.eurogate-international.com\/de\/shop-2\/"},{"@type":"ListItem","position":3,"name":"Multi Pro XA XL Schlagst\u00fcck f\u00fcr Stahlpf\u00e4hle 60 x 40 und 60 Rund | B62\/80-100-6040\/6000"}]},{"@type":"WebSite","@id":"https:\/\/www.eurogate-international.com\/de\/#website","url":"https:\/\/www.eurogate-international.com\/de\/","name":"EuroGate International","description":"D\u00e9 onafhankelijke Europese verkooporganisatie van machines","publisher":{"@id":"https:\/\/www.eurogate-international.com\/de\/#organization"},"potentialAction":[{"@type":"SearchAction","target":{"@type":"EntryPoint","urlTemplate":"https:\/\/www.eurogate-international.com\/de\/?s={search_term_string}"},"query-input":{"@type":"PropertyValueSpecification","valueRequired":true,"valueName":"search_term_string"}}],"inLanguage":"de-DE"},{"@type":"Organization","@id":"https:\/\/www.eurogate-international.com\/de\/#organization","name":"EuroGate International","url":"https:\/\/www.eurogate-international.com\/de\/","logo":{"@type":"ImageObject","inLanguage":"de-DE","@id":"https:\/\/www.eurogate-international.com\/de\/#\/schema\/logo\/image\/","url":"https:\/\/www.eurogate-international.com\/wp-content\/uploads\/2020\/06\/Logo_EuroGateInternational2.png","contentUrl":"https:\/\/www.eurogate-international.com\/wp-content\/uploads\/2020\/06\/Logo_EuroGateInternational2.png","width":150,"height":148,"caption":"EuroGate International"},"image":{"@id":"https:\/\/www.eurogate-international.com\/de\/#\/schema\/logo\/image\/"},"sameAs":["https:\/\/www.facebook.com\/EuroGateInternational\/","https:\/\/nl.linkedin.com\/company\/eurogate-international"]}]}},"jetpack_sharing_enabled":true,"_links":{"self":[{"href":"https:\/\/www.eurogate-international.com\/de\/wp-json\/wp\/v2\/product\/21735","targetHints":{"allow":["GET"]}}],"collection":[{"href":"https:\/\/www.eurogate-international.com\/de\/wp-json\/wp\/v2\/product"}],"about":[{"href":"https:\/\/www.eurogate-international.com\/de\/wp-json\/wp\/v2\/types\/product"}],"replies":[{"embeddable":true,"href":"https:\/\/www.eurogate-international.com\/de\/wp-json\/wp\/v2\/comments?post=21735"}],"version-history":[{"count":0,"href":"https:\/\/www.eurogate-international.com\/de\/wp-json\/wp\/v2\/product\/21735\/revisions"}],"wp:featuredmedia":[{"embeddable":true,"href":"https:\/\/www.eurogate-international.com\/de\/wp-json\/wp\/v2\/media\/18162"}],"wp:attachment":[{"href":"https:\/\/www.eurogate-international.com\/de\/wp-json\/wp\/v2\/media?parent=21735"}],"wp:term":[{"taxonomy":"product_cat","embeddable":true,"href":"https:\/\/www.eurogate-international.com\/de\/wp-json\/wp\/v2\/product_cat?post=21735"},{"taxonomy":"product_tag","embeddable":true,"href":"https:\/\/www.eurogate-international.com\/de\/wp-json\/wp\/v2\/product_tag?post=21735"}],"curies":[{"name":"wp","href":"https:\/\/api.w.org\/{rel}","templated":true}]}}