{"id":21754,"date":"2019-06-19T10:52:06","date_gmt":"2019-06-19T09:52:06","guid":{"rendered":"https:\/\/www.eurogate-international.com\/product\/mp-3-manueller-pfahlzieher\/"},"modified":"2024-04-18T09:13:11","modified_gmt":"2024-04-18T08:13:11","slug":"mp-3-manueller-pfahlzieher","status":"publish","type":"product","link":"https:\/\/www.eurogate-international.com\/de\/product\/mp-3-manueller-pfahlzieher\/","title":{"rendered":"MP-3 Manueller Pfahlzieher"},"excerpt":{"rendered":"<h2>MP-3 Manueller Pfahlzieher<\/h2>\n<p>Das Herausziehen von Pf\u00e4hlen ist eine schwere Aufgabe. Aber mit dem RhinoTM MP-3 k\u00f6nnen selbst die festsitzendsten Pf\u00e4hle herausgezogen werden. Dieser Pfahlzieher hat ein hervorragendes Leistungsgewicht und ist f\u00fcr eine Vielzahl von Pf\u00e4hlen geeignet. Er ist einfach zu bedienen und aus hochwertigem Qualit\u00e4tsstahl gefertigt. Der Pfahlzieher ist fast nicht klein zu kriegen und wird jahrelang halten.<\/p>\n<p><strong>Abmessungen: 241 x 304 x 1041 mm<br \/>\n<\/strong><strong>Gewicht: 19 kg<\/strong><\/p>\n","protected":false},"featured_media":8765,"comment_status":"closed","ping_status":"closed","template":"","meta":{"_acf_changed":false},"product_cat":[3321],"product_tag":[],"class_list":{"0":"post-21754","1":"product","2":"type-product","3":"status-publish","4":"has-post-thumbnail","6":"product_brand-rhino-tool-de","7":"product_cat-pfahlzieher","9":"first","10":"instock","11":"taxable","12":"shipping-taxable","13":"purchasable","14":"product-type-simple"},"acf":[],"yoast_head":"<!-- This site is optimized with the Yoast SEO plugin v27.5 - https:\/\/yoast.com\/product\/yoast-seo-wordpress\/ -->\n<title>MP-3 Manueller Pfahlzieher | EuroGate International<\/title>\n<meta name=\"robots\" content=\"index, follow, max-snippet:-1, max-image-preview:large, max-video-preview:-1\" \/>\n<link rel=\"canonical\" href=\"https:\/\/www.eurogate-international.com\/de\/product\/mp-3-manueller-pfahlzieher\/\" \/>\n<meta property=\"og:locale\" content=\"de_DE\" \/>\n<meta property=\"og:type\" content=\"article\" \/>\n<meta property=\"og:title\" content=\"MP-3 Manueller Pfahlzieher | EuroGate International\" \/>\n<meta property=\"og:description\" content=\"MP-3 Manueller Pfahlzieher Das Herausziehen von Pf\u00e4hlen ist eine schwere Aufgabe. Aber mit dem RhinoTM MP-3 k\u00f6nnen selbst die festsitzendsten Pf\u00e4hle herausgezogen werden. Dieser Pfahlzieher hat ein hervorragendes Leistungsgewicht und ist f\u00fcr eine Vielzahl von Pf\u00e4hlen geeignet. Er ist einfach zu bedienen und aus hochwertigem Qualit\u00e4tsstahl gefertigt. Der Pfahlzieher ist fast nicht klein zu kriegen und wird jahrelang halten.  Abmessungen: 241 x 304 x 1041 mm Gewicht: 19 kg\" \/>\n<meta property=\"og:url\" content=\"https:\/\/www.eurogate-international.com\/de\/product\/mp-3-manueller-pfahlzieher\/\" \/>\n<meta property=\"og:site_name\" content=\"EuroGate International\" \/>\n<meta property=\"article:publisher\" content=\"https:\/\/www.facebook.com\/EuroGateInternational\/\" \/>\n<meta property=\"article:modified_time\" content=\"2024-04-18T08:13:11+00:00\" \/>\n<meta property=\"og:image\" content=\"https:\/\/www.eurogate-international.com\/wp-content\/uploads\/2019\/06\/Rhino_MP-3_chain.png\" \/>\n\t<meta property=\"og:image:width\" content=\"3502\" \/>\n\t<meta property=\"og:image:height\" content=\"4276\" \/>\n\t<meta property=\"og:image:type\" content=\"image\/png\" \/>\n<meta name=\"twitter:card\" content=\"summary_large_image\" \/>\n<meta name=\"twitter:label1\" content=\"Gesch\u00e4tzte Lesezeit\" \/>\n\t<meta name=\"twitter:data1\" content=\"1 Minute\" \/>\n<!-- \/ Yoast SEO plugin. -->","yoast_head_json":{"title":"MP-3 Manueller Pfahlzieher | EuroGate International","robots":{"index":"index","follow":"follow","max-snippet":"max-snippet:-1","max-image-preview":"max-image-preview:large","max-video-preview":"max-video-preview:-1"},"canonical":"https:\/\/www.eurogate-international.com\/de\/product\/mp-3-manueller-pfahlzieher\/","og_locale":"de_DE","og_type":"article","og_title":"MP-3 Manueller Pfahlzieher | EuroGate International","og_description":"MP-3 Manueller Pfahlzieher Das Herausziehen von Pf\u00e4hlen ist eine schwere Aufgabe. Aber mit dem RhinoTM MP-3 k\u00f6nnen selbst die festsitzendsten Pf\u00e4hle herausgezogen werden. Dieser Pfahlzieher hat ein hervorragendes Leistungsgewicht und ist f\u00fcr eine Vielzahl von Pf\u00e4hlen geeignet. Er ist einfach zu bedienen und aus hochwertigem Qualit\u00e4tsstahl gefertigt. Der Pfahlzieher ist fast nicht klein zu kriegen und wird jahrelang halten.  Abmessungen: 241 x 304 x 1041 mm Gewicht: 19 kg","og_url":"https:\/\/www.eurogate-international.com\/de\/product\/mp-3-manueller-pfahlzieher\/","og_site_name":"EuroGate International","article_publisher":"https:\/\/www.facebook.com\/EuroGateInternational\/","article_modified_time":"2024-04-18T08:13:11+00:00","og_image":[{"width":3502,"height":4276,"url":"https:\/\/www.eurogate-international.com\/wp-content\/uploads\/2019\/06\/Rhino_MP-3_chain.png","type":"image\/png"}],"twitter_card":"summary_large_image","twitter_misc":{"Gesch\u00e4tzte Lesezeit":"1 Minute"},"schema":{"@context":"https:\/\/schema.org","@graph":[{"@type":"WebPage","@id":"https:\/\/www.eurogate-international.com\/de\/product\/mp-3-manueller-pfahlzieher\/","url":"https:\/\/www.eurogate-international.com\/de\/product\/mp-3-manueller-pfahlzieher\/","name":"MP-3 Manueller Pfahlzieher | EuroGate International","isPartOf":{"@id":"https:\/\/www.eurogate-international.com\/de\/#website"},"primaryImageOfPage":{"@id":"https:\/\/www.eurogate-international.com\/de\/product\/mp-3-manueller-pfahlzieher\/#primaryimage"},"image":{"@id":"https:\/\/www.eurogate-international.com\/de\/product\/mp-3-manueller-pfahlzieher\/#primaryimage"},"thumbnailUrl":"https:\/\/www.eurogate-international.com\/wp-content\/uploads\/2019\/06\/Rhino_MP-3_chain.png","datePublished":"2019-06-19T09:52:06+00:00","dateModified":"2024-04-18T08:13:11+00:00","breadcrumb":{"@id":"https:\/\/www.eurogate-international.com\/de\/product\/mp-3-manueller-pfahlzieher\/#breadcrumb"},"inLanguage":"de-DE","potentialAction":[{"@type":"ReadAction","target":["https:\/\/www.eurogate-international.com\/de\/product\/mp-3-manueller-pfahlzieher\/"]}]},{"@type":"ImageObject","inLanguage":"de-DE","@id":"https:\/\/www.eurogate-international.com\/de\/product\/mp-3-manueller-pfahlzieher\/#primaryimage","url":"https:\/\/www.eurogate-international.com\/wp-content\/uploads\/2019\/06\/Rhino_MP-3_chain.png","contentUrl":"https:\/\/www.eurogate-international.com\/wp-content\/uploads\/2019\/06\/Rhino_MP-3_chain.png","width":3502,"height":4276},{"@type":"BreadcrumbList","@id":"https:\/\/www.eurogate-international.com\/de\/product\/mp-3-manueller-pfahlzieher\/#breadcrumb","itemListElement":[{"@type":"ListItem","position":1,"name":"Home","item":"https:\/\/www.eurogate-international.com\/de\/"},{"@type":"ListItem","position":2,"name":"Shop","item":"https:\/\/www.eurogate-international.com\/de\/shop-2\/"},{"@type":"ListItem","position":3,"name":"MP-3 Manueller Pfahlzieher"}]},{"@type":"WebSite","@id":"https:\/\/www.eurogate-international.com\/de\/#website","url":"https:\/\/www.eurogate-international.com\/de\/","name":"EuroGate International","description":"D\u00e9 onafhankelijke Europese verkooporganisatie van machines","publisher":{"@id":"https:\/\/www.eurogate-international.com\/de\/#organization"},"potentialAction":[{"@type":"SearchAction","target":{"@type":"EntryPoint","urlTemplate":"https:\/\/www.eurogate-international.com\/de\/?s={search_term_string}"},"query-input":{"@type":"PropertyValueSpecification","valueRequired":true,"valueName":"search_term_string"}}],"inLanguage":"de-DE"},{"@type":"Organization","@id":"https:\/\/www.eurogate-international.com\/de\/#organization","name":"EuroGate International","url":"https:\/\/www.eurogate-international.com\/de\/","logo":{"@type":"ImageObject","inLanguage":"de-DE","@id":"https:\/\/www.eurogate-international.com\/de\/#\/schema\/logo\/image\/","url":"https:\/\/www.eurogate-international.com\/wp-content\/uploads\/2020\/06\/Logo_EuroGateInternational2.png","contentUrl":"https:\/\/www.eurogate-international.com\/wp-content\/uploads\/2020\/06\/Logo_EuroGateInternational2.png","width":150,"height":148,"caption":"EuroGate International"},"image":{"@id":"https:\/\/www.eurogate-international.com\/de\/#\/schema\/logo\/image\/"},"sameAs":["https:\/\/www.facebook.com\/EuroGateInternational\/","https:\/\/nl.linkedin.com\/company\/eurogate-international"]}]}},"jetpack_sharing_enabled":true,"_links":{"self":[{"href":"https:\/\/www.eurogate-international.com\/de\/wp-json\/wp\/v2\/product\/21754","targetHints":{"allow":["GET"]}}],"collection":[{"href":"https:\/\/www.eurogate-international.com\/de\/wp-json\/wp\/v2\/product"}],"about":[{"href":"https:\/\/www.eurogate-international.com\/de\/wp-json\/wp\/v2\/types\/product"}],"replies":[{"embeddable":true,"href":"https:\/\/www.eurogate-international.com\/de\/wp-json\/wp\/v2\/comments?post=21754"}],"version-history":[{"count":0,"href":"https:\/\/www.eurogate-international.com\/de\/wp-json\/wp\/v2\/product\/21754\/revisions"}],"wp:featuredmedia":[{"embeddable":true,"href":"https:\/\/www.eurogate-international.com\/de\/wp-json\/wp\/v2\/media\/8765"}],"wp:attachment":[{"href":"https:\/\/www.eurogate-international.com\/de\/wp-json\/wp\/v2\/media?parent=21754"}],"wp:term":[{"taxonomy":"product_cat","embeddable":true,"href":"https:\/\/www.eurogate-international.com\/de\/wp-json\/wp\/v2\/product_cat?post=21754"},{"taxonomy":"product_tag","embeddable":true,"href":"https:\/\/www.eurogate-international.com\/de\/wp-json\/wp\/v2\/product_tag?post=21754"}],"curies":[{"name":"wp","href":"https:\/\/api.w.org\/{rel}","templated":true}]}}