{"id":21778,"date":"2018-09-26T12:49:39","date_gmt":"2018-09-26T11:49:39","guid":{"rendered":"https:\/\/www.eurogate-international.com\/product\/water-bowser-mobiler-wasserwagen-1140-liter\/"},"modified":"2024-04-18T12:15:38","modified_gmt":"2024-04-18T11:15:38","slug":"water-bowser-mobiler-wasserwagen-1140-liter","status":"publish","type":"product","link":"https:\/\/www.eurogate-international.com\/de\/product\/water-bowser-mobiler-wasserwagen-1140-liter\/","title":{"rendered":"Water Bowser mobiler Wasserwagen 1140 Liter"},"excerpt":{"rendered":"<h2>Water Bowser mobiler Wasserwagen 1140 Liter<\/h2>\n<p>Dieser Water Bowser-Wasserspeichertank ist die perfekte L\u00f6sung f\u00fcr die Lagerung, den Transport und die Lieferung von Wasser und kann f\u00fcr eine Vielzahl von Anwendungen eingesetzt werden. Der 1140 Liter-Tank ist aus robustem Polyethylen gefertigt und auf einem sehr stabilen, verzinkten Fahrgestell montiert. Die Doppelachsen und die ovale Form des Tanks sorgen f\u00fcr sehr gute Stra\u00dfenlage. Ferner l\u00e4sst sich dieser mobile Wasserspeichertank zu einer speziellen Pflanzenbew\u00e4sserungseinheit erweitern, mit der Sie problemlos B\u00e4ume und Pflanzen zum Beispiel im Stadtzentrum bew\u00e4ssern k\u00f6nnen. Es ist auch m\u00f6glich, diese Einheit in eine Viehtr\u00e4nke umzubauen. Ein \u00e4u\u00dferst vielseitiger und umfassender mobiler Wasserspeichertank, der sich f\u00fcr eine breite Palette von Aktivit\u00e4ten eignet!<\/p>\n","protected":false},"featured_media":665,"comment_status":"closed","ping_status":"closed","template":"","meta":{"_acf_changed":false},"product_cat":[3323],"product_tag":[],"class_list":{"0":"post-21778","1":"product","2":"type-product","3":"status-publish","4":"has-post-thumbnail","6":"product_brand-fuel-proof-de","7":"product_cat-mobile-wassereinheiten","9":"first","10":"instock","11":"taxable","12":"shipping-taxable","13":"purchasable","14":"product-type-simple"},"acf":[],"yoast_head":"<!-- This site is optimized with the Yoast SEO plugin v27.2 - https:\/\/yoast.com\/product\/yoast-seo-wordpress\/ -->\n<title>Water Bowser mobiler Wasserwagen 1140 Liter | EuroGate International<\/title>\n<meta name=\"robots\" content=\"index, follow, max-snippet:-1, max-image-preview:large, max-video-preview:-1\" \/>\n<link rel=\"canonical\" href=\"https:\/\/www.eurogate-international.com\/de\/product\/water-bowser-mobiler-wasserwagen-1140-liter\/\" \/>\n<meta property=\"og:locale\" content=\"de_DE\" \/>\n<meta property=\"og:type\" content=\"article\" \/>\n<meta property=\"og:title\" content=\"Water Bowser mobiler Wasserwagen 1140 Liter | EuroGate International\" \/>\n<meta property=\"og:description\" content=\"Water Bowser mobiler Wasserwagen 1140 Liter Dieser Water Bowser-Wasserspeichertank ist die perfekte L\u00f6sung f\u00fcr die Lagerung, den Transport und die Lieferung von Wasser und kann f\u00fcr eine Vielzahl von Anwendungen eingesetzt werden. Der 1140 Liter-Tank ist aus robustem Polyethylen gefertigt und auf einem sehr stabilen, verzinkten Fahrgestell montiert. Die Doppelachsen und die ovale Form des Tanks sorgen f\u00fcr sehr gute Stra\u00dfenlage. Ferner l\u00e4sst sich dieser mobile Wasserspeichertank zu einer speziellen Pflanzenbew\u00e4sserungseinheit erweitern, mit der Sie problemlos B\u00e4ume und Pflanzen zum Beispiel im Stadtzentrum bew\u00e4ssern k\u00f6nnen. Es ist auch m\u00f6glich, diese Einheit in eine Viehtr\u00e4nke umzubauen. Ein \u00e4u\u00dferst vielseitiger und umfassender mobiler Wasserspeichertank, der sich f\u00fcr eine breite Palette von Aktivit\u00e4ten eignet!\" \/>\n<meta property=\"og:url\" content=\"https:\/\/www.eurogate-international.com\/de\/product\/water-bowser-mobiler-wasserwagen-1140-liter\/\" \/>\n<meta property=\"og:site_name\" content=\"EuroGate International\" \/>\n<meta property=\"article:publisher\" content=\"https:\/\/www.facebook.com\/EuroGateInternational\/\" \/>\n<meta property=\"article:modified_time\" content=\"2024-04-18T11:15:38+00:00\" \/>\n<meta property=\"og:image\" content=\"https:\/\/www.eurogate-international.com\/wp-content\/uploads\/2018\/09\/waterbowser_wateropslagtank.png\" \/>\n\t<meta property=\"og:image:width\" content=\"2400\" \/>\n\t<meta property=\"og:image:height\" content=\"1350\" \/>\n\t<meta property=\"og:image:type\" content=\"image\/png\" \/>\n<meta name=\"twitter:card\" content=\"summary_large_image\" \/>\n<meta name=\"twitter:label1\" content=\"Gesch\u00e4tzte Lesezeit\" \/>\n\t<meta name=\"twitter:data1\" content=\"2 Minuten\" \/>\n<!-- \/ Yoast SEO plugin. -->","yoast_head_json":{"title":"Water Bowser mobiler Wasserwagen 1140 Liter | EuroGate International","robots":{"index":"index","follow":"follow","max-snippet":"max-snippet:-1","max-image-preview":"max-image-preview:large","max-video-preview":"max-video-preview:-1"},"canonical":"https:\/\/www.eurogate-international.com\/de\/product\/water-bowser-mobiler-wasserwagen-1140-liter\/","og_locale":"de_DE","og_type":"article","og_title":"Water Bowser mobiler Wasserwagen 1140 Liter | EuroGate International","og_description":"Water Bowser mobiler Wasserwagen 1140 Liter Dieser Water Bowser-Wasserspeichertank ist die perfekte L\u00f6sung f\u00fcr die Lagerung, den Transport und die Lieferung von Wasser und kann f\u00fcr eine Vielzahl von Anwendungen eingesetzt werden. Der 1140 Liter-Tank ist aus robustem Polyethylen gefertigt und auf einem sehr stabilen, verzinkten Fahrgestell montiert. Die Doppelachsen und die ovale Form des Tanks sorgen f\u00fcr sehr gute Stra\u00dfenlage. Ferner l\u00e4sst sich dieser mobile Wasserspeichertank zu einer speziellen Pflanzenbew\u00e4sserungseinheit erweitern, mit der Sie problemlos B\u00e4ume und Pflanzen zum Beispiel im Stadtzentrum bew\u00e4ssern k\u00f6nnen. Es ist auch m\u00f6glich, diese Einheit in eine Viehtr\u00e4nke umzubauen. Ein \u00e4u\u00dferst vielseitiger und umfassender mobiler Wasserspeichertank, der sich f\u00fcr eine breite Palette von Aktivit\u00e4ten eignet!","og_url":"https:\/\/www.eurogate-international.com\/de\/product\/water-bowser-mobiler-wasserwagen-1140-liter\/","og_site_name":"EuroGate International","article_publisher":"https:\/\/www.facebook.com\/EuroGateInternational\/","article_modified_time":"2024-04-18T11:15:38+00:00","og_image":[{"width":2400,"height":1350,"url":"https:\/\/www.eurogate-international.com\/wp-content\/uploads\/2018\/09\/waterbowser_wateropslagtank.png","type":"image\/png"}],"twitter_card":"summary_large_image","twitter_misc":{"Gesch\u00e4tzte Lesezeit":"2 Minuten"},"schema":{"@context":"https:\/\/schema.org","@graph":[{"@type":"WebPage","@id":"https:\/\/www.eurogate-international.com\/de\/product\/water-bowser-mobiler-wasserwagen-1140-liter\/","url":"https:\/\/www.eurogate-international.com\/de\/product\/water-bowser-mobiler-wasserwagen-1140-liter\/","name":"Water Bowser mobiler Wasserwagen 1140 Liter | EuroGate International","isPartOf":{"@id":"https:\/\/www.eurogate-international.com\/de\/#website"},"primaryImageOfPage":{"@id":"https:\/\/www.eurogate-international.com\/de\/product\/water-bowser-mobiler-wasserwagen-1140-liter\/#primaryimage"},"image":{"@id":"https:\/\/www.eurogate-international.com\/de\/product\/water-bowser-mobiler-wasserwagen-1140-liter\/#primaryimage"},"thumbnailUrl":"https:\/\/www.eurogate-international.com\/wp-content\/uploads\/2018\/09\/waterbowser_wateropslagtank.png","datePublished":"2018-09-26T11:49:39+00:00","dateModified":"2024-04-18T11:15:38+00:00","breadcrumb":{"@id":"https:\/\/www.eurogate-international.com\/de\/product\/water-bowser-mobiler-wasserwagen-1140-liter\/#breadcrumb"},"inLanguage":"de-DE","potentialAction":[{"@type":"ReadAction","target":["https:\/\/www.eurogate-international.com\/de\/product\/water-bowser-mobiler-wasserwagen-1140-liter\/"]}]},{"@type":"ImageObject","inLanguage":"de-DE","@id":"https:\/\/www.eurogate-international.com\/de\/product\/water-bowser-mobiler-wasserwagen-1140-liter\/#primaryimage","url":"https:\/\/www.eurogate-international.com\/wp-content\/uploads\/2018\/09\/waterbowser_wateropslagtank.png","contentUrl":"https:\/\/www.eurogate-international.com\/wp-content\/uploads\/2018\/09\/waterbowser_wateropslagtank.png","width":2400,"height":1350},{"@type":"BreadcrumbList","@id":"https:\/\/www.eurogate-international.com\/de\/product\/water-bowser-mobiler-wasserwagen-1140-liter\/#breadcrumb","itemListElement":[{"@type":"ListItem","position":1,"name":"Home","item":"https:\/\/www.eurogate-international.com\/de\/"},{"@type":"ListItem","position":2,"name":"Shop","item":"https:\/\/www.eurogate-international.com\/de\/shop-2\/"},{"@type":"ListItem","position":3,"name":"Water Bowser mobiler Wasserwagen 1140 Liter"}]},{"@type":"WebSite","@id":"https:\/\/www.eurogate-international.com\/de\/#website","url":"https:\/\/www.eurogate-international.com\/de\/","name":"EuroGate International","description":"D\u00e9 onafhankelijke Europese verkooporganisatie van machines","publisher":{"@id":"https:\/\/www.eurogate-international.com\/de\/#organization"},"potentialAction":[{"@type":"SearchAction","target":{"@type":"EntryPoint","urlTemplate":"https:\/\/www.eurogate-international.com\/de\/?s={search_term_string}"},"query-input":{"@type":"PropertyValueSpecification","valueRequired":true,"valueName":"search_term_string"}}],"inLanguage":"de-DE"},{"@type":"Organization","@id":"https:\/\/www.eurogate-international.com\/de\/#organization","name":"EuroGate International","url":"https:\/\/www.eurogate-international.com\/de\/","logo":{"@type":"ImageObject","inLanguage":"de-DE","@id":"https:\/\/www.eurogate-international.com\/de\/#\/schema\/logo\/image\/","url":"https:\/\/www.eurogate-international.com\/wp-content\/uploads\/2020\/06\/Logo_EuroGateInternational2.png","contentUrl":"https:\/\/www.eurogate-international.com\/wp-content\/uploads\/2020\/06\/Logo_EuroGateInternational2.png","width":150,"height":148,"caption":"EuroGate International"},"image":{"@id":"https:\/\/www.eurogate-international.com\/de\/#\/schema\/logo\/image\/"},"sameAs":["https:\/\/www.facebook.com\/EuroGateInternational\/","https:\/\/nl.linkedin.com\/company\/eurogate-international"]}]}},"jetpack_sharing_enabled":true,"_links":{"self":[{"href":"https:\/\/www.eurogate-international.com\/de\/wp-json\/wp\/v2\/product\/21778","targetHints":{"allow":["GET"]}}],"collection":[{"href":"https:\/\/www.eurogate-international.com\/de\/wp-json\/wp\/v2\/product"}],"about":[{"href":"https:\/\/www.eurogate-international.com\/de\/wp-json\/wp\/v2\/types\/product"}],"replies":[{"embeddable":true,"href":"https:\/\/www.eurogate-international.com\/de\/wp-json\/wp\/v2\/comments?post=21778"}],"version-history":[{"count":0,"href":"https:\/\/www.eurogate-international.com\/de\/wp-json\/wp\/v2\/product\/21778\/revisions"}],"wp:featuredmedia":[{"embeddable":true,"href":"https:\/\/www.eurogate-international.com\/de\/wp-json\/wp\/v2\/media\/665"}],"wp:attachment":[{"href":"https:\/\/www.eurogate-international.com\/de\/wp-json\/wp\/v2\/media?parent=21778"}],"wp:term":[{"taxonomy":"product_cat","embeddable":true,"href":"https:\/\/www.eurogate-international.com\/de\/wp-json\/wp\/v2\/product_cat?post=21778"},{"taxonomy":"product_tag","embeddable":true,"href":"https:\/\/www.eurogate-international.com\/de\/wp-json\/wp\/v2\/product_tag?post=21778"}],"curies":[{"name":"wp","href":"https:\/\/api.w.org\/{rel}","templated":true}]}}