{"id":21792,"date":"2018-09-27T12:55:44","date_gmt":"2018-09-27T11:55:44","guid":{"rendered":"https:\/\/www.eurogate-international.com\/product\/fuelcube-900-liter\/"},"modified":"2025-09-18T09:38:52","modified_gmt":"2025-09-18T08:38:52","slug":"fuelcube-900-liter","status":"publish","type":"product","link":"https:\/\/www.eurogate-international.com\/de\/product\/fuelcube-900-liter\/","title":{"rendered":"FuelCube 900 liter"},"excerpt":{"rendered":"<h2>Einen mobilen 900 Liter-Dieseltank kaufen?<\/h2>\n<p>Der FuelCube Diesellagertank ist eine ausgezeichnete Wahl. Der doppelwandige 250 Liter-Lagertank ist aus 3 und 4 mm dickem Stahl gefertigt. Starke und robuste Qualit\u00e4t vom britischen Hersteller FuelProof.<\/p>\n<ul>\n<li>Kompakt und stapelbar<\/li>\n<li>Erweiterte Garantie<\/li>\n<li>F\u00fcr Diesel \/ Gas\u00f6l<\/li>\n<\/ul>\n<p>Ben\u00f6tigen Sie eine andere Kraftstofftankgr\u00f6\u00dfe? Hier finden Sie das komplette Sortiment von EuroGate International. Fragen zu unseren Produkten? Rufen Sie unsere Verkaufsabteilung an, um passende Beratung zu erhalten: +31 0523-638286.<\/p>\n<h3>Sicherheit steht bei Eurogate an erster Stelle<\/h3>\n<p>Der FuelCube-Dieseltank hat eine Lagerkapazit\u00e4t von 110% und ist f\u00fcr kleine bis mittelgro\u00dfe Anwendungen geeignet. Der mobile Kraftstofftank FuelCube ist 100% sicher, besteht vollst\u00e4ndig aus robustem Stahl und entspricht den neuesten Sicherheitsvorschriften. Das Ventil ist sicher verschlie\u00dfbar und wird mittels einer Gasfeder ge\u00f6ffnet.<\/p>\n<h3>Kompakte Modelle mit 10 Jahren Garantie<\/h3>\n<p>Die praktischen Dieseltanks sind stapelbar. Mithilfe von Hub\u00f6sen und Gabelb\u00fcgeln k\u00f6nnen sie leicht angehoben werden. Selbst wenn sie vollst\u00e4ndig mit Kraftstoff gef\u00fcllt sind. Der FuelCube ist serienm\u00e4\u00dfig mit einem Paar Generatoranschl\u00fcssen ausgestattet und kann um eine breite Palette von Pumpen erweitert werden. Mit einem Schloss verschlie\u00dfen Sie den Pumpenraum. Der FuelCube Dieseltank 250 Liter wird mit einer UN\/ADR-Pr\u00fcfbescheinigung geliefert und hat 10 Jahre Garantie.<\/p>\n<h3>Mehrere Varianten von Diesellagertanks<\/h3>\n<p>FuelProof bietet mehrere \u00e4hnliche Dieseltanks in verschiedenen RAL-Farben und mit unterschiedlichem Fassungsverm\u00f6gen an. Die Unterschiede zwischen unseren beliebtesten Modellen auf einen Blick:<\/p>\n<table>\n<thead>\n<tr>\n<td>Modell\/Inhalt:<\/td>\n<td>Abmessungen:<\/td>\n<td>Gewicht leer\/gef\u00fcllt:<\/td>\n<\/tr>\n<\/thead>\n<tbody>\n<tr>\n<td>FuelCube 250 liter<\/td>\n<td>784 x 1024 x 922 mm<\/td>\n<td>255\/473 kg<\/td>\n<\/tr>\n<tr>\n<td>FuelCube 500 liter<\/td>\n<td>784 x 1024 x 1282 mm<\/td>\n<td>320\/755 kg<\/td>\n<\/tr>\n<tr>\n<td>FuelCube 900 liter<\/td>\n<td>1016 x 1220 x 1362 mm<\/td>\n<td>440\/1223 kg<\/td>\n<\/tr>\n<\/tbody>\n<\/table>\n<p>Bestellen Sie Ihren Kraftstofftank gleich bei EuroGate International. Wir haben reichlich Vorrat und garantieren schnelle Lieferung. Fragen? Wenden Sie sich bitte an unsere Verkaufsabteilung.<\/p>\n<p>&nbsp;<\/p>\n","protected":false},"featured_media":3101,"comment_status":"closed","ping_status":"closed","template":"","meta":{"_acf_changed":false},"product_cat":[3369,3324],"product_tag":[],"class_list":{"0":"post-21792","1":"product","2":"type-product","3":"status-publish","4":"has-post-thumbnail","6":"product_brand-fuel-proof-de","7":"product_cat-diesel-ibcs-de","8":"product_cat-diesel-lagerung","10":"first","11":"instock","12":"featured","13":"taxable","14":"shipping-taxable","15":"purchasable","16":"product-type-variable","17":"has-default-attributes"},"acf":[],"yoast_head":"<!-- This site is optimized with the Yoast SEO plugin v27.5 - https:\/\/yoast.com\/product\/yoast-seo-wordpress\/ -->\n<title>FuelCube 900 liter | EuroGate International<\/title>\n<meta name=\"robots\" content=\"index, follow, max-snippet:-1, max-image-preview:large, max-video-preview:-1\" \/>\n<link rel=\"canonical\" href=\"https:\/\/www.eurogate-international.com\/de\/product\/fuelcube-900-liter\/\" \/>\n<meta property=\"og:locale\" content=\"de_DE\" \/>\n<meta property=\"og:type\" content=\"article\" \/>\n<meta property=\"og:title\" content=\"FuelCube 900 liter | EuroGate International\" \/>\n<meta property=\"og:description\" content=\"Einen mobilen 900 Liter-Dieseltank kaufen? Der FuelCube Diesellagertank ist eine ausgezeichnete Wahl. Der doppelwandige 250 Liter-Lagertank ist aus 3 und 4 mm dickem Stahl gefertigt. Starke und robuste Qualit\u00e4t vom britischen Hersteller FuelProof.   Kompakt und stapelbar  Erweiterte Garantie  F\u00fcr Diesel \/ Gas\u00f6l  Ben\u00f6tigen Sie eine andere Kraftstofftankgr\u00f6\u00dfe? Hier finden Sie das komplette Sortiment von EuroGate International. Fragen zu unseren Produkten? Rufen Sie unsere Verkaufsabteilung an, um passende Beratung zu erhalten: +31 0523-638286. Sicherheit steht bei Eurogate an erster Stelle Der FuelCube-Dieseltank hat eine Lagerkapazit\u00e4t von 110% und ist f\u00fcr kleine bis mittelgro\u00dfe Anwendungen geeignet. Der mobile Kraftstofftank FuelCube ist 100% sicher, besteht vollst\u00e4ndig aus robustem Stahl und entspricht den neuesten Sicherheitsvorschriften. Das Ventil ist sicher verschlie\u00dfbar und wird mittels einer Gasfeder ge\u00f6ffnet. Kompakte Modelle mit 10 Jahren Garantie Die praktischen Dieseltanks sind stapelbar. Mithilfe von Hub\u00f6sen und Gabelb\u00fcgeln k\u00f6nnen sie leicht angehoben werden. Selbst wenn sie vollst\u00e4ndig mit Kraftstoff gef\u00fcllt sind. Der FuelCube ist serienm\u00e4\u00dfig mit einem Paar Generatoranschl\u00fcssen ausgestattet und kann um eine breite Palette von Pumpen erweitert werden. Mit einem Schloss verschlie\u00dfen Sie den Pumpenraum. Der FuelCube Dieseltank 250 Liter wird mit einer UN\/ADR-Pr\u00fcfbescheinigung geliefert und hat 10 Jahre Garantie. Mehrere Varianten von Diesellagertanks FuelProof bietet mehrere \u00e4hnliche Dieseltanks in verschiedenen RAL-Farben und mit unterschiedlichem Fassungsverm\u00f6gen an. Die Unterschiede zwischen unseren beliebtesten Modellen auf einen Blick:    Modell\/Inhalt: Abmessungen: Gewicht leer\/gef\u00fcllt:     FuelCube 250 liter 784 x 1024 x 922 mm 255\/473 kg   FuelCube 500 liter 784 x 1024 x 1282 mm 320\/755 kg   FuelCube 900 liter 1016 x 1220 x 1362 mm 440\/1223 kg    Bestellen Sie Ihren Kraftstofftank gleich bei EuroGate International. Wir haben reichlich Vorrat und garantieren schnelle Lieferung. Fragen? Wenden Sie sich bitte an unsere Verkaufsabteilung.  &nbsp;\" \/>\n<meta property=\"og:url\" content=\"https:\/\/www.eurogate-international.com\/de\/product\/fuelcube-900-liter\/\" \/>\n<meta property=\"og:site_name\" content=\"EuroGate International\" \/>\n<meta property=\"article:publisher\" content=\"https:\/\/www.facebook.com\/EuroGateInternational\/\" \/>\n<meta property=\"article:modified_time\" content=\"2025-09-18T08:38:52+00:00\" \/>\n<meta property=\"og:image\" content=\"https:\/\/www.eurogate-international.com\/wp-content\/uploads\/2018\/09\/FuelCube_900_rood-1-1116x1280-1.png\" \/>\n\t<meta property=\"og:image:width\" content=\"1995\" \/>\n\t<meta property=\"og:image:height\" content=\"2289\" \/>\n\t<meta property=\"og:image:type\" content=\"image\/png\" \/>\n<meta name=\"twitter:card\" content=\"summary_large_image\" \/>\n<meta name=\"twitter:label1\" content=\"Gesch\u00e4tzte Lesezeit\" \/>\n\t<meta name=\"twitter:data1\" content=\"3 Minuten\" \/>\n<!-- \/ Yoast SEO plugin. -->","yoast_head_json":{"title":"FuelCube 900 liter | EuroGate International","robots":{"index":"index","follow":"follow","max-snippet":"max-snippet:-1","max-image-preview":"max-image-preview:large","max-video-preview":"max-video-preview:-1"},"canonical":"https:\/\/www.eurogate-international.com\/de\/product\/fuelcube-900-liter\/","og_locale":"de_DE","og_type":"article","og_title":"FuelCube 900 liter | EuroGate International","og_description":"Einen mobilen 900 Liter-Dieseltank kaufen? Der FuelCube Diesellagertank ist eine ausgezeichnete Wahl. Der doppelwandige 250 Liter-Lagertank ist aus 3 und 4 mm dickem Stahl gefertigt. Starke und robuste Qualit\u00e4t vom britischen Hersteller FuelProof.   Kompakt und stapelbar  Erweiterte Garantie  F\u00fcr Diesel \/ Gas\u00f6l  Ben\u00f6tigen Sie eine andere Kraftstofftankgr\u00f6\u00dfe? Hier finden Sie das komplette Sortiment von EuroGate International. Fragen zu unseren Produkten? Rufen Sie unsere Verkaufsabteilung an, um passende Beratung zu erhalten: +31 0523-638286. Sicherheit steht bei Eurogate an erster Stelle Der FuelCube-Dieseltank hat eine Lagerkapazit\u00e4t von 110% und ist f\u00fcr kleine bis mittelgro\u00dfe Anwendungen geeignet. Der mobile Kraftstofftank FuelCube ist 100% sicher, besteht vollst\u00e4ndig aus robustem Stahl und entspricht den neuesten Sicherheitsvorschriften. Das Ventil ist sicher verschlie\u00dfbar und wird mittels einer Gasfeder ge\u00f6ffnet. Kompakte Modelle mit 10 Jahren Garantie Die praktischen Dieseltanks sind stapelbar. Mithilfe von Hub\u00f6sen und Gabelb\u00fcgeln k\u00f6nnen sie leicht angehoben werden. Selbst wenn sie vollst\u00e4ndig mit Kraftstoff gef\u00fcllt sind. Der FuelCube ist serienm\u00e4\u00dfig mit einem Paar Generatoranschl\u00fcssen ausgestattet und kann um eine breite Palette von Pumpen erweitert werden. Mit einem Schloss verschlie\u00dfen Sie den Pumpenraum. Der FuelCube Dieseltank 250 Liter wird mit einer UN\/ADR-Pr\u00fcfbescheinigung geliefert und hat 10 Jahre Garantie. Mehrere Varianten von Diesellagertanks FuelProof bietet mehrere \u00e4hnliche Dieseltanks in verschiedenen RAL-Farben und mit unterschiedlichem Fassungsverm\u00f6gen an. Die Unterschiede zwischen unseren beliebtesten Modellen auf einen Blick:    Modell\/Inhalt: Abmessungen: Gewicht leer\/gef\u00fcllt:     FuelCube 250 liter 784 x 1024 x 922 mm 255\/473 kg   FuelCube 500 liter 784 x 1024 x 1282 mm 320\/755 kg   FuelCube 900 liter 1016 x 1220 x 1362 mm 440\/1223 kg    Bestellen Sie Ihren Kraftstofftank gleich bei EuroGate International. Wir haben reichlich Vorrat und garantieren schnelle Lieferung. Fragen? Wenden Sie sich bitte an unsere Verkaufsabteilung.  &nbsp;","og_url":"https:\/\/www.eurogate-international.com\/de\/product\/fuelcube-900-liter\/","og_site_name":"EuroGate International","article_publisher":"https:\/\/www.facebook.com\/EuroGateInternational\/","article_modified_time":"2025-09-18T08:38:52+00:00","og_image":[{"width":1995,"height":2289,"url":"https:\/\/www.eurogate-international.com\/wp-content\/uploads\/2018\/09\/FuelCube_900_rood-1-1116x1280-1.png","type":"image\/png"}],"twitter_card":"summary_large_image","twitter_misc":{"Gesch\u00e4tzte Lesezeit":"3 Minuten"},"schema":{"@context":"https:\/\/schema.org","@graph":[{"@type":"WebPage","@id":"https:\/\/www.eurogate-international.com\/de\/product\/fuelcube-900-liter\/","url":"https:\/\/www.eurogate-international.com\/de\/product\/fuelcube-900-liter\/","name":"FuelCube 900 liter | EuroGate International","isPartOf":{"@id":"https:\/\/www.eurogate-international.com\/de\/#website"},"primaryImageOfPage":{"@id":"https:\/\/www.eurogate-international.com\/de\/product\/fuelcube-900-liter\/#primaryimage"},"image":{"@id":"https:\/\/www.eurogate-international.com\/de\/product\/fuelcube-900-liter\/#primaryimage"},"thumbnailUrl":"https:\/\/www.eurogate-international.com\/wp-content\/uploads\/2018\/09\/FuelCube_900_rood-1-1116x1280-1.png","datePublished":"2018-09-27T11:55:44+00:00","dateModified":"2025-09-18T08:38:52+00:00","breadcrumb":{"@id":"https:\/\/www.eurogate-international.com\/de\/product\/fuelcube-900-liter\/#breadcrumb"},"inLanguage":"de-DE","potentialAction":[{"@type":"ReadAction","target":["https:\/\/www.eurogate-international.com\/de\/product\/fuelcube-900-liter\/"]}]},{"@type":"ImageObject","inLanguage":"de-DE","@id":"https:\/\/www.eurogate-international.com\/de\/product\/fuelcube-900-liter\/#primaryimage","url":"https:\/\/www.eurogate-international.com\/wp-content\/uploads\/2018\/09\/FuelCube_900_rood-1-1116x1280-1.png","contentUrl":"https:\/\/www.eurogate-international.com\/wp-content\/uploads\/2018\/09\/FuelCube_900_rood-1-1116x1280-1.png","width":1995,"height":2289},{"@type":"BreadcrumbList","@id":"https:\/\/www.eurogate-international.com\/de\/product\/fuelcube-900-liter\/#breadcrumb","itemListElement":[{"@type":"ListItem","position":1,"name":"Home","item":"https:\/\/www.eurogate-international.com\/de\/"},{"@type":"ListItem","position":2,"name":"Shop","item":"https:\/\/www.eurogate-international.com\/de\/shop-2\/"},{"@type":"ListItem","position":3,"name":"FuelCube 900 liter"}]},{"@type":"WebSite","@id":"https:\/\/www.eurogate-international.com\/de\/#website","url":"https:\/\/www.eurogate-international.com\/de\/","name":"EuroGate International","description":"D\u00e9 onafhankelijke Europese verkooporganisatie van machines","publisher":{"@id":"https:\/\/www.eurogate-international.com\/de\/#organization"},"potentialAction":[{"@type":"SearchAction","target":{"@type":"EntryPoint","urlTemplate":"https:\/\/www.eurogate-international.com\/de\/?s={search_term_string}"},"query-input":{"@type":"PropertyValueSpecification","valueRequired":true,"valueName":"search_term_string"}}],"inLanguage":"de-DE"},{"@type":"Organization","@id":"https:\/\/www.eurogate-international.com\/de\/#organization","name":"EuroGate International","url":"https:\/\/www.eurogate-international.com\/de\/","logo":{"@type":"ImageObject","inLanguage":"de-DE","@id":"https:\/\/www.eurogate-international.com\/de\/#\/schema\/logo\/image\/","url":"https:\/\/www.eurogate-international.com\/wp-content\/uploads\/2020\/06\/Logo_EuroGateInternational2.png","contentUrl":"https:\/\/www.eurogate-international.com\/wp-content\/uploads\/2020\/06\/Logo_EuroGateInternational2.png","width":150,"height":148,"caption":"EuroGate International"},"image":{"@id":"https:\/\/www.eurogate-international.com\/de\/#\/schema\/logo\/image\/"},"sameAs":["https:\/\/www.facebook.com\/EuroGateInternational\/","https:\/\/nl.linkedin.com\/company\/eurogate-international"]}]}},"jetpack_sharing_enabled":true,"_links":{"self":[{"href":"https:\/\/www.eurogate-international.com\/de\/wp-json\/wp\/v2\/product\/21792","targetHints":{"allow":["GET"]}}],"collection":[{"href":"https:\/\/www.eurogate-international.com\/de\/wp-json\/wp\/v2\/product"}],"about":[{"href":"https:\/\/www.eurogate-international.com\/de\/wp-json\/wp\/v2\/types\/product"}],"replies":[{"embeddable":true,"href":"https:\/\/www.eurogate-international.com\/de\/wp-json\/wp\/v2\/comments?post=21792"}],"version-history":[{"count":0,"href":"https:\/\/www.eurogate-international.com\/de\/wp-json\/wp\/v2\/product\/21792\/revisions"}],"wp:featuredmedia":[{"embeddable":true,"href":"https:\/\/www.eurogate-international.com\/de\/wp-json\/wp\/v2\/media\/3101"}],"wp:attachment":[{"href":"https:\/\/www.eurogate-international.com\/de\/wp-json\/wp\/v2\/media?parent=21792"}],"wp:term":[{"taxonomy":"product_cat","embeddable":true,"href":"https:\/\/www.eurogate-international.com\/de\/wp-json\/wp\/v2\/product_cat?post=21792"},{"taxonomy":"product_tag","embeddable":true,"href":"https:\/\/www.eurogate-international.com\/de\/wp-json\/wp\/v2\/product_tag?post=21792"}],"curies":[{"name":"wp","href":"https:\/\/api.w.org\/{rel}","templated":true}]}}