{"id":21809,"date":"2018-09-27T15:09:36","date_gmt":"2018-09-27T14:09:36","guid":{"rendered":"https:\/\/www.eurogate-international.com\/product\/fuelstore-500-liter\/"},"modified":"2025-09-25T11:19:22","modified_gmt":"2025-09-25T10:19:22","slug":"fuelstore-500-liter","status":"publish","type":"product","link":"https:\/\/www.eurogate-international.com\/de\/product\/fuelstore-500-liter\/","title":{"rendered":"FuelStore 500 liter"},"excerpt":{"rendered":"<h2>FuelStore 500 Liter<\/h2>\n<p>Der FuelStore 500 Liter ist vollst\u00e4ndig aus 3 mm starkem Stahl gefertigt und mit einem feuerverzinkten Untergestell ausgestattet. Dieses Produkt ist robust und vielseitig einsetzbar. Zudem sind die FuelStores so konzipiert, dass sie sich leicht transportieren lassen. Mit einem abschlie\u00dfbaren Pumpenraum und einem stabilen, widerstandsf\u00e4higen Design sind diese Dieseltanks vandalismussicher und \u00e4u\u00dferst zuverl\u00e4ssig. Der FuelStore verf\u00fcgt au\u00dferdem \u00fcber integrierte Gabelstaplertaschen sowie vier Kran\u00f6sen.<\/p>\n<p>Dank der UN\/ADR-Zulassung ist der Lagertank f\u00fcr den Transport von Diesel auf \u00f6ffentlichen Stra\u00dfen zugelassen. Standardm\u00e4\u00dfig wird der FuelStore mit einem Paar Generatoranschl\u00fcssen und einer F\u00fcllstandsanzeige geliefert. Dar\u00fcber hinaus steht eine breite Auswahl an Pumpenoptionen zur Verf\u00fcgung. Einzigartig auf dem Markt \u2013 das sind die FuelStores von Fuel Proof.<\/p>\n<p>Die marktf\u00fchrenden FuelStores sind die st\u00e4rksten und sichersten doppelwandigen Kraftstofftanks auf dem Markt. Diese Tanks werden vollst\u00e4ndig aus Stahl gefertigt und erf\u00fcllen die aktuellen Umweltvorschriften in vollem Umfang. Sie bieten unvergleichliche Sicherheit, Langlebigkeit und ein hervorragendes Preis-Leistungs-Verh\u00e4ltnis.<\/p>\n<h3>Ihre Vorteile auf einen Blick:<\/h3>\n<ul>\n<li>Die st\u00e4rksten und sichersten Dieseltanks auf dem Markt<\/li>\n<li>UN-zugelassen f\u00fcr den Transport von Diesel auf \u00f6ffentlichen Stra\u00dfen<\/li>\n<li>Vollst\u00e4ndig konform mit den aktuellen Umweltvorschriften<\/li>\n<li>Abschlie\u00dfbare T\u00fcr mit diebstahlsicherem Vorh\u00e4ngeschloss<\/li>\n<li>Robuster, verzinkter Stahlboden mit integrierten Gabelstaplertaschen<\/li>\n<li>Komplette Stahlkonstruktion f\u00fcr eine lange, zuverl\u00e4ssige Nutzung<\/li>\n<li>10 Jahre eingeschr\u00e4nkte Garantie f\u00fcr zus\u00e4tzliche Sicherheit<\/li>\n<\/ul>\n<p>https:\/\/www.youtube.com\/watch?v=rOig-VrxPDk<\/p>\n<p><strong>Preis versteht sich exklusive Pumpenset \u2013 siehe Optionen nebenstehend<\/strong><\/p>\n[table id=452 \/]\n","protected":false},"featured_media":3108,"comment_status":"closed","ping_status":"closed","template":"","meta":{"_acf_changed":false},"product_cat":[3678,3324],"product_tag":[],"class_list":{"0":"post-21809","1":"product","2":"type-product","3":"status-publish","4":"has-post-thumbnail","6":"product_brand-fuel-proof-de","7":"product_cat-diesel-fuelstores-de","8":"product_cat-diesel-lagerung","10":"first","11":"instock","12":"taxable","13":"shipping-taxable","14":"purchasable","15":"product-type-variable"},"acf":[],"yoast_head":"<!-- This site is optimized with the Yoast SEO plugin v27.3 - https:\/\/yoast.com\/product\/yoast-seo-wordpress\/ -->\n<title>FuelStore 500 liter | EuroGate International<\/title>\n<meta name=\"robots\" content=\"index, follow, max-snippet:-1, max-image-preview:large, max-video-preview:-1\" \/>\n<link rel=\"canonical\" href=\"https:\/\/www.eurogate-international.com\/de\/product\/fuelstore-500-liter\/\" \/>\n<meta property=\"og:locale\" content=\"de_DE\" \/>\n<meta property=\"og:type\" content=\"article\" \/>\n<meta property=\"og:title\" content=\"FuelStore 500 liter | EuroGate International\" \/>\n<meta property=\"og:description\" content=\"FuelStore 500 Liter Der FuelStore 500 Liter ist vollst\u00e4ndig aus 3 mm starkem Stahl gefertigt und mit einem feuerverzinkten Untergestell ausgestattet. Dieses Produkt ist robust und vielseitig einsetzbar. Zudem sind die FuelStores so konzipiert, dass sie sich leicht transportieren lassen. Mit einem abschlie\u00dfbaren Pumpenraum und einem stabilen, widerstandsf\u00e4higen Design sind diese Dieseltanks vandalismussicher und \u00e4u\u00dferst zuverl\u00e4ssig. Der FuelStore verf\u00fcgt au\u00dferdem \u00fcber integrierte Gabelstaplertaschen sowie vier Kran\u00f6sen.  Dank der UN\/ADR-Zulassung ist der Lagertank f\u00fcr den Transport von Diesel auf \u00f6ffentlichen Stra\u00dfen zugelassen. Standardm\u00e4\u00dfig wird der FuelStore mit einem Paar Generatoranschl\u00fcssen und einer F\u00fcllstandsanzeige geliefert. Dar\u00fcber hinaus steht eine breite Auswahl an Pumpenoptionen zur Verf\u00fcgung. Einzigartig auf dem Markt \u2013 das sind die FuelStores von Fuel Proof.  Die marktf\u00fchrenden FuelStores sind die st\u00e4rksten und sichersten doppelwandigen Kraftstofftanks auf dem Markt. Diese Tanks werden vollst\u00e4ndig aus Stahl gefertigt und erf\u00fcllen die aktuellen Umweltvorschriften in vollem Umfang. Sie bieten unvergleichliche Sicherheit, Langlebigkeit und ein hervorragendes Preis-Leistungs-Verh\u00e4ltnis. Ihre Vorteile auf einen Blick:   Die st\u00e4rksten und sichersten Dieseltanks auf dem Markt  UN-zugelassen f\u00fcr den Transport von Diesel auf \u00f6ffentlichen Stra\u00dfen  Vollst\u00e4ndig konform mit den aktuellen Umweltvorschriften  Abschlie\u00dfbare T\u00fcr mit diebstahlsicherem Vorh\u00e4ngeschloss  Robuster, verzinkter Stahlboden mit integrierten Gabelstaplertaschen  Komplette Stahlkonstruktion f\u00fcr eine lange, zuverl\u00e4ssige Nutzung  10 Jahre eingeschr\u00e4nkte Garantie f\u00fcr zus\u00e4tzliche Sicherheit  https:\/\/www.youtube.com\/watch?v=rOig-VrxPDk  Preis versteht sich exklusive Pumpenset \u2013 siehe Optionen nebenstehend\" \/>\n<meta property=\"og:url\" content=\"https:\/\/www.eurogate-international.com\/de\/product\/fuelstore-500-liter\/\" \/>\n<meta property=\"og:site_name\" content=\"EuroGate International\" \/>\n<meta property=\"article:publisher\" content=\"https:\/\/www.facebook.com\/EuroGateInternational\/\" \/>\n<meta property=\"article:modified_time\" content=\"2025-09-25T10:19:22+00:00\" \/>\n<meta property=\"og:image\" content=\"https:\/\/www.eurogate-international.com\/wp-content\/uploads\/2018\/09\/FuelStore-500_groen.png\" \/>\n\t<meta property=\"og:image:width\" content=\"1200\" \/>\n\t<meta property=\"og:image:height\" content=\"900\" \/>\n\t<meta property=\"og:image:type\" content=\"image\/png\" \/>\n<meta name=\"twitter:card\" content=\"summary_large_image\" \/>\n<meta name=\"twitter:label1\" content=\"Gesch\u00e4tzte Lesezeit\" \/>\n\t<meta name=\"twitter:data1\" content=\"2 Minuten\" \/>\n<!-- \/ Yoast SEO plugin. -->","yoast_head_json":{"title":"FuelStore 500 liter | EuroGate International","robots":{"index":"index","follow":"follow","max-snippet":"max-snippet:-1","max-image-preview":"max-image-preview:large","max-video-preview":"max-video-preview:-1"},"canonical":"https:\/\/www.eurogate-international.com\/de\/product\/fuelstore-500-liter\/","og_locale":"de_DE","og_type":"article","og_title":"FuelStore 500 liter | EuroGate International","og_description":"FuelStore 500 Liter Der FuelStore 500 Liter ist vollst\u00e4ndig aus 3 mm starkem Stahl gefertigt und mit einem feuerverzinkten Untergestell ausgestattet. Dieses Produkt ist robust und vielseitig einsetzbar. Zudem sind die FuelStores so konzipiert, dass sie sich leicht transportieren lassen. Mit einem abschlie\u00dfbaren Pumpenraum und einem stabilen, widerstandsf\u00e4higen Design sind diese Dieseltanks vandalismussicher und \u00e4u\u00dferst zuverl\u00e4ssig. Der FuelStore verf\u00fcgt au\u00dferdem \u00fcber integrierte Gabelstaplertaschen sowie vier Kran\u00f6sen.  Dank der UN\/ADR-Zulassung ist der Lagertank f\u00fcr den Transport von Diesel auf \u00f6ffentlichen Stra\u00dfen zugelassen. Standardm\u00e4\u00dfig wird der FuelStore mit einem Paar Generatoranschl\u00fcssen und einer F\u00fcllstandsanzeige geliefert. Dar\u00fcber hinaus steht eine breite Auswahl an Pumpenoptionen zur Verf\u00fcgung. Einzigartig auf dem Markt \u2013 das sind die FuelStores von Fuel Proof.  Die marktf\u00fchrenden FuelStores sind die st\u00e4rksten und sichersten doppelwandigen Kraftstofftanks auf dem Markt. Diese Tanks werden vollst\u00e4ndig aus Stahl gefertigt und erf\u00fcllen die aktuellen Umweltvorschriften in vollem Umfang. Sie bieten unvergleichliche Sicherheit, Langlebigkeit und ein hervorragendes Preis-Leistungs-Verh\u00e4ltnis. Ihre Vorteile auf einen Blick:   Die st\u00e4rksten und sichersten Dieseltanks auf dem Markt  UN-zugelassen f\u00fcr den Transport von Diesel auf \u00f6ffentlichen Stra\u00dfen  Vollst\u00e4ndig konform mit den aktuellen Umweltvorschriften  Abschlie\u00dfbare T\u00fcr mit diebstahlsicherem Vorh\u00e4ngeschloss  Robuster, verzinkter Stahlboden mit integrierten Gabelstaplertaschen  Komplette Stahlkonstruktion f\u00fcr eine lange, zuverl\u00e4ssige Nutzung  10 Jahre eingeschr\u00e4nkte Garantie f\u00fcr zus\u00e4tzliche Sicherheit  https:\/\/www.youtube.com\/watch?v=rOig-VrxPDk  Preis versteht sich exklusive Pumpenset \u2013 siehe Optionen nebenstehend","og_url":"https:\/\/www.eurogate-international.com\/de\/product\/fuelstore-500-liter\/","og_site_name":"EuroGate International","article_publisher":"https:\/\/www.facebook.com\/EuroGateInternational\/","article_modified_time":"2025-09-25T10:19:22+00:00","og_image":[{"width":1200,"height":900,"url":"https:\/\/www.eurogate-international.com\/wp-content\/uploads\/2018\/09\/FuelStore-500_groen.png","type":"image\/png"}],"twitter_card":"summary_large_image","twitter_misc":{"Gesch\u00e4tzte Lesezeit":"2 Minuten"},"schema":{"@context":"https:\/\/schema.org","@graph":[{"@type":"WebPage","@id":"https:\/\/www.eurogate-international.com\/de\/product\/fuelstore-500-liter\/","url":"https:\/\/www.eurogate-international.com\/de\/product\/fuelstore-500-liter\/","name":"FuelStore 500 liter | EuroGate International","isPartOf":{"@id":"https:\/\/www.eurogate-international.com\/de\/#website"},"primaryImageOfPage":{"@id":"https:\/\/www.eurogate-international.com\/de\/product\/fuelstore-500-liter\/#primaryimage"},"image":{"@id":"https:\/\/www.eurogate-international.com\/de\/product\/fuelstore-500-liter\/#primaryimage"},"thumbnailUrl":"https:\/\/www.eurogate-international.com\/wp-content\/uploads\/2018\/09\/FuelStore-500_groen.png","datePublished":"2018-09-27T14:09:36+00:00","dateModified":"2025-09-25T10:19:22+00:00","breadcrumb":{"@id":"https:\/\/www.eurogate-international.com\/de\/product\/fuelstore-500-liter\/#breadcrumb"},"inLanguage":"de-DE","potentialAction":[{"@type":"ReadAction","target":["https:\/\/www.eurogate-international.com\/de\/product\/fuelstore-500-liter\/"]}]},{"@type":"ImageObject","inLanguage":"de-DE","@id":"https:\/\/www.eurogate-international.com\/de\/product\/fuelstore-500-liter\/#primaryimage","url":"https:\/\/www.eurogate-international.com\/wp-content\/uploads\/2018\/09\/FuelStore-500_groen.png","contentUrl":"https:\/\/www.eurogate-international.com\/wp-content\/uploads\/2018\/09\/FuelStore-500_groen.png","width":1200,"height":900},{"@type":"BreadcrumbList","@id":"https:\/\/www.eurogate-international.com\/de\/product\/fuelstore-500-liter\/#breadcrumb","itemListElement":[{"@type":"ListItem","position":1,"name":"Home","item":"https:\/\/www.eurogate-international.com\/de\/"},{"@type":"ListItem","position":2,"name":"Shop","item":"https:\/\/www.eurogate-international.com\/de\/shop-2\/"},{"@type":"ListItem","position":3,"name":"FuelStore 500 liter"}]},{"@type":"WebSite","@id":"https:\/\/www.eurogate-international.com\/de\/#website","url":"https:\/\/www.eurogate-international.com\/de\/","name":"EuroGate International","description":"D\u00e9 onafhankelijke Europese verkooporganisatie van machines","publisher":{"@id":"https:\/\/www.eurogate-international.com\/de\/#organization"},"potentialAction":[{"@type":"SearchAction","target":{"@type":"EntryPoint","urlTemplate":"https:\/\/www.eurogate-international.com\/de\/?s={search_term_string}"},"query-input":{"@type":"PropertyValueSpecification","valueRequired":true,"valueName":"search_term_string"}}],"inLanguage":"de-DE"},{"@type":"Organization","@id":"https:\/\/www.eurogate-international.com\/de\/#organization","name":"EuroGate International","url":"https:\/\/www.eurogate-international.com\/de\/","logo":{"@type":"ImageObject","inLanguage":"de-DE","@id":"https:\/\/www.eurogate-international.com\/de\/#\/schema\/logo\/image\/","url":"https:\/\/www.eurogate-international.com\/wp-content\/uploads\/2020\/06\/Logo_EuroGateInternational2.png","contentUrl":"https:\/\/www.eurogate-international.com\/wp-content\/uploads\/2020\/06\/Logo_EuroGateInternational2.png","width":150,"height":148,"caption":"EuroGate International"},"image":{"@id":"https:\/\/www.eurogate-international.com\/de\/#\/schema\/logo\/image\/"},"sameAs":["https:\/\/www.facebook.com\/EuroGateInternational\/","https:\/\/nl.linkedin.com\/company\/eurogate-international"]}]}},"jetpack_sharing_enabled":true,"_links":{"self":[{"href":"https:\/\/www.eurogate-international.com\/de\/wp-json\/wp\/v2\/product\/21809","targetHints":{"allow":["GET"]}}],"collection":[{"href":"https:\/\/www.eurogate-international.com\/de\/wp-json\/wp\/v2\/product"}],"about":[{"href":"https:\/\/www.eurogate-international.com\/de\/wp-json\/wp\/v2\/types\/product"}],"replies":[{"embeddable":true,"href":"https:\/\/www.eurogate-international.com\/de\/wp-json\/wp\/v2\/comments?post=21809"}],"version-history":[{"count":0,"href":"https:\/\/www.eurogate-international.com\/de\/wp-json\/wp\/v2\/product\/21809\/revisions"}],"wp:featuredmedia":[{"embeddable":true,"href":"https:\/\/www.eurogate-international.com\/de\/wp-json\/wp\/v2\/media\/3108"}],"wp:attachment":[{"href":"https:\/\/www.eurogate-international.com\/de\/wp-json\/wp\/v2\/media?parent=21809"}],"wp:term":[{"taxonomy":"product_cat","embeddable":true,"href":"https:\/\/www.eurogate-international.com\/de\/wp-json\/wp\/v2\/product_cat?post=21809"},{"taxonomy":"product_tag","embeddable":true,"href":"https:\/\/www.eurogate-international.com\/de\/wp-json\/wp\/v2\/product_tag?post=21809"}],"curies":[{"name":"wp","href":"https:\/\/api.w.org\/{rel}","templated":true}]}}