{"id":21812,"date":"2018-09-27T15:31:37","date_gmt":"2018-09-27T14:31:37","guid":{"rendered":"https:\/\/www.eurogate-international.com\/product\/fuelstore-1000-liter\/"},"modified":"2025-09-25T11:22:09","modified_gmt":"2025-09-25T10:22:09","slug":"fuelstore-1000-liter","status":"publish","type":"product","link":"https:\/\/www.eurogate-international.com\/de\/product\/fuelstore-1000-liter\/","title":{"rendered":"FuelStore 1000 liter"},"excerpt":{"rendered":"<h2>FuelStore 1000 liter<\/h2>\n<p>Dieser FuelStore 1000 Liter ist komplett aus 3 mm dickem Stahl gefertigt und mit einem verzinkten Fahrgestell ausgestattet.<\/p>\n<p>Dieses Produkt ist robust und f\u00fcr viele Anwendungen geeignet. Au\u00dferdem sind die FuelStores so konzipiert, dass sie leicht transportiert werden k\u00f6nnen. Mit einem abschlie\u00dfbaren Pumpenraum und einer stabilen Konstruktion sind diese Dieseltanks vandalismusbest\u00e4ndig und zuverl\u00e4ssig.<\/p>\n<p>Au\u00dferdem ist der FuelStore mit integrierten Gabelb\u00fcgeln und vier Hub\u00f6sen ausgestattet. Mit der UN\/ADR-Zulassung ist der Lagertank f\u00fcr den Transport von Diesel auf \u00f6ffentlichen Stra\u00dfen geeignet und zugelassen. Der FuelStore ist standardm\u00e4\u00dfig mit einem Paar Generatoranschl\u00fcssen und einer Inhaltsanzeige ausgestattet. Au\u00dferdem gibt es eine gro\u00dfe Auswahl an Pumpenoptionen. Einzigartig auf dem Markt &#8211; das sind die FuelStores von Fuel Proof.<\/p>\n<p>https:\/\/www.youtube.com\/watch?v=rOig-VrxPDk<\/p>\n<p><strong>Preis versteht sich ohne Pumpenset.<\/strong><\/p>\n[table id=452 \/]\n","protected":false},"featured_media":3169,"comment_status":"closed","ping_status":"closed","template":"","meta":{"_acf_changed":false},"product_cat":[3678,3324],"product_tag":[],"class_list":{"0":"post-21812","1":"product","2":"type-product","3":"status-publish","4":"has-post-thumbnail","6":"product_brand-fuel-proof-de","7":"product_cat-diesel-fuelstores-de","8":"product_cat-diesel-lagerung","10":"first","11":"instock","12":"taxable","13":"shipping-taxable","14":"purchasable","15":"product-type-variable"},"acf":[],"yoast_head":"<!-- This site is optimized with the Yoast SEO plugin v27.4 - https:\/\/yoast.com\/product\/yoast-seo-wordpress\/ -->\n<title>FuelStore 1000 liter | EuroGate International<\/title>\n<meta name=\"robots\" content=\"index, follow, max-snippet:-1, max-image-preview:large, max-video-preview:-1\" \/>\n<link rel=\"canonical\" href=\"https:\/\/www.eurogate-international.com\/de\/product\/fuelstore-1000-liter\/\" \/>\n<meta property=\"og:locale\" content=\"de_DE\" \/>\n<meta property=\"og:type\" content=\"article\" \/>\n<meta property=\"og:title\" content=\"FuelStore 1000 liter | EuroGate International\" \/>\n<meta property=\"og:description\" content=\"FuelStore 1000 liter Dieser FuelStore 1000 Liter ist komplett aus 3 mm dickem Stahl gefertigt und mit einem verzinkten Fahrgestell ausgestattet.  Dieses Produkt ist robust und f\u00fcr viele Anwendungen geeignet. Au\u00dferdem sind die FuelStores so konzipiert, dass sie leicht transportiert werden k\u00f6nnen. Mit einem abschlie\u00dfbaren Pumpenraum und einer stabilen Konstruktion sind diese Dieseltanks vandalismusbest\u00e4ndig und zuverl\u00e4ssig.  Au\u00dferdem ist der FuelStore mit integrierten Gabelb\u00fcgeln und vier Hub\u00f6sen ausgestattet. Mit der UN\/ADR-Zulassung ist der Lagertank f\u00fcr den Transport von Diesel auf \u00f6ffentlichen Stra\u00dfen geeignet und zugelassen. Der FuelStore ist standardm\u00e4\u00dfig mit einem Paar Generatoranschl\u00fcssen und einer Inhaltsanzeige ausgestattet. Au\u00dferdem gibt es eine gro\u00dfe Auswahl an Pumpenoptionen. Einzigartig auf dem Markt - das sind die FuelStores von Fuel Proof.  https:\/\/www.youtube.com\/watch?v=rOig-VrxPDk  Preis versteht sich ohne Pumpenset.\" \/>\n<meta property=\"og:url\" content=\"https:\/\/www.eurogate-international.com\/de\/product\/fuelstore-1000-liter\/\" \/>\n<meta property=\"og:site_name\" content=\"EuroGate International\" \/>\n<meta property=\"article:publisher\" content=\"https:\/\/www.facebook.com\/EuroGateInternational\/\" \/>\n<meta property=\"article:modified_time\" content=\"2025-09-25T10:22:09+00:00\" \/>\n<meta property=\"og:image\" content=\"https:\/\/www.eurogate-international.com\/wp-content\/uploads\/2018\/09\/FuelStore_1000_Rood-1.png\" \/>\n\t<meta property=\"og:image:width\" content=\"1055\" \/>\n\t<meta property=\"og:image:height\" content=\"951\" \/>\n\t<meta property=\"og:image:type\" content=\"image\/png\" \/>\n<meta name=\"twitter:card\" content=\"summary_large_image\" \/>\n<meta name=\"twitter:label1\" content=\"Gesch\u00e4tzte Lesezeit\" \/>\n\t<meta name=\"twitter:data1\" content=\"3 Minuten\" \/>\n<!-- \/ Yoast SEO plugin. -->","yoast_head_json":{"title":"FuelStore 1000 liter | EuroGate International","robots":{"index":"index","follow":"follow","max-snippet":"max-snippet:-1","max-image-preview":"max-image-preview:large","max-video-preview":"max-video-preview:-1"},"canonical":"https:\/\/www.eurogate-international.com\/de\/product\/fuelstore-1000-liter\/","og_locale":"de_DE","og_type":"article","og_title":"FuelStore 1000 liter | EuroGate International","og_description":"FuelStore 1000 liter Dieser FuelStore 1000 Liter ist komplett aus 3 mm dickem Stahl gefertigt und mit einem verzinkten Fahrgestell ausgestattet.  Dieses Produkt ist robust und f\u00fcr viele Anwendungen geeignet. Au\u00dferdem sind die FuelStores so konzipiert, dass sie leicht transportiert werden k\u00f6nnen. Mit einem abschlie\u00dfbaren Pumpenraum und einer stabilen Konstruktion sind diese Dieseltanks vandalismusbest\u00e4ndig und zuverl\u00e4ssig.  Au\u00dferdem ist der FuelStore mit integrierten Gabelb\u00fcgeln und vier Hub\u00f6sen ausgestattet. Mit der UN\/ADR-Zulassung ist der Lagertank f\u00fcr den Transport von Diesel auf \u00f6ffentlichen Stra\u00dfen geeignet und zugelassen. Der FuelStore ist standardm\u00e4\u00dfig mit einem Paar Generatoranschl\u00fcssen und einer Inhaltsanzeige ausgestattet. Au\u00dferdem gibt es eine gro\u00dfe Auswahl an Pumpenoptionen. Einzigartig auf dem Markt - das sind die FuelStores von Fuel Proof.  https:\/\/www.youtube.com\/watch?v=rOig-VrxPDk  Preis versteht sich ohne Pumpenset.","og_url":"https:\/\/www.eurogate-international.com\/de\/product\/fuelstore-1000-liter\/","og_site_name":"EuroGate International","article_publisher":"https:\/\/www.facebook.com\/EuroGateInternational\/","article_modified_time":"2025-09-25T10:22:09+00:00","og_image":[{"width":1055,"height":951,"url":"https:\/\/www.eurogate-international.com\/wp-content\/uploads\/2018\/09\/FuelStore_1000_Rood-1.png","type":"image\/png"}],"twitter_card":"summary_large_image","twitter_misc":{"Gesch\u00e4tzte Lesezeit":"3 Minuten"},"schema":{"@context":"https:\/\/schema.org","@graph":[{"@type":"WebPage","@id":"https:\/\/www.eurogate-international.com\/de\/product\/fuelstore-1000-liter\/","url":"https:\/\/www.eurogate-international.com\/de\/product\/fuelstore-1000-liter\/","name":"FuelStore 1000 liter | EuroGate International","isPartOf":{"@id":"https:\/\/www.eurogate-international.com\/de\/#website"},"primaryImageOfPage":{"@id":"https:\/\/www.eurogate-international.com\/de\/product\/fuelstore-1000-liter\/#primaryimage"},"image":{"@id":"https:\/\/www.eurogate-international.com\/de\/product\/fuelstore-1000-liter\/#primaryimage"},"thumbnailUrl":"https:\/\/www.eurogate-international.com\/wp-content\/uploads\/2018\/09\/FuelStore_1000_Rood-1.png","datePublished":"2018-09-27T14:31:37+00:00","dateModified":"2025-09-25T10:22:09+00:00","breadcrumb":{"@id":"https:\/\/www.eurogate-international.com\/de\/product\/fuelstore-1000-liter\/#breadcrumb"},"inLanguage":"de-DE","potentialAction":[{"@type":"ReadAction","target":["https:\/\/www.eurogate-international.com\/de\/product\/fuelstore-1000-liter\/"]}]},{"@type":"ImageObject","inLanguage":"de-DE","@id":"https:\/\/www.eurogate-international.com\/de\/product\/fuelstore-1000-liter\/#primaryimage","url":"https:\/\/www.eurogate-international.com\/wp-content\/uploads\/2018\/09\/FuelStore_1000_Rood-1.png","contentUrl":"https:\/\/www.eurogate-international.com\/wp-content\/uploads\/2018\/09\/FuelStore_1000_Rood-1.png","width":1055,"height":951},{"@type":"BreadcrumbList","@id":"https:\/\/www.eurogate-international.com\/de\/product\/fuelstore-1000-liter\/#breadcrumb","itemListElement":[{"@type":"ListItem","position":1,"name":"Home","item":"https:\/\/www.eurogate-international.com\/de\/"},{"@type":"ListItem","position":2,"name":"Shop","item":"https:\/\/www.eurogate-international.com\/de\/shop-2\/"},{"@type":"ListItem","position":3,"name":"FuelStore 1000 liter"}]},{"@type":"WebSite","@id":"https:\/\/www.eurogate-international.com\/de\/#website","url":"https:\/\/www.eurogate-international.com\/de\/","name":"EuroGate International","description":"D\u00e9 onafhankelijke Europese verkooporganisatie van machines","publisher":{"@id":"https:\/\/www.eurogate-international.com\/de\/#organization"},"potentialAction":[{"@type":"SearchAction","target":{"@type":"EntryPoint","urlTemplate":"https:\/\/www.eurogate-international.com\/de\/?s={search_term_string}"},"query-input":{"@type":"PropertyValueSpecification","valueRequired":true,"valueName":"search_term_string"}}],"inLanguage":"de-DE"},{"@type":"Organization","@id":"https:\/\/www.eurogate-international.com\/de\/#organization","name":"EuroGate International","url":"https:\/\/www.eurogate-international.com\/de\/","logo":{"@type":"ImageObject","inLanguage":"de-DE","@id":"https:\/\/www.eurogate-international.com\/de\/#\/schema\/logo\/image\/","url":"https:\/\/www.eurogate-international.com\/wp-content\/uploads\/2020\/06\/Logo_EuroGateInternational2.png","contentUrl":"https:\/\/www.eurogate-international.com\/wp-content\/uploads\/2020\/06\/Logo_EuroGateInternational2.png","width":150,"height":148,"caption":"EuroGate International"},"image":{"@id":"https:\/\/www.eurogate-international.com\/de\/#\/schema\/logo\/image\/"},"sameAs":["https:\/\/www.facebook.com\/EuroGateInternational\/","https:\/\/nl.linkedin.com\/company\/eurogate-international"]}]}},"jetpack_sharing_enabled":true,"_links":{"self":[{"href":"https:\/\/www.eurogate-international.com\/de\/wp-json\/wp\/v2\/product\/21812","targetHints":{"allow":["GET"]}}],"collection":[{"href":"https:\/\/www.eurogate-international.com\/de\/wp-json\/wp\/v2\/product"}],"about":[{"href":"https:\/\/www.eurogate-international.com\/de\/wp-json\/wp\/v2\/types\/product"}],"replies":[{"embeddable":true,"href":"https:\/\/www.eurogate-international.com\/de\/wp-json\/wp\/v2\/comments?post=21812"}],"version-history":[{"count":0,"href":"https:\/\/www.eurogate-international.com\/de\/wp-json\/wp\/v2\/product\/21812\/revisions"}],"wp:featuredmedia":[{"embeddable":true,"href":"https:\/\/www.eurogate-international.com\/de\/wp-json\/wp\/v2\/media\/3169"}],"wp:attachment":[{"href":"https:\/\/www.eurogate-international.com\/de\/wp-json\/wp\/v2\/media?parent=21812"}],"wp:term":[{"taxonomy":"product_cat","embeddable":true,"href":"https:\/\/www.eurogate-international.com\/de\/wp-json\/wp\/v2\/product_cat?post=21812"},{"taxonomy":"product_tag","embeddable":true,"href":"https:\/\/www.eurogate-international.com\/de\/wp-json\/wp\/v2\/product_tag?post=21812"}],"curies":[{"name":"wp","href":"https:\/\/api.w.org\/{rel}","templated":true}]}}