{"id":21826,"date":"2018-09-28T10:22:12","date_gmt":"2018-09-28T09:22:12","guid":{"rendered":"https:\/\/www.eurogate-international.com\/product\/kraftstofftank-1500-liter-mit-dreipunktanschluss\/"},"modified":"2025-10-09T11:34:09","modified_gmt":"2025-10-09T10:34:09","slug":"kraftstofftank-1500-liter-mit-dreipunktanschluss","status":"publish","type":"product","link":"https:\/\/www.eurogate-international.com\/de\/product\/kraftstofftank-1500-liter-mit-dreipunktanschluss\/","title":{"rendered":"Kraftstofftank 1500 Liter mit Dreipunktanschluss"},"excerpt":{"rendered":"<h2>Kraftstofftank 500 Liter mit Dreipunktanschluss<\/h2>\n<p>Dieser 500 Liter-Kraftstofftank mit revolution\u00e4rem Dreipunktanschluss ist ein Spezialprodukt von Fuel Proof. Der Tank ist komplett aus 3 und 4 mm dickem Stahl gefertigt und mit einem starken K\u00e4fig mit Dreipunktaufh\u00e4ngung ausgestattet, sodass Traktoren und andere Maschinen diesen Dieseltank leicht bewegen k\u00f6nnen.<\/p>\n<p>Ferner ist dieses Produkt sehr robust und f\u00fcr viele Anwendungen geeignet. Mit einem abschlie\u00dfbaren Pumpenraum und einer stabilen Konstruktion ist dieser Tank vandalismusbest\u00e4ndig und \u00e4u\u00dferst zuverl\u00e4ssig. Ferner verf\u00fcgt dieser Kraftstofflagertank \u00fcber integrierte Gabelb\u00fcgel und ist standardm\u00e4\u00dfig mit vier Hub\u00f6sen ausgestattet.<\/p>\n<p>Dank der UN\/ADR-Zulassung ist dieser Tank f\u00fcr den Transport von Diesel auf \u00f6ffentlichen Stra\u00dfen geeignet und zugelassen. Dieser Kraftstofftank mit Dreipunktanschluss wird standardm\u00e4\u00dfig mit einem Paar Generatoranschl\u00fcssen und einer Inhaltsanzeige geliefert. Au\u00dferdem gibt es eine gro\u00dfe Auswahl an Pumpenoptionen.<\/p>\n<p><strong>Preis versteht sich ohne Pumpenset.<\/strong><\/p>\n[table id=452 \/]\n","protected":false},"featured_media":851,"comment_status":"closed","ping_status":"closed","template":"","meta":{"_acf_changed":false},"product_cat":[3678,3324],"product_tag":[],"class_list":{"0":"post-21826","1":"product","2":"type-product","3":"status-publish","4":"has-post-thumbnail","6":"product_brand-fuel-proof-de","7":"product_cat-diesel-fuelstores-de","8":"product_cat-diesel-lagerung","10":"first","11":"instock","12":"taxable","13":"shipping-taxable","14":"purchasable","15":"product-type-variable","16":"has-default-attributes"},"acf":[],"yoast_head":"<!-- This site is optimized with the Yoast SEO plugin v27.3 - https:\/\/yoast.com\/product\/yoast-seo-wordpress\/ -->\n<title>Kraftstofftank 1500 Liter mit Dreipunktanschluss | EuroGate International<\/title>\n<meta name=\"robots\" content=\"index, follow, max-snippet:-1, max-image-preview:large, max-video-preview:-1\" \/>\n<link rel=\"canonical\" href=\"https:\/\/www.eurogate-international.com\/de\/product\/kraftstofftank-1500-liter-mit-dreipunktanschluss\/\" \/>\n<meta property=\"og:locale\" content=\"de_DE\" \/>\n<meta property=\"og:type\" content=\"article\" \/>\n<meta property=\"og:title\" content=\"Kraftstofftank 1500 Liter mit Dreipunktanschluss | EuroGate International\" \/>\n<meta property=\"og:description\" content=\"Kraftstofftank 500 Liter mit Dreipunktanschluss Dieser 500 Liter-Kraftstofftank mit revolution\u00e4rem Dreipunktanschluss ist ein Spezialprodukt von Fuel Proof. Der Tank ist komplett aus 3 und 4 mm dickem Stahl gefertigt und mit einem starken K\u00e4fig mit Dreipunktaufh\u00e4ngung ausgestattet, sodass Traktoren und andere Maschinen diesen Dieseltank leicht bewegen k\u00f6nnen.  Ferner ist dieses Produkt sehr robust und f\u00fcr viele Anwendungen geeignet. Mit einem abschlie\u00dfbaren Pumpenraum und einer stabilen Konstruktion ist dieser Tank vandalismusbest\u00e4ndig und \u00e4u\u00dferst zuverl\u00e4ssig. Ferner verf\u00fcgt dieser Kraftstofflagertank \u00fcber integrierte Gabelb\u00fcgel und ist standardm\u00e4\u00dfig mit vier Hub\u00f6sen ausgestattet.  Dank der UN\/ADR-Zulassung ist dieser Tank f\u00fcr den Transport von Diesel auf \u00f6ffentlichen Stra\u00dfen geeignet und zugelassen. Dieser Kraftstofftank mit Dreipunktanschluss wird standardm\u00e4\u00dfig mit einem Paar Generatoranschl\u00fcssen und einer Inhaltsanzeige geliefert. Au\u00dferdem gibt es eine gro\u00dfe Auswahl an Pumpenoptionen.  Preis versteht sich ohne Pumpenset.\" \/>\n<meta property=\"og:url\" content=\"https:\/\/www.eurogate-international.com\/de\/product\/kraftstofftank-1500-liter-mit-dreipunktanschluss\/\" \/>\n<meta property=\"og:site_name\" content=\"EuroGate International\" \/>\n<meta property=\"article:publisher\" content=\"https:\/\/www.facebook.com\/EuroGateInternational\/\" \/>\n<meta property=\"article:modified_time\" content=\"2025-10-09T10:34:09+00:00\" \/>\n<meta property=\"og:image\" content=\"https:\/\/www.eurogate-international.com\/wp-content\/uploads\/2018\/09\/3PL_Dieselopslagtank_1500L.png\" \/>\n\t<meta property=\"og:image:width\" content=\"1280\" \/>\n\t<meta property=\"og:image:height\" content=\"1024\" \/>\n\t<meta property=\"og:image:type\" content=\"image\/png\" \/>\n<meta name=\"twitter:card\" content=\"summary_large_image\" \/>\n<meta name=\"twitter:label1\" content=\"Gesch\u00e4tzte Lesezeit\" \/>\n\t<meta name=\"twitter:data1\" content=\"2 Minuten\" \/>\n<!-- \/ Yoast SEO plugin. -->","yoast_head_json":{"title":"Kraftstofftank 1500 Liter mit Dreipunktanschluss | EuroGate International","robots":{"index":"index","follow":"follow","max-snippet":"max-snippet:-1","max-image-preview":"max-image-preview:large","max-video-preview":"max-video-preview:-1"},"canonical":"https:\/\/www.eurogate-international.com\/de\/product\/kraftstofftank-1500-liter-mit-dreipunktanschluss\/","og_locale":"de_DE","og_type":"article","og_title":"Kraftstofftank 1500 Liter mit Dreipunktanschluss | EuroGate International","og_description":"Kraftstofftank 500 Liter mit Dreipunktanschluss Dieser 500 Liter-Kraftstofftank mit revolution\u00e4rem Dreipunktanschluss ist ein Spezialprodukt von Fuel Proof. Der Tank ist komplett aus 3 und 4 mm dickem Stahl gefertigt und mit einem starken K\u00e4fig mit Dreipunktaufh\u00e4ngung ausgestattet, sodass Traktoren und andere Maschinen diesen Dieseltank leicht bewegen k\u00f6nnen.  Ferner ist dieses Produkt sehr robust und f\u00fcr viele Anwendungen geeignet. Mit einem abschlie\u00dfbaren Pumpenraum und einer stabilen Konstruktion ist dieser Tank vandalismusbest\u00e4ndig und \u00e4u\u00dferst zuverl\u00e4ssig. Ferner verf\u00fcgt dieser Kraftstofflagertank \u00fcber integrierte Gabelb\u00fcgel und ist standardm\u00e4\u00dfig mit vier Hub\u00f6sen ausgestattet.  Dank der UN\/ADR-Zulassung ist dieser Tank f\u00fcr den Transport von Diesel auf \u00f6ffentlichen Stra\u00dfen geeignet und zugelassen. Dieser Kraftstofftank mit Dreipunktanschluss wird standardm\u00e4\u00dfig mit einem Paar Generatoranschl\u00fcssen und einer Inhaltsanzeige geliefert. Au\u00dferdem gibt es eine gro\u00dfe Auswahl an Pumpenoptionen.  Preis versteht sich ohne Pumpenset.","og_url":"https:\/\/www.eurogate-international.com\/de\/product\/kraftstofftank-1500-liter-mit-dreipunktanschluss\/","og_site_name":"EuroGate International","article_publisher":"https:\/\/www.facebook.com\/EuroGateInternational\/","article_modified_time":"2025-10-09T10:34:09+00:00","og_image":[{"width":1280,"height":1024,"url":"https:\/\/www.eurogate-international.com\/wp-content\/uploads\/2018\/09\/3PL_Dieselopslagtank_1500L.png","type":"image\/png"}],"twitter_card":"summary_large_image","twitter_misc":{"Gesch\u00e4tzte Lesezeit":"2 Minuten"},"schema":{"@context":"https:\/\/schema.org","@graph":[{"@type":"WebPage","@id":"https:\/\/www.eurogate-international.com\/de\/product\/kraftstofftank-1500-liter-mit-dreipunktanschluss\/","url":"https:\/\/www.eurogate-international.com\/de\/product\/kraftstofftank-1500-liter-mit-dreipunktanschluss\/","name":"Kraftstofftank 1500 Liter mit Dreipunktanschluss | EuroGate International","isPartOf":{"@id":"https:\/\/www.eurogate-international.com\/de\/#website"},"primaryImageOfPage":{"@id":"https:\/\/www.eurogate-international.com\/de\/product\/kraftstofftank-1500-liter-mit-dreipunktanschluss\/#primaryimage"},"image":{"@id":"https:\/\/www.eurogate-international.com\/de\/product\/kraftstofftank-1500-liter-mit-dreipunktanschluss\/#primaryimage"},"thumbnailUrl":"https:\/\/www.eurogate-international.com\/wp-content\/uploads\/2018\/09\/3PL_Dieselopslagtank_1500L.png","datePublished":"2018-09-28T09:22:12+00:00","dateModified":"2025-10-09T10:34:09+00:00","breadcrumb":{"@id":"https:\/\/www.eurogate-international.com\/de\/product\/kraftstofftank-1500-liter-mit-dreipunktanschluss\/#breadcrumb"},"inLanguage":"de-DE","potentialAction":[{"@type":"ReadAction","target":["https:\/\/www.eurogate-international.com\/de\/product\/kraftstofftank-1500-liter-mit-dreipunktanschluss\/"]}]},{"@type":"ImageObject","inLanguage":"de-DE","@id":"https:\/\/www.eurogate-international.com\/de\/product\/kraftstofftank-1500-liter-mit-dreipunktanschluss\/#primaryimage","url":"https:\/\/www.eurogate-international.com\/wp-content\/uploads\/2018\/09\/3PL_Dieselopslagtank_1500L.png","contentUrl":"https:\/\/www.eurogate-international.com\/wp-content\/uploads\/2018\/09\/3PL_Dieselopslagtank_1500L.png","width":1280,"height":1024},{"@type":"BreadcrumbList","@id":"https:\/\/www.eurogate-international.com\/de\/product\/kraftstofftank-1500-liter-mit-dreipunktanschluss\/#breadcrumb","itemListElement":[{"@type":"ListItem","position":1,"name":"Home","item":"https:\/\/www.eurogate-international.com\/de\/"},{"@type":"ListItem","position":2,"name":"Shop","item":"https:\/\/www.eurogate-international.com\/de\/shop-2\/"},{"@type":"ListItem","position":3,"name":"Kraftstofftank 1500 Liter mit Dreipunktanschluss"}]},{"@type":"WebSite","@id":"https:\/\/www.eurogate-international.com\/de\/#website","url":"https:\/\/www.eurogate-international.com\/de\/","name":"EuroGate International","description":"D\u00e9 onafhankelijke Europese verkooporganisatie van machines","publisher":{"@id":"https:\/\/www.eurogate-international.com\/de\/#organization"},"potentialAction":[{"@type":"SearchAction","target":{"@type":"EntryPoint","urlTemplate":"https:\/\/www.eurogate-international.com\/de\/?s={search_term_string}"},"query-input":{"@type":"PropertyValueSpecification","valueRequired":true,"valueName":"search_term_string"}}],"inLanguage":"de-DE"},{"@type":"Organization","@id":"https:\/\/www.eurogate-international.com\/de\/#organization","name":"EuroGate International","url":"https:\/\/www.eurogate-international.com\/de\/","logo":{"@type":"ImageObject","inLanguage":"de-DE","@id":"https:\/\/www.eurogate-international.com\/de\/#\/schema\/logo\/image\/","url":"https:\/\/www.eurogate-international.com\/wp-content\/uploads\/2020\/06\/Logo_EuroGateInternational2.png","contentUrl":"https:\/\/www.eurogate-international.com\/wp-content\/uploads\/2020\/06\/Logo_EuroGateInternational2.png","width":150,"height":148,"caption":"EuroGate International"},"image":{"@id":"https:\/\/www.eurogate-international.com\/de\/#\/schema\/logo\/image\/"},"sameAs":["https:\/\/www.facebook.com\/EuroGateInternational\/","https:\/\/nl.linkedin.com\/company\/eurogate-international"]}]}},"jetpack_sharing_enabled":true,"_links":{"self":[{"href":"https:\/\/www.eurogate-international.com\/de\/wp-json\/wp\/v2\/product\/21826","targetHints":{"allow":["GET"]}}],"collection":[{"href":"https:\/\/www.eurogate-international.com\/de\/wp-json\/wp\/v2\/product"}],"about":[{"href":"https:\/\/www.eurogate-international.com\/de\/wp-json\/wp\/v2\/types\/product"}],"replies":[{"embeddable":true,"href":"https:\/\/www.eurogate-international.com\/de\/wp-json\/wp\/v2\/comments?post=21826"}],"version-history":[{"count":0,"href":"https:\/\/www.eurogate-international.com\/de\/wp-json\/wp\/v2\/product\/21826\/revisions"}],"wp:featuredmedia":[{"embeddable":true,"href":"https:\/\/www.eurogate-international.com\/de\/wp-json\/wp\/v2\/media\/851"}],"wp:attachment":[{"href":"https:\/\/www.eurogate-international.com\/de\/wp-json\/wp\/v2\/media?parent=21826"}],"wp:term":[{"taxonomy":"product_cat","embeddable":true,"href":"https:\/\/www.eurogate-international.com\/de\/wp-json\/wp\/v2\/product_cat?post=21826"},{"taxonomy":"product_tag","embeddable":true,"href":"https:\/\/www.eurogate-international.com\/de\/wp-json\/wp\/v2\/product_tag?post=21826"}],"curies":[{"name":"wp","href":"https:\/\/api.w.org\/{rel}","templated":true}]}}