{"id":21841,"date":"2018-10-03T13:31:28","date_gmt":"2018-10-03T12:31:28","guid":{"rendered":"https:\/\/www.eurogate-international.com\/product\/highway-tow-diesel-bowser-2000-liter-doppelachsig\/"},"modified":"2025-10-14T15:07:35","modified_gmt":"2025-10-14T14:07:35","slug":"highway-tow-diesel-bowser-2000-liter-doppelachsig","status":"publish","type":"product","link":"https:\/\/www.eurogate-international.com\/de\/product\/highway-tow-diesel-bowser-2000-liter-doppelachsig\/","title":{"rendered":"Highway Tow Diesel Bowser 2000 liter (doppelachsig)"},"excerpt":{"rendered":"<h2>Highway Tow Diesel Bowser 2000 liter<\/h2>\n<p>Dieser Highway Tow Diesel Bowser 2000 Liter besteht aus einem robusten FuelStore 2000 Liter, der auf einem doppelachsigen Anh\u00e4nger montiert ist. Der Tank ist aus 3 und 4 mm dickem Stahl gefertigt und das Fahrgestell ist voll verzinkt. Dieser Dieselanh\u00e4nger ist von hoher Qualit\u00e4t und hat eine hervorragende Stra\u00dfenlage, was daf\u00fcr sorgt, dass er jahrelang problemlos fahren kann. Au\u00dferdem ist dieses Produkt des britischen Unternehmens FuelProof f\u00fcr den Einsatz auf der Stra\u00dfe konzipiert, was es auf dem Markt zu einem einzigartigen Produkt macht. Mit einem abschlie\u00dfbaren Pumpenraum und einer stabilen Konstruktion ist dieser Dieselanh\u00e4nger vandalismusbest\u00e4ndig und sehr zuverl\u00e4ssig.<\/p>\n<p>Dieser Highway Tow Diesel Bowser ist UN\/ADR-zugelassen und verf\u00fcgt \u00fcber eine EU-Stra\u00dfenzulassung, wodurch er f\u00fcr den Transport von Diesel auf \u00f6ffentlichen Stra\u00dfen zugelassen wurde. Dar\u00fcber hinaus ist dieser Anh\u00e4nger serienm\u00e4\u00dfig mit vier Hub\u00f6sen ausgestattet und wird mit einem Paar Generatoranschl\u00fcssen und einer Inhaltsanzeige geliefert. Um diesen Dieselanh\u00e4nger noch besser auf Ihre Bed\u00fcrfnisse abzustimmen, ist eine gro\u00dfe Auswahl an Pumpenoptionen verf\u00fcgbar.<\/p>\n<p><strong>Preis versteht sich ohne Pumpenset.<\/strong><\/p>\n[table id=452 \/]\n","protected":false},"featured_media":899,"comment_status":"closed","ping_status":"closed","template":"","meta":{"_acf_changed":false},"product_cat":[3324,3378],"product_tag":[],"class_list":{"0":"post-21841","1":"product","2":"type-product","3":"status-publish","4":"has-post-thumbnail","6":"product_brand-fuel-proof-de","7":"product_cat-diesel-lagerung","8":"product_cat-dieselanhaenger","10":"first","11":"instock","12":"taxable","13":"shipping-taxable","14":"purchasable","15":"product-type-variable"},"acf":[],"yoast_head":"<!-- This site is optimized with the Yoast SEO plugin v27.5 - https:\/\/yoast.com\/product\/yoast-seo-wordpress\/ -->\n<title>Highway Tow Diesel Bowser 2000 liter (doppelachsig) | EuroGate International<\/title>\n<meta name=\"robots\" content=\"index, follow, max-snippet:-1, max-image-preview:large, max-video-preview:-1\" \/>\n<link rel=\"canonical\" href=\"https:\/\/www.eurogate-international.com\/de\/product\/highway-tow-diesel-bowser-2000-liter-doppelachsig\/\" \/>\n<meta property=\"og:locale\" content=\"de_DE\" \/>\n<meta property=\"og:type\" content=\"article\" \/>\n<meta property=\"og:title\" content=\"Highway Tow Diesel Bowser 2000 liter (doppelachsig) | EuroGate International\" \/>\n<meta property=\"og:description\" content=\"Highway Tow Diesel Bowser 2000 liter Dieser Highway Tow Diesel Bowser 2000 Liter besteht aus einem robusten FuelStore 2000 Liter, der auf einem doppelachsigen Anh\u00e4nger montiert ist. Der Tank ist aus 3 und 4 mm dickem Stahl gefertigt und das Fahrgestell ist voll verzinkt. Dieser Dieselanh\u00e4nger ist von hoher Qualit\u00e4t und hat eine hervorragende Stra\u00dfenlage, was daf\u00fcr sorgt, dass er jahrelang problemlos fahren kann. Au\u00dferdem ist dieses Produkt des britischen Unternehmens FuelProof f\u00fcr den Einsatz auf der Stra\u00dfe konzipiert, was es auf dem Markt zu einem einzigartigen Produkt macht. Mit einem abschlie\u00dfbaren Pumpenraum und einer stabilen Konstruktion ist dieser Dieselanh\u00e4nger vandalismusbest\u00e4ndig und sehr zuverl\u00e4ssig.  Dieser Highway Tow Diesel Bowser ist UN\/ADR-zugelassen und verf\u00fcgt \u00fcber eine EU-Stra\u00dfenzulassung, wodurch er f\u00fcr den Transport von Diesel auf \u00f6ffentlichen Stra\u00dfen zugelassen wurde. Dar\u00fcber hinaus ist dieser Anh\u00e4nger serienm\u00e4\u00dfig mit vier Hub\u00f6sen ausgestattet und wird mit einem Paar Generatoranschl\u00fcssen und einer Inhaltsanzeige geliefert. Um diesen Dieselanh\u00e4nger noch besser auf Ihre Bed\u00fcrfnisse abzustimmen, ist eine gro\u00dfe Auswahl an Pumpenoptionen verf\u00fcgbar.  Preis versteht sich ohne Pumpenset.\" \/>\n<meta property=\"og:url\" content=\"https:\/\/www.eurogate-international.com\/de\/product\/highway-tow-diesel-bowser-2000-liter-doppelachsig\/\" \/>\n<meta property=\"og:site_name\" content=\"EuroGate International\" \/>\n<meta property=\"article:publisher\" content=\"https:\/\/www.facebook.com\/EuroGateInternational\/\" \/>\n<meta property=\"article:modified_time\" content=\"2025-10-14T14:07:35+00:00\" \/>\n<meta property=\"og:image\" content=\"https:\/\/www.eurogate-international.com\/wp-content\/uploads\/2018\/10\/Higway_Tow_Diesel_Bowser_2000L.png\" \/>\n\t<meta property=\"og:image:width\" content=\"2400\" \/>\n\t<meta property=\"og:image:height\" content=\"1800\" \/>\n\t<meta property=\"og:image:type\" content=\"image\/png\" \/>\n<meta name=\"twitter:card\" content=\"summary_large_image\" \/>\n<meta name=\"twitter:label1\" content=\"Gesch\u00e4tzte Lesezeit\" \/>\n\t<meta name=\"twitter:data1\" content=\"2 Minuten\" \/>\n<!-- \/ Yoast SEO plugin. -->","yoast_head_json":{"title":"Highway Tow Diesel Bowser 2000 liter (doppelachsig) | EuroGate International","robots":{"index":"index","follow":"follow","max-snippet":"max-snippet:-1","max-image-preview":"max-image-preview:large","max-video-preview":"max-video-preview:-1"},"canonical":"https:\/\/www.eurogate-international.com\/de\/product\/highway-tow-diesel-bowser-2000-liter-doppelachsig\/","og_locale":"de_DE","og_type":"article","og_title":"Highway Tow Diesel Bowser 2000 liter (doppelachsig) | EuroGate International","og_description":"Highway Tow Diesel Bowser 2000 liter Dieser Highway Tow Diesel Bowser 2000 Liter besteht aus einem robusten FuelStore 2000 Liter, der auf einem doppelachsigen Anh\u00e4nger montiert ist. Der Tank ist aus 3 und 4 mm dickem Stahl gefertigt und das Fahrgestell ist voll verzinkt. Dieser Dieselanh\u00e4nger ist von hoher Qualit\u00e4t und hat eine hervorragende Stra\u00dfenlage, was daf\u00fcr sorgt, dass er jahrelang problemlos fahren kann. Au\u00dferdem ist dieses Produkt des britischen Unternehmens FuelProof f\u00fcr den Einsatz auf der Stra\u00dfe konzipiert, was es auf dem Markt zu einem einzigartigen Produkt macht. Mit einem abschlie\u00dfbaren Pumpenraum und einer stabilen Konstruktion ist dieser Dieselanh\u00e4nger vandalismusbest\u00e4ndig und sehr zuverl\u00e4ssig.  Dieser Highway Tow Diesel Bowser ist UN\/ADR-zugelassen und verf\u00fcgt \u00fcber eine EU-Stra\u00dfenzulassung, wodurch er f\u00fcr den Transport von Diesel auf \u00f6ffentlichen Stra\u00dfen zugelassen wurde. Dar\u00fcber hinaus ist dieser Anh\u00e4nger serienm\u00e4\u00dfig mit vier Hub\u00f6sen ausgestattet und wird mit einem Paar Generatoranschl\u00fcssen und einer Inhaltsanzeige geliefert. Um diesen Dieselanh\u00e4nger noch besser auf Ihre Bed\u00fcrfnisse abzustimmen, ist eine gro\u00dfe Auswahl an Pumpenoptionen verf\u00fcgbar.  Preis versteht sich ohne Pumpenset.","og_url":"https:\/\/www.eurogate-international.com\/de\/product\/highway-tow-diesel-bowser-2000-liter-doppelachsig\/","og_site_name":"EuroGate International","article_publisher":"https:\/\/www.facebook.com\/EuroGateInternational\/","article_modified_time":"2025-10-14T14:07:35+00:00","og_image":[{"width":2400,"height":1800,"url":"https:\/\/www.eurogate-international.com\/wp-content\/uploads\/2018\/10\/Higway_Tow_Diesel_Bowser_2000L.png","type":"image\/png"}],"twitter_card":"summary_large_image","twitter_misc":{"Gesch\u00e4tzte Lesezeit":"2 Minuten"},"schema":{"@context":"https:\/\/schema.org","@graph":[{"@type":"WebPage","@id":"https:\/\/www.eurogate-international.com\/de\/product\/highway-tow-diesel-bowser-2000-liter-doppelachsig\/","url":"https:\/\/www.eurogate-international.com\/de\/product\/highway-tow-diesel-bowser-2000-liter-doppelachsig\/","name":"Highway Tow Diesel Bowser 2000 liter (doppelachsig) | EuroGate International","isPartOf":{"@id":"https:\/\/www.eurogate-international.com\/de\/#website"},"primaryImageOfPage":{"@id":"https:\/\/www.eurogate-international.com\/de\/product\/highway-tow-diesel-bowser-2000-liter-doppelachsig\/#primaryimage"},"image":{"@id":"https:\/\/www.eurogate-international.com\/de\/product\/highway-tow-diesel-bowser-2000-liter-doppelachsig\/#primaryimage"},"thumbnailUrl":"https:\/\/www.eurogate-international.com\/wp-content\/uploads\/2018\/10\/Higway_Tow_Diesel_Bowser_2000L.png","datePublished":"2018-10-03T12:31:28+00:00","dateModified":"2025-10-14T14:07:35+00:00","breadcrumb":{"@id":"https:\/\/www.eurogate-international.com\/de\/product\/highway-tow-diesel-bowser-2000-liter-doppelachsig\/#breadcrumb"},"inLanguage":"de-DE","potentialAction":[{"@type":"ReadAction","target":["https:\/\/www.eurogate-international.com\/de\/product\/highway-tow-diesel-bowser-2000-liter-doppelachsig\/"]}]},{"@type":"ImageObject","inLanguage":"de-DE","@id":"https:\/\/www.eurogate-international.com\/de\/product\/highway-tow-diesel-bowser-2000-liter-doppelachsig\/#primaryimage","url":"https:\/\/www.eurogate-international.com\/wp-content\/uploads\/2018\/10\/Higway_Tow_Diesel_Bowser_2000L.png","contentUrl":"https:\/\/www.eurogate-international.com\/wp-content\/uploads\/2018\/10\/Higway_Tow_Diesel_Bowser_2000L.png","width":2400,"height":1800},{"@type":"BreadcrumbList","@id":"https:\/\/www.eurogate-international.com\/de\/product\/highway-tow-diesel-bowser-2000-liter-doppelachsig\/#breadcrumb","itemListElement":[{"@type":"ListItem","position":1,"name":"Home","item":"https:\/\/www.eurogate-international.com\/de\/"},{"@type":"ListItem","position":2,"name":"Shop","item":"https:\/\/www.eurogate-international.com\/de\/shop-2\/"},{"@type":"ListItem","position":3,"name":"Highway Tow Diesel Bowser 2000 liter (doppelachsig)"}]},{"@type":"WebSite","@id":"https:\/\/www.eurogate-international.com\/de\/#website","url":"https:\/\/www.eurogate-international.com\/de\/","name":"EuroGate International","description":"D\u00e9 onafhankelijke Europese verkooporganisatie van machines","publisher":{"@id":"https:\/\/www.eurogate-international.com\/de\/#organization"},"potentialAction":[{"@type":"SearchAction","target":{"@type":"EntryPoint","urlTemplate":"https:\/\/www.eurogate-international.com\/de\/?s={search_term_string}"},"query-input":{"@type":"PropertyValueSpecification","valueRequired":true,"valueName":"search_term_string"}}],"inLanguage":"de-DE"},{"@type":"Organization","@id":"https:\/\/www.eurogate-international.com\/de\/#organization","name":"EuroGate International","url":"https:\/\/www.eurogate-international.com\/de\/","logo":{"@type":"ImageObject","inLanguage":"de-DE","@id":"https:\/\/www.eurogate-international.com\/de\/#\/schema\/logo\/image\/","url":"https:\/\/www.eurogate-international.com\/wp-content\/uploads\/2020\/06\/Logo_EuroGateInternational2.png","contentUrl":"https:\/\/www.eurogate-international.com\/wp-content\/uploads\/2020\/06\/Logo_EuroGateInternational2.png","width":150,"height":148,"caption":"EuroGate International"},"image":{"@id":"https:\/\/www.eurogate-international.com\/de\/#\/schema\/logo\/image\/"},"sameAs":["https:\/\/www.facebook.com\/EuroGateInternational\/","https:\/\/nl.linkedin.com\/company\/eurogate-international"]}]}},"jetpack_sharing_enabled":true,"_links":{"self":[{"href":"https:\/\/www.eurogate-international.com\/de\/wp-json\/wp\/v2\/product\/21841","targetHints":{"allow":["GET"]}}],"collection":[{"href":"https:\/\/www.eurogate-international.com\/de\/wp-json\/wp\/v2\/product"}],"about":[{"href":"https:\/\/www.eurogate-international.com\/de\/wp-json\/wp\/v2\/types\/product"}],"replies":[{"embeddable":true,"href":"https:\/\/www.eurogate-international.com\/de\/wp-json\/wp\/v2\/comments?post=21841"}],"version-history":[{"count":0,"href":"https:\/\/www.eurogate-international.com\/de\/wp-json\/wp\/v2\/product\/21841\/revisions"}],"wp:featuredmedia":[{"embeddable":true,"href":"https:\/\/www.eurogate-international.com\/de\/wp-json\/wp\/v2\/media\/899"}],"wp:attachment":[{"href":"https:\/\/www.eurogate-international.com\/de\/wp-json\/wp\/v2\/media?parent=21841"}],"wp:term":[{"taxonomy":"product_cat","embeddable":true,"href":"https:\/\/www.eurogate-international.com\/de\/wp-json\/wp\/v2\/product_cat?post=21841"},{"taxonomy":"product_tag","embeddable":true,"href":"https:\/\/www.eurogate-international.com\/de\/wp-json\/wp\/v2\/product_tag?post=21841"}],"curies":[{"name":"wp","href":"https:\/\/api.w.org\/{rel}","templated":true}]}}