{"id":21847,"date":"2018-10-04T13:48:07","date_gmt":"2018-10-04T12:48:07","guid":{"rendered":"https:\/\/www.eurogate-international.com\/product\/site-tow-diesel-bowser-2500-liter\/"},"modified":"2025-10-14T15:31:38","modified_gmt":"2025-10-14T14:31:38","slug":"site-tow-diesel-bowser-2500-liter","status":"publish","type":"product","link":"https:\/\/www.eurogate-international.com\/de\/product\/site-tow-diesel-bowser-2500-liter\/","title":{"rendered":"Site Tow Diesel Bowser 2500 liter"},"excerpt":{"rendered":"<h2>Site Tow Diesel Bowser 2500 liter<\/h2>\n<p>Dieser Site Tow Diesel Bowser 2500 Liter besteht aus einem robusten FuelStore 2500 Liter, der auf einem einachsigen Anh\u00e4nger montiert ist. Der Tank ist aus 3 und 4 mm dickem Stahl gefertigt und das Fahrgestell ist voll verzinkt. Der Anh\u00e4nger ist von sehr hoher Qualit\u00e4t mit einem sehr stabilen Fahrgestell und gro\u00dfen Reifen. Dar\u00fcber hinaus ist dieser Diesellagertank mit einem abschlie\u00dfbaren Pumpenraum ausgestattet und seine stabile Konstruktion macht ihn vandalismusbest\u00e4ndig und sehr zuverl\u00e4ssig.<\/p>\n<p>Dieser Site Tow Diesel Bowser ist standardm\u00e4\u00dfig mit vier Hub\u00f6sen ausgestattet. Au\u00dferdem ist dieses sch\u00f6ne Produkt UN\/ADR-zugelassen, so dass der Transport von Diesel durch diesen Diesellagertank erlaubt ist. Der Site Tow Diesel Bowser 1000 Liter wird standardm\u00e4\u00dfig mit einem Paar Generatoranschl\u00fcsse und einer Inhaltsanzeige geliefert. Um diesen Lagertank m\u00f6glichst komplett zu machen, ist ein enormes Sortiment an Pumpenoptionen verf\u00fcgbar.<\/p>\n<p><strong>Preis versteht sich ohne Pumpenset.<\/strong><\/p>\n[table id=452 \/]\n","protected":false},"featured_media":938,"comment_status":"closed","ping_status":"closed","template":"","meta":{"_acf_changed":false},"product_cat":[3324,3378],"product_tag":[],"class_list":{"0":"post-21847","1":"product","2":"type-product","3":"status-publish","4":"has-post-thumbnail","6":"product_brand-fuel-proof-de","7":"product_cat-diesel-lagerung","8":"product_cat-dieselanhaenger","10":"first","11":"instock","12":"taxable","13":"shipping-taxable","14":"purchasable","15":"product-type-variable","16":"has-default-attributes"},"acf":[],"yoast_head":"<!-- This site is optimized with the Yoast SEO plugin v27.5 - https:\/\/yoast.com\/product\/yoast-seo-wordpress\/ -->\n<title>Site Tow Diesel Bowser 2500 liter | EuroGate International<\/title>\n<meta name=\"robots\" content=\"index, follow, max-snippet:-1, max-image-preview:large, max-video-preview:-1\" \/>\n<link rel=\"canonical\" href=\"https:\/\/www.eurogate-international.com\/de\/product\/site-tow-diesel-bowser-2500-liter\/\" \/>\n<meta property=\"og:locale\" content=\"de_DE\" \/>\n<meta property=\"og:type\" content=\"article\" \/>\n<meta property=\"og:title\" content=\"Site Tow Diesel Bowser 2500 liter | EuroGate International\" \/>\n<meta property=\"og:description\" content=\"Site Tow Diesel Bowser 2500 liter Dieser Site Tow Diesel Bowser 2500 Liter besteht aus einem robusten FuelStore 2500 Liter, der auf einem einachsigen Anh\u00e4nger montiert ist. Der Tank ist aus 3 und 4 mm dickem Stahl gefertigt und das Fahrgestell ist voll verzinkt. Der Anh\u00e4nger ist von sehr hoher Qualit\u00e4t mit einem sehr stabilen Fahrgestell und gro\u00dfen Reifen. Dar\u00fcber hinaus ist dieser Diesellagertank mit einem abschlie\u00dfbaren Pumpenraum ausgestattet und seine stabile Konstruktion macht ihn vandalismusbest\u00e4ndig und sehr zuverl\u00e4ssig.  Dieser Site Tow Diesel Bowser ist standardm\u00e4\u00dfig mit vier Hub\u00f6sen ausgestattet. Au\u00dferdem ist dieses sch\u00f6ne Produkt UN\/ADR-zugelassen, so dass der Transport von Diesel durch diesen Diesellagertank erlaubt ist. Der Site Tow Diesel Bowser 1000 Liter wird standardm\u00e4\u00dfig mit einem Paar Generatoranschl\u00fcsse und einer Inhaltsanzeige geliefert. Um diesen Lagertank m\u00f6glichst komplett zu machen, ist ein enormes Sortiment an Pumpenoptionen verf\u00fcgbar.  Preis versteht sich ohne Pumpenset.\" \/>\n<meta property=\"og:url\" content=\"https:\/\/www.eurogate-international.com\/de\/product\/site-tow-diesel-bowser-2500-liter\/\" \/>\n<meta property=\"og:site_name\" content=\"EuroGate International\" \/>\n<meta property=\"article:publisher\" content=\"https:\/\/www.facebook.com\/EuroGateInternational\/\" \/>\n<meta property=\"article:modified_time\" content=\"2025-10-14T14:31:38+00:00\" \/>\n<meta property=\"og:image\" content=\"https:\/\/www.eurogate-international.com\/wp-content\/uploads\/2018\/10\/Site_Tow_Diesel_Bowser_2500L-1.png\" \/>\n\t<meta property=\"og:image:width\" content=\"1747\" \/>\n\t<meta property=\"og:image:height\" content=\"1211\" \/>\n\t<meta property=\"og:image:type\" content=\"image\/png\" \/>\n<meta name=\"twitter:card\" content=\"summary_large_image\" \/>\n<meta name=\"twitter:label1\" content=\"Gesch\u00e4tzte Lesezeit\" \/>\n\t<meta name=\"twitter:data1\" content=\"2 Minuten\" \/>\n<!-- \/ Yoast SEO plugin. -->","yoast_head_json":{"title":"Site Tow Diesel Bowser 2500 liter | EuroGate International","robots":{"index":"index","follow":"follow","max-snippet":"max-snippet:-1","max-image-preview":"max-image-preview:large","max-video-preview":"max-video-preview:-1"},"canonical":"https:\/\/www.eurogate-international.com\/de\/product\/site-tow-diesel-bowser-2500-liter\/","og_locale":"de_DE","og_type":"article","og_title":"Site Tow Diesel Bowser 2500 liter | EuroGate International","og_description":"Site Tow Diesel Bowser 2500 liter Dieser Site Tow Diesel Bowser 2500 Liter besteht aus einem robusten FuelStore 2500 Liter, der auf einem einachsigen Anh\u00e4nger montiert ist. Der Tank ist aus 3 und 4 mm dickem Stahl gefertigt und das Fahrgestell ist voll verzinkt. Der Anh\u00e4nger ist von sehr hoher Qualit\u00e4t mit einem sehr stabilen Fahrgestell und gro\u00dfen Reifen. Dar\u00fcber hinaus ist dieser Diesellagertank mit einem abschlie\u00dfbaren Pumpenraum ausgestattet und seine stabile Konstruktion macht ihn vandalismusbest\u00e4ndig und sehr zuverl\u00e4ssig.  Dieser Site Tow Diesel Bowser ist standardm\u00e4\u00dfig mit vier Hub\u00f6sen ausgestattet. Au\u00dferdem ist dieses sch\u00f6ne Produkt UN\/ADR-zugelassen, so dass der Transport von Diesel durch diesen Diesellagertank erlaubt ist. Der Site Tow Diesel Bowser 1000 Liter wird standardm\u00e4\u00dfig mit einem Paar Generatoranschl\u00fcsse und einer Inhaltsanzeige geliefert. Um diesen Lagertank m\u00f6glichst komplett zu machen, ist ein enormes Sortiment an Pumpenoptionen verf\u00fcgbar.  Preis versteht sich ohne Pumpenset.","og_url":"https:\/\/www.eurogate-international.com\/de\/product\/site-tow-diesel-bowser-2500-liter\/","og_site_name":"EuroGate International","article_publisher":"https:\/\/www.facebook.com\/EuroGateInternational\/","article_modified_time":"2025-10-14T14:31:38+00:00","og_image":[{"width":1747,"height":1211,"url":"https:\/\/www.eurogate-international.com\/wp-content\/uploads\/2018\/10\/Site_Tow_Diesel_Bowser_2500L-1.png","type":"image\/png"}],"twitter_card":"summary_large_image","twitter_misc":{"Gesch\u00e4tzte Lesezeit":"2 Minuten"},"schema":{"@context":"https:\/\/schema.org","@graph":[{"@type":"WebPage","@id":"https:\/\/www.eurogate-international.com\/de\/product\/site-tow-diesel-bowser-2500-liter\/","url":"https:\/\/www.eurogate-international.com\/de\/product\/site-tow-diesel-bowser-2500-liter\/","name":"Site Tow Diesel Bowser 2500 liter | EuroGate International","isPartOf":{"@id":"https:\/\/www.eurogate-international.com\/de\/#website"},"primaryImageOfPage":{"@id":"https:\/\/www.eurogate-international.com\/de\/product\/site-tow-diesel-bowser-2500-liter\/#primaryimage"},"image":{"@id":"https:\/\/www.eurogate-international.com\/de\/product\/site-tow-diesel-bowser-2500-liter\/#primaryimage"},"thumbnailUrl":"https:\/\/www.eurogate-international.com\/wp-content\/uploads\/2018\/10\/Site_Tow_Diesel_Bowser_2500L-1.png","datePublished":"2018-10-04T12:48:07+00:00","dateModified":"2025-10-14T14:31:38+00:00","breadcrumb":{"@id":"https:\/\/www.eurogate-international.com\/de\/product\/site-tow-diesel-bowser-2500-liter\/#breadcrumb"},"inLanguage":"de-DE","potentialAction":[{"@type":"ReadAction","target":["https:\/\/www.eurogate-international.com\/de\/product\/site-tow-diesel-bowser-2500-liter\/"]}]},{"@type":"ImageObject","inLanguage":"de-DE","@id":"https:\/\/www.eurogate-international.com\/de\/product\/site-tow-diesel-bowser-2500-liter\/#primaryimage","url":"https:\/\/www.eurogate-international.com\/wp-content\/uploads\/2018\/10\/Site_Tow_Diesel_Bowser_2500L-1.png","contentUrl":"https:\/\/www.eurogate-international.com\/wp-content\/uploads\/2018\/10\/Site_Tow_Diesel_Bowser_2500L-1.png","width":1747,"height":1211},{"@type":"BreadcrumbList","@id":"https:\/\/www.eurogate-international.com\/de\/product\/site-tow-diesel-bowser-2500-liter\/#breadcrumb","itemListElement":[{"@type":"ListItem","position":1,"name":"Home","item":"https:\/\/www.eurogate-international.com\/de\/"},{"@type":"ListItem","position":2,"name":"Shop","item":"https:\/\/www.eurogate-international.com\/de\/shop-2\/"},{"@type":"ListItem","position":3,"name":"Site Tow Diesel Bowser 2500 liter"}]},{"@type":"WebSite","@id":"https:\/\/www.eurogate-international.com\/de\/#website","url":"https:\/\/www.eurogate-international.com\/de\/","name":"EuroGate International","description":"D\u00e9 onafhankelijke Europese verkooporganisatie van machines","publisher":{"@id":"https:\/\/www.eurogate-international.com\/de\/#organization"},"potentialAction":[{"@type":"SearchAction","target":{"@type":"EntryPoint","urlTemplate":"https:\/\/www.eurogate-international.com\/de\/?s={search_term_string}"},"query-input":{"@type":"PropertyValueSpecification","valueRequired":true,"valueName":"search_term_string"}}],"inLanguage":"de-DE"},{"@type":"Organization","@id":"https:\/\/www.eurogate-international.com\/de\/#organization","name":"EuroGate International","url":"https:\/\/www.eurogate-international.com\/de\/","logo":{"@type":"ImageObject","inLanguage":"de-DE","@id":"https:\/\/www.eurogate-international.com\/de\/#\/schema\/logo\/image\/","url":"https:\/\/www.eurogate-international.com\/wp-content\/uploads\/2020\/06\/Logo_EuroGateInternational2.png","contentUrl":"https:\/\/www.eurogate-international.com\/wp-content\/uploads\/2020\/06\/Logo_EuroGateInternational2.png","width":150,"height":148,"caption":"EuroGate International"},"image":{"@id":"https:\/\/www.eurogate-international.com\/de\/#\/schema\/logo\/image\/"},"sameAs":["https:\/\/www.facebook.com\/EuroGateInternational\/","https:\/\/nl.linkedin.com\/company\/eurogate-international"]}]}},"jetpack_sharing_enabled":true,"_links":{"self":[{"href":"https:\/\/www.eurogate-international.com\/de\/wp-json\/wp\/v2\/product\/21847","targetHints":{"allow":["GET"]}}],"collection":[{"href":"https:\/\/www.eurogate-international.com\/de\/wp-json\/wp\/v2\/product"}],"about":[{"href":"https:\/\/www.eurogate-international.com\/de\/wp-json\/wp\/v2\/types\/product"}],"replies":[{"embeddable":true,"href":"https:\/\/www.eurogate-international.com\/de\/wp-json\/wp\/v2\/comments?post=21847"}],"version-history":[{"count":0,"href":"https:\/\/www.eurogate-international.com\/de\/wp-json\/wp\/v2\/product\/21847\/revisions"}],"wp:featuredmedia":[{"embeddable":true,"href":"https:\/\/www.eurogate-international.com\/de\/wp-json\/wp\/v2\/media\/938"}],"wp:attachment":[{"href":"https:\/\/www.eurogate-international.com\/de\/wp-json\/wp\/v2\/media?parent=21847"}],"wp:term":[{"taxonomy":"product_cat","embeddable":true,"href":"https:\/\/www.eurogate-international.com\/de\/wp-json\/wp\/v2\/product_cat?post=21847"},{"taxonomy":"product_tag","embeddable":true,"href":"https:\/\/www.eurogate-international.com\/de\/wp-json\/wp\/v2\/product_tag?post=21847"}],"curies":[{"name":"wp","href":"https:\/\/api.w.org\/{rel}","templated":true}]}}