{"id":22310,"date":"2023-10-13T20:09:58","date_gmt":"2023-10-13T19:09:58","guid":{"rendered":"https:\/\/www.eurogate-international.com\/product\/ein-aus-schalter-240h-0350\/"},"modified":"2024-11-19T15:51:11","modified_gmt":"2024-11-19T14:51:11","slug":"ein-aus-schalter-240h-0350","status":"publish","type":"product","link":"https:\/\/www.eurogate-international.com\/de\/product\/ein-aus-schalter-240h-0350\/","title":{"rendered":"240H-0350 Ein\/Aus-Schalter"},"excerpt":{"rendered":"<h2>240H-0350 Ein\/Aus-Schalter<\/h2>\n<h3>General Equipment<\/h3>\n<p>Das gr\u00f6\u00dfte Sortiment an Ersatzteilen f\u00fcr General Equipment ist in den Niederlanden bei EuroGate International erh\u00e4ltlich. Von hier aus beliefern wir alle unsere Kunden in ganz Europa mit Teilen.<\/p>\n<p>General Equipment aus den USA ist der Spezialist auf dem Gebiet der Ein- und Zwei-Mann-Erdbohrmaschinen. Diese vielseitigen Maschinen werden h\u00e4ufig in den Bereichen Vermietung, Bau, Gartenbau, Infrastruktur und Z\u00e4une eingesetzt. Die Modelle 242 und 332 sind die neuesten Modelle und k\u00f6nnen in unserem Showroom besichtigt werden. F\u00fcr beide Maschinen verf\u00fcgen wir \u00fcber einen gro\u00dfen Ersatzteilvorrat. Finden Sie die gew\u00fcnschten Teile nicht auf unserer Website? Bitte kontaktieren Sie uns.<\/p>\n<h3>Kompetenz und Service<\/h3>\n<p>EuroGate International hat im Laufe der Jahre Erfahrung mit Erdbohrmaschinen aufgebaut. Wir verf\u00fcgen \u00fcber ein breites Sortiment an Erdbohrer, Verschlei\u00dfteilen und Ersatzteilen, um unseren Kunden die beste Beratung und den besten Service zu bieten. Sehen Sie sich hier alle Erdbohrmaschinen von EuroGate International an. Fragen zu unseren Produkten? Rufen Sie umgehend unsere Vertriebsabteilung an, um eine entsprechende Beratung zu erhalten: +31 0523-638286<\/p>\n","protected":false},"featured_media":18978,"comment_status":"closed","ping_status":"closed","template":"","meta":{"_acf_changed":false},"product_cat":[3566,3565],"product_tag":[],"class_list":{"0":"post-22310","1":"product","2":"type-product","3":"status-publish","4":"has-post-thumbnail","6":"product_brand-general-equipment-de","7":"product_cat-general-equipment-teile","8":"product_cat-maschinenteile","10":"first","11":"instock","12":"taxable","13":"shipping-taxable","14":"purchasable","15":"product-type-simple"},"acf":[],"yoast_head":"<!-- This site is optimized with the Yoast SEO plugin v27.3 - https:\/\/yoast.com\/product\/yoast-seo-wordpress\/ -->\n<title>240H-0350 Ein\/Aus-Schalter | EuroGate International<\/title>\n<meta name=\"robots\" content=\"index, follow, max-snippet:-1, max-image-preview:large, max-video-preview:-1\" \/>\n<link rel=\"canonical\" href=\"https:\/\/www.eurogate-international.com\/de\/product\/ein-aus-schalter-240h-0350\/\" \/>\n<meta property=\"og:locale\" content=\"de_DE\" \/>\n<meta property=\"og:type\" content=\"article\" \/>\n<meta property=\"og:title\" content=\"240H-0350 Ein\/Aus-Schalter | EuroGate International\" \/>\n<meta property=\"og:description\" content=\"240H-0350 Ein\/Aus-Schalter General Equipment Das gr\u00f6\u00dfte Sortiment an Ersatzteilen f\u00fcr General Equipment ist in den Niederlanden bei EuroGate International erh\u00e4ltlich. Von hier aus beliefern wir alle unsere Kunden in ganz Europa mit Teilen.  General Equipment aus den USA ist der Spezialist auf dem Gebiet der Ein- und Zwei-Mann-Erdbohrmaschinen. Diese vielseitigen Maschinen werden h\u00e4ufig in den Bereichen Vermietung, Bau, Gartenbau, Infrastruktur und Z\u00e4une eingesetzt. Die Modelle 242 und 332 sind die neuesten Modelle und k\u00f6nnen in unserem Showroom besichtigt werden. F\u00fcr beide Maschinen verf\u00fcgen wir \u00fcber einen gro\u00dfen Ersatzteilvorrat. Finden Sie die gew\u00fcnschten Teile nicht auf unserer Website? Bitte kontaktieren Sie uns. Kompetenz und Service EuroGate International hat im Laufe der Jahre Erfahrung mit Erdbohrmaschinen aufgebaut. Wir verf\u00fcgen \u00fcber ein breites Sortiment an Erdbohrer, Verschlei\u00dfteilen und Ersatzteilen, um unseren Kunden die beste Beratung und den besten Service zu bieten. Sehen Sie sich hier alle Erdbohrmaschinen von EuroGate International an. Fragen zu unseren Produkten? Rufen Sie umgehend unsere Vertriebsabteilung an, um eine entsprechende Beratung zu erhalten: +31 0523-638286\" \/>\n<meta property=\"og:url\" content=\"https:\/\/www.eurogate-international.com\/de\/product\/ein-aus-schalter-240h-0350\/\" \/>\n<meta property=\"og:site_name\" content=\"EuroGate International\" \/>\n<meta property=\"article:publisher\" content=\"https:\/\/www.facebook.com\/EuroGateInternational\/\" \/>\n<meta property=\"article:modified_time\" content=\"2024-11-19T14:51:11+00:00\" \/>\n<meta property=\"og:image\" content=\"https:\/\/www.eurogate-international.com\/wp-content\/uploads\/2023\/10\/switch-on-of.png\" \/>\n\t<meta property=\"og:image:width\" content=\"1500\" \/>\n\t<meta property=\"og:image:height\" content=\"1500\" \/>\n\t<meta property=\"og:image:type\" content=\"image\/png\" \/>\n<meta name=\"twitter:card\" content=\"summary_large_image\" \/>\n<meta name=\"twitter:label1\" content=\"Gesch\u00e4tzte Lesezeit\" \/>\n\t<meta name=\"twitter:data1\" content=\"1 Minute\" \/>\n<!-- \/ Yoast SEO plugin. -->","yoast_head_json":{"title":"240H-0350 Ein\/Aus-Schalter | EuroGate International","robots":{"index":"index","follow":"follow","max-snippet":"max-snippet:-1","max-image-preview":"max-image-preview:large","max-video-preview":"max-video-preview:-1"},"canonical":"https:\/\/www.eurogate-international.com\/de\/product\/ein-aus-schalter-240h-0350\/","og_locale":"de_DE","og_type":"article","og_title":"240H-0350 Ein\/Aus-Schalter | EuroGate International","og_description":"240H-0350 Ein\/Aus-Schalter General Equipment Das gr\u00f6\u00dfte Sortiment an Ersatzteilen f\u00fcr General Equipment ist in den Niederlanden bei EuroGate International erh\u00e4ltlich. Von hier aus beliefern wir alle unsere Kunden in ganz Europa mit Teilen.  General Equipment aus den USA ist der Spezialist auf dem Gebiet der Ein- und Zwei-Mann-Erdbohrmaschinen. Diese vielseitigen Maschinen werden h\u00e4ufig in den Bereichen Vermietung, Bau, Gartenbau, Infrastruktur und Z\u00e4une eingesetzt. Die Modelle 242 und 332 sind die neuesten Modelle und k\u00f6nnen in unserem Showroom besichtigt werden. F\u00fcr beide Maschinen verf\u00fcgen wir \u00fcber einen gro\u00dfen Ersatzteilvorrat. Finden Sie die gew\u00fcnschten Teile nicht auf unserer Website? Bitte kontaktieren Sie uns. Kompetenz und Service EuroGate International hat im Laufe der Jahre Erfahrung mit Erdbohrmaschinen aufgebaut. Wir verf\u00fcgen \u00fcber ein breites Sortiment an Erdbohrer, Verschlei\u00dfteilen und Ersatzteilen, um unseren Kunden die beste Beratung und den besten Service zu bieten. Sehen Sie sich hier alle Erdbohrmaschinen von EuroGate International an. Fragen zu unseren Produkten? Rufen Sie umgehend unsere Vertriebsabteilung an, um eine entsprechende Beratung zu erhalten: +31 0523-638286","og_url":"https:\/\/www.eurogate-international.com\/de\/product\/ein-aus-schalter-240h-0350\/","og_site_name":"EuroGate International","article_publisher":"https:\/\/www.facebook.com\/EuroGateInternational\/","article_modified_time":"2024-11-19T14:51:11+00:00","og_image":[{"width":1500,"height":1500,"url":"https:\/\/www.eurogate-international.com\/wp-content\/uploads\/2023\/10\/switch-on-of.png","type":"image\/png"}],"twitter_card":"summary_large_image","twitter_misc":{"Gesch\u00e4tzte Lesezeit":"1 Minute"},"schema":{"@context":"https:\/\/schema.org","@graph":[{"@type":"WebPage","@id":"https:\/\/www.eurogate-international.com\/de\/product\/ein-aus-schalter-240h-0350\/","url":"https:\/\/www.eurogate-international.com\/de\/product\/ein-aus-schalter-240h-0350\/","name":"240H-0350 Ein\/Aus-Schalter | EuroGate International","isPartOf":{"@id":"https:\/\/www.eurogate-international.com\/de\/#website"},"primaryImageOfPage":{"@id":"https:\/\/www.eurogate-international.com\/de\/product\/ein-aus-schalter-240h-0350\/#primaryimage"},"image":{"@id":"https:\/\/www.eurogate-international.com\/de\/product\/ein-aus-schalter-240h-0350\/#primaryimage"},"thumbnailUrl":"https:\/\/www.eurogate-international.com\/wp-content\/uploads\/2023\/10\/switch-on-of.png","datePublished":"2023-10-13T19:09:58+00:00","dateModified":"2024-11-19T14:51:11+00:00","breadcrumb":{"@id":"https:\/\/www.eurogate-international.com\/de\/product\/ein-aus-schalter-240h-0350\/#breadcrumb"},"inLanguage":"de-DE","potentialAction":[{"@type":"ReadAction","target":["https:\/\/www.eurogate-international.com\/de\/product\/ein-aus-schalter-240h-0350\/"]}]},{"@type":"ImageObject","inLanguage":"de-DE","@id":"https:\/\/www.eurogate-international.com\/de\/product\/ein-aus-schalter-240h-0350\/#primaryimage","url":"https:\/\/www.eurogate-international.com\/wp-content\/uploads\/2023\/10\/switch-on-of.png","contentUrl":"https:\/\/www.eurogate-international.com\/wp-content\/uploads\/2023\/10\/switch-on-of.png","width":1500,"height":1500},{"@type":"BreadcrumbList","@id":"https:\/\/www.eurogate-international.com\/de\/product\/ein-aus-schalter-240h-0350\/#breadcrumb","itemListElement":[{"@type":"ListItem","position":1,"name":"Home","item":"https:\/\/www.eurogate-international.com\/de\/"},{"@type":"ListItem","position":2,"name":"Shop","item":"https:\/\/www.eurogate-international.com\/de\/shop-2\/"},{"@type":"ListItem","position":3,"name":"240H-0350 Ein\/Aus-Schalter"}]},{"@type":"WebSite","@id":"https:\/\/www.eurogate-international.com\/de\/#website","url":"https:\/\/www.eurogate-international.com\/de\/","name":"EuroGate International","description":"D\u00e9 onafhankelijke Europese verkooporganisatie van machines","publisher":{"@id":"https:\/\/www.eurogate-international.com\/de\/#organization"},"potentialAction":[{"@type":"SearchAction","target":{"@type":"EntryPoint","urlTemplate":"https:\/\/www.eurogate-international.com\/de\/?s={search_term_string}"},"query-input":{"@type":"PropertyValueSpecification","valueRequired":true,"valueName":"search_term_string"}}],"inLanguage":"de-DE"},{"@type":"Organization","@id":"https:\/\/www.eurogate-international.com\/de\/#organization","name":"EuroGate International","url":"https:\/\/www.eurogate-international.com\/de\/","logo":{"@type":"ImageObject","inLanguage":"de-DE","@id":"https:\/\/www.eurogate-international.com\/de\/#\/schema\/logo\/image\/","url":"https:\/\/www.eurogate-international.com\/wp-content\/uploads\/2020\/06\/Logo_EuroGateInternational2.png","contentUrl":"https:\/\/www.eurogate-international.com\/wp-content\/uploads\/2020\/06\/Logo_EuroGateInternational2.png","width":150,"height":148,"caption":"EuroGate International"},"image":{"@id":"https:\/\/www.eurogate-international.com\/de\/#\/schema\/logo\/image\/"},"sameAs":["https:\/\/www.facebook.com\/EuroGateInternational\/","https:\/\/nl.linkedin.com\/company\/eurogate-international"]}]}},"jetpack_sharing_enabled":true,"_links":{"self":[{"href":"https:\/\/www.eurogate-international.com\/de\/wp-json\/wp\/v2\/product\/22310","targetHints":{"allow":["GET"]}}],"collection":[{"href":"https:\/\/www.eurogate-international.com\/de\/wp-json\/wp\/v2\/product"}],"about":[{"href":"https:\/\/www.eurogate-international.com\/de\/wp-json\/wp\/v2\/types\/product"}],"replies":[{"embeddable":true,"href":"https:\/\/www.eurogate-international.com\/de\/wp-json\/wp\/v2\/comments?post=22310"}],"version-history":[{"count":0,"href":"https:\/\/www.eurogate-international.com\/de\/wp-json\/wp\/v2\/product\/22310\/revisions"}],"wp:featuredmedia":[{"embeddable":true,"href":"https:\/\/www.eurogate-international.com\/de\/wp-json\/wp\/v2\/media\/18978"}],"wp:attachment":[{"href":"https:\/\/www.eurogate-international.com\/de\/wp-json\/wp\/v2\/media?parent=22310"}],"wp:term":[{"taxonomy":"product_cat","embeddable":true,"href":"https:\/\/www.eurogate-international.com\/de\/wp-json\/wp\/v2\/product_cat?post=22310"},{"taxonomy":"product_tag","embeddable":true,"href":"https:\/\/www.eurogate-international.com\/de\/wp-json\/wp\/v2\/product_tag?post=22310"}],"curies":[{"name":"wp","href":"https:\/\/api.w.org\/{rel}","templated":true}]}}