{"id":22526,"date":"2024-06-04T09:33:58","date_gmt":"2024-06-04T08:33:58","guid":{"rendered":"https:\/\/www.eurogate-international.com\/product\/au-002364-anschweisskopf-fuer-mm-14k-schraubfundamentmaschine\/"},"modified":"2024-06-04T09:45:54","modified_gmt":"2024-06-04T08:45:54","slug":"au-002364-anschweisskopf-fuer-mm-14k-schraubfundamentmaschine","status":"publish","type":"product","link":"https:\/\/www.eurogate-international.com\/de\/product\/au-002364-anschweisskopf-fuer-mm-14k-schraubfundamentmaschine\/","title":{"rendered":"AU-002364 Anschwei\u00dfkopf f\u00fcr MM-14K"},"excerpt":{"rendered":"<h2>AU-002364 Schwei\u00dfkopf f\u00fcr MM-14K Schraubfundamentmaschine<\/h2>\n<p>Dieser Anschwei\u00dfkopf passt perfekt auf die Abtriebswelle der MM-14K Schraubfundamentmaschine. Es gibt mehrere Anschl\u00fcsse f\u00fcr Schraubanker. Mit diesem Anschwei\u00dfkopf k\u00f6nnen Sie selbst eine Verbindung zwischen der Maschine und dem Anker herstellen.<\/p>\n<p><em><strong>Standardm\u00e4\u00dfig mit Stift geliefert.<\/strong><\/em><\/p>\n","protected":false},"featured_media":22522,"comment_status":"closed","ping_status":"closed","template":"","meta":{"_acf_changed":false},"product_cat":[3322],"product_tag":[],"class_list":{"0":"post-22526","1":"product","2":"type-product","3":"status-publish","4":"has-post-thumbnail","6":"product_brand-digga-de","7":"product_cat-schraubfundament-maschinen","9":"first","10":"instock","11":"taxable","12":"shipping-taxable","13":"purchasable","14":"product-type-simple"},"acf":[],"yoast_head":"<!-- This site is optimized with the Yoast SEO plugin v27.3 - https:\/\/yoast.com\/product\/yoast-seo-wordpress\/ -->\n<title>AU-002364 Anschwei\u00dfkopf f\u00fcr MM-14K | EuroGate International<\/title>\n<meta name=\"robots\" content=\"index, follow, max-snippet:-1, max-image-preview:large, max-video-preview:-1\" \/>\n<link rel=\"canonical\" href=\"https:\/\/www.eurogate-international.com\/de\/product\/au-002364-anschweisskopf-fuer-mm-14k-schraubfundamentmaschine\/\" \/>\n<meta property=\"og:locale\" content=\"de_DE\" \/>\n<meta property=\"og:type\" content=\"article\" \/>\n<meta property=\"og:title\" content=\"AU-002364 Anschwei\u00dfkopf f\u00fcr MM-14K | EuroGate International\" \/>\n<meta property=\"og:description\" content=\"AU-002364 Schwei\u00dfkopf f\u00fcr MM-14K Schraubfundamentmaschine Dieser Anschwei\u00dfkopf passt perfekt auf die Abtriebswelle der MM-14K Schraubfundamentmaschine. Es gibt mehrere Anschl\u00fcsse f\u00fcr Schraubanker. Mit diesem Anschwei\u00dfkopf k\u00f6nnen Sie selbst eine Verbindung zwischen der Maschine und dem Anker herstellen.  Standardm\u00e4\u00dfig mit Stift geliefert.\" \/>\n<meta property=\"og:url\" content=\"https:\/\/www.eurogate-international.com\/de\/product\/au-002364-anschweisskopf-fuer-mm-14k-schraubfundamentmaschine\/\" \/>\n<meta property=\"og:site_name\" content=\"EuroGate International\" \/>\n<meta property=\"article:publisher\" content=\"https:\/\/www.facebook.com\/EuroGateInternational\/\" \/>\n<meta property=\"article:modified_time\" content=\"2024-06-04T08:45:54+00:00\" \/>\n<meta property=\"og:image\" content=\"https:\/\/www.eurogate-international.com\/wp-content\/uploads\/2024\/06\/AU-002364.png\" \/>\n\t<meta property=\"og:image:width\" content=\"1561\" \/>\n\t<meta property=\"og:image:height\" content=\"1486\" \/>\n\t<meta property=\"og:image:type\" content=\"image\/png\" \/>\n<meta name=\"twitter:card\" content=\"summary_large_image\" \/>\n<meta name=\"twitter:label1\" content=\"Gesch\u00e4tzte Lesezeit\" \/>\n\t<meta name=\"twitter:data1\" content=\"1 Minute\" \/>\n<!-- \/ Yoast SEO plugin. -->","yoast_head_json":{"title":"AU-002364 Anschwei\u00dfkopf f\u00fcr MM-14K | EuroGate International","robots":{"index":"index","follow":"follow","max-snippet":"max-snippet:-1","max-image-preview":"max-image-preview:large","max-video-preview":"max-video-preview:-1"},"canonical":"https:\/\/www.eurogate-international.com\/de\/product\/au-002364-anschweisskopf-fuer-mm-14k-schraubfundamentmaschine\/","og_locale":"de_DE","og_type":"article","og_title":"AU-002364 Anschwei\u00dfkopf f\u00fcr MM-14K | EuroGate International","og_description":"AU-002364 Schwei\u00dfkopf f\u00fcr MM-14K Schraubfundamentmaschine Dieser Anschwei\u00dfkopf passt perfekt auf die Abtriebswelle der MM-14K Schraubfundamentmaschine. Es gibt mehrere Anschl\u00fcsse f\u00fcr Schraubanker. Mit diesem Anschwei\u00dfkopf k\u00f6nnen Sie selbst eine Verbindung zwischen der Maschine und dem Anker herstellen.  Standardm\u00e4\u00dfig mit Stift geliefert.","og_url":"https:\/\/www.eurogate-international.com\/de\/product\/au-002364-anschweisskopf-fuer-mm-14k-schraubfundamentmaschine\/","og_site_name":"EuroGate International","article_publisher":"https:\/\/www.facebook.com\/EuroGateInternational\/","article_modified_time":"2024-06-04T08:45:54+00:00","og_image":[{"width":1561,"height":1486,"url":"https:\/\/www.eurogate-international.com\/wp-content\/uploads\/2024\/06\/AU-002364.png","type":"image\/png"}],"twitter_card":"summary_large_image","twitter_misc":{"Gesch\u00e4tzte Lesezeit":"1 Minute"},"schema":{"@context":"https:\/\/schema.org","@graph":[{"@type":"WebPage","@id":"https:\/\/www.eurogate-international.com\/de\/product\/au-002364-anschweisskopf-fuer-mm-14k-schraubfundamentmaschine\/","url":"https:\/\/www.eurogate-international.com\/de\/product\/au-002364-anschweisskopf-fuer-mm-14k-schraubfundamentmaschine\/","name":"AU-002364 Anschwei\u00dfkopf f\u00fcr MM-14K | EuroGate International","isPartOf":{"@id":"https:\/\/www.eurogate-international.com\/de\/#website"},"primaryImageOfPage":{"@id":"https:\/\/www.eurogate-international.com\/de\/product\/au-002364-anschweisskopf-fuer-mm-14k-schraubfundamentmaschine\/#primaryimage"},"image":{"@id":"https:\/\/www.eurogate-international.com\/de\/product\/au-002364-anschweisskopf-fuer-mm-14k-schraubfundamentmaschine\/#primaryimage"},"thumbnailUrl":"https:\/\/www.eurogate-international.com\/wp-content\/uploads\/2024\/06\/AU-002364.png","datePublished":"2024-06-04T08:33:58+00:00","dateModified":"2024-06-04T08:45:54+00:00","breadcrumb":{"@id":"https:\/\/www.eurogate-international.com\/de\/product\/au-002364-anschweisskopf-fuer-mm-14k-schraubfundamentmaschine\/#breadcrumb"},"inLanguage":"de-DE","potentialAction":[{"@type":"ReadAction","target":["https:\/\/www.eurogate-international.com\/de\/product\/au-002364-anschweisskopf-fuer-mm-14k-schraubfundamentmaschine\/"]}]},{"@type":"ImageObject","inLanguage":"de-DE","@id":"https:\/\/www.eurogate-international.com\/de\/product\/au-002364-anschweisskopf-fuer-mm-14k-schraubfundamentmaschine\/#primaryimage","url":"https:\/\/www.eurogate-international.com\/wp-content\/uploads\/2024\/06\/AU-002364.png","contentUrl":"https:\/\/www.eurogate-international.com\/wp-content\/uploads\/2024\/06\/AU-002364.png","width":1561,"height":1486,"caption":"AU-002364 Anschwei\u00dfkopf f\u00fcr MM-14K Schraubfundamentmaschine"},{"@type":"BreadcrumbList","@id":"https:\/\/www.eurogate-international.com\/de\/product\/au-002364-anschweisskopf-fuer-mm-14k-schraubfundamentmaschine\/#breadcrumb","itemListElement":[{"@type":"ListItem","position":1,"name":"Home","item":"https:\/\/www.eurogate-international.com\/de\/"},{"@type":"ListItem","position":2,"name":"Shop","item":"https:\/\/www.eurogate-international.com\/de\/shop-2\/"},{"@type":"ListItem","position":3,"name":"AU-002364 Anschwei\u00dfkopf f\u00fcr MM-14K"}]},{"@type":"WebSite","@id":"https:\/\/www.eurogate-international.com\/de\/#website","url":"https:\/\/www.eurogate-international.com\/de\/","name":"EuroGate International","description":"D\u00e9 onafhankelijke Europese verkooporganisatie van machines","publisher":{"@id":"https:\/\/www.eurogate-international.com\/de\/#organization"},"potentialAction":[{"@type":"SearchAction","target":{"@type":"EntryPoint","urlTemplate":"https:\/\/www.eurogate-international.com\/de\/?s={search_term_string}"},"query-input":{"@type":"PropertyValueSpecification","valueRequired":true,"valueName":"search_term_string"}}],"inLanguage":"de-DE"},{"@type":"Organization","@id":"https:\/\/www.eurogate-international.com\/de\/#organization","name":"EuroGate International","url":"https:\/\/www.eurogate-international.com\/de\/","logo":{"@type":"ImageObject","inLanguage":"de-DE","@id":"https:\/\/www.eurogate-international.com\/de\/#\/schema\/logo\/image\/","url":"https:\/\/www.eurogate-international.com\/wp-content\/uploads\/2020\/06\/Logo_EuroGateInternational2.png","contentUrl":"https:\/\/www.eurogate-international.com\/wp-content\/uploads\/2020\/06\/Logo_EuroGateInternational2.png","width":150,"height":148,"caption":"EuroGate International"},"image":{"@id":"https:\/\/www.eurogate-international.com\/de\/#\/schema\/logo\/image\/"},"sameAs":["https:\/\/www.facebook.com\/EuroGateInternational\/","https:\/\/nl.linkedin.com\/company\/eurogate-international"]}]}},"jetpack_sharing_enabled":true,"_links":{"self":[{"href":"https:\/\/www.eurogate-international.com\/de\/wp-json\/wp\/v2\/product\/22526","targetHints":{"allow":["GET"]}}],"collection":[{"href":"https:\/\/www.eurogate-international.com\/de\/wp-json\/wp\/v2\/product"}],"about":[{"href":"https:\/\/www.eurogate-international.com\/de\/wp-json\/wp\/v2\/types\/product"}],"replies":[{"embeddable":true,"href":"https:\/\/www.eurogate-international.com\/de\/wp-json\/wp\/v2\/comments?post=22526"}],"version-history":[{"count":0,"href":"https:\/\/www.eurogate-international.com\/de\/wp-json\/wp\/v2\/product\/22526\/revisions"}],"wp:featuredmedia":[{"embeddable":true,"href":"https:\/\/www.eurogate-international.com\/de\/wp-json\/wp\/v2\/media\/22522"}],"wp:attachment":[{"href":"https:\/\/www.eurogate-international.com\/de\/wp-json\/wp\/v2\/media?parent=22526"}],"wp:term":[{"taxonomy":"product_cat","embeddable":true,"href":"https:\/\/www.eurogate-international.com\/de\/wp-json\/wp\/v2\/product_cat?post=22526"},{"taxonomy":"product_tag","embeddable":true,"href":"https:\/\/www.eurogate-international.com\/de\/wp-json\/wp\/v2\/product_tag?post=22526"}],"curies":[{"name":"wp","href":"https:\/\/api.w.org\/{rel}","templated":true}]}}