{"id":22608,"date":"2019-09-04T08:46:32","date_gmt":"2019-09-04T07:46:32","guid":{"rendered":"https:\/\/www.eurogate-international.com\/product\/postmaster-midi-hydraulischer-ruettelblock\/"},"modified":"2024-06-10T13:40:02","modified_gmt":"2024-06-10T12:40:02","slug":"postmaster-midi-hydraulischer-ruettelblock","status":"publish","type":"product","link":"https:\/\/www.eurogate-international.com\/de\/product\/postmaster-midi-hydraulischer-ruettelblock\/","title":{"rendered":"Postmaster MIDI &#8211;  Hydraulischer R\u00fcttelblock"},"excerpt":{"rendered":"<h2>Postmaster MIDI &#8211; Hydraulischer R\u00fcttelblock<\/h2>\n<p>Die hydraulische Pfahlramme von Postmaster ist kompatibel mit Mini\/Midi-Baggern und geeignet f\u00fcr Holz- sowie Metallpf\u00e4hle mit einem Durchmesser von bis zu 200 mm.<\/p>\n<ul>\n<li>Schneller, leiser und sicherer als herk\u00f6mmliche Maschinen<\/li>\n<li>Einzigartiges Klemmensystem f\u00fcr die pr\u00e4zise Positionierung des Pfahls<\/li>\n<li>Vibrationsbetrieb f\u00fcr die Pfahlsetzung im Boden<\/li>\n<li>Direkt an den L\u00f6ffelstiften oder Schnellwechslern zu installieren<\/li>\n<\/ul>\n<p>Sehen Sie sich hier alle Pfahlrammen von EuroGate International an. Fragen zu unseren Produkten? Rufen Sie sofort unsere Verkaufsabteilung f\u00fcr eine fachkundige Beratung an: +31 0523-638286.<\/p>\n<h3>Postmaster Midi meistverkauft<\/h3>\n<p>Die hydraulisch betriebene Pfahlramme Postmaster Midi ist die meistverkaufte in ihrer Klasse. Wir bieten auch die Postmaster Mini und die Postmaster Maxi in unserem Sortiment an. Bei allen Varianten h\u00e4lt das einzigartige Klemmensystem den Pfahl an Ort und Stelle und vibriert ihn mit minimaler Besch\u00e4digung in den Boden. Mit der Postmaster k\u00f6nnen Sie sogar die Pf\u00e4hle wieder aus dem Boden entfernen.<\/p>\n<h3>Praktisches System<\/h3>\n<p>Das einzigartige Klemmensystem bietet drei Positionen f\u00fcr eine starke und sichere Griffhaltung. Ideal ist, dass es sofort an der Maschine montiert wird (f\u00fcr Maschinen von 2,5 bis 5 Tonnen). Ein \u00d6ldurchfluss ist erforderlich (35-45 Liter\/Minute).<\/p>\n<ul>\n<li>Fest ist wirklich fest<\/li>\n<li>Minimale Bodenst\u00f6rung<\/li>\n<li>Entfernt auch Pf\u00e4hle aus dem Boden<\/li>\n<\/ul>\n","protected":false},"featured_media":8986,"comment_status":"closed","ping_status":"closed","template":"","meta":{"_acf_changed":false},"product_cat":[3317,3315,3313,3312,3599],"product_tag":[],"class_list":{"0":"post-22608","1":"product","2":"type-product","3":"status-publish","4":"has-post-thumbnail","6":"product_brand-postmaster-de","7":"product_cat-eine-hydraulische-pfahlramme-kaufen","8":"product_cat-eine-pfahlramme-kaufen","9":"product_cat-maschinen-de","10":"product_cat-pfahlrammen","11":"product_cat-postmaster-hydraulischer-ruttelblock","12":"pa_aandrijving-hydraulisch-de","14":"first","15":"instock","16":"taxable","17":"shipping-taxable","18":"purchasable","19":"product-type-simple"},"acf":[],"yoast_head":"<!-- This site is optimized with the Yoast SEO plugin v27.4 - https:\/\/yoast.com\/product\/yoast-seo-wordpress\/ -->\n<title>Postmaster MIDI - Hydraulischer R\u00fcttelblock | EuroGate International<\/title>\n<meta name=\"robots\" content=\"index, follow, max-snippet:-1, max-image-preview:large, max-video-preview:-1\" \/>\n<link rel=\"canonical\" href=\"https:\/\/www.eurogate-international.com\/de\/product\/postmaster-midi-hydraulischer-ruettelblock\/\" \/>\n<meta property=\"og:locale\" content=\"de_DE\" \/>\n<meta property=\"og:type\" content=\"article\" \/>\n<meta property=\"og:title\" content=\"Postmaster MIDI - Hydraulischer R\u00fcttelblock | EuroGate International\" \/>\n<meta property=\"og:description\" content=\"Postmaster MIDI - Hydraulischer R\u00fcttelblock Die hydraulische Pfahlramme von Postmaster ist kompatibel mit Mini\/Midi-Baggern und geeignet f\u00fcr Holz- sowie Metallpf\u00e4hle mit einem Durchmesser von bis zu 200 mm.   Schneller, leiser und sicherer als herk\u00f6mmliche Maschinen  Einzigartiges Klemmensystem f\u00fcr die pr\u00e4zise Positionierung des Pfahls  Vibrationsbetrieb f\u00fcr die Pfahlsetzung im Boden  Direkt an den L\u00f6ffelstiften oder Schnellwechslern zu installieren  Sehen Sie sich hier alle Pfahlrammen von EuroGate International an. Fragen zu unseren Produkten? Rufen Sie sofort unsere Verkaufsabteilung f\u00fcr eine fachkundige Beratung an: +31 0523-638286. Postmaster Midi meistverkauft Die hydraulisch betriebene Pfahlramme Postmaster Midi ist die meistverkaufte in ihrer Klasse. Wir bieten auch die Postmaster Mini und die Postmaster Maxi in unserem Sortiment an. Bei allen Varianten h\u00e4lt das einzigartige Klemmensystem den Pfahl an Ort und Stelle und vibriert ihn mit minimaler Besch\u00e4digung in den Boden. Mit der Postmaster k\u00f6nnen Sie sogar die Pf\u00e4hle wieder aus dem Boden entfernen. Praktisches System Das einzigartige Klemmensystem bietet drei Positionen f\u00fcr eine starke und sichere Griffhaltung. Ideal ist, dass es sofort an der Maschine montiert wird (f\u00fcr Maschinen von 2,5 bis 5 Tonnen). Ein \u00d6ldurchfluss ist erforderlich (35-45 Liter\/Minute).   Fest ist wirklich fest  Minimale Bodenst\u00f6rung  Entfernt auch Pf\u00e4hle aus dem Boden\" \/>\n<meta property=\"og:url\" content=\"https:\/\/www.eurogate-international.com\/de\/product\/postmaster-midi-hydraulischer-ruettelblock\/\" \/>\n<meta property=\"og:site_name\" content=\"EuroGate International\" \/>\n<meta property=\"article:publisher\" content=\"https:\/\/www.facebook.com\/EuroGateInternational\/\" \/>\n<meta property=\"article:modified_time\" content=\"2024-06-10T12:40:02+00:00\" \/>\n<meta property=\"og:image\" content=\"https:\/\/www.eurogate-international.com\/wp-content\/uploads\/2019\/09\/midi.png\" \/>\n\t<meta property=\"og:image:width\" content=\"417\" \/>\n\t<meta property=\"og:image:height\" content=\"543\" \/>\n\t<meta property=\"og:image:type\" content=\"image\/png\" \/>\n<meta name=\"twitter:card\" content=\"summary_large_image\" \/>\n<meta name=\"twitter:label1\" content=\"Gesch\u00e4tzte Lesezeit\" \/>\n\t<meta name=\"twitter:data1\" content=\"2 Minuten\" \/>\n<!-- \/ Yoast SEO plugin. -->","yoast_head_json":{"title":"Postmaster MIDI - Hydraulischer R\u00fcttelblock | EuroGate International","robots":{"index":"index","follow":"follow","max-snippet":"max-snippet:-1","max-image-preview":"max-image-preview:large","max-video-preview":"max-video-preview:-1"},"canonical":"https:\/\/www.eurogate-international.com\/de\/product\/postmaster-midi-hydraulischer-ruettelblock\/","og_locale":"de_DE","og_type":"article","og_title":"Postmaster MIDI - Hydraulischer R\u00fcttelblock | EuroGate International","og_description":"Postmaster MIDI - Hydraulischer R\u00fcttelblock Die hydraulische Pfahlramme von Postmaster ist kompatibel mit Mini\/Midi-Baggern und geeignet f\u00fcr Holz- sowie Metallpf\u00e4hle mit einem Durchmesser von bis zu 200 mm.   Schneller, leiser und sicherer als herk\u00f6mmliche Maschinen  Einzigartiges Klemmensystem f\u00fcr die pr\u00e4zise Positionierung des Pfahls  Vibrationsbetrieb f\u00fcr die Pfahlsetzung im Boden  Direkt an den L\u00f6ffelstiften oder Schnellwechslern zu installieren  Sehen Sie sich hier alle Pfahlrammen von EuroGate International an. Fragen zu unseren Produkten? Rufen Sie sofort unsere Verkaufsabteilung f\u00fcr eine fachkundige Beratung an: +31 0523-638286. Postmaster Midi meistverkauft Die hydraulisch betriebene Pfahlramme Postmaster Midi ist die meistverkaufte in ihrer Klasse. Wir bieten auch die Postmaster Mini und die Postmaster Maxi in unserem Sortiment an. Bei allen Varianten h\u00e4lt das einzigartige Klemmensystem den Pfahl an Ort und Stelle und vibriert ihn mit minimaler Besch\u00e4digung in den Boden. Mit der Postmaster k\u00f6nnen Sie sogar die Pf\u00e4hle wieder aus dem Boden entfernen. Praktisches System Das einzigartige Klemmensystem bietet drei Positionen f\u00fcr eine starke und sichere Griffhaltung. Ideal ist, dass es sofort an der Maschine montiert wird (f\u00fcr Maschinen von 2,5 bis 5 Tonnen). Ein \u00d6ldurchfluss ist erforderlich (35-45 Liter\/Minute).   Fest ist wirklich fest  Minimale Bodenst\u00f6rung  Entfernt auch Pf\u00e4hle aus dem Boden","og_url":"https:\/\/www.eurogate-international.com\/de\/product\/postmaster-midi-hydraulischer-ruettelblock\/","og_site_name":"EuroGate International","article_publisher":"https:\/\/www.facebook.com\/EuroGateInternational\/","article_modified_time":"2024-06-10T12:40:02+00:00","og_image":[{"width":417,"height":543,"url":"https:\/\/www.eurogate-international.com\/wp-content\/uploads\/2019\/09\/midi.png","type":"image\/png"}],"twitter_card":"summary_large_image","twitter_misc":{"Gesch\u00e4tzte Lesezeit":"2 Minuten"},"schema":{"@context":"https:\/\/schema.org","@graph":[{"@type":"WebPage","@id":"https:\/\/www.eurogate-international.com\/de\/product\/postmaster-midi-hydraulischer-ruettelblock\/","url":"https:\/\/www.eurogate-international.com\/de\/product\/postmaster-midi-hydraulischer-ruettelblock\/","name":"Postmaster MIDI - Hydraulischer R\u00fcttelblock | EuroGate International","isPartOf":{"@id":"https:\/\/www.eurogate-international.com\/de\/#website"},"primaryImageOfPage":{"@id":"https:\/\/www.eurogate-international.com\/de\/product\/postmaster-midi-hydraulischer-ruettelblock\/#primaryimage"},"image":{"@id":"https:\/\/www.eurogate-international.com\/de\/product\/postmaster-midi-hydraulischer-ruettelblock\/#primaryimage"},"thumbnailUrl":"https:\/\/www.eurogate-international.com\/wp-content\/uploads\/2019\/09\/midi.png","datePublished":"2019-09-04T07:46:32+00:00","dateModified":"2024-06-10T12:40:02+00:00","breadcrumb":{"@id":"https:\/\/www.eurogate-international.com\/de\/product\/postmaster-midi-hydraulischer-ruettelblock\/#breadcrumb"},"inLanguage":"de-DE","potentialAction":[{"@type":"ReadAction","target":["https:\/\/www.eurogate-international.com\/de\/product\/postmaster-midi-hydraulischer-ruettelblock\/"]}]},{"@type":"ImageObject","inLanguage":"de-DE","@id":"https:\/\/www.eurogate-international.com\/de\/product\/postmaster-midi-hydraulischer-ruettelblock\/#primaryimage","url":"https:\/\/www.eurogate-international.com\/wp-content\/uploads\/2019\/09\/midi.png","contentUrl":"https:\/\/www.eurogate-international.com\/wp-content\/uploads\/2019\/09\/midi.png","width":417,"height":543},{"@type":"BreadcrumbList","@id":"https:\/\/www.eurogate-international.com\/de\/product\/postmaster-midi-hydraulischer-ruettelblock\/#breadcrumb","itemListElement":[{"@type":"ListItem","position":1,"name":"Home","item":"https:\/\/www.eurogate-international.com\/de\/"},{"@type":"ListItem","position":2,"name":"Shop","item":"https:\/\/www.eurogate-international.com\/de\/shop-2\/"},{"@type":"ListItem","position":3,"name":"Postmaster MIDI &#8211; Hydraulischer R\u00fcttelblock"}]},{"@type":"WebSite","@id":"https:\/\/www.eurogate-international.com\/de\/#website","url":"https:\/\/www.eurogate-international.com\/de\/","name":"EuroGate International","description":"D\u00e9 onafhankelijke Europese verkooporganisatie van machines","publisher":{"@id":"https:\/\/www.eurogate-international.com\/de\/#organization"},"potentialAction":[{"@type":"SearchAction","target":{"@type":"EntryPoint","urlTemplate":"https:\/\/www.eurogate-international.com\/de\/?s={search_term_string}"},"query-input":{"@type":"PropertyValueSpecification","valueRequired":true,"valueName":"search_term_string"}}],"inLanguage":"de-DE"},{"@type":"Organization","@id":"https:\/\/www.eurogate-international.com\/de\/#organization","name":"EuroGate International","url":"https:\/\/www.eurogate-international.com\/de\/","logo":{"@type":"ImageObject","inLanguage":"de-DE","@id":"https:\/\/www.eurogate-international.com\/de\/#\/schema\/logo\/image\/","url":"https:\/\/www.eurogate-international.com\/wp-content\/uploads\/2020\/06\/Logo_EuroGateInternational2.png","contentUrl":"https:\/\/www.eurogate-international.com\/wp-content\/uploads\/2020\/06\/Logo_EuroGateInternational2.png","width":150,"height":148,"caption":"EuroGate International"},"image":{"@id":"https:\/\/www.eurogate-international.com\/de\/#\/schema\/logo\/image\/"},"sameAs":["https:\/\/www.facebook.com\/EuroGateInternational\/","https:\/\/nl.linkedin.com\/company\/eurogate-international"]}]}},"jetpack_sharing_enabled":true,"_links":{"self":[{"href":"https:\/\/www.eurogate-international.com\/de\/wp-json\/wp\/v2\/product\/22608","targetHints":{"allow":["GET"]}}],"collection":[{"href":"https:\/\/www.eurogate-international.com\/de\/wp-json\/wp\/v2\/product"}],"about":[{"href":"https:\/\/www.eurogate-international.com\/de\/wp-json\/wp\/v2\/types\/product"}],"replies":[{"embeddable":true,"href":"https:\/\/www.eurogate-international.com\/de\/wp-json\/wp\/v2\/comments?post=22608"}],"version-history":[{"count":0,"href":"https:\/\/www.eurogate-international.com\/de\/wp-json\/wp\/v2\/product\/22608\/revisions"}],"wp:featuredmedia":[{"embeddable":true,"href":"https:\/\/www.eurogate-international.com\/de\/wp-json\/wp\/v2\/media\/8986"}],"wp:attachment":[{"href":"https:\/\/www.eurogate-international.com\/de\/wp-json\/wp\/v2\/media?parent=22608"}],"wp:term":[{"taxonomy":"product_cat","embeddable":true,"href":"https:\/\/www.eurogate-international.com\/de\/wp-json\/wp\/v2\/product_cat?post=22608"},{"taxonomy":"product_tag","embeddable":true,"href":"https:\/\/www.eurogate-international.com\/de\/wp-json\/wp\/v2\/product_tag?post=22608"}],"curies":[{"name":"wp","href":"https:\/\/api.w.org\/{rel}","templated":true}]}}