{"id":22859,"date":"2024-07-12T08:39:39","date_gmt":"2024-07-12T07:39:39","guid":{"rendered":"https:\/\/www.eurogate-international.com\/product\/guardrail-pro-zur-montage-von-leitplankenpfosten\/"},"modified":"2024-07-16T13:56:11","modified_gmt":"2024-07-16T12:56:11","slug":"guardrail-pro-zur-montage-von-leitplankenpfosten","status":"publish","type":"product","link":"https:\/\/www.eurogate-international.com\/de\/product\/guardrail-pro-zur-montage-von-leitplankenpfosten\/","title":{"rendered":"Guardrail Pro zur Montage von Leitplankenpfosten"},"excerpt":{"rendered":"<h2>Guardrail Pro zur Montage von Leitplankenpfosten<\/h2>\n<p>Der f\u00fcr die Installation von Leitplankenpfosten konzipierte, verstellbare, leistungsstarke 1.085-Joule-Hydraulikhammer des Guardrail Pro steigert sicher die Produktivit\u00e4t am Arbeitsplatz. Der Pfahlaufsatz ist omniverstellbar f\u00fcr pr\u00e4zise, \u200b\u200bschnelle und exakte Pfahlinstallationen unabh\u00e4ngig vom Gel\u00e4nde.<\/p>\n<h3>Hydraulikhammer Furukawa Fx 55 mit 2 Jahren Garantie.<\/h3>\n<ul>\n<li>Entwickelt f\u00fcr effizientes Rammen, Zuverl\u00e4ssigkeit und lange Lebensdauer<\/li>\n<li>Kraftvoll; 1.085 Joule Schlagenergie pro Schlag, ca. 1.000 Schl\u00e4ge\/min.<\/li>\n<li>Neuer und verbesserter Kolben (gr\u00f6\u00dferer Durchmesser und l\u00e4ngerer Hub) erh\u00f6ht die Geschwindigkeit \u2013 sorgt f\u00fcr mehr Schlagenergie.<\/li>\n<li>Weniger Wartungsaufwand durch nur zwei bewegliche Teile.<\/li>\n<li>Der Hammer schl\u00e4gt auf Pf\u00e4hle bis zu einer H\u00f6he von 53 cm \u00fcber dem Boden.<\/li>\n<\/ul>\n<h3>Verstellbarer Mast und beweglicher Block.<\/h3>\n<ul>\n<li>Der Mast neigt sich um 2\u00b0 nach rechts, 90\u00b0 nach links und 10\u00b0 nach vorne und hinten.<\/li>\n<li>Guardrail Pro von vorne nach hinten verstellen: Der Aufsatz kann sich um 25,4 cm von vorne nach hinten bewegen.<\/li>\n<li>Guardrail Pro bietet eine genaue seitliche Positionierung mit 61 cm von links nach rechts.<\/li>\n<\/ul>\n<p>Vielseitigkeit mit dem Guardrail Pro \u2013 Mehrere Adapter f\u00fcr eine effiziente Nutzung verf\u00fcgbar. Rammpf\u00e4hle bis zu einer maximalen Grundfl\u00e4che von 20,3 x 18,4 cm und einer maximalen Dicke von 21,59 cm.<\/p>\n<p>Universelle Kompaktlader-Montageplatte zur schnellen Befestigung an den meisten Kompaktladern wie z. Bobcat, Manitou, Gehl, New Holland, JCB, Catterpillar. Der Kompaktlader muss den folgenden Wert erf\u00fcllen:<\/p>\n<p>&nbsp;<\/p>\n<p>&nbsp;<\/p>\n<p>&nbsp;<\/p>\n<p>&nbsp;<\/p>\n[table id=445 \/]\n<h3>Der Guardrail Pro wird standardm\u00e4\u00dfig geliefert mit:<\/h3>\n<ul>\n<li>Palettengabeltr\u00e4ger zur Vereinfachung von Transport und Bewegung.<\/li>\n<li>Pfostenzieher-Set: enth\u00e4lt eine 1-Tonnen-Vertikal-Hebeplattenklemme und eine Sicherheitshalterung<\/li>\n<li>Adapterplatte \u2013 wenden Sie sich f\u00fcr Optionen an den Vertrieb<\/li>\n<\/ul>\n<p>Sehen Sie sich hier das Schulungsvideo von Rhino Tool zum Anschluss und zur Bedienung der Maschine an:<\/p>\n<p>https:\/\/www.youtube.com\/watch?v=3fmuXJE_fkM<\/p>\n<p>&nbsp;<\/p>\n<p>&nbsp;<\/p>\n<p>&nbsp;<\/p>\n","protected":false},"featured_media":22803,"comment_status":"closed","ping_status":"closed","template":"","meta":{"_acf_changed":false},"product_cat":[3313,3312,3314],"product_tag":[],"class_list":{"0":"post-22859","1":"product","2":"type-product","3":"status-publish","4":"has-post-thumbnail","6":"product_brand-rhino-tool-de","7":"product_cat-maschinen-de","8":"product_cat-pfahlrammen","9":"product_cat-rhino-pfahlramme","11":"first","12":"instock","13":"taxable","14":"shipping-taxable","15":"purchasable","16":"product-type-simple"},"acf":[],"yoast_head":"<!-- This site is optimized with the Yoast SEO plugin v27.4 - https:\/\/yoast.com\/product\/yoast-seo-wordpress\/ -->\n<title>Guardrail Pro zur Montage von Leitplankenpfosten | EuroGate International<\/title>\n<meta name=\"robots\" content=\"index, follow, max-snippet:-1, max-image-preview:large, max-video-preview:-1\" \/>\n<link rel=\"canonical\" href=\"https:\/\/www.eurogate-international.com\/de\/product\/guardrail-pro-zur-montage-von-leitplankenpfosten\/\" \/>\n<meta property=\"og:locale\" content=\"de_DE\" \/>\n<meta property=\"og:type\" content=\"article\" \/>\n<meta property=\"og:title\" content=\"Guardrail Pro zur Montage von Leitplankenpfosten | EuroGate International\" \/>\n<meta property=\"og:description\" content=\"Guardrail Pro zur Montage von Leitplankenpfosten Der f\u00fcr die Installation von Leitplankenpfosten konzipierte, verstellbare, leistungsstarke 1.085-Joule-Hydraulikhammer des Guardrail Pro steigert sicher die Produktivit\u00e4t am Arbeitsplatz. Der Pfahlaufsatz ist omniverstellbar f\u00fcr pr\u00e4zise, \u200b\u200bschnelle und exakte Pfahlinstallationen unabh\u00e4ngig vom Gel\u00e4nde. Hydraulikhammer Furukawa Fx 55 mit 2 Jahren Garantie.   Entwickelt f\u00fcr effizientes Rammen, Zuverl\u00e4ssigkeit und lange Lebensdauer  Kraftvoll; 1.085 Joule Schlagenergie pro Schlag, ca. 1.000 Schl\u00e4ge\/min.  Neuer und verbesserter Kolben (gr\u00f6\u00dferer Durchmesser und l\u00e4ngerer Hub) erh\u00f6ht die Geschwindigkeit \u2013 sorgt f\u00fcr mehr Schlagenergie.  Weniger Wartungsaufwand durch nur zwei bewegliche Teile.  Der Hammer schl\u00e4gt auf Pf\u00e4hle bis zu einer H\u00f6he von 53 cm \u00fcber dem Boden.  Verstellbarer Mast und beweglicher Block.   Der Mast neigt sich um 2\u00b0 nach rechts, 90\u00b0 nach links und 10\u00b0 nach vorne und hinten.  Guardrail Pro von vorne nach hinten verstellen: Der Aufsatz kann sich um 25,4 cm von vorne nach hinten bewegen.  Guardrail Pro bietet eine genaue seitliche Positionierung mit 61 cm von links nach rechts.  Vielseitigkeit mit dem Guardrail Pro \u2013 Mehrere Adapter f\u00fcr eine effiziente Nutzung verf\u00fcgbar. Rammpf\u00e4hle bis zu einer maximalen Grundfl\u00e4che von 20,3 x 18,4 cm und einer maximalen Dicke von 21,59 cm.  Universelle Kompaktlader-Montageplatte zur schnellen Befestigung an den meisten Kompaktladern wie z. Bobcat, Manitou, Gehl, New Holland, JCB, Catterpillar. Der Kompaktlader muss den folgenden Wert erf\u00fcllen:  &nbsp;  &nbsp;  &nbsp;  &nbsp;   Der Guardrail Pro wird standardm\u00e4\u00dfig geliefert mit:   Palettengabeltr\u00e4ger zur Vereinfachung von Transport und Bewegung.  Pfostenzieher-Set: enth\u00e4lt eine 1-Tonnen-Vertikal-Hebeplattenklemme und eine Sicherheitshalterung  Adapterplatte \u2013 wenden Sie sich f\u00fcr Optionen an den Vertrieb  Sehen Sie sich hier das Schulungsvideo von Rhino Tool zum Anschluss und zur Bedienung der Maschine an:  https:\/\/www.youtube.com\/watch?v=3fmuXJE_fkM  &nbsp;  &nbsp;  &nbsp;\" \/>\n<meta property=\"og:url\" content=\"https:\/\/www.eurogate-international.com\/de\/product\/guardrail-pro-zur-montage-von-leitplankenpfosten\/\" \/>\n<meta property=\"og:site_name\" content=\"EuroGate International\" \/>\n<meta property=\"article:publisher\" content=\"https:\/\/www.facebook.com\/EuroGateInternational\/\" \/>\n<meta property=\"article:modified_time\" content=\"2024-07-16T12:56:11+00:00\" \/>\n<meta property=\"og:image\" content=\"https:\/\/www.eurogate-international.com\/wp-content\/uploads\/2024\/07\/Guardrail-pro.png\" \/>\n\t<meta property=\"og:image:width\" content=\"543\" \/>\n\t<meta property=\"og:image:height\" content=\"1199\" \/>\n\t<meta property=\"og:image:type\" content=\"image\/png\" \/>\n<meta name=\"twitter:card\" content=\"summary_large_image\" \/>\n<meta name=\"twitter:label1\" content=\"Gesch\u00e4tzte Lesezeit\" \/>\n\t<meta name=\"twitter:data1\" content=\"2 Minuten\" \/>\n<!-- \/ Yoast SEO plugin. -->","yoast_head_json":{"title":"Guardrail Pro zur Montage von Leitplankenpfosten | EuroGate International","robots":{"index":"index","follow":"follow","max-snippet":"max-snippet:-1","max-image-preview":"max-image-preview:large","max-video-preview":"max-video-preview:-1"},"canonical":"https:\/\/www.eurogate-international.com\/de\/product\/guardrail-pro-zur-montage-von-leitplankenpfosten\/","og_locale":"de_DE","og_type":"article","og_title":"Guardrail Pro zur Montage von Leitplankenpfosten | EuroGate International","og_description":"Guardrail Pro zur Montage von Leitplankenpfosten Der f\u00fcr die Installation von Leitplankenpfosten konzipierte, verstellbare, leistungsstarke 1.085-Joule-Hydraulikhammer des Guardrail Pro steigert sicher die Produktivit\u00e4t am Arbeitsplatz. Der Pfahlaufsatz ist omniverstellbar f\u00fcr pr\u00e4zise, \u200b\u200bschnelle und exakte Pfahlinstallationen unabh\u00e4ngig vom Gel\u00e4nde. Hydraulikhammer Furukawa Fx 55 mit 2 Jahren Garantie.   Entwickelt f\u00fcr effizientes Rammen, Zuverl\u00e4ssigkeit und lange Lebensdauer  Kraftvoll; 1.085 Joule Schlagenergie pro Schlag, ca. 1.000 Schl\u00e4ge\/min.  Neuer und verbesserter Kolben (gr\u00f6\u00dferer Durchmesser und l\u00e4ngerer Hub) erh\u00f6ht die Geschwindigkeit \u2013 sorgt f\u00fcr mehr Schlagenergie.  Weniger Wartungsaufwand durch nur zwei bewegliche Teile.  Der Hammer schl\u00e4gt auf Pf\u00e4hle bis zu einer H\u00f6he von 53 cm \u00fcber dem Boden.  Verstellbarer Mast und beweglicher Block.   Der Mast neigt sich um 2\u00b0 nach rechts, 90\u00b0 nach links und 10\u00b0 nach vorne und hinten.  Guardrail Pro von vorne nach hinten verstellen: Der Aufsatz kann sich um 25,4 cm von vorne nach hinten bewegen.  Guardrail Pro bietet eine genaue seitliche Positionierung mit 61 cm von links nach rechts.  Vielseitigkeit mit dem Guardrail Pro \u2013 Mehrere Adapter f\u00fcr eine effiziente Nutzung verf\u00fcgbar. Rammpf\u00e4hle bis zu einer maximalen Grundfl\u00e4che von 20,3 x 18,4 cm und einer maximalen Dicke von 21,59 cm.  Universelle Kompaktlader-Montageplatte zur schnellen Befestigung an den meisten Kompaktladern wie z. Bobcat, Manitou, Gehl, New Holland, JCB, Catterpillar. Der Kompaktlader muss den folgenden Wert erf\u00fcllen:  &nbsp;  &nbsp;  &nbsp;  &nbsp;   Der Guardrail Pro wird standardm\u00e4\u00dfig geliefert mit:   Palettengabeltr\u00e4ger zur Vereinfachung von Transport und Bewegung.  Pfostenzieher-Set: enth\u00e4lt eine 1-Tonnen-Vertikal-Hebeplattenklemme und eine Sicherheitshalterung  Adapterplatte \u2013 wenden Sie sich f\u00fcr Optionen an den Vertrieb  Sehen Sie sich hier das Schulungsvideo von Rhino Tool zum Anschluss und zur Bedienung der Maschine an:  https:\/\/www.youtube.com\/watch?v=3fmuXJE_fkM  &nbsp;  &nbsp;  &nbsp;","og_url":"https:\/\/www.eurogate-international.com\/de\/product\/guardrail-pro-zur-montage-von-leitplankenpfosten\/","og_site_name":"EuroGate International","article_publisher":"https:\/\/www.facebook.com\/EuroGateInternational\/","article_modified_time":"2024-07-16T12:56:11+00:00","og_image":[{"width":543,"height":1199,"url":"https:\/\/www.eurogate-international.com\/wp-content\/uploads\/2024\/07\/Guardrail-pro.png","type":"image\/png"}],"twitter_card":"summary_large_image","twitter_misc":{"Gesch\u00e4tzte Lesezeit":"2 Minuten"},"schema":{"@context":"https:\/\/schema.org","@graph":[{"@type":"WebPage","@id":"https:\/\/www.eurogate-international.com\/de\/product\/guardrail-pro-zur-montage-von-leitplankenpfosten\/","url":"https:\/\/www.eurogate-international.com\/de\/product\/guardrail-pro-zur-montage-von-leitplankenpfosten\/","name":"Guardrail Pro zur Montage von Leitplankenpfosten | EuroGate International","isPartOf":{"@id":"https:\/\/www.eurogate-international.com\/de\/#website"},"primaryImageOfPage":{"@id":"https:\/\/www.eurogate-international.com\/de\/product\/guardrail-pro-zur-montage-von-leitplankenpfosten\/#primaryimage"},"image":{"@id":"https:\/\/www.eurogate-international.com\/de\/product\/guardrail-pro-zur-montage-von-leitplankenpfosten\/#primaryimage"},"thumbnailUrl":"https:\/\/www.eurogate-international.com\/wp-content\/uploads\/2024\/07\/Guardrail-pro.png","datePublished":"2024-07-12T07:39:39+00:00","dateModified":"2024-07-16T12:56:11+00:00","breadcrumb":{"@id":"https:\/\/www.eurogate-international.com\/de\/product\/guardrail-pro-zur-montage-von-leitplankenpfosten\/#breadcrumb"},"inLanguage":"de-DE","potentialAction":[{"@type":"ReadAction","target":["https:\/\/www.eurogate-international.com\/de\/product\/guardrail-pro-zur-montage-von-leitplankenpfosten\/"]}]},{"@type":"ImageObject","inLanguage":"de-DE","@id":"https:\/\/www.eurogate-international.com\/de\/product\/guardrail-pro-zur-montage-von-leitplankenpfosten\/#primaryimage","url":"https:\/\/www.eurogate-international.com\/wp-content\/uploads\/2024\/07\/Guardrail-pro.png","contentUrl":"https:\/\/www.eurogate-international.com\/wp-content\/uploads\/2024\/07\/Guardrail-pro.png","width":543,"height":1199,"caption":"Guardrail pro voor het plaatsen van vangrail"},{"@type":"BreadcrumbList","@id":"https:\/\/www.eurogate-international.com\/de\/product\/guardrail-pro-zur-montage-von-leitplankenpfosten\/#breadcrumb","itemListElement":[{"@type":"ListItem","position":1,"name":"Home","item":"https:\/\/www.eurogate-international.com\/de\/"},{"@type":"ListItem","position":2,"name":"Shop","item":"https:\/\/www.eurogate-international.com\/de\/shop-2\/"},{"@type":"ListItem","position":3,"name":"Guardrail Pro zur Montage von Leitplankenpfosten"}]},{"@type":"WebSite","@id":"https:\/\/www.eurogate-international.com\/de\/#website","url":"https:\/\/www.eurogate-international.com\/de\/","name":"EuroGate International","description":"D\u00e9 onafhankelijke Europese verkooporganisatie van machines","publisher":{"@id":"https:\/\/www.eurogate-international.com\/de\/#organization"},"potentialAction":[{"@type":"SearchAction","target":{"@type":"EntryPoint","urlTemplate":"https:\/\/www.eurogate-international.com\/de\/?s={search_term_string}"},"query-input":{"@type":"PropertyValueSpecification","valueRequired":true,"valueName":"search_term_string"}}],"inLanguage":"de-DE"},{"@type":"Organization","@id":"https:\/\/www.eurogate-international.com\/de\/#organization","name":"EuroGate International","url":"https:\/\/www.eurogate-international.com\/de\/","logo":{"@type":"ImageObject","inLanguage":"de-DE","@id":"https:\/\/www.eurogate-international.com\/de\/#\/schema\/logo\/image\/","url":"https:\/\/www.eurogate-international.com\/wp-content\/uploads\/2020\/06\/Logo_EuroGateInternational2.png","contentUrl":"https:\/\/www.eurogate-international.com\/wp-content\/uploads\/2020\/06\/Logo_EuroGateInternational2.png","width":150,"height":148,"caption":"EuroGate International"},"image":{"@id":"https:\/\/www.eurogate-international.com\/de\/#\/schema\/logo\/image\/"},"sameAs":["https:\/\/www.facebook.com\/EuroGateInternational\/","https:\/\/nl.linkedin.com\/company\/eurogate-international"]}]}},"jetpack_sharing_enabled":true,"_links":{"self":[{"href":"https:\/\/www.eurogate-international.com\/de\/wp-json\/wp\/v2\/product\/22859","targetHints":{"allow":["GET"]}}],"collection":[{"href":"https:\/\/www.eurogate-international.com\/de\/wp-json\/wp\/v2\/product"}],"about":[{"href":"https:\/\/www.eurogate-international.com\/de\/wp-json\/wp\/v2\/types\/product"}],"replies":[{"embeddable":true,"href":"https:\/\/www.eurogate-international.com\/de\/wp-json\/wp\/v2\/comments?post=22859"}],"version-history":[{"count":0,"href":"https:\/\/www.eurogate-international.com\/de\/wp-json\/wp\/v2\/product\/22859\/revisions"}],"wp:featuredmedia":[{"embeddable":true,"href":"https:\/\/www.eurogate-international.com\/de\/wp-json\/wp\/v2\/media\/22803"}],"wp:attachment":[{"href":"https:\/\/www.eurogate-international.com\/de\/wp-json\/wp\/v2\/media?parent=22859"}],"wp:term":[{"taxonomy":"product_cat","embeddable":true,"href":"https:\/\/www.eurogate-international.com\/de\/wp-json\/wp\/v2\/product_cat?post=22859"},{"taxonomy":"product_tag","embeddable":true,"href":"https:\/\/www.eurogate-international.com\/de\/wp-json\/wp\/v2\/product_tag?post=22859"}],"curies":[{"name":"wp","href":"https:\/\/api.w.org\/{rel}","templated":true}]}}